{"id":8189,"date":"2024-10-23T09:15:28","date_gmt":"2024-10-23T08:15:28","guid":{"rendered":"https:\/\/chronowatch.ch\/?post_type=product&#038;p=8189"},"modified":"2025-01-29T09:17:16","modified_gmt":"2025-01-29T08:17:16","slug":"fireball-pl44103-01","status":"publish","type":"product","link":"https:\/\/chronowatch.ch\/fr\/produit\/fireball-pl44103-01\/","title":{"rendered":"Fireball Chrono &#8211; PL44103.01"},"content":{"rendered":"","protected":false},"excerpt":{"rendered":"<h2><span style=\"font-size: 80%;\">Montre chronographe sportive Swiss Made<\/span><\/h2>\n<p>Ce chronographe n&rsquo;est pas seulement un outil de mesure du temps, c&rsquo;est aussi un t\u00e9moignage de votre style de vie actif. De plus, cette montre pour homme est fabriqu\u00e9e avec toutes les caract\u00e9ristiques de qualit\u00e9 Swiss Made : <\/p>\n<ul>\n<li>Fabrication suisse, production interne<\/li>\n<li>Acier inoxydable<\/li>\n<li>Verre saphir<\/li>\n<li>R\u00e9sistance \u00e0 l&rsquo;eau jusqu&rsquo;\u00e0 100M\/10ATM<\/li>\n<li>Mouvement Swiss Made avec indication de la date<\/li>\n<li>Garantie internationale de 2 ans<\/li>\n<\/ul>\n","protected":false},"featured_media":8195,"template":"","meta":{"content-type":""},"product_brand":[],"product_cat":[632,630,642,629,690,1108,628],"product_tag":[],"class_list":{"0":"post-8189","1":"product","2":"type-product","3":"status-publish","4":"has-post-thumbnail","6":"product_cat-montres-a-quartz-hommes","7":"product_cat-montres-chronographes-hommes","8":"product_cat-montres-classiques","9":"product_cat-montres-pour-hommes","10":"product_cat-montres-sportives","11":"product_cat-pl44103-fr-2","12":"product_cat-toutes-les-montres","14":"first","15":"instock","16":"taxable","17":"shipping-taxable","18":"purchasable","19":"product-type-simple"},"yoast_head":"<!-- This site is optimized with the Yoast SEO Premium plugin v27.0 (Yoast SEO v27.0) - https:\/\/yoast.com\/product\/yoast-seo-premium-wordpress\/ -->\n<title>Fireball Chrono - PL44103.01 - Chrono AG Private Label Watches<\/title>\n<meta name=\"robots\" content=\"index, follow, max-snippet:-1, max-image-preview:large, max-video-preview:-1\" \/>\n<link rel=\"canonical\" href=\"https:\/\/chronowatch.ch\/fr\/produit\/fireball-pl44103-01\/\" \/>\n<meta property=\"og:locale\" content=\"fr_FR\" \/>\n<meta property=\"og:type\" content=\"article\" \/>\n<meta property=\"og:title\" content=\"Fireball Chrono - PL44103.01 - Chrono AG Private Label Watches\" \/>\n<meta property=\"og:description\" content=\"Montre chronographe sportive Swiss Made Ce chronographe n&#039;est pas seulement un outil de mesure du temps, c&#039;est aussi un t\u00e9moignage de votre style de vie actif. De plus, cette montre pour homme est fabriqu\u00e9e avec toutes les caract\u00e9ristiques de qualit\u00e9 Swiss Made :   Fabrication suisse, production interne  Acier inoxydable  Verre saphir  R\u00e9sistance \u00e0 l&#039;eau jusqu&#039;\u00e0 100M\/10ATM  Mouvement Swiss Made avec indication de la date  Garantie internationale de 2 ans\" \/>\n<meta property=\"og:url\" content=\"https:\/\/chronowatch.ch\/fr\/produit\/fireball-pl44103-01\/\" \/>\n<meta property=\"og:site_name\" content=\"Chrono AG Private Label Watches\" \/>\n<meta property=\"article:modified_time\" content=\"2025-01-29T08:17:16+00:00\" \/>\n<meta property=\"og:image\" content=\"https:\/\/chronowatch.ch\/wp-content\/uploads\/2024\/10\/PL44103.01.png\" \/>\n\t<meta property=\"og:image:width\" content=\"1300\" \/>\n\t<meta property=\"og:image:height\" content=\"1642\" \/>\n\t<meta property=\"og:image:type\" content=\"image\/png\" \/>\n<meta name=\"twitter:card\" content=\"summary_large_image\" \/>\n<meta name=\"twitter:label1\" content=\"Prix\" \/>\n\t<meta name=\"twitter:data1\" content=\"&euro;1.00 inc. VAT\" \/>\n\t<meta name=\"twitter:label2\" content=\"Disponibilit\u00e9\" \/>\n\t<meta name=\"twitter:data2\" content=\"En stock\" \/>\n<script type=\"application\/ld+json\" class=\"yoast-schema-graph\">{\"@context\":\"https:\/\/schema.org\",\"@graph\":[{\"@type\":\"WebPage\",\"@id\":\"https:\/\/chronowatch.ch\/fr\/produit\/fireball-pl44103-01\/\",\"url\":\"https:\/\/chronowatch.ch\/fr\/produit\/fireball-pl44103-01\/\",\"name\":\"Fireball Chrono - PL44103.01 - Chrono AG Private Label Watches\",\"isPartOf\":{\"@id\":\"https:\/\/chronowatch.ch\/fr\/#website\"},\"primaryImageOfPage\":{\"@id\":\"https:\/\/chronowatch.ch\/fr\/produit\/fireball-pl44103-01\/#primaryimage\"},\"image\":{\"@id\":\"https:\/\/chronowatch.ch\/fr\/produit\/fireball-pl44103-01\/#primaryimage\"},\"thumbnailUrl\":\"https:\/\/chronowatch.ch\/wp-content\/uploads\/2024\/10\/PL44103.01.png\",\"datePublished\":\"2024-10-23T08:15:28+00:00\",\"dateModified\":\"2025-01-29T08:17:16+00:00\",\"breadcrumb\":{\"@id\":\"https:\/\/chronowatch.ch\/fr\/produit\/fireball-pl44103-01\/#breadcrumb\"},\"inLanguage\":\"fr-FR\",\"potentialAction\":[{\"@type\":\"ReadAction\",\"target\":[\"https:\/\/chronowatch.ch\/fr\/produit\/fireball-pl44103-01\/\"]}]},{\"@type\":\"ImageObject\",\"inLanguage\":\"fr-FR\",\"@id\":\"https:\/\/chronowatch.ch\/fr\/produit\/fireball-pl44103-01\/#primaryimage\",\"url\":\"https:\/\/chronowatch.ch\/wp-content\/uploads\/2024\/10\/PL44103.01.png\",\"contentUrl\":\"https:\/\/chronowatch.ch\/wp-content\/uploads\/2024\/10\/PL44103.01.png\",\"width\":1300,\"height\":1642,\"caption\":\"PL44103.01\"},{\"@type\":\"BreadcrumbList\",\"@id\":\"https:\/\/chronowatch.ch\/fr\/produit\/fireball-pl44103-01\/#breadcrumb\",\"itemListElement\":[{\"@type\":\"ListItem\",\"position\":1,\"name\":\"Home\",\"item\":\"https:\/\/chronowatch.ch\/fr\/home\/\"},{\"@type\":\"ListItem\",\"position\":2,\"name\":\"Boutique\",\"item\":\"https:\/\/chronowatch.ch\/fr\/boutique\/\"},{\"@type\":\"ListItem\",\"position\":3,\"name\":\"Fireball Chrono &#8211; PL44103.01\"}]},{\"@type\":\"WebSite\",\"@id\":\"https:\/\/chronowatch.ch\/fr\/#website\",\"url\":\"https:\/\/chronowatch.ch\/fr\/\",\"name\":\"Chrono AG Private Label Watches\",\"description\":\"Swiss Made Promotional and Private Label Watches\",\"publisher\":{\"@id\":\"https:\/\/chronowatch.ch\/fr\/#organization\"},\"potentialAction\":[{\"@type\":\"SearchAction\",\"target\":{\"@type\":\"EntryPoint\",\"urlTemplate\":\"https:\/\/chronowatch.ch\/fr\/?s={search_term_string}\"},\"query-input\":{\"@type\":\"PropertyValueSpecification\",\"valueRequired\":true,\"valueName\":\"search_term_string\"}}],\"inLanguage\":\"fr-FR\"},{\"@type\":\"Organization\",\"@id\":\"https:\/\/chronowatch.ch\/fr\/#organization\",\"name\":\"Chrono AG\",\"url\":\"https:\/\/chronowatch.ch\/fr\/\",\"logo\":{\"@type\":\"ImageObject\",\"inLanguage\":\"fr-FR\",\"@id\":\"https:\/\/chronowatch.ch\/fr\/#\/schema\/logo\/image\/\",\"url\":\"https:\/\/chronowatch.ch\/wp-content\/uploads\/2022\/11\/logo_chrono_s.png\",\"contentUrl\":\"https:\/\/chronowatch.ch\/wp-content\/uploads\/2022\/11\/logo_chrono_s.png\",\"width\":500,\"height\":73,\"caption\":\"Chrono AG\"},\"image\":{\"@id\":\"https:\/\/chronowatch.ch\/fr\/#\/schema\/logo\/image\/\"}}]}<\/script>\n<meta property=\"product:price:amount\" content=\"1.00\" \/>\n<meta property=\"product:price:currency\" content=\"EUR\" \/>\n<meta property=\"og:availability\" content=\"instock\" \/>\n<meta property=\"product:availability\" content=\"instock\" \/>\n<meta property=\"product:retailer_item_id\" content=\"PL44103.01\" \/>\n<meta property=\"product:condition\" content=\"new\" \/>\n<!-- \/ Yoast SEO Premium plugin. -->","yoast_head_json":{"title":"Fireball Chrono - PL44103.01 - Chrono AG Private Label Watches","robots":{"index":"index","follow":"follow","max-snippet":"max-snippet:-1","max-image-preview":"max-image-preview:large","max-video-preview":"max-video-preview:-1"},"canonical":"https:\/\/chronowatch.ch\/fr\/produit\/fireball-pl44103-01\/","og_locale":"fr_FR","og_type":"article","og_title":"Fireball Chrono - PL44103.01 - Chrono AG Private Label Watches","og_description":"Montre chronographe sportive Swiss Made Ce chronographe n'est pas seulement un outil de mesure du temps, c'est aussi un t\u00e9moignage de votre style de vie actif. De plus, cette montre pour homme est fabriqu\u00e9e avec toutes les caract\u00e9ristiques de qualit\u00e9 Swiss Made :   Fabrication suisse, production interne  Acier inoxydable  Verre saphir  R\u00e9sistance \u00e0 l'eau jusqu'\u00e0 100M\/10ATM  Mouvement Swiss Made avec indication de la date  Garantie internationale de 2 ans","og_url":"https:\/\/chronowatch.ch\/fr\/produit\/fireball-pl44103-01\/","og_site_name":"Chrono AG Private Label Watches","article_modified_time":"2025-01-29T08:17:16+00:00","og_image":[{"width":1300,"height":1642,"url":"https:\/\/chronowatch.ch\/wp-content\/uploads\/2024\/10\/PL44103.01.png","type":"image\/png"}],"twitter_card":"summary_large_image","twitter_misc":{"Prix":"&euro;1.00 inc. VAT","Disponibilit\u00e9":"En stock"},"schema":{"@context":"https:\/\/schema.org","@graph":[{"@type":"WebPage","@id":"https:\/\/chronowatch.ch\/fr\/produit\/fireball-pl44103-01\/","url":"https:\/\/chronowatch.ch\/fr\/produit\/fireball-pl44103-01\/","name":"Fireball Chrono - PL44103.01 - Chrono AG Private Label Watches","isPartOf":{"@id":"https:\/\/chronowatch.ch\/fr\/#website"},"primaryImageOfPage":{"@id":"https:\/\/chronowatch.ch\/fr\/produit\/fireball-pl44103-01\/#primaryimage"},"image":{"@id":"https:\/\/chronowatch.ch\/fr\/produit\/fireball-pl44103-01\/#primaryimage"},"thumbnailUrl":"https:\/\/chronowatch.ch\/wp-content\/uploads\/2024\/10\/PL44103.01.png","datePublished":"2024-10-23T08:15:28+00:00","dateModified":"2025-01-29T08:17:16+00:00","breadcrumb":{"@id":"https:\/\/chronowatch.ch\/fr\/produit\/fireball-pl44103-01\/#breadcrumb"},"inLanguage":"fr-FR","potentialAction":[{"@type":"ReadAction","target":["https:\/\/chronowatch.ch\/fr\/produit\/fireball-pl44103-01\/"]}]},{"@type":"ImageObject","inLanguage":"fr-FR","@id":"https:\/\/chronowatch.ch\/fr\/produit\/fireball-pl44103-01\/#primaryimage","url":"https:\/\/chronowatch.ch\/wp-content\/uploads\/2024\/10\/PL44103.01.png","contentUrl":"https:\/\/chronowatch.ch\/wp-content\/uploads\/2024\/10\/PL44103.01.png","width":1300,"height":1642,"caption":"PL44103.01"},{"@type":"BreadcrumbList","@id":"https:\/\/chronowatch.ch\/fr\/produit\/fireball-pl44103-01\/#breadcrumb","itemListElement":[{"@type":"ListItem","position":1,"name":"Home","item":"https:\/\/chronowatch.ch\/fr\/home\/"},{"@type":"ListItem","position":2,"name":"Boutique","item":"https:\/\/chronowatch.ch\/fr\/boutique\/"},{"@type":"ListItem","position":3,"name":"Fireball Chrono &#8211; PL44103.01"}]},{"@type":"WebSite","@id":"https:\/\/chronowatch.ch\/fr\/#website","url":"https:\/\/chronowatch.ch\/fr\/","name":"Chrono AG Private Label Watches","description":"Swiss Made Promotional and Private Label Watches","publisher":{"@id":"https:\/\/chronowatch.ch\/fr\/#organization"},"potentialAction":[{"@type":"SearchAction","target":{"@type":"EntryPoint","urlTemplate":"https:\/\/chronowatch.ch\/fr\/?s={search_term_string}"},"query-input":{"@type":"PropertyValueSpecification","valueRequired":true,"valueName":"search_term_string"}}],"inLanguage":"fr-FR"},{"@type":"Organization","@id":"https:\/\/chronowatch.ch\/fr\/#organization","name":"Chrono AG","url":"https:\/\/chronowatch.ch\/fr\/","logo":{"@type":"ImageObject","inLanguage":"fr-FR","@id":"https:\/\/chronowatch.ch\/fr\/#\/schema\/logo\/image\/","url":"https:\/\/chronowatch.ch\/wp-content\/uploads\/2022\/11\/logo_chrono_s.png","contentUrl":"https:\/\/chronowatch.ch\/wp-content\/uploads\/2022\/11\/logo_chrono_s.png","width":500,"height":73,"caption":"Chrono AG"},"image":{"@id":"https:\/\/chronowatch.ch\/fr\/#\/schema\/logo\/image\/"}}]},"product_price_amount":"1.00","product_price_currency":"EUR","og_availability":"instock","product_availability":"instock","product_retailer_item_id":"PL44103.01","product_condition":"new"},"_links":{"self":[{"href":"https:\/\/chronowatch.ch\/fr\/wp-json\/wp\/v2\/product\/8189","targetHints":{"allow":["GET"]}}],"collection":[{"href":"https:\/\/chronowatch.ch\/fr\/wp-json\/wp\/v2\/product"}],"about":[{"href":"https:\/\/chronowatch.ch\/fr\/wp-json\/wp\/v2\/types\/product"}],"wp:featuredmedia":[{"embeddable":true,"href":"https:\/\/chronowatch.ch\/fr\/wp-json\/wp\/v2\/media\/8195"}],"wp:attachment":[{"href":"https:\/\/chronowatch.ch\/fr\/wp-json\/wp\/v2\/media?parent=8189"}],"wp:term":[{"taxonomy":"product_brand","embeddable":true,"href":"https:\/\/chronowatch.ch\/fr\/wp-json\/wp\/v2\/product_brand?post=8189"},{"taxonomy":"product_cat","embeddable":true,"href":"https:\/\/chronowatch.ch\/fr\/wp-json\/wp\/v2\/product_cat?post=8189"},{"taxonomy":"product_tag","embeddable":true,"href":"https:\/\/chronowatch.ch\/fr\/wp-json\/wp\/v2\/product_tag?post=8189"}],"curies":[{"name":"wp","href":"https:\/\/api.w.org\/{rel}","templated":true}]}}