{"id":7844,"date":"2024-09-19T15:00:43","date_gmt":"2024-09-19T14:00:43","guid":{"rendered":"https:\/\/chronowatch.ch\/product\/pls44102-01\/"},"modified":"2025-01-29T09:20:22","modified_gmt":"2025-01-29T08:20:22","slug":"pls44102-01","status":"publish","type":"product","link":"https:\/\/chronowatch.ch\/fr\/produit\/pls44102-01\/","title":{"rendered":"Solar Sport &#8211; PLS44102.01"},"content":{"rendered":"","protected":false},"excerpt":{"rendered":"<h2><span style=\"font-size: 80%;\">Montre de marque priv\u00e9e Modern Solar Swiss Made pour hommes<\/span><\/h2>\n<p>Montre solaire moderne Swiss Made pour hommes, \u00e0 porter tous les jours. Cette montre solaire pour homme associe une technologie solaire avanc\u00e9e \u00e0 une robustesse \u00e0 toute \u00e9preuve. Parfaite pour les modes de vie actifs, elle offre \u00e0 la fois fonctionnalit\u00e9 et style.  <\/p>\n<ul>\n<li>Fabrication suisse, production interne<\/li>\n<li>Acier inoxydable<\/li>\n<li>Verre saphir<\/li>\n<li>R\u00e9sistance \u00e0 l&rsquo;eau jusqu&rsquo;\u00e0 100M\/10ATM<\/li>\n<li>Mouvement solaire Swiss Made avec indication de la date<\/li>\n<li>Garantie internationale de 2 ans<\/li>\n<\/ul>\n","protected":false},"featured_media":7715,"template":"","meta":{"content-type":""},"product_brand":[],"product_cat":[1096,633,632,629,1114,628],"product_tag":[],"class_list":{"0":"post-7844","1":"product","2":"type-product","3":"status-publish","4":"has-post-thumbnail","6":"product_cat-montres-solaires","7":"product_cat-montres-a-fonctions-speciales-hommes","8":"product_cat-montres-a-quartz-hommes","9":"product_cat-montres-pour-hommes","10":"product_cat-pls44102-fr","11":"product_cat-toutes-les-montres","13":"first","14":"instock","15":"taxable","16":"shipping-taxable","17":"purchasable","18":"product-type-simple"},"yoast_head":"<!-- This site is optimized with the Yoast SEO Premium plugin v27.0 (Yoast SEO v27.0) - https:\/\/yoast.com\/product\/yoast-seo-premium-wordpress\/ -->\n<title>Solar Sport - PLS44102.01 - Chrono AG Private Label Watches<\/title>\n<meta name=\"robots\" content=\"index, follow, max-snippet:-1, max-image-preview:large, max-video-preview:-1\" \/>\n<link rel=\"canonical\" href=\"https:\/\/chronowatch.ch\/fr\/produit\/pls44102-01\/\" \/>\n<meta property=\"og:locale\" content=\"fr_FR\" \/>\n<meta property=\"og:type\" content=\"article\" \/>\n<meta property=\"og:title\" content=\"Solar Sport - PLS44102.01 - Chrono AG Private Label Watches\" \/>\n<meta property=\"og:description\" content=\"Montre de marque priv\u00e9e Modern Solar Swiss Made pour hommes Montre solaire moderne Swiss Made pour hommes, \u00e0 porter tous les jours. Cette montre solaire pour homme associe une technologie solaire avanc\u00e9e \u00e0 une robustesse \u00e0 toute \u00e9preuve. Parfaite pour les modes de vie actifs, elle offre \u00e0 la fois fonctionnalit\u00e9 et style.   Fabrication suisse, production interne  Acier inoxydable  Verre saphir  R\u00e9sistance \u00e0 l&#039;eau jusqu&#039;\u00e0 100M\/10ATM  Mouvement solaire Swiss Made avec indication de la date  Garantie internationale de 2 ans\" \/>\n<meta property=\"og:url\" content=\"https:\/\/chronowatch.ch\/fr\/produit\/pls44102-01\/\" \/>\n<meta property=\"og:site_name\" content=\"Chrono AG Private Label Watches\" \/>\n<meta property=\"article:modified_time\" content=\"2025-01-29T08:20:22+00:00\" \/>\n<meta property=\"og:image\" content=\"https:\/\/chronowatch.ch\/wp-content\/uploads\/2024\/09\/PLS44102.01.png\" \/>\n\t<meta property=\"og:image:width\" content=\"1300\" \/>\n\t<meta property=\"og:image:height\" content=\"1642\" \/>\n\t<meta property=\"og:image:type\" content=\"image\/png\" \/>\n<meta name=\"twitter:card\" content=\"summary_large_image\" \/>\n<meta name=\"twitter:label1\" content=\"Prix\" \/>\n\t<meta name=\"twitter:data1\" content=\"&euro;1.00 inc. VAT\" \/>\n\t<meta name=\"twitter:label2\" content=\"Disponibilit\u00e9\" \/>\n\t<meta name=\"twitter:data2\" content=\"En stock\" \/>\n<script type=\"application\/ld+json\" class=\"yoast-schema-graph\">{\"@context\":\"https:\/\/schema.org\",\"@graph\":[{\"@type\":\"WebPage\",\"@id\":\"https:\/\/chronowatch.ch\/fr\/produit\/pls44102-01\/\",\"url\":\"https:\/\/chronowatch.ch\/fr\/produit\/pls44102-01\/\",\"name\":\"Solar Sport - PLS44102.01 - Chrono AG Private Label Watches\",\"isPartOf\":{\"@id\":\"https:\/\/chronowatch.ch\/fr\/#website\"},\"primaryImageOfPage\":{\"@id\":\"https:\/\/chronowatch.ch\/fr\/produit\/pls44102-01\/#primaryimage\"},\"image\":{\"@id\":\"https:\/\/chronowatch.ch\/fr\/produit\/pls44102-01\/#primaryimage\"},\"thumbnailUrl\":\"https:\/\/chronowatch.ch\/wp-content\/uploads\/2024\/09\/PLS44102.01.png\",\"datePublished\":\"2024-09-19T14:00:43+00:00\",\"dateModified\":\"2025-01-29T08:20:22+00:00\",\"breadcrumb\":{\"@id\":\"https:\/\/chronowatch.ch\/fr\/produit\/pls44102-01\/#breadcrumb\"},\"inLanguage\":\"fr-FR\",\"potentialAction\":[{\"@type\":\"ReadAction\",\"target\":[\"https:\/\/chronowatch.ch\/fr\/produit\/pls44102-01\/\"]}]},{\"@type\":\"ImageObject\",\"inLanguage\":\"fr-FR\",\"@id\":\"https:\/\/chronowatch.ch\/fr\/produit\/pls44102-01\/#primaryimage\",\"url\":\"https:\/\/chronowatch.ch\/wp-content\/uploads\/2024\/09\/PLS44102.01.png\",\"contentUrl\":\"https:\/\/chronowatch.ch\/wp-content\/uploads\/2024\/09\/PLS44102.01.png\",\"width\":1300,\"height\":1642,\"caption\":\"PLS44102.01\"},{\"@type\":\"BreadcrumbList\",\"@id\":\"https:\/\/chronowatch.ch\/fr\/produit\/pls44102-01\/#breadcrumb\",\"itemListElement\":[{\"@type\":\"ListItem\",\"position\":1,\"name\":\"Home\",\"item\":\"https:\/\/chronowatch.ch\/fr\/home\/\"},{\"@type\":\"ListItem\",\"position\":2,\"name\":\"Boutique\",\"item\":\"https:\/\/chronowatch.ch\/fr\/boutique\/\"},{\"@type\":\"ListItem\",\"position\":3,\"name\":\"Solar Sport &#8211; PLS44102.01\"}]},{\"@type\":\"WebSite\",\"@id\":\"https:\/\/chronowatch.ch\/fr\/#website\",\"url\":\"https:\/\/chronowatch.ch\/fr\/\",\"name\":\"Chrono AG Private Label Watches\",\"description\":\"Swiss Made Promotional and Private Label Watches\",\"publisher\":{\"@id\":\"https:\/\/chronowatch.ch\/fr\/#organization\"},\"potentialAction\":[{\"@type\":\"SearchAction\",\"target\":{\"@type\":\"EntryPoint\",\"urlTemplate\":\"https:\/\/chronowatch.ch\/fr\/?s={search_term_string}\"},\"query-input\":{\"@type\":\"PropertyValueSpecification\",\"valueRequired\":true,\"valueName\":\"search_term_string\"}}],\"inLanguage\":\"fr-FR\"},{\"@type\":\"Organization\",\"@id\":\"https:\/\/chronowatch.ch\/fr\/#organization\",\"name\":\"Chrono AG\",\"url\":\"https:\/\/chronowatch.ch\/fr\/\",\"logo\":{\"@type\":\"ImageObject\",\"inLanguage\":\"fr-FR\",\"@id\":\"https:\/\/chronowatch.ch\/fr\/#\/schema\/logo\/image\/\",\"url\":\"https:\/\/chronowatch.ch\/wp-content\/uploads\/2022\/11\/logo_chrono_s.png\",\"contentUrl\":\"https:\/\/chronowatch.ch\/wp-content\/uploads\/2022\/11\/logo_chrono_s.png\",\"width\":500,\"height\":73,\"caption\":\"Chrono AG\"},\"image\":{\"@id\":\"https:\/\/chronowatch.ch\/fr\/#\/schema\/logo\/image\/\"}}]}<\/script>\n<meta property=\"product:price:amount\" content=\"1.00\" \/>\n<meta property=\"product:price:currency\" content=\"EUR\" \/>\n<meta property=\"og:availability\" content=\"instock\" \/>\n<meta property=\"product:availability\" content=\"instock\" \/>\n<meta property=\"product:retailer_item_id\" content=\"PLS44102.01\" \/>\n<meta property=\"product:condition\" content=\"new\" \/>\n<!-- \/ Yoast SEO Premium plugin. -->","yoast_head_json":{"title":"Solar Sport - PLS44102.01 - Chrono AG Private Label Watches","robots":{"index":"index","follow":"follow","max-snippet":"max-snippet:-1","max-image-preview":"max-image-preview:large","max-video-preview":"max-video-preview:-1"},"canonical":"https:\/\/chronowatch.ch\/fr\/produit\/pls44102-01\/","og_locale":"fr_FR","og_type":"article","og_title":"Solar Sport - PLS44102.01 - Chrono AG Private Label Watches","og_description":"Montre de marque priv\u00e9e Modern Solar Swiss Made pour hommes Montre solaire moderne Swiss Made pour hommes, \u00e0 porter tous les jours. Cette montre solaire pour homme associe une technologie solaire avanc\u00e9e \u00e0 une robustesse \u00e0 toute \u00e9preuve. Parfaite pour les modes de vie actifs, elle offre \u00e0 la fois fonctionnalit\u00e9 et style.   Fabrication suisse, production interne  Acier inoxydable  Verre saphir  R\u00e9sistance \u00e0 l'eau jusqu'\u00e0 100M\/10ATM  Mouvement solaire Swiss Made avec indication de la date  Garantie internationale de 2 ans","og_url":"https:\/\/chronowatch.ch\/fr\/produit\/pls44102-01\/","og_site_name":"Chrono AG Private Label Watches","article_modified_time":"2025-01-29T08:20:22+00:00","og_image":[{"width":1300,"height":1642,"url":"https:\/\/chronowatch.ch\/wp-content\/uploads\/2024\/09\/PLS44102.01.png","type":"image\/png"}],"twitter_card":"summary_large_image","twitter_misc":{"Prix":"&euro;1.00 inc. VAT","Disponibilit\u00e9":"En stock"},"schema":{"@context":"https:\/\/schema.org","@graph":[{"@type":"WebPage","@id":"https:\/\/chronowatch.ch\/fr\/produit\/pls44102-01\/","url":"https:\/\/chronowatch.ch\/fr\/produit\/pls44102-01\/","name":"Solar Sport - PLS44102.01 - Chrono AG Private Label Watches","isPartOf":{"@id":"https:\/\/chronowatch.ch\/fr\/#website"},"primaryImageOfPage":{"@id":"https:\/\/chronowatch.ch\/fr\/produit\/pls44102-01\/#primaryimage"},"image":{"@id":"https:\/\/chronowatch.ch\/fr\/produit\/pls44102-01\/#primaryimage"},"thumbnailUrl":"https:\/\/chronowatch.ch\/wp-content\/uploads\/2024\/09\/PLS44102.01.png","datePublished":"2024-09-19T14:00:43+00:00","dateModified":"2025-01-29T08:20:22+00:00","breadcrumb":{"@id":"https:\/\/chronowatch.ch\/fr\/produit\/pls44102-01\/#breadcrumb"},"inLanguage":"fr-FR","potentialAction":[{"@type":"ReadAction","target":["https:\/\/chronowatch.ch\/fr\/produit\/pls44102-01\/"]}]},{"@type":"ImageObject","inLanguage":"fr-FR","@id":"https:\/\/chronowatch.ch\/fr\/produit\/pls44102-01\/#primaryimage","url":"https:\/\/chronowatch.ch\/wp-content\/uploads\/2024\/09\/PLS44102.01.png","contentUrl":"https:\/\/chronowatch.ch\/wp-content\/uploads\/2024\/09\/PLS44102.01.png","width":1300,"height":1642,"caption":"PLS44102.01"},{"@type":"BreadcrumbList","@id":"https:\/\/chronowatch.ch\/fr\/produit\/pls44102-01\/#breadcrumb","itemListElement":[{"@type":"ListItem","position":1,"name":"Home","item":"https:\/\/chronowatch.ch\/fr\/home\/"},{"@type":"ListItem","position":2,"name":"Boutique","item":"https:\/\/chronowatch.ch\/fr\/boutique\/"},{"@type":"ListItem","position":3,"name":"Solar Sport &#8211; PLS44102.01"}]},{"@type":"WebSite","@id":"https:\/\/chronowatch.ch\/fr\/#website","url":"https:\/\/chronowatch.ch\/fr\/","name":"Chrono AG Private Label Watches","description":"Swiss Made Promotional and Private Label Watches","publisher":{"@id":"https:\/\/chronowatch.ch\/fr\/#organization"},"potentialAction":[{"@type":"SearchAction","target":{"@type":"EntryPoint","urlTemplate":"https:\/\/chronowatch.ch\/fr\/?s={search_term_string}"},"query-input":{"@type":"PropertyValueSpecification","valueRequired":true,"valueName":"search_term_string"}}],"inLanguage":"fr-FR"},{"@type":"Organization","@id":"https:\/\/chronowatch.ch\/fr\/#organization","name":"Chrono AG","url":"https:\/\/chronowatch.ch\/fr\/","logo":{"@type":"ImageObject","inLanguage":"fr-FR","@id":"https:\/\/chronowatch.ch\/fr\/#\/schema\/logo\/image\/","url":"https:\/\/chronowatch.ch\/wp-content\/uploads\/2022\/11\/logo_chrono_s.png","contentUrl":"https:\/\/chronowatch.ch\/wp-content\/uploads\/2022\/11\/logo_chrono_s.png","width":500,"height":73,"caption":"Chrono AG"},"image":{"@id":"https:\/\/chronowatch.ch\/fr\/#\/schema\/logo\/image\/"}}]},"product_price_amount":"1.00","product_price_currency":"EUR","og_availability":"instock","product_availability":"instock","product_retailer_item_id":"PLS44102.01","product_condition":"new"},"_links":{"self":[{"href":"https:\/\/chronowatch.ch\/fr\/wp-json\/wp\/v2\/product\/7844","targetHints":{"allow":["GET"]}}],"collection":[{"href":"https:\/\/chronowatch.ch\/fr\/wp-json\/wp\/v2\/product"}],"about":[{"href":"https:\/\/chronowatch.ch\/fr\/wp-json\/wp\/v2\/types\/product"}],"wp:featuredmedia":[{"embeddable":true,"href":"https:\/\/chronowatch.ch\/fr\/wp-json\/wp\/v2\/media\/7715"}],"wp:attachment":[{"href":"https:\/\/chronowatch.ch\/fr\/wp-json\/wp\/v2\/media?parent=7844"}],"wp:term":[{"taxonomy":"product_brand","embeddable":true,"href":"https:\/\/chronowatch.ch\/fr\/wp-json\/wp\/v2\/product_brand?post=7844"},{"taxonomy":"product_cat","embeddable":true,"href":"https:\/\/chronowatch.ch\/fr\/wp-json\/wp\/v2\/product_cat?post=7844"},{"taxonomy":"product_tag","embeddable":true,"href":"https:\/\/chronowatch.ch\/fr\/wp-json\/wp\/v2\/product_tag?post=7844"}],"curies":[{"name":"wp","href":"https:\/\/api.w.org\/{rel}","templated":true}]}}