{"id":4785,"date":"2023-03-24T08:10:57","date_gmt":"2023-03-24T07:10:57","guid":{"rendered":"https:\/\/chronowatch.ch\/?post_type=product&#038;p=4785"},"modified":"2023-05-04T15:06:32","modified_gmt":"2023-05-04T14:06:32","slug":"titanium-300-pla44100-03","status":"publish","type":"product","link":"https:\/\/chronowatch.ch\/fr\/produit\/titanium-300-pla44100-03\/","title":{"rendered":"Titanium 300 &#8211; PLA44100.03"},"content":{"rendered":"","protected":false},"excerpt":{"rendered":"<h2><span style=\"font-size: 80%;\">Montre private label de plong\u00e9e 300M pour hommes, fabriqu\u00e9e en Suisse<\/span><\/h2>\n<p>Montre automatique pour homme de haute qualit\u00e9, fabriqu\u00e9e en Suisse, pour les plongeurs passionn\u00e9s. Une montre pr\u00e9cieuse \u00e0 porter tous les jours au dessus et en dessous du niveau de la mer.<\/p>\n<ul>\n<li>Fabrication suisse, production interne<\/li>\n<li>Bo\u00eetier en titane r\u00e9sistant \u00e0 la pression<\/li>\n<li>Lunette en c\u00e9ramique<\/li>\n<li>Verre saphir r\u00e9sistant aux rayures<\/li>\n<li>R\u00e9sistance \u00e0 l&rsquo;eau jusqu&rsquo;\u00e0 300M\/30ATM<\/li>\n<li>Couronne \u00e0 vis<\/li>\n<li>Mouvement automatique de fabrication suisse<\/li>\n<li>Garantie internationale de 2 ans<\/li>\n<\/ul>\n","protected":false},"featured_media":4787,"template":"","meta":{"content-type":""},"product_brand":[],"product_cat":[633,631,629,690,1051,628],"product_tag":[],"class_list":{"0":"post-4785","1":"product","2":"type-product","3":"status-publish","4":"has-post-thumbnail","6":"product_cat-montres-a-fonctions-speciales-hommes","7":"product_cat-montres-automatiques-hommes","8":"product_cat-montres-pour-hommes","9":"product_cat-montres-sportives","10":"product_cat-pla44100-fr","11":"product_cat-toutes-les-montres","13":"first","14":"instock","15":"taxable","16":"shipping-taxable","17":"purchasable","18":"product-type-simple"},"yoast_head":"<!-- This site is optimized with the Yoast SEO Premium plugin v27.0 (Yoast SEO v27.0) - https:\/\/yoast.com\/product\/yoast-seo-premium-wordpress\/ -->\n<title>Sport Diver Montres Sportives - Montres de marques &amp; logo<\/title>\n<meta name=\"description\" content=\"Sport Diver Montres Sportives - Marque sur une montre suisse de haute qualit\u00e9. Achetez directement de notre usine. D\u00e9lai de livraison court Quantit\u00e9 de 25 pi\u00e8ces seulement.\" \/>\n<meta name=\"robots\" content=\"index, follow, max-snippet:-1, max-image-preview:large, max-video-preview:-1\" \/>\n<link rel=\"canonical\" href=\"https:\/\/chronowatch.ch\/fr\/produit\/titanium-300-pla44100-03\/\" \/>\n<meta property=\"og:locale\" content=\"fr_FR\" \/>\n<meta property=\"og:type\" content=\"article\" \/>\n<meta property=\"og:title\" content=\"Sport Diver Montres Sportives - Montres de marques &amp; logo\" \/>\n<meta property=\"og:description\" content=\"Sport Diver Montres Sportives - Marque sur une montre suisse de haute qualit\u00e9. Achetez directement de notre usine. D\u00e9lai de livraison court Quantit\u00e9 de 25 pi\u00e8ces seulement.\" \/>\n<meta property=\"og:url\" content=\"https:\/\/chronowatch.ch\/fr\/produit\/titanium-300-pla44100-03\/\" \/>\n<meta property=\"og:site_name\" content=\"Chrono AG Private Label Watches\" \/>\n<meta property=\"article:modified_time\" content=\"2023-05-04T14:06:32+00:00\" \/>\n<meta property=\"og:image\" content=\"https:\/\/chronowatch.ch\/wp-content\/uploads\/2023\/03\/PLA44100.03.png\" \/>\n\t<meta property=\"og:image:width\" content=\"1300\" \/>\n\t<meta property=\"og:image:height\" content=\"1642\" \/>\n\t<meta property=\"og:image:type\" content=\"image\/png\" \/>\n<meta name=\"twitter:card\" content=\"summary_large_image\" \/>\n<meta name=\"twitter:label1\" content=\"Prix\" \/>\n\t<meta name=\"twitter:data1\" content=\"&euro;1.00 inc. VAT\" \/>\n\t<meta name=\"twitter:label2\" content=\"Disponibilit\u00e9\" \/>\n\t<meta name=\"twitter:data2\" content=\"En stock\" \/>\n<script type=\"application\/ld+json\" class=\"yoast-schema-graph\">{\"@context\":\"https:\/\/schema.org\",\"@graph\":[{\"@type\":\"WebPage\",\"@id\":\"https:\/\/chronowatch.ch\/fr\/produit\/titanium-300-pla44100-03\/\",\"url\":\"https:\/\/chronowatch.ch\/fr\/produit\/titanium-300-pla44100-03\/\",\"name\":\"Sport Diver Montres Sportives - Montres de marques & logo\",\"isPartOf\":{\"@id\":\"https:\/\/chronowatch.ch\/fr\/#website\"},\"primaryImageOfPage\":{\"@id\":\"https:\/\/chronowatch.ch\/fr\/produit\/titanium-300-pla44100-03\/#primaryimage\"},\"image\":{\"@id\":\"https:\/\/chronowatch.ch\/fr\/produit\/titanium-300-pla44100-03\/#primaryimage\"},\"thumbnailUrl\":\"https:\/\/chronowatch.ch\/wp-content\/uploads\/2023\/03\/PLA44100.03.png\",\"datePublished\":\"2023-03-24T07:10:57+00:00\",\"dateModified\":\"2023-05-04T14:06:32+00:00\",\"description\":\"Sport Diver Montres Sportives - Marque sur une montre suisse de haute qualit\u00e9. Achetez directement de notre usine. D\u00e9lai de livraison court Quantit\u00e9 de 25 pi\u00e8ces seulement.\",\"breadcrumb\":{\"@id\":\"https:\/\/chronowatch.ch\/fr\/produit\/titanium-300-pla44100-03\/#breadcrumb\"},\"inLanguage\":\"fr-FR\",\"potentialAction\":[{\"@type\":\"ReadAction\",\"target\":[\"https:\/\/chronowatch.ch\/fr\/produit\/titanium-300-pla44100-03\/\"]}]},{\"@type\":\"ImageObject\",\"inLanguage\":\"fr-FR\",\"@id\":\"https:\/\/chronowatch.ch\/fr\/produit\/titanium-300-pla44100-03\/#primaryimage\",\"url\":\"https:\/\/chronowatch.ch\/wp-content\/uploads\/2023\/03\/PLA44100.03.png\",\"contentUrl\":\"https:\/\/chronowatch.ch\/wp-content\/uploads\/2023\/03\/PLA44100.03.png\",\"width\":1300,\"height\":1642,\"caption\":\"PLA44100.03\"},{\"@type\":\"BreadcrumbList\",\"@id\":\"https:\/\/chronowatch.ch\/fr\/produit\/titanium-300-pla44100-03\/#breadcrumb\",\"itemListElement\":[{\"@type\":\"ListItem\",\"position\":1,\"name\":\"Home\",\"item\":\"https:\/\/chronowatch.ch\/fr\/home\/\"},{\"@type\":\"ListItem\",\"position\":2,\"name\":\"Boutique\",\"item\":\"https:\/\/chronowatch.ch\/fr\/boutique\/\"},{\"@type\":\"ListItem\",\"position\":3,\"name\":\"Titanium 300 &#8211; PLA44100.03\"}]},{\"@type\":\"WebSite\",\"@id\":\"https:\/\/chronowatch.ch\/fr\/#website\",\"url\":\"https:\/\/chronowatch.ch\/fr\/\",\"name\":\"Chrono AG Private Label Watches\",\"description\":\"Swiss Made Promotional and Private Label Watches\",\"publisher\":{\"@id\":\"https:\/\/chronowatch.ch\/fr\/#organization\"},\"potentialAction\":[{\"@type\":\"SearchAction\",\"target\":{\"@type\":\"EntryPoint\",\"urlTemplate\":\"https:\/\/chronowatch.ch\/fr\/?s={search_term_string}\"},\"query-input\":{\"@type\":\"PropertyValueSpecification\",\"valueRequired\":true,\"valueName\":\"search_term_string\"}}],\"inLanguage\":\"fr-FR\"},{\"@type\":\"Organization\",\"@id\":\"https:\/\/chronowatch.ch\/fr\/#organization\",\"name\":\"Chrono AG\",\"url\":\"https:\/\/chronowatch.ch\/fr\/\",\"logo\":{\"@type\":\"ImageObject\",\"inLanguage\":\"fr-FR\",\"@id\":\"https:\/\/chronowatch.ch\/fr\/#\/schema\/logo\/image\/\",\"url\":\"https:\/\/chronowatch.ch\/wp-content\/uploads\/2022\/11\/logo_chrono_s.png\",\"contentUrl\":\"https:\/\/chronowatch.ch\/wp-content\/uploads\/2022\/11\/logo_chrono_s.png\",\"width\":500,\"height\":73,\"caption\":\"Chrono AG\"},\"image\":{\"@id\":\"https:\/\/chronowatch.ch\/fr\/#\/schema\/logo\/image\/\"}}]}<\/script>\n<meta property=\"product:price:amount\" content=\"1.00\" \/>\n<meta property=\"product:price:currency\" content=\"EUR\" \/>\n<meta property=\"og:availability\" content=\"instock\" \/>\n<meta property=\"product:availability\" content=\"instock\" \/>\n<meta property=\"product:retailer_item_id\" content=\"PLA44100.03\" \/>\n<meta property=\"product:condition\" content=\"new\" \/>\n<!-- \/ Yoast SEO Premium plugin. -->","yoast_head_json":{"title":"Sport Diver Montres Sportives - Montres de marques & logo","description":"Sport Diver Montres Sportives - Marque sur une montre suisse de haute qualit\u00e9. Achetez directement de notre usine. D\u00e9lai de livraison court Quantit\u00e9 de 25 pi\u00e8ces seulement.","robots":{"index":"index","follow":"follow","max-snippet":"max-snippet:-1","max-image-preview":"max-image-preview:large","max-video-preview":"max-video-preview:-1"},"canonical":"https:\/\/chronowatch.ch\/fr\/produit\/titanium-300-pla44100-03\/","og_locale":"fr_FR","og_type":"article","og_title":"Sport Diver Montres Sportives - Montres de marques & logo","og_description":"Sport Diver Montres Sportives - Marque sur une montre suisse de haute qualit\u00e9. Achetez directement de notre usine. D\u00e9lai de livraison court Quantit\u00e9 de 25 pi\u00e8ces seulement.","og_url":"https:\/\/chronowatch.ch\/fr\/produit\/titanium-300-pla44100-03\/","og_site_name":"Chrono AG Private Label Watches","article_modified_time":"2023-05-04T14:06:32+00:00","og_image":[{"width":1300,"height":1642,"url":"https:\/\/chronowatch.ch\/wp-content\/uploads\/2023\/03\/PLA44100.03.png","type":"image\/png"}],"twitter_card":"summary_large_image","twitter_misc":{"Prix":"&euro;1.00 inc. VAT","Disponibilit\u00e9":"En stock"},"schema":{"@context":"https:\/\/schema.org","@graph":[{"@type":"WebPage","@id":"https:\/\/chronowatch.ch\/fr\/produit\/titanium-300-pla44100-03\/","url":"https:\/\/chronowatch.ch\/fr\/produit\/titanium-300-pla44100-03\/","name":"Sport Diver Montres Sportives - Montres de marques & logo","isPartOf":{"@id":"https:\/\/chronowatch.ch\/fr\/#website"},"primaryImageOfPage":{"@id":"https:\/\/chronowatch.ch\/fr\/produit\/titanium-300-pla44100-03\/#primaryimage"},"image":{"@id":"https:\/\/chronowatch.ch\/fr\/produit\/titanium-300-pla44100-03\/#primaryimage"},"thumbnailUrl":"https:\/\/chronowatch.ch\/wp-content\/uploads\/2023\/03\/PLA44100.03.png","datePublished":"2023-03-24T07:10:57+00:00","dateModified":"2023-05-04T14:06:32+00:00","description":"Sport Diver Montres Sportives - Marque sur une montre suisse de haute qualit\u00e9. Achetez directement de notre usine. D\u00e9lai de livraison court Quantit\u00e9 de 25 pi\u00e8ces seulement.","breadcrumb":{"@id":"https:\/\/chronowatch.ch\/fr\/produit\/titanium-300-pla44100-03\/#breadcrumb"},"inLanguage":"fr-FR","potentialAction":[{"@type":"ReadAction","target":["https:\/\/chronowatch.ch\/fr\/produit\/titanium-300-pla44100-03\/"]}]},{"@type":"ImageObject","inLanguage":"fr-FR","@id":"https:\/\/chronowatch.ch\/fr\/produit\/titanium-300-pla44100-03\/#primaryimage","url":"https:\/\/chronowatch.ch\/wp-content\/uploads\/2023\/03\/PLA44100.03.png","contentUrl":"https:\/\/chronowatch.ch\/wp-content\/uploads\/2023\/03\/PLA44100.03.png","width":1300,"height":1642,"caption":"PLA44100.03"},{"@type":"BreadcrumbList","@id":"https:\/\/chronowatch.ch\/fr\/produit\/titanium-300-pla44100-03\/#breadcrumb","itemListElement":[{"@type":"ListItem","position":1,"name":"Home","item":"https:\/\/chronowatch.ch\/fr\/home\/"},{"@type":"ListItem","position":2,"name":"Boutique","item":"https:\/\/chronowatch.ch\/fr\/boutique\/"},{"@type":"ListItem","position":3,"name":"Titanium 300 &#8211; PLA44100.03"}]},{"@type":"WebSite","@id":"https:\/\/chronowatch.ch\/fr\/#website","url":"https:\/\/chronowatch.ch\/fr\/","name":"Chrono AG Private Label Watches","description":"Swiss Made Promotional and Private Label Watches","publisher":{"@id":"https:\/\/chronowatch.ch\/fr\/#organization"},"potentialAction":[{"@type":"SearchAction","target":{"@type":"EntryPoint","urlTemplate":"https:\/\/chronowatch.ch\/fr\/?s={search_term_string}"},"query-input":{"@type":"PropertyValueSpecification","valueRequired":true,"valueName":"search_term_string"}}],"inLanguage":"fr-FR"},{"@type":"Organization","@id":"https:\/\/chronowatch.ch\/fr\/#organization","name":"Chrono AG","url":"https:\/\/chronowatch.ch\/fr\/","logo":{"@type":"ImageObject","inLanguage":"fr-FR","@id":"https:\/\/chronowatch.ch\/fr\/#\/schema\/logo\/image\/","url":"https:\/\/chronowatch.ch\/wp-content\/uploads\/2022\/11\/logo_chrono_s.png","contentUrl":"https:\/\/chronowatch.ch\/wp-content\/uploads\/2022\/11\/logo_chrono_s.png","width":500,"height":73,"caption":"Chrono AG"},"image":{"@id":"https:\/\/chronowatch.ch\/fr\/#\/schema\/logo\/image\/"}}]},"product_price_amount":"1.00","product_price_currency":"EUR","og_availability":"instock","product_availability":"instock","product_retailer_item_id":"PLA44100.03","product_condition":"new"},"_links":{"self":[{"href":"https:\/\/chronowatch.ch\/fr\/wp-json\/wp\/v2\/product\/4785","targetHints":{"allow":["GET"]}}],"collection":[{"href":"https:\/\/chronowatch.ch\/fr\/wp-json\/wp\/v2\/product"}],"about":[{"href":"https:\/\/chronowatch.ch\/fr\/wp-json\/wp\/v2\/types\/product"}],"wp:featuredmedia":[{"embeddable":true,"href":"https:\/\/chronowatch.ch\/fr\/wp-json\/wp\/v2\/media\/4787"}],"wp:attachment":[{"href":"https:\/\/chronowatch.ch\/fr\/wp-json\/wp\/v2\/media?parent=4785"}],"wp:term":[{"taxonomy":"product_brand","embeddable":true,"href":"https:\/\/chronowatch.ch\/fr\/wp-json\/wp\/v2\/product_brand?post=4785"},{"taxonomy":"product_cat","embeddable":true,"href":"https:\/\/chronowatch.ch\/fr\/wp-json\/wp\/v2\/product_cat?post=4785"},{"taxonomy":"product_tag","embeddable":true,"href":"https:\/\/chronowatch.ch\/fr\/wp-json\/wp\/v2\/product_tag?post=4785"}],"curies":[{"name":"wp","href":"https:\/\/api.w.org\/{rel}","templated":true}]}}