{"id":3692,"date":"2023-01-25T08:31:57","date_gmt":"2023-01-25T07:31:57","guid":{"rendered":"https:\/\/chronowatch.ch\/product\/gmt-pl44095-06\/"},"modified":"2023-03-31T18:13:26","modified_gmt":"2023-03-31T17:13:26","slug":"gmt-pl44095-06-2","status":"publish","type":"product","link":"https:\/\/chronowatch.ch\/fr\/produit\/gmt-pl44095-06-2\/","title":{"rendered":"GMT &#8211; PL44095.06"},"content":{"rendered":"","protected":false},"excerpt":{"rendered":"<h2><span style=\"font-size: 80%;\">Montre Swiss Made Private Label pour les globe-trotters<\/span><\/h2>\n<p>La montre Swiss Made GMT indique l&rsquo;heure dans deux fuseaux horaires diff\u00e9rents et est le compagnon id\u00e9al des globe-trotters.<\/p>\n<p>De plus, cette montre de voyage fonctionnelle pour hommes est dot\u00e9e de toutes nos caract\u00e9ristiques de qualit\u00e9 Swiss Made:<\/p>\n<ul>\n<li>Mouvement Swiss Made 24h GMT<\/li>\n<li>Bi-directional bezel<\/li>\n<li>Acier inoxydable<\/li>\n<li>Verre saphir<\/li>\n<li>R\u00e9sistance \u00e0 l&rsquo;eau jusqu&rsquo;\u00e0 100M\/10ATM<\/li>\n<li>Fabrication suisse, production interne<\/li>\n<\/ul>\n","protected":false},"featured_media":3121,"template":"","meta":{"content-type":""},"product_brand":[],"product_cat":[1008,632,642,629,628],"product_tag":[],"class_list":{"0":"post-3692","1":"product","2":"type-product","3":"status-publish","4":"has-post-thumbnail","6":"product_cat-pl44095-fr","7":"product_cat-montres-a-quartz-hommes","8":"product_cat-montres-classiques","9":"product_cat-montres-pour-hommes","10":"product_cat-toutes-les-montres","12":"first","13":"instock","14":"taxable","15":"shipping-taxable","16":"purchasable","17":"product-type-simple"},"yoast_head":"<!-- This site is optimized with the Yoast SEO Premium plugin v27.0 (Yoast SEO v27.0) - https:\/\/yoast.com\/product\/yoast-seo-premium-wordpress\/ -->\n<title>GMT Gent Watch -Montres de marques suisses avec logo<\/title>\n<meta name=\"description\" content=\"GMT Gent Watch - Branding sur une montre suisse de haute qualit\u00e9. Achetez directement de notre usine. D\u00e9lai de livraison court Quantit\u00e9 minimale de 25 pi\u00e8ces seulement.\" \/>\n<meta name=\"robots\" content=\"index, follow, max-snippet:-1, max-image-preview:large, max-video-preview:-1\" \/>\n<link rel=\"canonical\" href=\"https:\/\/chronowatch.ch\/fr\/produit\/gmt-pl44095-06-2\/\" \/>\n<meta property=\"og:locale\" content=\"fr_FR\" \/>\n<meta property=\"og:type\" content=\"article\" \/>\n<meta property=\"og:title\" content=\"GMT Gent Watch -Montres de marques suisses avec logo\" \/>\n<meta property=\"og:description\" content=\"GMT Gent Watch - Branding sur une montre suisse de haute qualit\u00e9. Achetez directement de notre usine. D\u00e9lai de livraison court Quantit\u00e9 minimale de 25 pi\u00e8ces seulement.\" \/>\n<meta property=\"og:url\" content=\"https:\/\/chronowatch.ch\/fr\/produit\/gmt-pl44095-06-2\/\" \/>\n<meta property=\"og:site_name\" content=\"Chrono AG Private Label Watches\" \/>\n<meta property=\"article:modified_time\" content=\"2023-03-31T17:13:26+00:00\" \/>\n<meta property=\"og:image\" content=\"https:\/\/chronowatch.ch\/wp-content\/uploads\/2023\/01\/PL44095.06.png\" \/>\n\t<meta property=\"og:image:width\" content=\"1300\" \/>\n\t<meta property=\"og:image:height\" content=\"1642\" \/>\n\t<meta property=\"og:image:type\" content=\"image\/png\" \/>\n<meta name=\"twitter:card\" content=\"summary_large_image\" \/>\n<meta name=\"twitter:label1\" content=\"Prix\" \/>\n\t<meta name=\"twitter:data1\" content=\"&euro;1.00 inc. VAT\" \/>\n\t<meta name=\"twitter:label2\" content=\"Disponibilit\u00e9\" \/>\n\t<meta name=\"twitter:data2\" content=\"En stock\" \/>\n<script type=\"application\/ld+json\" class=\"yoast-schema-graph\">{\"@context\":\"https:\/\/schema.org\",\"@graph\":[{\"@type\":\"WebPage\",\"@id\":\"https:\/\/chronowatch.ch\/fr\/produit\/gmt-pl44095-06-2\/\",\"url\":\"https:\/\/chronowatch.ch\/fr\/produit\/gmt-pl44095-06-2\/\",\"name\":\"GMT Gent Watch -Montres de marques suisses avec logo\",\"isPartOf\":{\"@id\":\"https:\/\/chronowatch.ch\/fr\/#website\"},\"primaryImageOfPage\":{\"@id\":\"https:\/\/chronowatch.ch\/fr\/produit\/gmt-pl44095-06-2\/#primaryimage\"},\"image\":{\"@id\":\"https:\/\/chronowatch.ch\/fr\/produit\/gmt-pl44095-06-2\/#primaryimage\"},\"thumbnailUrl\":\"https:\/\/chronowatch.ch\/wp-content\/uploads\/2023\/01\/PL44095.06.png\",\"datePublished\":\"2023-01-25T07:31:57+00:00\",\"dateModified\":\"2023-03-31T17:13:26+00:00\",\"description\":\"GMT Gent Watch - Branding sur une montre suisse de haute qualit\u00e9. Achetez directement de notre usine. D\u00e9lai de livraison court Quantit\u00e9 minimale de 25 pi\u00e8ces seulement.\",\"breadcrumb\":{\"@id\":\"https:\/\/chronowatch.ch\/fr\/produit\/gmt-pl44095-06-2\/#breadcrumb\"},\"inLanguage\":\"fr-FR\",\"potentialAction\":[{\"@type\":\"ReadAction\",\"target\":[\"https:\/\/chronowatch.ch\/fr\/produit\/gmt-pl44095-06-2\/\"]}]},{\"@type\":\"ImageObject\",\"inLanguage\":\"fr-FR\",\"@id\":\"https:\/\/chronowatch.ch\/fr\/produit\/gmt-pl44095-06-2\/#primaryimage\",\"url\":\"https:\/\/chronowatch.ch\/wp-content\/uploads\/2023\/01\/PL44095.06.png\",\"contentUrl\":\"https:\/\/chronowatch.ch\/wp-content\/uploads\/2023\/01\/PL44095.06.png\",\"width\":1300,\"height\":1642,\"caption\":\"PL44095.06\"},{\"@type\":\"BreadcrumbList\",\"@id\":\"https:\/\/chronowatch.ch\/fr\/produit\/gmt-pl44095-06-2\/#breadcrumb\",\"itemListElement\":[{\"@type\":\"ListItem\",\"position\":1,\"name\":\"Home\",\"item\":\"https:\/\/chronowatch.ch\/fr\/home\/\"},{\"@type\":\"ListItem\",\"position\":2,\"name\":\"Boutique\",\"item\":\"https:\/\/chronowatch.ch\/fr\/boutique\/\"},{\"@type\":\"ListItem\",\"position\":3,\"name\":\"GMT &#8211; PL44095.06\"}]},{\"@type\":\"WebSite\",\"@id\":\"https:\/\/chronowatch.ch\/fr\/#website\",\"url\":\"https:\/\/chronowatch.ch\/fr\/\",\"name\":\"Chrono AG Private Label Watches\",\"description\":\"Swiss Made Promotional and Private Label Watches\",\"publisher\":{\"@id\":\"https:\/\/chronowatch.ch\/fr\/#organization\"},\"potentialAction\":[{\"@type\":\"SearchAction\",\"target\":{\"@type\":\"EntryPoint\",\"urlTemplate\":\"https:\/\/chronowatch.ch\/fr\/?s={search_term_string}\"},\"query-input\":{\"@type\":\"PropertyValueSpecification\",\"valueRequired\":true,\"valueName\":\"search_term_string\"}}],\"inLanguage\":\"fr-FR\"},{\"@type\":\"Organization\",\"@id\":\"https:\/\/chronowatch.ch\/fr\/#organization\",\"name\":\"Chrono AG\",\"url\":\"https:\/\/chronowatch.ch\/fr\/\",\"logo\":{\"@type\":\"ImageObject\",\"inLanguage\":\"fr-FR\",\"@id\":\"https:\/\/chronowatch.ch\/fr\/#\/schema\/logo\/image\/\",\"url\":\"https:\/\/chronowatch.ch\/wp-content\/uploads\/2022\/11\/logo_chrono_s.png\",\"contentUrl\":\"https:\/\/chronowatch.ch\/wp-content\/uploads\/2022\/11\/logo_chrono_s.png\",\"width\":500,\"height\":73,\"caption\":\"Chrono AG\"},\"image\":{\"@id\":\"https:\/\/chronowatch.ch\/fr\/#\/schema\/logo\/image\/\"}}]}<\/script>\n<meta property=\"product:price:amount\" content=\"1.00\" \/>\n<meta property=\"product:price:currency\" content=\"EUR\" \/>\n<meta property=\"og:availability\" content=\"instock\" \/>\n<meta property=\"product:availability\" content=\"instock\" \/>\n<meta property=\"product:retailer_item_id\" content=\"PL44095.06\" \/>\n<meta property=\"product:condition\" content=\"new\" \/>\n<!-- \/ Yoast SEO Premium plugin. -->","yoast_head_json":{"title":"GMT Gent Watch -Montres de marques suisses avec logo","description":"GMT Gent Watch - Branding sur une montre suisse de haute qualit\u00e9. Achetez directement de notre usine. D\u00e9lai de livraison court Quantit\u00e9 minimale de 25 pi\u00e8ces seulement.","robots":{"index":"index","follow":"follow","max-snippet":"max-snippet:-1","max-image-preview":"max-image-preview:large","max-video-preview":"max-video-preview:-1"},"canonical":"https:\/\/chronowatch.ch\/fr\/produit\/gmt-pl44095-06-2\/","og_locale":"fr_FR","og_type":"article","og_title":"GMT Gent Watch -Montres de marques suisses avec logo","og_description":"GMT Gent Watch - Branding sur une montre suisse de haute qualit\u00e9. Achetez directement de notre usine. D\u00e9lai de livraison court Quantit\u00e9 minimale de 25 pi\u00e8ces seulement.","og_url":"https:\/\/chronowatch.ch\/fr\/produit\/gmt-pl44095-06-2\/","og_site_name":"Chrono AG Private Label Watches","article_modified_time":"2023-03-31T17:13:26+00:00","og_image":[{"width":1300,"height":1642,"url":"https:\/\/chronowatch.ch\/wp-content\/uploads\/2023\/01\/PL44095.06.png","type":"image\/png"}],"twitter_card":"summary_large_image","twitter_misc":{"Prix":"&euro;1.00 inc. VAT","Disponibilit\u00e9":"En stock"},"schema":{"@context":"https:\/\/schema.org","@graph":[{"@type":"WebPage","@id":"https:\/\/chronowatch.ch\/fr\/produit\/gmt-pl44095-06-2\/","url":"https:\/\/chronowatch.ch\/fr\/produit\/gmt-pl44095-06-2\/","name":"GMT Gent Watch -Montres de marques suisses avec logo","isPartOf":{"@id":"https:\/\/chronowatch.ch\/fr\/#website"},"primaryImageOfPage":{"@id":"https:\/\/chronowatch.ch\/fr\/produit\/gmt-pl44095-06-2\/#primaryimage"},"image":{"@id":"https:\/\/chronowatch.ch\/fr\/produit\/gmt-pl44095-06-2\/#primaryimage"},"thumbnailUrl":"https:\/\/chronowatch.ch\/wp-content\/uploads\/2023\/01\/PL44095.06.png","datePublished":"2023-01-25T07:31:57+00:00","dateModified":"2023-03-31T17:13:26+00:00","description":"GMT Gent Watch - Branding sur une montre suisse de haute qualit\u00e9. Achetez directement de notre usine. D\u00e9lai de livraison court Quantit\u00e9 minimale de 25 pi\u00e8ces seulement.","breadcrumb":{"@id":"https:\/\/chronowatch.ch\/fr\/produit\/gmt-pl44095-06-2\/#breadcrumb"},"inLanguage":"fr-FR","potentialAction":[{"@type":"ReadAction","target":["https:\/\/chronowatch.ch\/fr\/produit\/gmt-pl44095-06-2\/"]}]},{"@type":"ImageObject","inLanguage":"fr-FR","@id":"https:\/\/chronowatch.ch\/fr\/produit\/gmt-pl44095-06-2\/#primaryimage","url":"https:\/\/chronowatch.ch\/wp-content\/uploads\/2023\/01\/PL44095.06.png","contentUrl":"https:\/\/chronowatch.ch\/wp-content\/uploads\/2023\/01\/PL44095.06.png","width":1300,"height":1642,"caption":"PL44095.06"},{"@type":"BreadcrumbList","@id":"https:\/\/chronowatch.ch\/fr\/produit\/gmt-pl44095-06-2\/#breadcrumb","itemListElement":[{"@type":"ListItem","position":1,"name":"Home","item":"https:\/\/chronowatch.ch\/fr\/home\/"},{"@type":"ListItem","position":2,"name":"Boutique","item":"https:\/\/chronowatch.ch\/fr\/boutique\/"},{"@type":"ListItem","position":3,"name":"GMT &#8211; PL44095.06"}]},{"@type":"WebSite","@id":"https:\/\/chronowatch.ch\/fr\/#website","url":"https:\/\/chronowatch.ch\/fr\/","name":"Chrono AG Private Label Watches","description":"Swiss Made Promotional and Private Label Watches","publisher":{"@id":"https:\/\/chronowatch.ch\/fr\/#organization"},"potentialAction":[{"@type":"SearchAction","target":{"@type":"EntryPoint","urlTemplate":"https:\/\/chronowatch.ch\/fr\/?s={search_term_string}"},"query-input":{"@type":"PropertyValueSpecification","valueRequired":true,"valueName":"search_term_string"}}],"inLanguage":"fr-FR"},{"@type":"Organization","@id":"https:\/\/chronowatch.ch\/fr\/#organization","name":"Chrono AG","url":"https:\/\/chronowatch.ch\/fr\/","logo":{"@type":"ImageObject","inLanguage":"fr-FR","@id":"https:\/\/chronowatch.ch\/fr\/#\/schema\/logo\/image\/","url":"https:\/\/chronowatch.ch\/wp-content\/uploads\/2022\/11\/logo_chrono_s.png","contentUrl":"https:\/\/chronowatch.ch\/wp-content\/uploads\/2022\/11\/logo_chrono_s.png","width":500,"height":73,"caption":"Chrono AG"},"image":{"@id":"https:\/\/chronowatch.ch\/fr\/#\/schema\/logo\/image\/"}}]},"product_price_amount":"1.00","product_price_currency":"EUR","og_availability":"instock","product_availability":"instock","product_retailer_item_id":"PL44095.06","product_condition":"new"},"_links":{"self":[{"href":"https:\/\/chronowatch.ch\/fr\/wp-json\/wp\/v2\/product\/3692","targetHints":{"allow":["GET"]}}],"collection":[{"href":"https:\/\/chronowatch.ch\/fr\/wp-json\/wp\/v2\/product"}],"about":[{"href":"https:\/\/chronowatch.ch\/fr\/wp-json\/wp\/v2\/types\/product"}],"wp:featuredmedia":[{"embeddable":true,"href":"https:\/\/chronowatch.ch\/fr\/wp-json\/wp\/v2\/media\/3121"}],"wp:attachment":[{"href":"https:\/\/chronowatch.ch\/fr\/wp-json\/wp\/v2\/media?parent=3692"}],"wp:term":[{"taxonomy":"product_brand","embeddable":true,"href":"https:\/\/chronowatch.ch\/fr\/wp-json\/wp\/v2\/product_brand?post=3692"},{"taxonomy":"product_cat","embeddable":true,"href":"https:\/\/chronowatch.ch\/fr\/wp-json\/wp\/v2\/product_cat?post=3692"},{"taxonomy":"product_tag","embeddable":true,"href":"https:\/\/chronowatch.ch\/fr\/wp-json\/wp\/v2\/product_tag?post=3692"}],"curies":[{"name":"wp","href":"https:\/\/api.w.org\/{rel}","templated":true}]}}