{"id":3277,"date":"2022-09-08T13:36:23","date_gmt":"2022-09-08T12:36:23","guid":{"rendered":"https:\/\/chronowatch.ch\/product\/sport-diver-pla44075-06\/"},"modified":"2023-04-10T10:47:47","modified_gmt":"2023-04-10T09:47:47","slug":"sport-diver-pla44075-06","status":"publish","type":"product","link":"https:\/\/chronowatch.ch\/fr\/produit\/sport-diver-pla44075-06\/","title":{"rendered":"Sport Diver &#8211; PLA44075.06"},"content":{"rendered":"","protected":false},"excerpt":{"rendered":"<h2><span style=\"font-size: 80%;\">Montre de plong\u00e9e swiss made pour homme de marque priv\u00e9e<\/h2>\n<p>Montre automatique de haute qualit\u00e9 Swiss Made pour hommes, destin\u00e9e aux plongeurs passionn\u00e9s et professionnels. Une montre pr\u00e9cieuse \u00e0 porter tous les jours au dessus et en dessous du niveau de la mer.<\/p>\n<ul>\n<li>Fabrication suisse, production interne<\/li>\n<li>Bo\u00eetier robuste en acier inoxydable<\/li>\n<li>Lunette en c\u00e9ramique<\/li>\n<li>Verre saphir r\u00e9sistant aux rayures<\/li>\n<li>R\u00e9sistance \u00e0 l&rsquo;eau jusqu&rsquo;\u00e0 500M\/50ATM<\/li>\n<li>Couronne \u00e0 vis<\/li>\n<li>Valve de lib\u00e9ration d&rsquo;h\u00e9lium<\/li>\n<li>Mouvement automatique de fabrication suisse<\/li>\n<li>Garantie internationale de 2 ans<\/li>\n<\/ul>\n","protected":false},"featured_media":2234,"template":"","meta":{"content-type":""},"product_brand":[],"product_cat":[633,631,629,690,685,628],"product_tag":[],"class_list":{"0":"post-3277","1":"product","2":"type-product","3":"status-publish","4":"has-post-thumbnail","6":"product_cat-montres-a-fonctions-speciales-hommes","7":"product_cat-montres-automatiques-hommes","8":"product_cat-montres-pour-hommes","9":"product_cat-montres-sportives","10":"product_cat-pla44075-fr","11":"product_cat-toutes-les-montres","13":"first","14":"instock","15":"taxable","16":"shipping-taxable","17":"purchasable","18":"product-type-simple"},"yoast_head":"<!-- This site is optimized with the Yoast SEO Premium plugin v27.0 (Yoast SEO v27.0) - https:\/\/yoast.com\/product\/yoast-seo-premium-wordpress\/ -->\n<title>Sport Diver Montres Automatiques de marque suisse et logo<\/title>\n<meta name=\"description\" content=\"Sport Diver Montres Automatiques - Marque sur une montre suisse de haute qualit\u00e9. Achetez directement de notre usine. D\u00e9lai de livraison court Quantit\u00e9 de 25 pi\u00e8ces seulement.\" \/>\n<meta name=\"robots\" content=\"index, follow, max-snippet:-1, max-image-preview:large, max-video-preview:-1\" \/>\n<link rel=\"canonical\" href=\"https:\/\/chronowatch.ch\/fr\/produit\/sport-diver-pla44075-06\/\" \/>\n<meta property=\"og:locale\" content=\"fr_FR\" \/>\n<meta property=\"og:type\" content=\"article\" \/>\n<meta property=\"og:title\" content=\"Sport Diver Montres Automatiques de marque suisse et logo\" \/>\n<meta property=\"og:description\" content=\"Sport Diver Montres Automatiques - Marque sur une montre suisse de haute qualit\u00e9. Achetez directement de notre usine. D\u00e9lai de livraison court Quantit\u00e9 de 25 pi\u00e8ces seulement.\" \/>\n<meta property=\"og:url\" content=\"https:\/\/chronowatch.ch\/fr\/produit\/sport-diver-pla44075-06\/\" \/>\n<meta property=\"og:site_name\" content=\"Chrono AG Private Label Watches\" \/>\n<meta property=\"article:modified_time\" content=\"2023-04-10T09:47:47+00:00\" \/>\n<meta property=\"og:image\" content=\"https:\/\/chronowatch.ch\/wp-content\/uploads\/2022\/09\/PLA44075.06.png\" \/>\n\t<meta property=\"og:image:width\" content=\"1300\" \/>\n\t<meta property=\"og:image:height\" content=\"1642\" \/>\n\t<meta property=\"og:image:type\" content=\"image\/png\" \/>\n<meta name=\"twitter:card\" content=\"summary_large_image\" \/>\n<meta name=\"twitter:label1\" content=\"Prix\" \/>\n\t<meta name=\"twitter:data1\" content=\"&euro;1.00 inc. VAT\" \/>\n\t<meta name=\"twitter:label2\" content=\"Disponibilit\u00e9\" \/>\n\t<meta name=\"twitter:data2\" content=\"En stock\" \/>\n<script type=\"application\/ld+json\" class=\"yoast-schema-graph\">{\"@context\":\"https:\/\/schema.org\",\"@graph\":[{\"@type\":\"WebPage\",\"@id\":\"https:\/\/chronowatch.ch\/fr\/produit\/sport-diver-pla44075-06\/\",\"url\":\"https:\/\/chronowatch.ch\/fr\/produit\/sport-diver-pla44075-06\/\",\"name\":\"Sport Diver Montres Automatiques de marque suisse et logo\",\"isPartOf\":{\"@id\":\"https:\/\/chronowatch.ch\/fr\/#website\"},\"primaryImageOfPage\":{\"@id\":\"https:\/\/chronowatch.ch\/fr\/produit\/sport-diver-pla44075-06\/#primaryimage\"},\"image\":{\"@id\":\"https:\/\/chronowatch.ch\/fr\/produit\/sport-diver-pla44075-06\/#primaryimage\"},\"thumbnailUrl\":\"https:\/\/chronowatch.ch\/wp-content\/uploads\/2022\/09\/PLA44075.06.png\",\"datePublished\":\"2022-09-08T12:36:23+00:00\",\"dateModified\":\"2023-04-10T09:47:47+00:00\",\"description\":\"Sport Diver Montres Automatiques - Marque sur une montre suisse de haute qualit\u00e9. Achetez directement de notre usine. D\u00e9lai de livraison court Quantit\u00e9 de 25 pi\u00e8ces seulement.\",\"breadcrumb\":{\"@id\":\"https:\/\/chronowatch.ch\/fr\/produit\/sport-diver-pla44075-06\/#breadcrumb\"},\"inLanguage\":\"fr-FR\",\"potentialAction\":[{\"@type\":\"ReadAction\",\"target\":[\"https:\/\/chronowatch.ch\/fr\/produit\/sport-diver-pla44075-06\/\"]}]},{\"@type\":\"ImageObject\",\"inLanguage\":\"fr-FR\",\"@id\":\"https:\/\/chronowatch.ch\/fr\/produit\/sport-diver-pla44075-06\/#primaryimage\",\"url\":\"https:\/\/chronowatch.ch\/wp-content\/uploads\/2022\/09\/PLA44075.06.png\",\"contentUrl\":\"https:\/\/chronowatch.ch\/wp-content\/uploads\/2022\/09\/PLA44075.06.png\",\"width\":1300,\"height\":1642},{\"@type\":\"BreadcrumbList\",\"@id\":\"https:\/\/chronowatch.ch\/fr\/produit\/sport-diver-pla44075-06\/#breadcrumb\",\"itemListElement\":[{\"@type\":\"ListItem\",\"position\":1,\"name\":\"Home\",\"item\":\"https:\/\/chronowatch.ch\/fr\/home\/\"},{\"@type\":\"ListItem\",\"position\":2,\"name\":\"Boutique\",\"item\":\"https:\/\/chronowatch.ch\/fr\/boutique\/\"},{\"@type\":\"ListItem\",\"position\":3,\"name\":\"Sport Diver &#8211; PLA44075.06\"}]},{\"@type\":\"WebSite\",\"@id\":\"https:\/\/chronowatch.ch\/fr\/#website\",\"url\":\"https:\/\/chronowatch.ch\/fr\/\",\"name\":\"Chrono AG Private Label Watches\",\"description\":\"Swiss Made Promotional and Private Label Watches\",\"publisher\":{\"@id\":\"https:\/\/chronowatch.ch\/fr\/#organization\"},\"potentialAction\":[{\"@type\":\"SearchAction\",\"target\":{\"@type\":\"EntryPoint\",\"urlTemplate\":\"https:\/\/chronowatch.ch\/fr\/?s={search_term_string}\"},\"query-input\":{\"@type\":\"PropertyValueSpecification\",\"valueRequired\":true,\"valueName\":\"search_term_string\"}}],\"inLanguage\":\"fr-FR\"},{\"@type\":\"Organization\",\"@id\":\"https:\/\/chronowatch.ch\/fr\/#organization\",\"name\":\"Chrono AG\",\"url\":\"https:\/\/chronowatch.ch\/fr\/\",\"logo\":{\"@type\":\"ImageObject\",\"inLanguage\":\"fr-FR\",\"@id\":\"https:\/\/chronowatch.ch\/fr\/#\/schema\/logo\/image\/\",\"url\":\"https:\/\/chronowatch.ch\/wp-content\/uploads\/2022\/11\/logo_chrono_s.png\",\"contentUrl\":\"https:\/\/chronowatch.ch\/wp-content\/uploads\/2022\/11\/logo_chrono_s.png\",\"width\":500,\"height\":73,\"caption\":\"Chrono AG\"},\"image\":{\"@id\":\"https:\/\/chronowatch.ch\/fr\/#\/schema\/logo\/image\/\"}}]}<\/script>\n<meta property=\"product:price:amount\" content=\"1.00\" \/>\n<meta property=\"product:price:currency\" content=\"EUR\" \/>\n<meta property=\"og:availability\" content=\"instock\" \/>\n<meta property=\"product:availability\" content=\"instock\" \/>\n<meta property=\"product:retailer_item_id\" content=\"PLA44075.06\" \/>\n<meta property=\"product:condition\" content=\"new\" \/>\n<!-- \/ Yoast SEO Premium plugin. -->","yoast_head_json":{"title":"Sport Diver Montres Automatiques de marque suisse et logo","description":"Sport Diver Montres Automatiques - Marque sur une montre suisse de haute qualit\u00e9. Achetez directement de notre usine. D\u00e9lai de livraison court Quantit\u00e9 de 25 pi\u00e8ces seulement.","robots":{"index":"index","follow":"follow","max-snippet":"max-snippet:-1","max-image-preview":"max-image-preview:large","max-video-preview":"max-video-preview:-1"},"canonical":"https:\/\/chronowatch.ch\/fr\/produit\/sport-diver-pla44075-06\/","og_locale":"fr_FR","og_type":"article","og_title":"Sport Diver Montres Automatiques de marque suisse et logo","og_description":"Sport Diver Montres Automatiques - Marque sur une montre suisse de haute qualit\u00e9. Achetez directement de notre usine. D\u00e9lai de livraison court Quantit\u00e9 de 25 pi\u00e8ces seulement.","og_url":"https:\/\/chronowatch.ch\/fr\/produit\/sport-diver-pla44075-06\/","og_site_name":"Chrono AG Private Label Watches","article_modified_time":"2023-04-10T09:47:47+00:00","og_image":[{"width":1300,"height":1642,"url":"https:\/\/chronowatch.ch\/wp-content\/uploads\/2022\/09\/PLA44075.06.png","type":"image\/png"}],"twitter_card":"summary_large_image","twitter_misc":{"Prix":"&euro;1.00 inc. VAT","Disponibilit\u00e9":"En stock"},"schema":{"@context":"https:\/\/schema.org","@graph":[{"@type":"WebPage","@id":"https:\/\/chronowatch.ch\/fr\/produit\/sport-diver-pla44075-06\/","url":"https:\/\/chronowatch.ch\/fr\/produit\/sport-diver-pla44075-06\/","name":"Sport Diver Montres Automatiques de marque suisse et logo","isPartOf":{"@id":"https:\/\/chronowatch.ch\/fr\/#website"},"primaryImageOfPage":{"@id":"https:\/\/chronowatch.ch\/fr\/produit\/sport-diver-pla44075-06\/#primaryimage"},"image":{"@id":"https:\/\/chronowatch.ch\/fr\/produit\/sport-diver-pla44075-06\/#primaryimage"},"thumbnailUrl":"https:\/\/chronowatch.ch\/wp-content\/uploads\/2022\/09\/PLA44075.06.png","datePublished":"2022-09-08T12:36:23+00:00","dateModified":"2023-04-10T09:47:47+00:00","description":"Sport Diver Montres Automatiques - Marque sur une montre suisse de haute qualit\u00e9. Achetez directement de notre usine. D\u00e9lai de livraison court Quantit\u00e9 de 25 pi\u00e8ces seulement.","breadcrumb":{"@id":"https:\/\/chronowatch.ch\/fr\/produit\/sport-diver-pla44075-06\/#breadcrumb"},"inLanguage":"fr-FR","potentialAction":[{"@type":"ReadAction","target":["https:\/\/chronowatch.ch\/fr\/produit\/sport-diver-pla44075-06\/"]}]},{"@type":"ImageObject","inLanguage":"fr-FR","@id":"https:\/\/chronowatch.ch\/fr\/produit\/sport-diver-pla44075-06\/#primaryimage","url":"https:\/\/chronowatch.ch\/wp-content\/uploads\/2022\/09\/PLA44075.06.png","contentUrl":"https:\/\/chronowatch.ch\/wp-content\/uploads\/2022\/09\/PLA44075.06.png","width":1300,"height":1642},{"@type":"BreadcrumbList","@id":"https:\/\/chronowatch.ch\/fr\/produit\/sport-diver-pla44075-06\/#breadcrumb","itemListElement":[{"@type":"ListItem","position":1,"name":"Home","item":"https:\/\/chronowatch.ch\/fr\/home\/"},{"@type":"ListItem","position":2,"name":"Boutique","item":"https:\/\/chronowatch.ch\/fr\/boutique\/"},{"@type":"ListItem","position":3,"name":"Sport Diver &#8211; PLA44075.06"}]},{"@type":"WebSite","@id":"https:\/\/chronowatch.ch\/fr\/#website","url":"https:\/\/chronowatch.ch\/fr\/","name":"Chrono AG Private Label Watches","description":"Swiss Made Promotional and Private Label Watches","publisher":{"@id":"https:\/\/chronowatch.ch\/fr\/#organization"},"potentialAction":[{"@type":"SearchAction","target":{"@type":"EntryPoint","urlTemplate":"https:\/\/chronowatch.ch\/fr\/?s={search_term_string}"},"query-input":{"@type":"PropertyValueSpecification","valueRequired":true,"valueName":"search_term_string"}}],"inLanguage":"fr-FR"},{"@type":"Organization","@id":"https:\/\/chronowatch.ch\/fr\/#organization","name":"Chrono AG","url":"https:\/\/chronowatch.ch\/fr\/","logo":{"@type":"ImageObject","inLanguage":"fr-FR","@id":"https:\/\/chronowatch.ch\/fr\/#\/schema\/logo\/image\/","url":"https:\/\/chronowatch.ch\/wp-content\/uploads\/2022\/11\/logo_chrono_s.png","contentUrl":"https:\/\/chronowatch.ch\/wp-content\/uploads\/2022\/11\/logo_chrono_s.png","width":500,"height":73,"caption":"Chrono AG"},"image":{"@id":"https:\/\/chronowatch.ch\/fr\/#\/schema\/logo\/image\/"}}]},"product_price_amount":"1.00","product_price_currency":"EUR","og_availability":"instock","product_availability":"instock","product_retailer_item_id":"PLA44075.06","product_condition":"new"},"_links":{"self":[{"href":"https:\/\/chronowatch.ch\/fr\/wp-json\/wp\/v2\/product\/3277","targetHints":{"allow":["GET"]}}],"collection":[{"href":"https:\/\/chronowatch.ch\/fr\/wp-json\/wp\/v2\/product"}],"about":[{"href":"https:\/\/chronowatch.ch\/fr\/wp-json\/wp\/v2\/types\/product"}],"wp:featuredmedia":[{"embeddable":true,"href":"https:\/\/chronowatch.ch\/fr\/wp-json\/wp\/v2\/media\/2234"}],"wp:attachment":[{"href":"https:\/\/chronowatch.ch\/fr\/wp-json\/wp\/v2\/media?parent=3277"}],"wp:term":[{"taxonomy":"product_brand","embeddable":true,"href":"https:\/\/chronowatch.ch\/fr\/wp-json\/wp\/v2\/product_brand?post=3277"},{"taxonomy":"product_cat","embeddable":true,"href":"https:\/\/chronowatch.ch\/fr\/wp-json\/wp\/v2\/product_cat?post=3277"},{"taxonomy":"product_tag","embeddable":true,"href":"https:\/\/chronowatch.ch\/fr\/wp-json\/wp\/v2\/product_tag?post=3277"}],"curies":[{"name":"wp","href":"https:\/\/api.w.org\/{rel}","templated":true}]}}