{"id":11100,"date":"2025-08-28T13:17:10","date_gmt":"2025-08-28T12:17:10","guid":{"rendered":"https:\/\/chronowatch.ch\/?post_type=product&#038;p=11100"},"modified":"2025-10-02T10:30:41","modified_gmt":"2025-10-02T09:30:41","slug":"solar-chrono-pls44113-05","status":"publish","type":"product","link":"https:\/\/chronowatch.ch\/fr\/produit\/solar-chrono-pls44113-05\/","title":{"rendered":"Solar Chrono &#8211; PLS44113.05"},"content":{"rendered":"","protected":false},"excerpt":{"rendered":"<h2><span style=\"font-size: 80%;\">Montre moderne \u00e0 \u00e9nergie solaire Swiss Made pour hommes, marque priv\u00e9e<\/span><\/h2>\n<p>Montre chronographe solaire moderne Swiss Made \u00e0 porter au quotidien. Cette montre solaire pour homme allie une technologie solaire avanc\u00e9e \u00e0 une grande robustesse. Parfaite pour les modes de vie actifs, elle offre \u00e0 la fois fonctionnalit\u00e9 et style.  <\/p>\n<ul>\n<li>Fabrication suisse, production interne<\/li>\n<li>Acier inoxydable<\/li>\n<li>Verre saphir<\/li>\n<li>R\u00e9sistance \u00e0 l&rsquo;eau jusqu&rsquo;\u00e0 100M\/10ATM<\/li>\n<li>Mouvement solaire Swiss Made avec indication de la date<\/li>\n<li>Garantie internationale de 2 ans<\/li>\n<\/ul>\n","protected":false},"featured_media":11080,"template":"","meta":{"content-type":""},"product_brand":[],"product_cat":[1163,1164,1168,1096,1185,690,628],"product_tag":[],"class_list":{"0":"post-11100","1":"product","2":"type-product","3":"status-publish","4":"has-post-thumbnail","6":"product_cat-gents-watches-fr","7":"product_cat-montres-a-quartz","8":"product_cat-montres-chronographes-fr","9":"product_cat-montres-solaires","10":"product_cat-pls44113-fr","11":"product_cat-montres-sportives","12":"product_cat-toutes-les-montres","14":"first","15":"instock","16":"taxable","17":"shipping-taxable","18":"purchasable","19":"product-type-simple"},"yoast_head":"<!-- This site is optimized with the Yoast SEO Premium plugin v27.0 (Yoast SEO v27.0) - https:\/\/yoast.com\/product\/yoast-seo-premium-wordpress\/ -->\n<title>Montre solaire Chrono suisse - Montres de marque suisse avec logo<\/title>\n<meta name=\"description\" content=\"Montre suisse Solar Chrono - Marque sur une montre suisse de haute qualit\u00e9. Achetez directement de notre usine. D\u00e9lai de livraison court Mini. quantit\u00e9 minimum de 25 pi\u00e8ces.\" \/>\n<meta name=\"robots\" content=\"index, follow, max-snippet:-1, max-image-preview:large, max-video-preview:-1\" \/>\n<link rel=\"canonical\" href=\"https:\/\/chronowatch.ch\/fr\/produit\/solar-chrono-pls44113-05\/\" \/>\n<meta property=\"og:locale\" content=\"fr_FR\" \/>\n<meta property=\"og:type\" content=\"article\" \/>\n<meta property=\"og:title\" content=\"Montre solaire Chrono suisse - Montres de marque suisse avec logo\" \/>\n<meta property=\"og:description\" content=\"Montre suisse Solar Chrono - Marque sur une montre suisse de haute qualit\u00e9. Achetez directement de notre usine. D\u00e9lai de livraison court Mini. quantit\u00e9 minimum de 25 pi\u00e8ces.\" \/>\n<meta property=\"og:url\" content=\"https:\/\/chronowatch.ch\/fr\/produit\/solar-chrono-pls44113-05\/\" \/>\n<meta property=\"og:site_name\" content=\"Chrono AG Private Label Watches\" \/>\n<meta property=\"article:modified_time\" content=\"2025-10-02T09:30:41+00:00\" \/>\n<meta property=\"og:image\" content=\"https:\/\/chronowatch.ch\/wp-content\/uploads\/2025\/08\/PLS44113.05.png\" \/>\n\t<meta property=\"og:image:width\" content=\"1300\" \/>\n\t<meta property=\"og:image:height\" content=\"1642\" \/>\n\t<meta property=\"og:image:type\" content=\"image\/png\" \/>\n<meta name=\"twitter:card\" content=\"summary_large_image\" \/>\n<meta name=\"twitter:label1\" content=\"Prix\" \/>\n\t<meta name=\"twitter:data1\" content=\"&euro;1.00 inc. VAT\" \/>\n\t<meta name=\"twitter:label2\" content=\"Disponibilit\u00e9\" \/>\n\t<meta name=\"twitter:data2\" content=\"En stock\" \/>\n<script type=\"application\/ld+json\" class=\"yoast-schema-graph\">{\"@context\":\"https:\/\/schema.org\",\"@graph\":[{\"@type\":\"WebPage\",\"@id\":\"https:\/\/chronowatch.ch\/fr\/produit\/solar-chrono-pls44113-05\/\",\"url\":\"https:\/\/chronowatch.ch\/fr\/produit\/solar-chrono-pls44113-05\/\",\"name\":\"Montre solaire Chrono suisse - Montres de marque suisse avec logo\",\"isPartOf\":{\"@id\":\"https:\/\/chronowatch.ch\/fr\/#website\"},\"primaryImageOfPage\":{\"@id\":\"https:\/\/chronowatch.ch\/fr\/produit\/solar-chrono-pls44113-05\/#primaryimage\"},\"image\":{\"@id\":\"https:\/\/chronowatch.ch\/fr\/produit\/solar-chrono-pls44113-05\/#primaryimage\"},\"thumbnailUrl\":\"https:\/\/chronowatch.ch\/wp-content\/uploads\/2025\/08\/PLS44113.05.png\",\"datePublished\":\"2025-08-28T12:17:10+00:00\",\"dateModified\":\"2025-10-02T09:30:41+00:00\",\"description\":\"Montre suisse Solar Chrono - Marque sur une montre suisse de haute qualit\u00e9. Achetez directement de notre usine. D\u00e9lai de livraison court Mini. quantit\u00e9 minimum de 25 pi\u00e8ces.\",\"breadcrumb\":{\"@id\":\"https:\/\/chronowatch.ch\/fr\/produit\/solar-chrono-pls44113-05\/#breadcrumb\"},\"inLanguage\":\"fr-FR\",\"potentialAction\":[{\"@type\":\"ReadAction\",\"target\":[\"https:\/\/chronowatch.ch\/fr\/produit\/solar-chrono-pls44113-05\/\"]}]},{\"@type\":\"ImageObject\",\"inLanguage\":\"fr-FR\",\"@id\":\"https:\/\/chronowatch.ch\/fr\/produit\/solar-chrono-pls44113-05\/#primaryimage\",\"url\":\"https:\/\/chronowatch.ch\/wp-content\/uploads\/2025\/08\/PLS44113.05.png\",\"contentUrl\":\"https:\/\/chronowatch.ch\/wp-content\/uploads\/2025\/08\/PLS44113.05.png\",\"width\":1300,\"height\":1642,\"caption\":\"PLS44113.05\"},{\"@type\":\"BreadcrumbList\",\"@id\":\"https:\/\/chronowatch.ch\/fr\/produit\/solar-chrono-pls44113-05\/#breadcrumb\",\"itemListElement\":[{\"@type\":\"ListItem\",\"position\":1,\"name\":\"Home\",\"item\":\"https:\/\/chronowatch.ch\/fr\/home\/\"},{\"@type\":\"ListItem\",\"position\":2,\"name\":\"Boutique\",\"item\":\"https:\/\/chronowatch.ch\/fr\/boutique\/\"},{\"@type\":\"ListItem\",\"position\":3,\"name\":\"Solar Chrono &#8211; PLS44113.05\"}]},{\"@type\":\"WebSite\",\"@id\":\"https:\/\/chronowatch.ch\/fr\/#website\",\"url\":\"https:\/\/chronowatch.ch\/fr\/\",\"name\":\"Chrono AG Private Label Watches\",\"description\":\"Swiss Made Promotional and Private Label Watches\",\"publisher\":{\"@id\":\"https:\/\/chronowatch.ch\/fr\/#organization\"},\"potentialAction\":[{\"@type\":\"SearchAction\",\"target\":{\"@type\":\"EntryPoint\",\"urlTemplate\":\"https:\/\/chronowatch.ch\/fr\/?s={search_term_string}\"},\"query-input\":{\"@type\":\"PropertyValueSpecification\",\"valueRequired\":true,\"valueName\":\"search_term_string\"}}],\"inLanguage\":\"fr-FR\"},{\"@type\":\"Organization\",\"@id\":\"https:\/\/chronowatch.ch\/fr\/#organization\",\"name\":\"Chrono AG\",\"url\":\"https:\/\/chronowatch.ch\/fr\/\",\"logo\":{\"@type\":\"ImageObject\",\"inLanguage\":\"fr-FR\",\"@id\":\"https:\/\/chronowatch.ch\/fr\/#\/schema\/logo\/image\/\",\"url\":\"https:\/\/chronowatch.ch\/wp-content\/uploads\/2022\/11\/logo_chrono_s.png\",\"contentUrl\":\"https:\/\/chronowatch.ch\/wp-content\/uploads\/2022\/11\/logo_chrono_s.png\",\"width\":500,\"height\":73,\"caption\":\"Chrono AG\"},\"image\":{\"@id\":\"https:\/\/chronowatch.ch\/fr\/#\/schema\/logo\/image\/\"}}]}<\/script>\n<meta property=\"product:price:amount\" content=\"1.00\" \/>\n<meta property=\"product:price:currency\" content=\"EUR\" \/>\n<meta property=\"og:availability\" content=\"instock\" \/>\n<meta property=\"product:availability\" content=\"instock\" \/>\n<meta property=\"product:retailer_item_id\" content=\"PLS44113.05\" \/>\n<meta property=\"product:condition\" content=\"new\" \/>\n<!-- \/ Yoast SEO Premium plugin. -->","yoast_head_json":{"title":"Montre solaire Chrono suisse - Montres de marque suisse avec logo","description":"Montre suisse Solar Chrono - Marque sur une montre suisse de haute qualit\u00e9. Achetez directement de notre usine. D\u00e9lai de livraison court Mini. quantit\u00e9 minimum de 25 pi\u00e8ces.","robots":{"index":"index","follow":"follow","max-snippet":"max-snippet:-1","max-image-preview":"max-image-preview:large","max-video-preview":"max-video-preview:-1"},"canonical":"https:\/\/chronowatch.ch\/fr\/produit\/solar-chrono-pls44113-05\/","og_locale":"fr_FR","og_type":"article","og_title":"Montre solaire Chrono suisse - Montres de marque suisse avec logo","og_description":"Montre suisse Solar Chrono - Marque sur une montre suisse de haute qualit\u00e9. Achetez directement de notre usine. D\u00e9lai de livraison court Mini. quantit\u00e9 minimum de 25 pi\u00e8ces.","og_url":"https:\/\/chronowatch.ch\/fr\/produit\/solar-chrono-pls44113-05\/","og_site_name":"Chrono AG Private Label Watches","article_modified_time":"2025-10-02T09:30:41+00:00","og_image":[{"width":1300,"height":1642,"url":"https:\/\/chronowatch.ch\/wp-content\/uploads\/2025\/08\/PLS44113.05.png","type":"image\/png"}],"twitter_card":"summary_large_image","twitter_misc":{"Prix":"&euro;1.00 inc. VAT","Disponibilit\u00e9":"En stock"},"schema":{"@context":"https:\/\/schema.org","@graph":[{"@type":"WebPage","@id":"https:\/\/chronowatch.ch\/fr\/produit\/solar-chrono-pls44113-05\/","url":"https:\/\/chronowatch.ch\/fr\/produit\/solar-chrono-pls44113-05\/","name":"Montre solaire Chrono suisse - Montres de marque suisse avec logo","isPartOf":{"@id":"https:\/\/chronowatch.ch\/fr\/#website"},"primaryImageOfPage":{"@id":"https:\/\/chronowatch.ch\/fr\/produit\/solar-chrono-pls44113-05\/#primaryimage"},"image":{"@id":"https:\/\/chronowatch.ch\/fr\/produit\/solar-chrono-pls44113-05\/#primaryimage"},"thumbnailUrl":"https:\/\/chronowatch.ch\/wp-content\/uploads\/2025\/08\/PLS44113.05.png","datePublished":"2025-08-28T12:17:10+00:00","dateModified":"2025-10-02T09:30:41+00:00","description":"Montre suisse Solar Chrono - Marque sur une montre suisse de haute qualit\u00e9. Achetez directement de notre usine. D\u00e9lai de livraison court Mini. quantit\u00e9 minimum de 25 pi\u00e8ces.","breadcrumb":{"@id":"https:\/\/chronowatch.ch\/fr\/produit\/solar-chrono-pls44113-05\/#breadcrumb"},"inLanguage":"fr-FR","potentialAction":[{"@type":"ReadAction","target":["https:\/\/chronowatch.ch\/fr\/produit\/solar-chrono-pls44113-05\/"]}]},{"@type":"ImageObject","inLanguage":"fr-FR","@id":"https:\/\/chronowatch.ch\/fr\/produit\/solar-chrono-pls44113-05\/#primaryimage","url":"https:\/\/chronowatch.ch\/wp-content\/uploads\/2025\/08\/PLS44113.05.png","contentUrl":"https:\/\/chronowatch.ch\/wp-content\/uploads\/2025\/08\/PLS44113.05.png","width":1300,"height":1642,"caption":"PLS44113.05"},{"@type":"BreadcrumbList","@id":"https:\/\/chronowatch.ch\/fr\/produit\/solar-chrono-pls44113-05\/#breadcrumb","itemListElement":[{"@type":"ListItem","position":1,"name":"Home","item":"https:\/\/chronowatch.ch\/fr\/home\/"},{"@type":"ListItem","position":2,"name":"Boutique","item":"https:\/\/chronowatch.ch\/fr\/boutique\/"},{"@type":"ListItem","position":3,"name":"Solar Chrono &#8211; PLS44113.05"}]},{"@type":"WebSite","@id":"https:\/\/chronowatch.ch\/fr\/#website","url":"https:\/\/chronowatch.ch\/fr\/","name":"Chrono AG Private Label Watches","description":"Swiss Made Promotional and Private Label Watches","publisher":{"@id":"https:\/\/chronowatch.ch\/fr\/#organization"},"potentialAction":[{"@type":"SearchAction","target":{"@type":"EntryPoint","urlTemplate":"https:\/\/chronowatch.ch\/fr\/?s={search_term_string}"},"query-input":{"@type":"PropertyValueSpecification","valueRequired":true,"valueName":"search_term_string"}}],"inLanguage":"fr-FR"},{"@type":"Organization","@id":"https:\/\/chronowatch.ch\/fr\/#organization","name":"Chrono AG","url":"https:\/\/chronowatch.ch\/fr\/","logo":{"@type":"ImageObject","inLanguage":"fr-FR","@id":"https:\/\/chronowatch.ch\/fr\/#\/schema\/logo\/image\/","url":"https:\/\/chronowatch.ch\/wp-content\/uploads\/2022\/11\/logo_chrono_s.png","contentUrl":"https:\/\/chronowatch.ch\/wp-content\/uploads\/2022\/11\/logo_chrono_s.png","width":500,"height":73,"caption":"Chrono AG"},"image":{"@id":"https:\/\/chronowatch.ch\/fr\/#\/schema\/logo\/image\/"}}]},"product_price_amount":"1.00","product_price_currency":"EUR","og_availability":"instock","product_availability":"instock","product_retailer_item_id":"PLS44113.05","product_condition":"new"},"_links":{"self":[{"href":"https:\/\/chronowatch.ch\/fr\/wp-json\/wp\/v2\/product\/11100","targetHints":{"allow":["GET"]}}],"collection":[{"href":"https:\/\/chronowatch.ch\/fr\/wp-json\/wp\/v2\/product"}],"about":[{"href":"https:\/\/chronowatch.ch\/fr\/wp-json\/wp\/v2\/types\/product"}],"wp:featuredmedia":[{"embeddable":true,"href":"https:\/\/chronowatch.ch\/fr\/wp-json\/wp\/v2\/media\/11080"}],"wp:attachment":[{"href":"https:\/\/chronowatch.ch\/fr\/wp-json\/wp\/v2\/media?parent=11100"}],"wp:term":[{"taxonomy":"product_brand","embeddable":true,"href":"https:\/\/chronowatch.ch\/fr\/wp-json\/wp\/v2\/product_brand?post=11100"},{"taxonomy":"product_cat","embeddable":true,"href":"https:\/\/chronowatch.ch\/fr\/wp-json\/wp\/v2\/product_cat?post=11100"},{"taxonomy":"product_tag","embeddable":true,"href":"https:\/\/chronowatch.ch\/fr\/wp-json\/wp\/v2\/product_tag?post=11100"}],"curies":[{"name":"wp","href":"https:\/\/api.w.org\/{rel}","templated":true}]}}