{"id":2716,"date":"2022-09-09T09:23:07","date_gmt":"2022-09-09T08:23:07","guid":{"rendered":"https:\/\/chronowatch.ch\/collection-de-montres\/"},"modified":"2026-03-09T12:01:11","modified_gmt":"2026-03-09T11:01:11","slug":"ready-made-watch-collection","status":"publish","type":"page","link":"https:\/\/chronowatch.ch\/fr\/ready-made-watch-collection\/","title":{"rendered":"Collection de montres pr\u00eates \u00e0 l&#8217;emploi"},"content":{"rendered":"\n\n  <div class=\"banner has-hover\" id=\"banner-397969189\">\n          <div class=\"banner-inner fill\">\n        <div class=\"banner-bg fill\" >\n            <img loading=\"lazy\" decoding=\"async\" width=\"1732\" height=\"390\" src=\"https:\/\/chronowatch.ch\/wp-content\/uploads\/2026\/03\/Banner_main_start.jpg\" class=\"bg attachment-original size-original\" alt=\"\" \/>                                    \n                    <\/div>\n\t\t\n        <div class=\"banner-layers container\">\n            <div class=\"fill banner-link\"><\/div>            \n\n   <div id=\"text-box-1368585343\" class=\"text-box banner-layer x50 md-x50 lg-x50 y50 md-y50 lg-y50 res-text\">\n                                <div class=\"text-box-content text dark\">\n              \n              <div class=\"text-inner text-center\">\n                  \n\n\n              <\/div>\n           <\/div>\n                            \n<style>\n#text-box-1368585343 {\n  width: 90%;\n}\n#text-box-1368585343 .text-box-content {\n  font-size: 100%;\n}\n<\/style>\n    <\/div>\n \n\n        <\/div>\n      <\/div>\n\n            \n<style>\n#banner-397969189 {\n  padding-top: 24%;\n}\n<\/style>\n  <\/div>\n\n\n\t<div id=\"gap-673499122\" class=\"gap-element clearfix\" style=\"display:block; height:auto;\">\n\t\t\n<style>\n#gap-673499122 {\n  padding-top: 30px;\n}\n<\/style>\n\t<\/div>\n\t\n\n<h1><strong>COLLECTION DE MONTRES PR\u00caTES-\u00c0-PORTER<\/strong><\/h1>\n<h3><strong>MONTRES SWISS MADE PERSONNALIS\u00c9ES POUR VOTRE MARQUE<\/strong><\/h3>\n<p>  Parcourez notre vaste collection de montres Swiss Made pr\u00eates \u00e0 l&#8217;emploi et trouvez celles qui correspondent le mieux \u00e0 votre marque.<\/br>  Ajoutez-les \u00e0 la demande de renseignements, t\u00e9l\u00e9chargez votre logo et nous vous contacterons pour vous soumettre une proposition de conception gratuite et une offre correspondante.  <\/p>\n<div class=\"row row-collapse align-equal\"  id=\"row-75949791\">\n\n\n\t<div id=\"col-100109162\" class=\"col medium-4 small-12 large-4\"  >\n\t\t\t\t<div class=\"col-inner\"  >\n\t\t\t\n\t\t\t\n\n\t<div class=\"box has-hover   has-hover box-text-bottom\" >\n\n\t\t<div class=\"box-image\" >\n\t\t\t<a href=\"https:\/\/chronowatch.ch\/fr\/ready-made-watch-collection\/montres-sportives\/\" >\t\t\t<div class=\"\" >\n\t\t\t\t<img loading=\"lazy\" decoding=\"async\" width=\"1654\" height=\"827\" src=\"https:\/\/chronowatch.ch\/wp-content\/uploads\/2022\/10\/Sportive_watches.jpg\" class=\"attachment-original size-original\" alt=\"\" srcset=\"https:\/\/chronowatch.ch\/wp-content\/uploads\/2022\/10\/Sportive_watches.jpg 1654w, https:\/\/chronowatch.ch\/wp-content\/uploads\/2022\/10\/Sportive_watches-600x300.jpg 600w, https:\/\/chronowatch.ch\/wp-content\/uploads\/2022\/10\/Sportive_watches-300x150.jpg 300w, https:\/\/chronowatch.ch\/wp-content\/uploads\/2022\/10\/Sportive_watches-1024x512.jpg 1024w, https:\/\/chronowatch.ch\/wp-content\/uploads\/2022\/10\/Sportive_watches-768x384.jpg 768w, https:\/\/chronowatch.ch\/wp-content\/uploads\/2022\/10\/Sportive_watches-1536x768.jpg 1536w\" sizes=\"auto, (max-width: 1654px) 100vw, 1654px\" \/>\t\t\t\t\t\t\t\t\t\t\t<\/div>\n\t\t\t<\/a>\t\t<\/div>\n\n\t\t<div class=\"box-text text-center is-large\" >\n\t\t\t<div class=\"box-text-inner\">\n\t\t\t\t\n\n<h3>MONTRES SPORTIVES<\/h3>\n\n\t\t\t<\/div>\n\t\t<\/div>\n\t<\/div>\n\t\n\n\t\t<\/div>\n\t\t\t\t\t<\/div>\n\n\t\n\n\t<div id=\"col-1742544428\" class=\"col medium-4 small-12 large-4\"  >\n\t\t\t\t<div class=\"col-inner\"  >\n\t\t\t\n\t\t\t\n\n\t<div class=\"box has-hover   has-hover box-text-bottom\" >\n\n\t\t<div class=\"box-image\" >\n\t\t\t<a href=\"https:\/\/chronowatch.ch\/fr\/ready-made-watch-collection\/montres-classiques\/\" >\t\t\t<div class=\"\" >\n\t\t\t\t<img loading=\"lazy\" decoding=\"async\" width=\"1654\" height=\"827\" src=\"https:\/\/chronowatch.ch\/wp-content\/uploads\/2022\/10\/Classic_watches.jpg\" class=\"attachment-original size-original\" alt=\"\" srcset=\"https:\/\/chronowatch.ch\/wp-content\/uploads\/2022\/10\/Classic_watches.jpg 1654w, https:\/\/chronowatch.ch\/wp-content\/uploads\/2022\/10\/Classic_watches-600x300.jpg 600w, https:\/\/chronowatch.ch\/wp-content\/uploads\/2022\/10\/Classic_watches-300x150.jpg 300w, https:\/\/chronowatch.ch\/wp-content\/uploads\/2022\/10\/Classic_watches-1024x512.jpg 1024w, https:\/\/chronowatch.ch\/wp-content\/uploads\/2022\/10\/Classic_watches-768x384.jpg 768w, https:\/\/chronowatch.ch\/wp-content\/uploads\/2022\/10\/Classic_watches-1536x768.jpg 1536w\" sizes=\"auto, (max-width: 1654px) 100vw, 1654px\" \/>\t\t\t\t\t\t\t\t\t\t\t<\/div>\n\t\t\t<\/a>\t\t<\/div>\n\n\t\t<div class=\"box-text text-center\" >\n\t\t\t<div class=\"box-text-inner\">\n\t\t\t\t\n\n<h2>CLASSIC WATCHES<\/h2>\n\n\t\t\t<\/div>\n\t\t<\/div>\n\t<\/div>\n\t\n\n\t\t<\/div>\n\t\t\t\t\t<\/div>\n\n\t\n\n\t<div id=\"col-1777065802\" class=\"col medium-4 small-12 large-4\"  >\n\t\t\t\t<div class=\"col-inner\"  >\n\t\t\t\n\t\t\t\n\n\t<div class=\"box has-hover   has-hover box-text-bottom\" >\n\n\t\t<div class=\"box-image\" >\n\t\t\t<a href=\"https:\/\/chronowatch.ch\/fr\/ready-made-watch-collection\/montres-chronographes\/\" >\t\t\t<div class=\"\" >\n\t\t\t\t<img loading=\"lazy\" decoding=\"async\" width=\"1654\" height=\"827\" src=\"https:\/\/chronowatch.ch\/wp-content\/uploads\/2024\/10\/Chronograph-Watches.jpg\" class=\"attachment-original size-original\" alt=\"Chronograph Watches\" srcset=\"https:\/\/chronowatch.ch\/wp-content\/uploads\/2024\/10\/Chronograph-Watches.jpg 1654w, https:\/\/chronowatch.ch\/wp-content\/uploads\/2024\/10\/Chronograph-Watches-300x150.jpg 300w, https:\/\/chronowatch.ch\/wp-content\/uploads\/2024\/10\/Chronograph-Watches-1024x512.jpg 1024w, https:\/\/chronowatch.ch\/wp-content\/uploads\/2024\/10\/Chronograph-Watches-768x384.jpg 768w, https:\/\/chronowatch.ch\/wp-content\/uploads\/2024\/10\/Chronograph-Watches-1536x768.jpg 1536w, https:\/\/chronowatch.ch\/wp-content\/uploads\/2024\/10\/Chronograph-Watches-600x300.jpg 600w\" sizes=\"auto, (max-width: 1654px) 100vw, 1654px\" \/>\t\t\t\t\t\t\t\t\t\t\t<\/div>\n\t\t\t<\/a>\t\t<\/div>\n\n\t\t<div class=\"box-text text-center\" >\n\t\t\t<div class=\"box-text-inner\">\n\t\t\t\t\n\n<h2>MONTRES CHRONOGRAPHES<\/h2>\n\n\t\t\t<\/div>\n\t\t<\/div>\n\t<\/div>\n\t\n\n\t\t<\/div>\n\t\t\t\t\t<\/div>\n\n\t\n\n\t<div id=\"col-1140055853\" class=\"col medium-4 small-12 large-4\"  >\n\t\t\t\t<div class=\"col-inner\"  >\n\t\t\t\n\t\t\t\n\n\t<div class=\"box has-hover   has-hover box-text-bottom\" >\n\n\t\t<div class=\"box-image\" >\n\t\t\t<a href=\"https:\/\/chronowatch.ch\/fr\/ready-made-watch-collection\/montres-a-quartz\/\" >\t\t\t<div class=\"\" >\n\t\t\t\t<img loading=\"lazy\" decoding=\"async\" width=\"1654\" height=\"827\" src=\"https:\/\/chronowatch.ch\/wp-content\/uploads\/2022\/10\/Quartz_watches.jpg\" class=\"attachment-original size-original\" alt=\"\" srcset=\"https:\/\/chronowatch.ch\/wp-content\/uploads\/2022\/10\/Quartz_watches.jpg 1654w, https:\/\/chronowatch.ch\/wp-content\/uploads\/2022\/10\/Quartz_watches-600x300.jpg 600w, https:\/\/chronowatch.ch\/wp-content\/uploads\/2022\/10\/Quartz_watches-300x150.jpg 300w, https:\/\/chronowatch.ch\/wp-content\/uploads\/2022\/10\/Quartz_watches-1024x512.jpg 1024w, https:\/\/chronowatch.ch\/wp-content\/uploads\/2022\/10\/Quartz_watches-768x384.jpg 768w, https:\/\/chronowatch.ch\/wp-content\/uploads\/2022\/10\/Quartz_watches-1536x768.jpg 1536w\" sizes=\"auto, (max-width: 1654px) 100vw, 1654px\" \/>\t\t\t\t\t\t\t\t\t\t\t<\/div>\n\t\t\t<\/a>\t\t<\/div>\n\n\t\t<div class=\"box-text text-center\" >\n\t\t\t<div class=\"box-text-inner\">\n\t\t\t\t\n\n<h2>MONTRES \u00c0 QUARTZ<\/h2>\n\n\t\t\t<\/div>\n\t\t<\/div>\n\t<\/div>\n\t\n\n\t\t<\/div>\n\t\t\t\t\t<\/div>\n\n\t\n\n\t<div id=\"col-616069762\" class=\"col medium-4 small-12 large-4\"  >\n\t\t\t\t<div class=\"col-inner\"  >\n\t\t\t\n\t\t\t\n\n\t<div class=\"box has-hover   has-hover box-text-bottom\" >\n\n\t\t<div class=\"box-image\" >\n\t\t\t<a href=\"https:\/\/chronowatch.ch\/fr\/ready-made-watch-collection\/montres-automatiques\/\" >\t\t\t<div class=\"\" >\n\t\t\t\t<img loading=\"lazy\" decoding=\"async\" width=\"1654\" height=\"827\" src=\"https:\/\/chronowatch.ch\/wp-content\/uploads\/2024\/10\/Automatic-Watches.jpg\" class=\"attachment-original size-original\" alt=\"Automatic Watches\" srcset=\"https:\/\/chronowatch.ch\/wp-content\/uploads\/2024\/10\/Automatic-Watches.jpg 1654w, https:\/\/chronowatch.ch\/wp-content\/uploads\/2024\/10\/Automatic-Watches-300x150.jpg 300w, https:\/\/chronowatch.ch\/wp-content\/uploads\/2024\/10\/Automatic-Watches-1024x512.jpg 1024w, https:\/\/chronowatch.ch\/wp-content\/uploads\/2024\/10\/Automatic-Watches-768x384.jpg 768w, https:\/\/chronowatch.ch\/wp-content\/uploads\/2024\/10\/Automatic-Watches-1536x768.jpg 1536w, https:\/\/chronowatch.ch\/wp-content\/uploads\/2024\/10\/Automatic-Watches-600x300.jpg 600w\" sizes=\"auto, (max-width: 1654px) 100vw, 1654px\" \/>\t\t\t\t\t\t\t\t\t\t\t<\/div>\n\t\t\t<\/a>\t\t<\/div>\n\n\t\t<div class=\"box-text text-center\" >\n\t\t\t<div class=\"box-text-inner\">\n\t\t\t\t\n\n<h2>MONTRES AUTOMATIQUES<\/h2>\n\n\t\t\t<\/div>\n\t\t<\/div>\n\t<\/div>\n\t\n\n\t\t<\/div>\n\t\t\t\t\t<\/div>\n\n\t\n\n\t<div id=\"col-1245850945\" class=\"col medium-4 small-12 large-4\"  >\n\t\t\t\t<div class=\"col-inner\"  >\n\t\t\t\n\t\t\t\n\n\t<div class=\"box has-hover   has-hover box-text-bottom\" >\n\n\t\t<div class=\"box-image\" >\n\t\t\t<a href=\"https:\/\/chronowatch.ch\/fr\/ready-made-watch-collection\/montres-a-fonctions-speciales\/\" >\t\t\t<div class=\"\" >\n\t\t\t\t<img loading=\"lazy\" decoding=\"async\" width=\"1654\" height=\"827\" src=\"https:\/\/chronowatch.ch\/wp-content\/uploads\/2024\/10\/Special-Function-Watches.jpg\" class=\"attachment-original size-original\" alt=\"Special Function Watches\" srcset=\"https:\/\/chronowatch.ch\/wp-content\/uploads\/2024\/10\/Special-Function-Watches.jpg 1654w, https:\/\/chronowatch.ch\/wp-content\/uploads\/2024\/10\/Special-Function-Watches-300x150.jpg 300w, https:\/\/chronowatch.ch\/wp-content\/uploads\/2024\/10\/Special-Function-Watches-1024x512.jpg 1024w, https:\/\/chronowatch.ch\/wp-content\/uploads\/2024\/10\/Special-Function-Watches-768x384.jpg 768w, https:\/\/chronowatch.ch\/wp-content\/uploads\/2024\/10\/Special-Function-Watches-1536x768.jpg 1536w, https:\/\/chronowatch.ch\/wp-content\/uploads\/2024\/10\/Special-Function-Watches-600x300.jpg 600w\" sizes=\"auto, (max-width: 1654px) 100vw, 1654px\" \/>\t\t\t\t\t\t\t\t\t\t\t<\/div>\n\t\t\t<\/a>\t\t<\/div>\n\n\t\t<div class=\"box-text text-center\" >\n\t\t\t<div class=\"box-text-inner\">\n\t\t\t\t\n\n<h2>FUNCTIONS SP\u00c9CIALES<\/h2>\n\n\t\t\t<\/div>\n\t\t<\/div>\n\t<\/div>\n\t\n\n\t\t<\/div>\n\t\t\t\t\t<\/div>\n\n\t\n\n\t<div id=\"col-1366835211\" class=\"col medium-4 small-12 large-4\"  >\n\t\t\t\t<div class=\"col-inner\"  >\n\t\t\t\n\t\t\t\n\n\t<div class=\"box has-hover   has-hover box-text-bottom\" >\n\n\t\t<div class=\"box-image\" >\n\t\t\t<a href=\"https:\/\/chronowatch.ch\/fr\/ready-made-watch-collection\/montres-hommes\/\" >\t\t\t<div class=\"\" >\n\t\t\t\t<img loading=\"lazy\" decoding=\"async\" width=\"1654\" height=\"827\" src=\"https:\/\/chronowatch.ch\/wp-content\/uploads\/2024\/10\/Gents-Watches.jpg\" class=\"attachment-original size-original\" alt=\"Gents Watches\" srcset=\"https:\/\/chronowatch.ch\/wp-content\/uploads\/2024\/10\/Gents-Watches.jpg 1654w, https:\/\/chronowatch.ch\/wp-content\/uploads\/2024\/10\/Gents-Watches-300x150.jpg 300w, https:\/\/chronowatch.ch\/wp-content\/uploads\/2024\/10\/Gents-Watches-1024x512.jpg 1024w, https:\/\/chronowatch.ch\/wp-content\/uploads\/2024\/10\/Gents-Watches-768x384.jpg 768w, https:\/\/chronowatch.ch\/wp-content\/uploads\/2024\/10\/Gents-Watches-1536x768.jpg 1536w, https:\/\/chronowatch.ch\/wp-content\/uploads\/2024\/10\/Gents-Watches-600x300.jpg 600w\" sizes=\"auto, (max-width: 1654px) 100vw, 1654px\" \/>\t\t\t\t\t\t\t\t\t\t\t<\/div>\n\t\t\t<\/a>\t\t<\/div>\n\n\t\t<div class=\"box-text text-center\" >\n\t\t\t<div class=\"box-text-inner\">\n\t\t\t\t\n\n<h2>MONTRES POUR HOMMES<\/h2>\n\n\t\t\t<\/div>\n\t\t<\/div>\n\t<\/div>\n\t\n\n\t\t<\/div>\n\t\t\t\t\t<\/div>\n\n\t\n\n\t<div id=\"col-61460569\" class=\"col medium-4 small-12 large-4\"  >\n\t\t\t\t<div class=\"col-inner\"  >\n\t\t\t\n\t\t\t\n\n\t<div class=\"box has-hover   has-hover box-text-bottom\" >\n\n\t\t<div class=\"box-image\" >\n\t\t\t<a href=\"https:\/\/chronowatch.ch\/fr\/ready-made-watch-collection\/montres-dames\/\" >\t\t\t<div class=\"\" >\n\t\t\t\t<img loading=\"lazy\" decoding=\"async\" width=\"1654\" height=\"827\" src=\"https:\/\/chronowatch.ch\/wp-content\/uploads\/2022\/10\/Ladies_watches.jpg\" class=\"attachment-original size-original\" alt=\"\" srcset=\"https:\/\/chronowatch.ch\/wp-content\/uploads\/2022\/10\/Ladies_watches.jpg 1654w, https:\/\/chronowatch.ch\/wp-content\/uploads\/2022\/10\/Ladies_watches-600x300.jpg 600w, https:\/\/chronowatch.ch\/wp-content\/uploads\/2022\/10\/Ladies_watches-300x150.jpg 300w, https:\/\/chronowatch.ch\/wp-content\/uploads\/2022\/10\/Ladies_watches-1024x512.jpg 1024w, https:\/\/chronowatch.ch\/wp-content\/uploads\/2022\/10\/Ladies_watches-768x384.jpg 768w, https:\/\/chronowatch.ch\/wp-content\/uploads\/2022\/10\/Ladies_watches-1536x768.jpg 1536w\" sizes=\"auto, (max-width: 1654px) 100vw, 1654px\" \/>\t\t\t\t\t\t\t\t\t\t\t<\/div>\n\t\t\t<\/a>\t\t<\/div>\n\n\t\t<div class=\"box-text text-center\" >\n\t\t\t<div class=\"box-text-inner\">\n\t\t\t\t\n\n<h2>MONTRES POUR DAMES<\/h2>\n\n\t\t\t<\/div>\n\t\t<\/div>\n\t<\/div>\n\t\n\n\t\t<\/div>\n\t\t\t\t\t<\/div>\n\n\t\n\n\t<div id=\"col-602855013\" class=\"col medium-4 small-12 large-4\"  >\n\t\t\t\t<div class=\"col-inner\"  >\n\t\t\t\n\t\t\t\n\n\t<div class=\"box has-hover   has-hover box-text-bottom\" >\n\n\t\t<div class=\"box-image\" >\n\t\t\t<a href=\"https:\/\/chronowatch.ch\/fr\/ready-made-watch-collection\/montres-solaires\/\" >\t\t\t<div class=\"\" >\n\t\t\t\t<img loading=\"lazy\" decoding=\"async\" width=\"1654\" height=\"827\" src=\"https:\/\/chronowatch.ch\/wp-content\/uploads\/2024\/10\/Solar-watches-1.jpg\" class=\"attachment-original size-original\" alt=\"Solar watches\" srcset=\"https:\/\/chronowatch.ch\/wp-content\/uploads\/2024\/10\/Solar-watches-1.jpg 1654w, https:\/\/chronowatch.ch\/wp-content\/uploads\/2024\/10\/Solar-watches-1-300x150.jpg 300w, https:\/\/chronowatch.ch\/wp-content\/uploads\/2024\/10\/Solar-watches-1-1024x512.jpg 1024w, https:\/\/chronowatch.ch\/wp-content\/uploads\/2024\/10\/Solar-watches-1-768x384.jpg 768w, https:\/\/chronowatch.ch\/wp-content\/uploads\/2024\/10\/Solar-watches-1-1536x768.jpg 1536w, https:\/\/chronowatch.ch\/wp-content\/uploads\/2024\/10\/Solar-watches-1-600x300.jpg 600w\" sizes=\"auto, (max-width: 1654px) 100vw, 1654px\" \/>\t\t\t\t\t\t\t\t\t\t\t<\/div>\n\t\t\t<\/a>\t\t<\/div>\n\n\t\t<div class=\"box-text text-center\" >\n\t\t\t<div class=\"box-text-inner\">\n\t\t\t\t\n\n<h2>MONTRES SOLAIRES<\/h2>\n\n\t\t\t<\/div>\n\t\t<\/div>\n\t<\/div>\n\t\n\n\t\t<\/div>\n\t\t\t\t\t<\/div>\n\n\t\n\n\n<style>\n#row-75949791 > .col > .col-inner {\n  padding: 0px 3px 9px 3px;\n}\n<\/style>\n<\/div>\n\n","protected":false},"excerpt":{"rendered":"","protected":false},"author":1,"featured_media":0,"parent":0,"menu_order":0,"comment_status":"closed","ping_status":"closed","template":"","meta":{"content-type":"","footnotes":""},"class_list":["post-2716","page","type-page","status-publish","hentry"],"yoast_head":"<!-- This site is optimized with the Yoast SEO Premium plugin v27.0 (Yoast SEO v27.0) - https:\/\/yoast.com\/product\/yoast-seo-premium-wordpress\/ -->\n<title>Collection de montres pr\u00eates \u00e0 l&#039;emploi - Chrono AG Private Label Watches<\/title>\n<meta name=\"robots\" content=\"index, follow, max-snippet:-1, max-image-preview:large, max-video-preview:-1\" \/>\n<link rel=\"canonical\" href=\"https:\/\/chronowatch.ch\/fr\/ready-made-watch-collection\/\" \/>\n<meta property=\"og:locale\" content=\"fr_FR\" \/>\n<meta property=\"og:type\" content=\"article\" \/>\n<meta property=\"og:title\" content=\"Collection de montres pr\u00eates \u00e0 l&#039;emploi - Chrono AG Private Label Watches\" \/>\n<meta property=\"og:url\" content=\"https:\/\/chronowatch.ch\/fr\/ready-made-watch-collection\/\" \/>\n<meta property=\"og:site_name\" content=\"Chrono AG Private Label Watches\" \/>\n<meta property=\"article:modified_time\" content=\"2026-03-09T11:01:11+00:00\" \/>\n<meta name=\"twitter:card\" content=\"summary_large_image\" \/>\n<meta name=\"twitter:label1\" content=\"Dur\u00e9e de lecture estim\u00e9e\" \/>\n\t<meta name=\"twitter:data1\" content=\"2 minutes\" \/>\n<script type=\"application\/ld+json\" class=\"yoast-schema-graph\">{\"@context\":\"https:\/\/schema.org\",\"@graph\":[{\"@type\":\"WebPage\",\"@id\":\"https:\/\/chronowatch.ch\/fr\/ready-made-watch-collection\/\",\"url\":\"https:\/\/chronowatch.ch\/fr\/ready-made-watch-collection\/\",\"name\":\"Collection de montres pr\u00eates \u00e0 l'emploi - Chrono AG Private Label Watches\",\"isPartOf\":{\"@id\":\"https:\/\/chronowatch.ch\/fr\/#website\"},\"datePublished\":\"2022-09-09T08:23:07+00:00\",\"dateModified\":\"2026-03-09T11:01:11+00:00\",\"breadcrumb\":{\"@id\":\"https:\/\/chronowatch.ch\/fr\/ready-made-watch-collection\/#breadcrumb\"},\"inLanguage\":\"fr-FR\",\"potentialAction\":[{\"@type\":\"ReadAction\",\"target\":[\"https:\/\/chronowatch.ch\/fr\/ready-made-watch-collection\/\"]}]},{\"@type\":\"BreadcrumbList\",\"@id\":\"https:\/\/chronowatch.ch\/fr\/ready-made-watch-collection\/#breadcrumb\",\"itemListElement\":[{\"@type\":\"ListItem\",\"position\":1,\"name\":\"Home\",\"item\":\"https:\/\/chronowatch.ch\/fr\/home\/\"},{\"@type\":\"ListItem\",\"position\":2,\"name\":\"Collection de montres pr\u00eates \u00e0 l&#8217;emploi\"}]},{\"@type\":\"WebSite\",\"@id\":\"https:\/\/chronowatch.ch\/fr\/#website\",\"url\":\"https:\/\/chronowatch.ch\/fr\/\",\"name\":\"Chrono AG Private Label Watches\",\"description\":\"Swiss Made Promotional and Private Label Watches\",\"publisher\":{\"@id\":\"https:\/\/chronowatch.ch\/fr\/#organization\"},\"potentialAction\":[{\"@type\":\"SearchAction\",\"target\":{\"@type\":\"EntryPoint\",\"urlTemplate\":\"https:\/\/chronowatch.ch\/fr\/?s={search_term_string}\"},\"query-input\":{\"@type\":\"PropertyValueSpecification\",\"valueRequired\":true,\"valueName\":\"search_term_string\"}}],\"inLanguage\":\"fr-FR\"},{\"@type\":\"Organization\",\"@id\":\"https:\/\/chronowatch.ch\/fr\/#organization\",\"name\":\"Chrono AG\",\"url\":\"https:\/\/chronowatch.ch\/fr\/\",\"logo\":{\"@type\":\"ImageObject\",\"inLanguage\":\"fr-FR\",\"@id\":\"https:\/\/chronowatch.ch\/fr\/#\/schema\/logo\/image\/\",\"url\":\"https:\/\/chronowatch.ch\/wp-content\/uploads\/2022\/11\/logo_chrono_s.png\",\"contentUrl\":\"https:\/\/chronowatch.ch\/wp-content\/uploads\/2022\/11\/logo_chrono_s.png\",\"width\":500,\"height\":73,\"caption\":\"Chrono AG\"},\"image\":{\"@id\":\"https:\/\/chronowatch.ch\/fr\/#\/schema\/logo\/image\/\"}}]}<\/script>\n<!-- \/ Yoast SEO Premium plugin. -->","yoast_head_json":{"title":"Collection de montres pr\u00eates \u00e0 l'emploi - Chrono AG Private Label Watches","robots":{"index":"index","follow":"follow","max-snippet":"max-snippet:-1","max-image-preview":"max-image-preview:large","max-video-preview":"max-video-preview:-1"},"canonical":"https:\/\/chronowatch.ch\/fr\/ready-made-watch-collection\/","og_locale":"fr_FR","og_type":"article","og_title":"Collection de montres pr\u00eates \u00e0 l'emploi - Chrono AG Private Label Watches","og_url":"https:\/\/chronowatch.ch\/fr\/ready-made-watch-collection\/","og_site_name":"Chrono AG Private Label Watches","article_modified_time":"2026-03-09T11:01:11+00:00","twitter_card":"summary_large_image","twitter_misc":{"Dur\u00e9e de lecture estim\u00e9e":"2 minutes"},"schema":{"@context":"https:\/\/schema.org","@graph":[{"@type":"WebPage","@id":"https:\/\/chronowatch.ch\/fr\/ready-made-watch-collection\/","url":"https:\/\/chronowatch.ch\/fr\/ready-made-watch-collection\/","name":"Collection de montres pr\u00eates \u00e0 l'emploi - Chrono AG Private Label Watches","isPartOf":{"@id":"https:\/\/chronowatch.ch\/fr\/#website"},"datePublished":"2022-09-09T08:23:07+00:00","dateModified":"2026-03-09T11:01:11+00:00","breadcrumb":{"@id":"https:\/\/chronowatch.ch\/fr\/ready-made-watch-collection\/#breadcrumb"},"inLanguage":"fr-FR","potentialAction":[{"@type":"ReadAction","target":["https:\/\/chronowatch.ch\/fr\/ready-made-watch-collection\/"]}]},{"@type":"BreadcrumbList","@id":"https:\/\/chronowatch.ch\/fr\/ready-made-watch-collection\/#breadcrumb","itemListElement":[{"@type":"ListItem","position":1,"name":"Home","item":"https:\/\/chronowatch.ch\/fr\/home\/"},{"@type":"ListItem","position":2,"name":"Collection de montres pr\u00eates \u00e0 l&#8217;emploi"}]},{"@type":"WebSite","@id":"https:\/\/chronowatch.ch\/fr\/#website","url":"https:\/\/chronowatch.ch\/fr\/","name":"Chrono AG Private Label Watches","description":"Swiss Made Promotional and Private Label Watches","publisher":{"@id":"https:\/\/chronowatch.ch\/fr\/#organization"},"potentialAction":[{"@type":"SearchAction","target":{"@type":"EntryPoint","urlTemplate":"https:\/\/chronowatch.ch\/fr\/?s={search_term_string}"},"query-input":{"@type":"PropertyValueSpecification","valueRequired":true,"valueName":"search_term_string"}}],"inLanguage":"fr-FR"},{"@type":"Organization","@id":"https:\/\/chronowatch.ch\/fr\/#organization","name":"Chrono AG","url":"https:\/\/chronowatch.ch\/fr\/","logo":{"@type":"ImageObject","inLanguage":"fr-FR","@id":"https:\/\/chronowatch.ch\/fr\/#\/schema\/logo\/image\/","url":"https:\/\/chronowatch.ch\/wp-content\/uploads\/2022\/11\/logo_chrono_s.png","contentUrl":"https:\/\/chronowatch.ch\/wp-content\/uploads\/2022\/11\/logo_chrono_s.png","width":500,"height":73,"caption":"Chrono AG"},"image":{"@id":"https:\/\/chronowatch.ch\/fr\/#\/schema\/logo\/image\/"}}]}},"_links":{"self":[{"href":"https:\/\/chronowatch.ch\/fr\/wp-json\/wp\/v2\/pages\/2716","targetHints":{"allow":["GET"]}}],"collection":[{"href":"https:\/\/chronowatch.ch\/fr\/wp-json\/wp\/v2\/pages"}],"about":[{"href":"https:\/\/chronowatch.ch\/fr\/wp-json\/wp\/v2\/types\/page"}],"author":[{"embeddable":true,"href":"https:\/\/chronowatch.ch\/fr\/wp-json\/wp\/v2\/users\/1"}],"replies":[{"embeddable":true,"href":"https:\/\/chronowatch.ch\/fr\/wp-json\/wp\/v2\/comments?post=2716"}],"version-history":[{"count":31,"href":"https:\/\/chronowatch.ch\/fr\/wp-json\/wp\/v2\/pages\/2716\/revisions"}],"predecessor-version":[{"id":11961,"href":"https:\/\/chronowatch.ch\/fr\/wp-json\/wp\/v2\/pages\/2716\/revisions\/11961"}],"wp:attachment":[{"href":"https:\/\/chronowatch.ch\/fr\/wp-json\/wp\/v2\/media?parent=2716"}],"curies":[{"name":"wp","href":"https:\/\/api.w.org\/{rel}","templated":true}]}}