{"id":2686,"date":"2022-11-10T13:25:07","date_gmt":"2022-11-10T13:25:07","guid":{"rendered":"https:\/\/chronowatch.ch\/glossaire-du-terme-montre\/"},"modified":"2023-02-10T12:12:44","modified_gmt":"2023-02-10T12:12:44","slug":"glossaire-du-terme-montre","status":"publish","type":"page","link":"https:\/\/chronowatch.ch\/fr\/glossaire-du-terme-montre\/","title":{"rendered":"GLOSSAIRE DES TERMES HORLOGERS"},"content":{"rendered":"\n\t<div id=\"gap-934533627\" class=\"gap-element clearfix\" style=\"display:block; height:auto;\">\n\t\t\n<style>\n#gap-934533627 {\n  padding-top: 50px;\n}\n<\/style>\n\t<\/div>\n\t\n\n<div class=\"row row-full-width\"  id=\"row-626515606\">\n\n\n\t<div id=\"col-1887268343\" class=\"col small-12 large-12\"  >\n\t\t\t\t<div class=\"col-inner text-left\"  >\n\t\t\t\n\t\t\t\n\n\t<div id=\"text-3074004240\" class=\"text\">\n\t\t\n\n<h1 class=\"thin-font\">GLOSSAIRE DES TERMES HORLOGERS<\/h1>\n\t\t\n<style>\n#text-3074004240 {\n  font-size: 1.8rem;\n}\n<\/style>\n\t<\/div>\n\t\n\t<div id=\"text-3323329855\" class=\"text\">\n\t\t\n\n<h2>Trouver votre montre de marque priv\u00e9e ou une montre sur mesure peut s&rsquo;av\u00e9rer difficile lorsque vous rencontrez des termes utilis\u00e9s pour d\u00e9crire les fonctions et les pi\u00e8ces d&rsquo;une montre. Pour vous aider, nous avons dress\u00e9 une liste des termes les plus utilis\u00e9s.<\/h2>\n\t\t\n<style>\n#text-3323329855 {\n  font-size: 0.75rem;\n  line-height: 1.1;\n}\n<\/style>\n\t<\/div>\n\t\n\t<div id=\"text-2562093479\" class=\"text\">\n\t\t<h3>Acier inoxydable 316L<\/h3>\r\nUn m\u00e9tal extr\u00eamement durable qui est pratiquement insensible \u00e0 la rouille, \u00e0 la d\u00e9coloration et \u00e0 la corrosion. Il peut \u00eatre re-fini par n&rsquo;importe quel bijoutier et ne s&rsquo;oxyde pas et ne noircit pas.\r\n<h3>Aiguille<\/h3>\r\nIndique la mesure du temps et peut \u00eatre ajust\u00e9 en tirant sur la couronne.\r\n<h3>Aiguille des secondes<\/h3>\r\nUne aiguille des secondes qui est mont\u00e9e au centre du cadran de la montre.\r\n<h3>Assemblage<\/h3>\r\nProc\u00e9d\u00e9 d&rsquo;assemblage de toutes les pi\u00e8ces d&rsquo;une montre pour obtenir une montre compl\u00e8te et finie.\r\n<h3>Batterie<\/h3>\r\nSource d&rsquo;\u00e9nergie dans laquelle l&rsquo;\u00e9nergie \u00e9lectrique est produite par la transformation directe de l&rsquo;\u00e9nergie chimique.\r\n<h3>Bo\u00eete<\/h3>\r\nLa partie ext\u00e9rieure de la montre. Un bo\u00eetier de montre est g\u00e9n\u00e9ralement compos\u00e9 de 3 parties : la lunette, le bo\u00eetier proprement dit et le fond du bo\u00eetier.\r\n<h3>Boucle d\u00e9ployante<\/h3>\r\nFermeture du bracelet par une boucle d\u00e9ployante. Cela signifie que le bracelet n&rsquo;est jamais compl\u00e8tement ouvert comme avec un bracelet en cuir, mais seulement d\u00e9pli\u00e9 au niveau des charni\u00e8res. Cela permettra d&rsquo;\u00e9largir le bracelet afin qu&rsquo;il ait suffisamment de largeur pour retirer la montre du bras.\r\n<h3>Bracelet<\/h3>\r\nLe bracelet peut \u00eatre en cuir, en caoutchouc, en textile ou en m\u00e9tal.\r\n<h3>Bracelet int\u00e9gr\u00e9<\/h3>\r\nUn bracelet de montre qui est incorpor\u00e9 dans la construction du bo\u00eetier.\r\n<h3>Cadran<\/h3>\r\nLe cadran de la montre indiquant l&rsquo;heure, le logo ou la marque de votre entreprise et d&rsquo;autres fonctions qui peuvent \u00eatre indiqu\u00e9es par des aiguilles, des marques ou des ouvertures.\r\n<h3>Calendrier<\/h3>\r\nUne caract\u00e9ristique qui indique la date.\r\n<h3>Calendrier perp\u00e9tuel<\/h3>\r\nUn calendrier qui s&rsquo;ajuste automatiquement en fonction de la dur\u00e9e des mois et de l&rsquo;ann\u00e9e bissextile. Les calendriers perp\u00e9tuels, qui peuvent \u00eatre aliment\u00e9s par quartz ou par des mouvements m\u00e9caniques, sont programm\u00e9s pour \u00eatre pr\u00e9cis jusqu&rsquo;en l&rsquo;an 2100.\r\n<h3>Calibre<\/h3>\r\nSynonyme de taille et type de mouvement. Le terme est utilis\u00e9 pour indiquer la taille et la r\u00e9f\u00e9rence du mouvement.\r\n<h3>Chronographe<\/h3>\r\nUn chronographe est un m\u00e9canisme permettant de mesurer de courtes p\u00e9riodes de temps ind\u00e9pendamment de la fonction normale de chronom\u00e9trage. L&rsquo;affichage de la mesure du temps est situ\u00e9 au centre du cadran.\r\n<h3>Clich\u00e9<\/h3>\r\nBloc m\u00e9tallique engrave de votre logo pour imprimer les cadrans par tampographie.\r\n<h3>Clich\u00e9 \/ bloc d&rsquo;impression<\/h3>\r\nBloc m\u00e9tallique (clich\u00e9 contenant les d\u00e9tails de votre logo) utilis\u00e9 pour imprimer les cadrans par tampographie.\r\n<h3>Compteur<\/h3>\r\nPrincipalement appel\u00e9 compteur chronographe. C&rsquo;est un m\u00e9canisme qui indique le nombre de tours de l&rsquo;aiguille du chronographe (c&rsquo;est-\u00e0-dire 1\/10e ou 1\/100e de seconde, minutes et heures) sur le cadran.\r\n<h3>Compteur 12 heures<\/h3>\r\nUn cadran secondaire sur un chronographe qui peut mesurer des p\u00e9riodes allant jusqu&rsquo;\u00e0 12 heures.\r\n<h3>Compteur 30 minutes<\/h3>\r\nUn cadran secondaire sur un chronographe qui peut chronom\u00e9trer des p\u00e9riodes allant jusqu&rsquo;\u00e0 30 minutes.\r\n<h3>Corne<\/h3>\r\nPi\u00e8ces lat\u00e9rales du bo\u00eetier de la montre tenant le bracelet.\r\n<h3>Couronne<\/h3>\r\nLa couronne est utilis\u00e9e pour r\u00e9gler correctement l&rsquo;heure en tournant les aiguilles pour corriger le minutage. La couronne est \u00e9galement utilis\u00e9e pour changer la date.\r\n<h3>Couronne viss\u00e9e<\/h3>\r\nUne couronne qui peut \u00eatre viss\u00e9e dans le tube du bo\u00eetier pour rendre la montre tr\u00e8s \u00e9tanche.\r\n<h3>Cristal<\/h3>\r\nLe cristal est le verre de votre montre. Il peut \u00eatre en verre min\u00e9ral, en verre min\u00e9ral saphir K1 ou en verre saphir.\r\n<h3>Date<\/h3>\r\nLa date est indiqu\u00e9e par une ouverture sur le cadran de la montre.\r\n<h3>Distance des cornes<\/h3>\r\nLa distance entre les deux cornes, \u00e9quivalente \u00e0 la taille du bracelet\r\n<h3>E.O.L.<\/h3>\r\n(Indication de fin de vie) Certaines montres \u00e0 pile ont une fonction qui indique quand la pile approche de la fin de sa vie. Ceci est indiqu\u00e9 par le saut de l&rsquo;aiguille des secondes seulement toutes les 4 secondes.\r\n<h3>\u00c9ditions limit\u00e9es<\/h3>\r\nUne montre de style fabriqu\u00e9 en quantit\u00e9 sp\u00e9cifique, souvent num\u00e9rot\u00e9e, et disponible en quantit\u00e9s limit\u00e9es.\r\n<h3>ETA<\/h3>\r\nL&rsquo;un des principaux fabricants de mouvements horlogers bas\u00e9s en Suisse.\r\n<h3>Etanch\u00e9it\u00e9 \u00e0 l&rsquo;eau<\/h3>\r\nD\u00e9crit la capacit\u00e9 d&rsquo;une montre \u00e0 r\u00e9sister \u00e0 la p\u00e9n\u00e9tration de l&rsquo;eau.\r\n\r\n<strong>Etanche \u00e0 3 atm ou 30 m\u00a0\u00a0<\/strong>\r\n\r\nConvient pour un usage quotidien. R\u00e9sistant aux \u00e9claboussures et \u00e0 la pluie.Ne convient pas pour la douche, le bain, la natation, le snorkeling, le travail dans l&rsquo;eau, la p\u00eache et la plong\u00e9e.\r\n\r\n<strong>Etanche \u00e0 l&rsquo;eau 5 atm ou 50 m\u00a0<\/strong>\r\n\r\nConvient pour l&rsquo;usage quotidien, la douche, le bain, la nage en eau peu profonde, le snorkeling, le travail dans l&rsquo;eau, la p\u00eache. R\u00e9sistant aux \u00e9claboussures et \u00e0 la pluie. Ne convient pas \u00e0 la plong\u00e9e.\r\n\r\n<strong>Etanche \u00e0 10 atm ou 100 m<\/strong>\r\n\r\nConvient pour le surf, la natation, le snorkeling, la voile et les sports nautiques.\u00a0\u00a0\u00a0 Ne convient pas \u00e0 la plong\u00e9e.\r\n\r\n<strong>Etanche \u00e0 20 atm ou 200 m<\/strong>\r\n\r\nConvient aux activit\u00e9s marines professionnelles, aux sports nautiques de surface s\u00e9rieux et \u00e0 la plong\u00e9e sous-marine. Convient \u00e0 la plong\u00e9e sous-marine.\r\n\r\n<strong>Etanche \u00e0 30 atm ou 300 m<\/strong>\r\n\r\nConvient \u00e0 la plong\u00e9e sous-marine \u00e0 des profondeurs qui ne conviennent pas \u00e0 la plong\u00e9e \u00e0 saturation.\r\n<h3>Fabriqu\u00e9 sur mesure<\/h3>\r\nMontres fabriqu\u00e9es selon vos sp\u00e9cifications. Votre propre design de marque \u00e0 partir de z\u00e9ro.\r\n<h3>Finitions en acier inoxydable<\/h3>\r\nLa finition suivante peut ensuite \u00eatre appliqu\u00e9e pour obtenir l&rsquo;aspect esth\u00e9tique d\u00e9sir\u00e9\r\n<ul>\r\n \t<li>Finition bross\u00e9e<\/li>\r\n \t<li>Finition satin\u00e9e<\/li>\r\n \t<li>Fini mat (bross\u00e9 mais plus lisse que le No.1)<\/li>\r\n \t<li>D\u00e9p\u00f4t physique en phase vapeur (PVD) en or, or rose, noir, etc.<\/li>\r\n<\/ul>\r\n<h3>Fond de bo\u00eetier<\/h3>\r\nLe derri\u00e8re d&rsquo;un bo\u00eetier de montre. Il peut s&rsquo;agir d&rsquo;un fond de bo\u00eetier \u00e0 clipser ou \u00e0 visser (pour les montres automatiques souvent transparentes). Les fonds peuvent \u00eatre grav\u00e9s avec votre nom, le logo de votre entreprise, la num\u00e9rotation unique, les d\u00e9tails techniques, etc.\r\n<h3>GMT<\/h3>\r\nUne montre GMT poss\u00e8de une aiguille des heures qui effectue un tour complet en 24 heures. Il y a un index 24 heures sur le cadran ou la lunette pour lire le deuxi\u00e8me fuseau horaire.\r\n<h3>Gravure \u00e0 l&rsquo;eau-forte<\/h3>\r\nDesign, lettres ou logos d&rsquo;entreprise qui sont grav\u00e9s sur une surface m\u00e9tallique.\r\n<h3>Gravure au laser<\/h3>\r\nProc\u00e9dure de marquage au laser du dos, des c\u00f4t\u00e9s, des couronnes ou des boucles des bo\u00eetiers.\r\n<h3>Index<\/h3>\r\nIndications sur un cadran de montre utilis\u00e9 \u00e0 la place des chiffres.\r\n<h3>Joint d&rsquo;\u00e9tanch\u00e9it\u00e9<\/h3>\r\nLes montres \u00e9tanches sont \u00e9quip\u00e9es de joints d&rsquo;\u00e9tanch\u00e9it\u00e9 pour sceller le fond du bo\u00eetier, le cristal et la couronne afin de les prot\u00e9ger contre les infiltrations d&rsquo;eau lors d&rsquo;une usure normale. Il est important de faire v\u00e9rifier les joints tous les deux ans pour maintenir l&rsquo;\u00e9tanch\u00e9it\u00e9 de la montre.\r\n<h3>Jour-Date-Indication<\/h3>\r\nAffichage du nom du jour et de la date par une ouverture dans le cadran.\r\n<h3>Lunette<\/h3>\r\nL&rsquo;anneau s&rsquo;est enclench\u00e9 au milieu du bo\u00eetier de la montre pour maintenir le verre en place. Il a \u00e9galement une fonction d\u00e9corative.\r\n<h3>Lunette tournante<\/h3>\r\nUne lunette \/anneau sur le dessus du bo\u00eetier de la montre qui peut \u00eatre tourn\u00e9. Diff\u00e9rents types de lunettes tournantes ex\u00e9cutent diff\u00e9rentes fonctions de chronom\u00e9trage et math\u00e9matiques.\r\n<h3>Montre analogique<\/h3>\r\nMontre dont le cadran, les aiguilles, les chiffres ou les index pr\u00e9sentent l&rsquo;affichage total d&rsquo;une p\u00e9riode de 12 heures. L&rsquo;affichage analogique de 12 heures indique l&rsquo;heure et, s&rsquo;il est int\u00e9gr\u00e9, le jour et la date.\r\n<h3>Montre num\u00e9rique<\/h3>\r\nUne montre qui affiche l&rsquo;heure par des chiffres sur un \u00e9cran LCD ou LED.\r\n<h3>Montres de marque priv\u00e9e<\/h3>\r\nLes montres de marque priv\u00e9e sont des montres fabriqu\u00e9es par une manufacture horlog\u00e8re et destin\u00e9es \u00e0 \u00eatre propos\u00e9es sous un autre nom\/marque d&rsquo;entreprise. Aussi appel\u00e9es montres OEM ou montres promotionnelles.\r\n<h3>Mouvement<\/h3>\r\nM\u00e9canisme d&rsquo;une montre qui produit, entretient et traite une apparence p\u00e9riodique et qui convient donc au comptage du temps. Cela d\u00e9place les aiguilles de la montre, le calendrier, etc. Les mouvements m\u00e9caniques\/automatiques ou \u00e0 quartz sont les types de mouvements les plus utilis\u00e9s.\r\n<h3>Mouvement \u00e0 quartz<\/h3>\r\nUn mouvement qui permet \u00e0 une montre de garder l&rsquo;heure sans la remonter. Un courant \u00e9lectrique est utilis\u00e9 pour faire vibrer un oscillateur \u00e0 quartz. L&rsquo;alimentation provient d&rsquo;une batterie qui doit \u00eatre remplac\u00e9e tous les 1,5 ans environ.\r\n<h3>Mouvement automatique<\/h3>\r\nLe mouvement m\u00e9canique ne n\u00e9cessite aucun remontage car le rotor, qui fait partie du m\u00e9canisme automatique, remonte le ressort moteur chaque fois que vous bougez la montre. La plupart des montres automatiques ont une r\u00e9serve de marche pouvant atteindre 40 heures. Si une montre automatique n&rsquo;est pas port\u00e9e pendant un jour ou deux, elle s&rsquo;arr\u00eate de fonctionner.\r\n<h3>Mouvement m\u00e9canique<\/h3>\r\nMouvement qui n&rsquo;a que des pi\u00e8ces m\u00e9caniques et qui est actionn\u00e9 par un ressort moteur et travaille en conjonction avec une roue d&rsquo;\u00e9quilibrage. Le ressort moteur doit \u00eatre remont\u00e9 manuellement.\r\n<h3>Nacre<\/h3>\r\nLa coquille int\u00e9rieure laiteuse iris\u00e9e du mollusque d&rsquo;eau douce qui est finement tranch\u00e9e et utilis\u00e9e sur les cadrans des montres. Diff\u00e9rentes couleurs disponibles : blanc, gris argent\u00e9, noir\u00e2tre, bleu, rose, etc.\r\n<h3>Ouverture du cadran<\/h3>\r\nLes cadrans de certaines montres ont des ouvertures dans le cadran \u00e0 travers lesquelles certaines indications sont visibles (par exemple la date, l&rsquo;heure, la phase de lune, etc.).\r\n<h3>Personnalisation<\/h3>\r\nTransformer une montre en montre de marque en la personnalisant avec un logo d&rsquo;entreprise, un nom de marque et\/ou d&rsquo;autres textes et designs personnalis\u00e9s.\r\n<h3>Petite seconde<\/h3>\r\nUne aiguille qui indique les secondes sur un sous-cadran.\r\n<h3>Phase de lune<\/h3>\r\nUne fonction qui montre les phases de la lune par une ouverture dans le cadran. Un cycle lunaire comporte quatre phases : nouvelle lune, premier quartier, pleine lune, dernier quartier.\r\n<h3>Poussoirs<\/h3>\r\nBoutons poussoirs sur le bo\u00eetier des chronographes et certaines montres compliqu\u00e9es. Ils sont utilis\u00e9s pour op\u00e9rer les complications, les r\u00e9glages de l&rsquo;heure.\r\n<h3>PVD (Physical Vapor Deposition)<\/h3>\r\nUne technique de rev\u00eatement du m\u00e9tal. Il s&rsquo;agit d&rsquo;un traitement sp\u00e9cial pour le durcissement\/la coloration de la surface de l&rsquo;acier. Les couleurs de placage les plus courantes sont l&rsquo;or, l&rsquo;or rose et le noir.\r\n<h3>Rattrapante<\/h3>\r\nDans certains chronographes, une deuxi\u00e8me aiguille trotteuse est int\u00e9gr\u00e9e, laquelle peut se mouvoir en restant superpos\u00e9e \u00e0 la premi\u00e8re. Ceci vous permet d&rsquo;arr\u00eater un temps interm\u00e9diaire sans interrompre la mesure du temps originale.\r\n<h3>Ronda<\/h3>\r\nLe deuxi\u00e8me plus grand fabricant suisse de mouvements (apr\u00e8s ETA).\r\n<h3>Rotor<\/h3>\r\nDans une montre-bracelet automatique, le rotor remonte le ressort moteur par le mouvement de la montre tout en la portant. C&rsquo;est un segment en m\u00e9tal qui tourne librement et dans les deux sens. Il peut \u00eatre engrav\u00e9.\r\n<h3>Rubis\/bijoux<\/h3>\r\nEn horlogerie, les bijoux en rubis synth\u00e9tique. Ils sont utilis\u00e9s dans les parties sensibles de la machine pour r\u00e9duire la friction. Ils aident le mouvement de la montre \u00e0 rester pr\u00e9cis.\r\n<h3>Sellita<\/h3>\r\nSellita, est une soci\u00e9t\u00e9 suisse ind\u00e9pendante sp\u00e9cialis\u00e9e dans l&rsquo;assemblage de mouvements m\u00e9caniques automatiques \u00ab\u00a0Swiss Made\u00a0\u00bb.\r\n<h3>Superluminova<\/h3>\r\nLe mat\u00e9riau utilis\u00e9 pour les aiguilles et les index des cadrans devient visible dans l&rsquo;obscurit\u00e9.\r\n<h3>Swiss Made<\/h3>\r\nUn label de qualit\u00e9 qui certifie officiellement l&rsquo;origine de la montre. Pour qu&rsquo;une montre soit consid\u00e9r\u00e9e comme \u00ab\u00a0Swiss Made\u00a0\u00bb, 60% des co\u00fbts de production de la montre et du mouvement doivent d\u00e9sormais \u00eatre support\u00e9s en Suisse. La r\u00e9putation des montres suisses est connue dans le monde entier. Savoir-faire, haute qualit\u00e9, capacit\u00e9 esth\u00e9tique, innovation technique : l&rsquo;appellation Swiss made refl\u00e8te tout cela et bien plus encore.\r\n<h3>Tachym\u00e8tre<\/h3>\r\nVous pouvez trouver un tachym\u00e8tre sur certaines montres chronographes. C&rsquo;est une fonction utilis\u00e9e pour mesurer la vitesse par heure sur une \u00e9chelle sur le cadran ou sur la lunette. La distance bas\u00e9e sur 1000 m\u00e8tres.\r\n<h3>Verre saphir<\/h3>\r\nUn verre en saphir synth\u00e9tique. Il poss\u00e8de les caract\u00e9ristiques de haute duret\u00e9 et de haute r\u00e9sistance aux rayures.\t\t\n<style>\n#text-2562093479 {\n  line-height: 1.1;\n}\n<\/style>\n\t<\/div>\n\t\n\n\t\t<\/div>\n\t\t\t\t\t<\/div>\n\n\t\n\n<\/div>\n\n","protected":false},"excerpt":{"rendered":"","protected":false},"author":2,"featured_media":0,"parent":0,"menu_order":0,"comment_status":"closed","ping_status":"closed","template":"","meta":{"content-type":"","footnotes":""},"class_list":["post-2686","page","type-page","status-publish","hentry"],"yoast_head":"<!-- This site is optimized with the Yoast SEO Premium plugin v27.0 (Yoast SEO v27.0) - https:\/\/yoast.com\/product\/yoast-seo-premium-wordpress\/ -->\n<title>GLOSSAIRE DES TERMES HORLOGERS - Chrono AG Private Label Watches<\/title>\n<meta name=\"robots\" content=\"index, follow, max-snippet:-1, max-image-preview:large, max-video-preview:-1\" \/>\n<link rel=\"canonical\" href=\"https:\/\/chronowatch.ch\/fr\/glossaire-du-terme-montre\/\" \/>\n<meta property=\"og:locale\" content=\"fr_FR\" \/>\n<meta property=\"og:type\" content=\"article\" \/>\n<meta property=\"og:title\" content=\"GLOSSAIRE DES TERMES HORLOGERS - Chrono AG Private Label Watches\" \/>\n<meta property=\"og:url\" content=\"https:\/\/chronowatch.ch\/fr\/glossaire-du-terme-montre\/\" \/>\n<meta property=\"og:site_name\" content=\"Chrono AG Private Label Watches\" \/>\n<meta property=\"article:modified_time\" content=\"2023-02-10T12:12:44+00:00\" \/>\n<meta name=\"twitter:card\" content=\"summary_large_image\" \/>\n<meta name=\"twitter:label1\" content=\"Dur\u00e9e de lecture estim\u00e9e\" \/>\n\t<meta name=\"twitter:data1\" content=\"10 minutes\" \/>\n<script type=\"application\/ld+json\" class=\"yoast-schema-graph\">{\"@context\":\"https:\/\/schema.org\",\"@graph\":[{\"@type\":\"WebPage\",\"@id\":\"https:\/\/chronowatch.ch\/fr\/glossaire-du-terme-montre\/\",\"url\":\"https:\/\/chronowatch.ch\/fr\/glossaire-du-terme-montre\/\",\"name\":\"GLOSSAIRE DES TERMES HORLOGERS - Chrono AG Private Label Watches\",\"isPartOf\":{\"@id\":\"https:\/\/chronowatch.ch\/fr\/#website\"},\"datePublished\":\"2022-11-10T13:25:07+00:00\",\"dateModified\":\"2023-02-10T12:12:44+00:00\",\"breadcrumb\":{\"@id\":\"https:\/\/chronowatch.ch\/fr\/glossaire-du-terme-montre\/#breadcrumb\"},\"inLanguage\":\"fr-FR\",\"potentialAction\":[{\"@type\":\"ReadAction\",\"target\":[\"https:\/\/chronowatch.ch\/fr\/glossaire-du-terme-montre\/\"]}]},{\"@type\":\"BreadcrumbList\",\"@id\":\"https:\/\/chronowatch.ch\/fr\/glossaire-du-terme-montre\/#breadcrumb\",\"itemListElement\":[{\"@type\":\"ListItem\",\"position\":1,\"name\":\"Home\",\"item\":\"https:\/\/chronowatch.ch\/fr\/home\/\"},{\"@type\":\"ListItem\",\"position\":2,\"name\":\"GLOSSAIRE DES TERMES HORLOGERS\"}]},{\"@type\":\"WebSite\",\"@id\":\"https:\/\/chronowatch.ch\/fr\/#website\",\"url\":\"https:\/\/chronowatch.ch\/fr\/\",\"name\":\"Chrono AG Private Label Watches\",\"description\":\"Swiss Made Promotional and Private Label Watches\",\"publisher\":{\"@id\":\"https:\/\/chronowatch.ch\/fr\/#organization\"},\"potentialAction\":[{\"@type\":\"SearchAction\",\"target\":{\"@type\":\"EntryPoint\",\"urlTemplate\":\"https:\/\/chronowatch.ch\/fr\/?s={search_term_string}\"},\"query-input\":{\"@type\":\"PropertyValueSpecification\",\"valueRequired\":true,\"valueName\":\"search_term_string\"}}],\"inLanguage\":\"fr-FR\"},{\"@type\":\"Organization\",\"@id\":\"https:\/\/chronowatch.ch\/fr\/#organization\",\"name\":\"Chrono AG\",\"url\":\"https:\/\/chronowatch.ch\/fr\/\",\"logo\":{\"@type\":\"ImageObject\",\"inLanguage\":\"fr-FR\",\"@id\":\"https:\/\/chronowatch.ch\/fr\/#\/schema\/logo\/image\/\",\"url\":\"https:\/\/chronowatch.ch\/wp-content\/uploads\/2022\/11\/logo_chrono_s.png\",\"contentUrl\":\"https:\/\/chronowatch.ch\/wp-content\/uploads\/2022\/11\/logo_chrono_s.png\",\"width\":500,\"height\":73,\"caption\":\"Chrono AG\"},\"image\":{\"@id\":\"https:\/\/chronowatch.ch\/fr\/#\/schema\/logo\/image\/\"}}]}<\/script>\n<!-- \/ Yoast SEO Premium plugin. -->","yoast_head_json":{"title":"GLOSSAIRE DES TERMES HORLOGERS - Chrono AG Private Label Watches","robots":{"index":"index","follow":"follow","max-snippet":"max-snippet:-1","max-image-preview":"max-image-preview:large","max-video-preview":"max-video-preview:-1"},"canonical":"https:\/\/chronowatch.ch\/fr\/glossaire-du-terme-montre\/","og_locale":"fr_FR","og_type":"article","og_title":"GLOSSAIRE DES TERMES HORLOGERS - Chrono AG Private Label Watches","og_url":"https:\/\/chronowatch.ch\/fr\/glossaire-du-terme-montre\/","og_site_name":"Chrono AG Private Label Watches","article_modified_time":"2023-02-10T12:12:44+00:00","twitter_card":"summary_large_image","twitter_misc":{"Dur\u00e9e de lecture estim\u00e9e":"10 minutes"},"schema":{"@context":"https:\/\/schema.org","@graph":[{"@type":"WebPage","@id":"https:\/\/chronowatch.ch\/fr\/glossaire-du-terme-montre\/","url":"https:\/\/chronowatch.ch\/fr\/glossaire-du-terme-montre\/","name":"GLOSSAIRE DES TERMES HORLOGERS - Chrono AG Private Label Watches","isPartOf":{"@id":"https:\/\/chronowatch.ch\/fr\/#website"},"datePublished":"2022-11-10T13:25:07+00:00","dateModified":"2023-02-10T12:12:44+00:00","breadcrumb":{"@id":"https:\/\/chronowatch.ch\/fr\/glossaire-du-terme-montre\/#breadcrumb"},"inLanguage":"fr-FR","potentialAction":[{"@type":"ReadAction","target":["https:\/\/chronowatch.ch\/fr\/glossaire-du-terme-montre\/"]}]},{"@type":"BreadcrumbList","@id":"https:\/\/chronowatch.ch\/fr\/glossaire-du-terme-montre\/#breadcrumb","itemListElement":[{"@type":"ListItem","position":1,"name":"Home","item":"https:\/\/chronowatch.ch\/fr\/home\/"},{"@type":"ListItem","position":2,"name":"GLOSSAIRE DES TERMES HORLOGERS"}]},{"@type":"WebSite","@id":"https:\/\/chronowatch.ch\/fr\/#website","url":"https:\/\/chronowatch.ch\/fr\/","name":"Chrono AG Private Label Watches","description":"Swiss Made Promotional and Private Label Watches","publisher":{"@id":"https:\/\/chronowatch.ch\/fr\/#organization"},"potentialAction":[{"@type":"SearchAction","target":{"@type":"EntryPoint","urlTemplate":"https:\/\/chronowatch.ch\/fr\/?s={search_term_string}"},"query-input":{"@type":"PropertyValueSpecification","valueRequired":true,"valueName":"search_term_string"}}],"inLanguage":"fr-FR"},{"@type":"Organization","@id":"https:\/\/chronowatch.ch\/fr\/#organization","name":"Chrono AG","url":"https:\/\/chronowatch.ch\/fr\/","logo":{"@type":"ImageObject","inLanguage":"fr-FR","@id":"https:\/\/chronowatch.ch\/fr\/#\/schema\/logo\/image\/","url":"https:\/\/chronowatch.ch\/wp-content\/uploads\/2022\/11\/logo_chrono_s.png","contentUrl":"https:\/\/chronowatch.ch\/wp-content\/uploads\/2022\/11\/logo_chrono_s.png","width":500,"height":73,"caption":"Chrono AG"},"image":{"@id":"https:\/\/chronowatch.ch\/fr\/#\/schema\/logo\/image\/"}}]}},"_links":{"self":[{"href":"https:\/\/chronowatch.ch\/fr\/wp-json\/wp\/v2\/pages\/2686","targetHints":{"allow":["GET"]}}],"collection":[{"href":"https:\/\/chronowatch.ch\/fr\/wp-json\/wp\/v2\/pages"}],"about":[{"href":"https:\/\/chronowatch.ch\/fr\/wp-json\/wp\/v2\/types\/page"}],"author":[{"embeddable":true,"href":"https:\/\/chronowatch.ch\/fr\/wp-json\/wp\/v2\/users\/2"}],"replies":[{"embeddable":true,"href":"https:\/\/chronowatch.ch\/fr\/wp-json\/wp\/v2\/comments?post=2686"}],"version-history":[{"count":2,"href":"https:\/\/chronowatch.ch\/fr\/wp-json\/wp\/v2\/pages\/2686\/revisions"}],"predecessor-version":[{"id":3615,"href":"https:\/\/chronowatch.ch\/fr\/wp-json\/wp\/v2\/pages\/2686\/revisions\/3615"}],"wp:attachment":[{"href":"https:\/\/chronowatch.ch\/fr\/wp-json\/wp\/v2\/media?parent=2686"}],"curies":[{"name":"wp","href":"https:\/\/api.w.org\/{rel}","templated":true}]}}