{"id":2658,"date":"2022-11-10T13:48:01","date_gmt":"2022-11-10T13:48:01","guid":{"rendered":"https:\/\/chronowatch.ch\/conditions-generales\/"},"modified":"2022-12-27T08:41:03","modified_gmt":"2022-12-27T08:41:03","slug":"conditions-generales","status":"publish","type":"page","link":"https:\/\/chronowatch.ch\/fr\/conditions-generales\/","title":{"rendered":"CONDITIONS G\u00c9N\u00c9RALES"},"content":{"rendered":"\n\t<div id=\"gap-1855099359\" class=\"gap-element clearfix\" style=\"display:block; height:auto;\">\n\t\t\n<style>\n#gap-1855099359 {\n  padding-top: 50px;\n}\n<\/style>\n\t<\/div>\n\t\n\n<div class=\"row row-full-width\"  id=\"row-833308894\">\n\n\n\t<div id=\"col-1328156723\" class=\"col small-12 large-12\"  >\n\t\t\t\t<div class=\"col-inner text-left\"  >\n\t\t\t\n\t\t\t\n\n\t<div id=\"text-1449364447\" class=\"text\">\n\t\t\n\n<h1>CONDITIONS G\u00c9N\u00c9RALES<\/h1>\r\n<h2><strong>1. CHAMP D&rsquo;APPLICATION ET INFORMATIONS G\u00c9N\u00c9RALES<\/strong><\/h2>\r\n1.1 Les pr\u00e9sentes conditions g\u00e9n\u00e9rales s&rsquo;appliquent aux livraisons et prestations via site web en ligne \u00ab\u00a0chronowatch.ch\u00a0\u00bb, g\u00e9r\u00e9e par Chrono AG, soci\u00e9t\u00e9 de droit suisse, num\u00e9ro d&rsquo;identification CHE-108.009.554, Weissensteinstrasse 49, 4502 Soleure, Suisse. Chrono AG est propri\u00e9taire des montres produites sous Private Label et est ci-apr\u00e8s d\u00e9nomm\u00e9e Chrono AG.\r\n\r\nNous attirons votre attention sur le fait que les services mis \u00e0 disposition par Chrono AG sur internet ne constituent pas une offre en vue de conclure un contrat avec les utilisateurs du site web. L&rsquo;acc\u00e8s au pr\u00e9sent site web est r\u00e9gi par les conditions g\u00e9n\u00e9rales suivantes:\r\n\r\n1.2 Nous vous recommandons de lire attentivement les conditions g\u00e9n\u00e9rales avant d\u2019utiliser notre site web.\r\n\r\n1.3 Toute donn\u00e9e figurant sur le pr\u00e9sent site peut \u00eatre modifi\u00e9e sans pr\u00e9avis. Bien que Chrono AG veille \u00e0 ce que le pr\u00e9sent site web contienne des informations correctes et actuelles, la soci\u00e9t\u00e9 n&rsquo;accorde aucune garantie ni engagement quant au contenu du site. Chrono AG n&rsquo;assume aucune responsabilit\u00e9 quant \u00e0 l&rsquo;exactitude, au caract\u00e8re actuel et exhaustif des informations figurant sur le site chronowatch.ch. Chrono AG se r\u00e9serve le droit de modifier le contenu du site web chronowatch.ch de quelque mani\u00e8re que ce soit, \u00e0 tout moment, pour quelque raison que ce soit et sans pr\u00e9avis et ne saurait \u00eatre tenue responsable d&rsquo;\u00e9ventuelles cons\u00e9quences de ces modifications.\r\n\r\n1.4 Chrono AG pr\u00e9sente les produits dans sa boutique en ligne aussi pr\u00e9cis\u00e9ment que possible. Malheureusement, il n&rsquo;est pas possible d&rsquo;\u00e9viter que les couleurs et les formes sur les \u00e9crans respectifs ne correspondent pas aux objets r\u00e9els. De plus, Chrono AG ne peut garantir que les descriptions et illustrations des produits sont toujours exemptes d&rsquo;erreurs et que les produits correspondent exactement aux attentes des clients.\r\n\r\n1.5 Chrono AG ne peut pas \u00eatre rendue responsable de dommages, frais ou pertes pouvant \u00eatre entra\u00een\u00e9s par l&rsquo;utilisation du site chronowatch.ch, par l&rsquo;utilisation de liens et\/ou adresses \u00e9lectroniques mis \u00e0 disposition par Chrono AG.\r\n\r\n1.6 Les pr\u00e9sentes conditions d&rsquo;utilisation sont, si le cadre l\u00e9gal le permet, r\u00e9gies par le droit suisse. Dans la mesure o\u00f9 la loi l&rsquo;autorise, Soleure\/Suisse est le tribunal comp\u00e9tent pour tous les litiges d\u00e9coulant de la relation juridique entre le client et Chrono AG. Chrono AG est \u00e9galement en droit d&rsquo;intenter une action au domicile du client.\r\n<h2><strong>2. PROTECTION DES DONN\u00c9ES<\/strong><\/h2>\r\nChrono AG respecte toutes les exigences en mati\u00e8re de protection des donn\u00e9es. Les donn\u00e9es du client ne sont collect\u00e9es et trait\u00e9es que pour l&rsquo;ex\u00e9cution de l&rsquo;offre d&rsquo;achat correspondante. Les dispositions l\u00e9gales s&rsquo;appliquent au stockage des donn\u00e9es. Pour le reste, Chrono AG renvoie \u00e0 la d\u00e9claration de protection des donn\u00e9es.\r\n<h2><strong>3. CLAUSE DE SAUVEGARDE<\/strong><\/h2>\r\nSi l&rsquo;une des dispositions des pr\u00e9sentes conditions g\u00e9n\u00e9rales de vente s&rsquo;av\u00e9rait ou devenait invalide ou inapplicable, la validit\u00e9 des autres dispositions n&rsquo;en serait pas affect\u00e9e.\r\n<h2><strong>4. CESSION<\/strong><\/h2>\r\nVous ne pouvez transf\u00e9rer, c\u00e9der, imputer ou autrement ali\u00e9ner des droits ou obligations en vertu de tout contrat entre vous et Chrono AG \u00e0 un tiers sans notre consentement pr\u00e9alable.\r\n<h2><strong>5. CONTENU DU SITE WEB, MARQUES &amp; DROITS D&rsquo;AUTEUR<\/strong><\/h2>\r\n5.1 Tous les contenus figurant sur le site web chronowatch.ch (y compris, et sans restriction, les images, photos, design, texte, logos, graphiques, symboles, clips audio et\/ou vid\u00e9o, t\u00e9l\u00e9chargements, interfaces, informations, documents, code et logiciel, ainsi que leur s\u00e9lection et leur disposition dans le site) sont la propri\u00e9t\u00e9 exclusive de Chrono AG, de ses bailleurs de licence ou de ses prestataires de contenus et sont prot\u00e9g\u00e9s par le droit d&rsquo;auteur, le droit relatif aux marques et autres lois applicables.\r\n\r\n5.2 Les utilisateurs de ce site web sont autoris\u00e9s \u00e0 acc\u00e9der aux contenus du site, \u00e0 les copier, les t\u00e9l\u00e9charger et les imprimer uniquement pour leur usage personnel, non commercial, et \u00e0 condition qu&rsquo;ils ne modifient pas ni n&rsquo;effacent les indications relatives au droit d&rsquo;auteur, au droit des marques ou autres indications relatives \u00e0 la propri\u00e9t\u00e9 qui apparaissent sur la page de contenu \u00e0 laquelle les utilisateurs ont acc\u00e8s et qu&rsquo;ils copient, t\u00e9l\u00e9chargent ou impriment. Il est interdit de proc\u00e9der \u00e0 tout autre usage des contenus figurant sur ce site web, y compris, mais pas seulement, la modification, la diffusion, la transmission, l&rsquo;envoi, la publication, le t\u00e9l\u00e9chargement, la concession de licence, l&rsquo;ing\u00e9nierie inverse, le transfert, la vente ou la cr\u00e9ation d&rsquo;\u0153uvres d\u00e9riv\u00e9es des contenus, produits ou services qui sont fournis par ce site web ou d&rsquo;utiliser ce site web \u00e0 des fins faisant concurrence \u00e0 Chrono AG.\r\n\r\nLes conditions g\u00e9n\u00e9rales en t\u00e9l\u00e9chargement pdf.\n\t\t\n<style>\n#text-1449364447 {\n  font-size: 1rem;\n}\n<\/style>\n\t<\/div>\n\t\n\n\t\t<\/div>\n\t\t\t\t\t<\/div>\n\n\t\n\n<\/div>\n\n","protected":false},"excerpt":{"rendered":"","protected":false},"author":2,"featured_media":0,"parent":0,"menu_order":0,"comment_status":"closed","ping_status":"closed","template":"","meta":{"content-type":"","footnotes":""},"class_list":["post-2658","page","type-page","status-publish","hentry"],"yoast_head":"<!-- This site is optimized with the Yoast SEO Premium plugin v27.0 (Yoast SEO v27.0) - https:\/\/yoast.com\/product\/yoast-seo-premium-wordpress\/ -->\n<title>CONDITIONS G\u00c9N\u00c9RALES - Chrono AG Private Label Watches<\/title>\n<meta name=\"robots\" content=\"index, follow, max-snippet:-1, max-image-preview:large, max-video-preview:-1\" \/>\n<link rel=\"canonical\" href=\"https:\/\/chronowatch.ch\/fr\/conditions-generales\/\" \/>\n<meta property=\"og:locale\" content=\"fr_FR\" \/>\n<meta property=\"og:type\" content=\"article\" \/>\n<meta property=\"og:title\" content=\"CONDITIONS G\u00c9N\u00c9RALES - Chrono AG Private Label Watches\" \/>\n<meta property=\"og:url\" content=\"https:\/\/chronowatch.ch\/fr\/conditions-generales\/\" \/>\n<meta property=\"og:site_name\" content=\"Chrono AG Private Label Watches\" \/>\n<meta property=\"article:modified_time\" content=\"2022-12-27T08:41:03+00:00\" \/>\n<meta name=\"twitter:card\" content=\"summary_large_image\" \/>\n<meta name=\"twitter:label1\" content=\"Dur\u00e9e de lecture estim\u00e9e\" \/>\n\t<meta name=\"twitter:data1\" content=\"4 minutes\" \/>\n<script type=\"application\/ld+json\" class=\"yoast-schema-graph\">{\"@context\":\"https:\/\/schema.org\",\"@graph\":[{\"@type\":\"WebPage\",\"@id\":\"https:\/\/chronowatch.ch\/fr\/conditions-generales\/\",\"url\":\"https:\/\/chronowatch.ch\/fr\/conditions-generales\/\",\"name\":\"CONDITIONS G\u00c9N\u00c9RALES - Chrono AG Private Label Watches\",\"isPartOf\":{\"@id\":\"https:\/\/chronowatch.ch\/fr\/#website\"},\"datePublished\":\"2022-11-10T13:48:01+00:00\",\"dateModified\":\"2022-12-27T08:41:03+00:00\",\"breadcrumb\":{\"@id\":\"https:\/\/chronowatch.ch\/fr\/conditions-generales\/#breadcrumb\"},\"inLanguage\":\"fr-FR\",\"potentialAction\":[{\"@type\":\"ReadAction\",\"target\":[\"https:\/\/chronowatch.ch\/fr\/conditions-generales\/\"]}]},{\"@type\":\"BreadcrumbList\",\"@id\":\"https:\/\/chronowatch.ch\/fr\/conditions-generales\/#breadcrumb\",\"itemListElement\":[{\"@type\":\"ListItem\",\"position\":1,\"name\":\"Home\",\"item\":\"https:\/\/chronowatch.ch\/fr\/home\/\"},{\"@type\":\"ListItem\",\"position\":2,\"name\":\"CONDITIONS G\u00c9N\u00c9RALES\"}]},{\"@type\":\"WebSite\",\"@id\":\"https:\/\/chronowatch.ch\/fr\/#website\",\"url\":\"https:\/\/chronowatch.ch\/fr\/\",\"name\":\"Chrono AG Private Label Watches\",\"description\":\"Swiss Made Promotional and Private Label Watches\",\"publisher\":{\"@id\":\"https:\/\/chronowatch.ch\/fr\/#organization\"},\"potentialAction\":[{\"@type\":\"SearchAction\",\"target\":{\"@type\":\"EntryPoint\",\"urlTemplate\":\"https:\/\/chronowatch.ch\/fr\/?s={search_term_string}\"},\"query-input\":{\"@type\":\"PropertyValueSpecification\",\"valueRequired\":true,\"valueName\":\"search_term_string\"}}],\"inLanguage\":\"fr-FR\"},{\"@type\":\"Organization\",\"@id\":\"https:\/\/chronowatch.ch\/fr\/#organization\",\"name\":\"Chrono AG\",\"url\":\"https:\/\/chronowatch.ch\/fr\/\",\"logo\":{\"@type\":\"ImageObject\",\"inLanguage\":\"fr-FR\",\"@id\":\"https:\/\/chronowatch.ch\/fr\/#\/schema\/logo\/image\/\",\"url\":\"https:\/\/chronowatch.ch\/wp-content\/uploads\/2022\/11\/logo_chrono_s.png\",\"contentUrl\":\"https:\/\/chronowatch.ch\/wp-content\/uploads\/2022\/11\/logo_chrono_s.png\",\"width\":500,\"height\":73,\"caption\":\"Chrono AG\"},\"image\":{\"@id\":\"https:\/\/chronowatch.ch\/fr\/#\/schema\/logo\/image\/\"}}]}<\/script>\n<!-- \/ Yoast SEO Premium plugin. -->","yoast_head_json":{"title":"CONDITIONS G\u00c9N\u00c9RALES - Chrono AG Private Label Watches","robots":{"index":"index","follow":"follow","max-snippet":"max-snippet:-1","max-image-preview":"max-image-preview:large","max-video-preview":"max-video-preview:-1"},"canonical":"https:\/\/chronowatch.ch\/fr\/conditions-generales\/","og_locale":"fr_FR","og_type":"article","og_title":"CONDITIONS G\u00c9N\u00c9RALES - Chrono AG Private Label Watches","og_url":"https:\/\/chronowatch.ch\/fr\/conditions-generales\/","og_site_name":"Chrono AG Private Label Watches","article_modified_time":"2022-12-27T08:41:03+00:00","twitter_card":"summary_large_image","twitter_misc":{"Dur\u00e9e de lecture estim\u00e9e":"4 minutes"},"schema":{"@context":"https:\/\/schema.org","@graph":[{"@type":"WebPage","@id":"https:\/\/chronowatch.ch\/fr\/conditions-generales\/","url":"https:\/\/chronowatch.ch\/fr\/conditions-generales\/","name":"CONDITIONS G\u00c9N\u00c9RALES - Chrono AG Private Label Watches","isPartOf":{"@id":"https:\/\/chronowatch.ch\/fr\/#website"},"datePublished":"2022-11-10T13:48:01+00:00","dateModified":"2022-12-27T08:41:03+00:00","breadcrumb":{"@id":"https:\/\/chronowatch.ch\/fr\/conditions-generales\/#breadcrumb"},"inLanguage":"fr-FR","potentialAction":[{"@type":"ReadAction","target":["https:\/\/chronowatch.ch\/fr\/conditions-generales\/"]}]},{"@type":"BreadcrumbList","@id":"https:\/\/chronowatch.ch\/fr\/conditions-generales\/#breadcrumb","itemListElement":[{"@type":"ListItem","position":1,"name":"Home","item":"https:\/\/chronowatch.ch\/fr\/home\/"},{"@type":"ListItem","position":2,"name":"CONDITIONS G\u00c9N\u00c9RALES"}]},{"@type":"WebSite","@id":"https:\/\/chronowatch.ch\/fr\/#website","url":"https:\/\/chronowatch.ch\/fr\/","name":"Chrono AG Private Label Watches","description":"Swiss Made Promotional and Private Label Watches","publisher":{"@id":"https:\/\/chronowatch.ch\/fr\/#organization"},"potentialAction":[{"@type":"SearchAction","target":{"@type":"EntryPoint","urlTemplate":"https:\/\/chronowatch.ch\/fr\/?s={search_term_string}"},"query-input":{"@type":"PropertyValueSpecification","valueRequired":true,"valueName":"search_term_string"}}],"inLanguage":"fr-FR"},{"@type":"Organization","@id":"https:\/\/chronowatch.ch\/fr\/#organization","name":"Chrono AG","url":"https:\/\/chronowatch.ch\/fr\/","logo":{"@type":"ImageObject","inLanguage":"fr-FR","@id":"https:\/\/chronowatch.ch\/fr\/#\/schema\/logo\/image\/","url":"https:\/\/chronowatch.ch\/wp-content\/uploads\/2022\/11\/logo_chrono_s.png","contentUrl":"https:\/\/chronowatch.ch\/wp-content\/uploads\/2022\/11\/logo_chrono_s.png","width":500,"height":73,"caption":"Chrono AG"},"image":{"@id":"https:\/\/chronowatch.ch\/fr\/#\/schema\/logo\/image\/"}}]}},"_links":{"self":[{"href":"https:\/\/chronowatch.ch\/fr\/wp-json\/wp\/v2\/pages\/2658","targetHints":{"allow":["GET"]}}],"collection":[{"href":"https:\/\/chronowatch.ch\/fr\/wp-json\/wp\/v2\/pages"}],"about":[{"href":"https:\/\/chronowatch.ch\/fr\/wp-json\/wp\/v2\/types\/page"}],"author":[{"embeddable":true,"href":"https:\/\/chronowatch.ch\/fr\/wp-json\/wp\/v2\/users\/2"}],"replies":[{"embeddable":true,"href":"https:\/\/chronowatch.ch\/fr\/wp-json\/wp\/v2\/comments?post=2658"}],"version-history":[{"count":1,"href":"https:\/\/chronowatch.ch\/fr\/wp-json\/wp\/v2\/pages\/2658\/revisions"}],"predecessor-version":[{"id":2659,"href":"https:\/\/chronowatch.ch\/fr\/wp-json\/wp\/v2\/pages\/2658\/revisions\/2659"}],"wp:attachment":[{"href":"https:\/\/chronowatch.ch\/fr\/wp-json\/wp\/v2\/media?parent=2658"}],"curies":[{"name":"wp","href":"https:\/\/api.w.org\/{rel}","templated":true}]}}