{"id":2536,"date":"2022-11-08T13:42:24","date_gmt":"2022-11-08T13:42:24","guid":{"rendered":"https:\/\/chronowatch.ch\/a-propos-de-nous\/"},"modified":"2023-02-10T12:28:41","modified_gmt":"2023-02-10T12:28:41","slug":"a-propos-de-nous","status":"publish","type":"page","link":"https:\/\/chronowatch.ch\/fr\/a-propos-de-nous\/","title":{"rendered":"\u00c0 propos de nous"},"content":{"rendered":"\n\t<div id=\"gap-1959056587\" class=\"gap-element clearfix\" style=\"display:block; height:auto;\">\n\t\t\n<style>\n#gap-1959056587 {\n  padding-top: 50px;\n}\n<\/style>\n\t<\/div>\n\t\n\n<div class=\"row\"  id=\"row-1899578304\">\n\n\n\t<div id=\"col-1849377298\" class=\"col small-12 large-12\"  >\n\t\t\t\t<div class=\"col-inner\"  >\n\t\t\t\n\t\t\t\n\n\t<div id=\"text-631616564\" class=\"text\">\n\t\t\n\n<h1 class=\"thin-font\">\u00c0 PROPOS DE NOUS<\/h1>\n\t\t\n<style>\n#text-631616564 {\n  font-size: 1.8rem;\n}\n<\/style>\n\t<\/div>\n\t\n\t<div id=\"text-4260018925\" class=\"text\">\n\t\t\n\n<h2><strong>VOS SOUHAITS, NOS COMP\u00c9TENCES, VOTRE MONTRE SUISSE PERSONNALIS\u00c9E<\/strong><\/h2>\n\t\t\n<style>\n#text-4260018925 {\n  font-size: 1rem;\n}\n<\/style>\n\t<\/div>\n\t\n\n\t\t<\/div>\n\t\t\t\t\t<\/div>\n\n\t\n\n<\/div>\n<div class=\"row\"  id=\"row-1360865111\">\n\n\n\t<div id=\"col-1214542347\" class=\"col medium-6 small-12 large-6\"  >\n\t\t\t\t<div class=\"col-inner\"  >\n\t\t\t\n\t\t\t\n\n\t<div class=\"img has-hover x md-x lg-x y md-y lg-y\" id=\"image_932376503\">\n\t\t\t\t\t\t\t\t<div class=\"img-inner dark\" >\n\t\t\t<img loading=\"lazy\" decoding=\"async\" width=\"1020\" height=\"764\" src=\"https:\/\/chronowatch.ch\/wp-content\/uploads\/2022\/11\/ref_bild_Plweb-1024x767.jpg\" class=\"attachment-large size-large\" alt=\"\" srcset=\"https:\/\/chronowatch.ch\/wp-content\/uploads\/2022\/11\/ref_bild_Plweb-1024x767.jpg 1024w, https:\/\/chronowatch.ch\/wp-content\/uploads\/2022\/11\/ref_bild_Plweb-600x450.jpg 600w, https:\/\/chronowatch.ch\/wp-content\/uploads\/2022\/11\/ref_bild_Plweb-300x225.jpg 300w, https:\/\/chronowatch.ch\/wp-content\/uploads\/2022\/11\/ref_bild_Plweb-768x575.jpg 768w, https:\/\/chronowatch.ch\/wp-content\/uploads\/2022\/11\/ref_bild_Plweb-1536x1151.jpg 1536w, https:\/\/chronowatch.ch\/wp-content\/uploads\/2022\/11\/ref_bild_Plweb-2048x1535.jpg 2048w\" sizes=\"auto, (max-width: 1020px) 100vw, 1020px\" \/>\t\t\t\t\t\t\n\t\t\t\t\t<\/div>\n\t\t\t\t\t\t\t\t\n<style>\n#image_932376503 {\n  width: 100%;\n}\n<\/style>\n\t<\/div>\n\t\n\n\n\t\t<\/div>\n\t\t\t\t\t<\/div>\n\n\t\n\n\t<div id=\"col-1935701974\" class=\"col medium-6 small-12 large-6\"  >\n\t\t\t\t<div class=\"col-inner\"  >\n\t\t\t\n\t\t\t\n\n<h2 class=\"thin-font\">NOUS CR\u00c9ONS DES MONTRES<\/h2>\n<p>Depuis 1981 CHRONO AG con\u00e7oit et fabrique des montres de qualit\u00e9 \u00ab\u00a0Swiss Made\u00a0\u00bb, servant d\u2019ambassadrices publicitaires \u00e0 des entreprises, des produits et des marques du monde entier. Gr\u00e2ce \u00e0 nos multiples techniciens et \u00e0 nos nombreuses ann\u00e9es de savoir-faire, n\u2019importe quelle id\u00e9e de design peut quasiment \u00eatre r\u00e9alis\u00e9e. Une fa\u00e7on marquante et \u00e9l\u00e9gante de diffuser dans le monde entier le nom de votre entreprise, une image de votre produit ou votre logo, en faisant appel aux personnes que vous appr\u00e9ciez, toutes portant des montres sur lesquelles elles peuvent compter. Notre liste de clients comprend des marques et des entreprises c\u00e9l\u00e8bres dans le monde bancaire, de l\u2019automobile, dans les t\u00e9l\u00e9communications, dans l\u2019h\u00f4tellerie, des clubs ou des associations. Tr\u00e8s soucieux de rester discrets, nous ne vous pr\u00e9sentons ici que quelques exemples de notre travail.<\/p>\n\n\t\t<\/div>\n\t\t\t\t\t<\/div>\n\n\t\n\n<\/div>\n<div class=\"row\"  id=\"row-1386933812\">\n\n\n\t<div id=\"col-2125563702\" class=\"col medium-6 small-12 large-6\"  >\n\t\t\t\t<div class=\"col-inner\"  >\n\t\t\t\n\t\t\t\n\n\t<div class=\"img has-hover x md-x lg-x y md-y lg-y\" id=\"image_388584423\">\n\t\t\t\t\t\t\t\t<div class=\"img-inner dark\" >\n\t\t\t<img loading=\"lazy\" decoding=\"async\" width=\"1009\" height=\"756\" src=\"https:\/\/chronowatch.ch\/wp-content\/uploads\/2022\/11\/location_1.jpg\" class=\"attachment-large size-large\" alt=\"\" srcset=\"https:\/\/chronowatch.ch\/wp-content\/uploads\/2022\/11\/location_1.jpg 1009w, https:\/\/chronowatch.ch\/wp-content\/uploads\/2022\/11\/location_1-600x450.jpg 600w, https:\/\/chronowatch.ch\/wp-content\/uploads\/2022\/11\/location_1-300x225.jpg 300w, https:\/\/chronowatch.ch\/wp-content\/uploads\/2022\/11\/location_1-768x575.jpg 768w\" sizes=\"auto, (max-width: 1009px) 100vw, 1009px\" \/>\t\t\t\t\t\t\n\t\t\t\t\t<\/div>\n\t\t\t\t\t\t\t\t\n<style>\n#image_388584423 {\n  width: 100%;\n}\n<\/style>\n\t<\/div>\n\t\n\n\n\t\t<\/div>\n\t\t\t\t\t<\/div>\n\n\t\n\n\t<div id=\"col-2003297641\" class=\"col medium-6 small-12 large-6\"  >\n\t\t\t\t<div class=\"col-inner\"  >\n\t\t\t\n\t\t\t\n\n<h2 class=\"thin-font\">DES LOCAUX QUI ONT UNE HISTOIRE<\/h2>\n<p>A notre si\u00e8ge, \u00e0 Soleure, nous nous effor\u00e7ons de cr\u00e9er des montres dans l\u2019esprit de la tradition suisse et nous avons l\u2019honneur de pouvoir le faire dans des locaux embl\u00e9matiques de la tradition horlog\u00e8re suisse qui ont plus d\u2019un si\u00e8cle. Construit en 1915\/1916 par le fabricant de montres Stadler-Bouch\u00e9, le b\u00e2timent fut repris par l\u2019une des premi\u00e8res \u00e9coles d\u2019horlogerie en Suisse, leader mondial de la formation dans ce domaine. C\u2019est dans ces locaux que se fa\u00e7onna le succ\u00e8s de g\u00e9n\u00e9rations d\u2019horlogers, jusqu\u2019\u00e0 2002. L\u2019\u00e9cole ayant d\u00e9m\u00e9nag\u00e9 dans des locaux plus vastes, Chrono AG acheta le b\u00e2timent en 2003 et le r\u00e9nova compl\u00e8tement, afin qu\u2019il puisse abriter notre passion et que nous d\u00e9veloppions et fassions \u00e9voluer le m\u00e9tier d\u2019horloger. Ainsi, le b\u00e2timent de notre entreprise abrite d\u00e9sormais tous nos d\u00e9partements, de la conception \u00e0 la production, en passant par les ventes, le marketing et la logistique. Cela nous permet d&rsquo;interagir \u00e9troitement \u00e0 tous les niveaux de la fabrication, ce qui nous permet de cr\u00e9er l&rsquo;efficacit\u00e9 et la comp\u00e9tence qui sont n\u00e9cessaires pour r\u00e9ussir dans le monde des affaires d&rsquo;aujourd&rsquo;hui, qui \u00e9volue rapidement.<\/p>\n\n\t\t<\/div>\n\t\t\t\t\t<\/div>\n\n\t\n\n<\/div>\n\t<div id=\"gap-257264836\" class=\"gap-element clearfix hide-for-small\" style=\"display:block; height:auto;\">\n\t\t\n<style>\n#gap-257264836 {\n  padding-top: 50px;\n}\n<\/style>\n\t<\/div>\n\t\n\n\t<div id=\"text-3390834632\" class=\"text\">\n\t\t\n\n<h2 id=\"swiss-made\" class=\"thin-font\">SWISS MADE<\/h2>\n\t\t\n<style>\n#text-3390834632 {\n  font-size: 1.8rem;\n}\n<\/style>\n\t<\/div>\n\t\n<div class=\"row\"  id=\"row-1636415953\">\n\n\n\t<div id=\"col-1210849665\" class=\"col medium-6 small-12 large-6\"  >\n\t\t\t\t<div class=\"col-inner\"  >\n\t\t\t\n\t\t\t\n\n\t<div class=\"img has-hover x md-x lg-x y md-y lg-y\" id=\"image_1150955695\">\n\t\t\t\t\t\t\t\t<div class=\"img-inner dark\" >\n\t\t\t<img loading=\"lazy\" decoding=\"async\" width=\"1020\" height=\"764\" src=\"https:\/\/chronowatch.ch\/wp-content\/uploads\/2022\/11\/Design_CMYK-1024x767.jpg\" class=\"attachment-large size-large\" alt=\"\" srcset=\"https:\/\/chronowatch.ch\/wp-content\/uploads\/2022\/11\/Design_CMYK-1024x767.jpg 1024w, https:\/\/chronowatch.ch\/wp-content\/uploads\/2022\/11\/Design_CMYK-600x449.jpg 600w, https:\/\/chronowatch.ch\/wp-content\/uploads\/2022\/11\/Design_CMYK-300x225.jpg 300w, https:\/\/chronowatch.ch\/wp-content\/uploads\/2022\/11\/Design_CMYK-768x575.jpg 768w, https:\/\/chronowatch.ch\/wp-content\/uploads\/2022\/11\/Design_CMYK-1536x1151.jpg 1536w, https:\/\/chronowatch.ch\/wp-content\/uploads\/2022\/11\/Design_CMYK-2048x1534.jpg 2048w\" sizes=\"auto, (max-width: 1020px) 100vw, 1020px\" \/>\t\t\t\t\t\t\n\t\t\t\t\t<\/div>\n\t\t\t\t\t\t\t\t\n<style>\n#image_1150955695 {\n  width: 100%;\n}\n<\/style>\n\t<\/div>\n\t\n\n\n\t\t<\/div>\n\t\t\t\t\t<\/div>\n\n\t\n\n\t<div id=\"col-888878320\" class=\"col medium-6 small-12 large-6\"  >\n\t\t\t\t<div class=\"col-inner\"  >\n\t\t\t\n\t\t\t\n\n<h2 class=\"thin-font\">DU DESIGN \u00c0 LA PRODUCTION<\/h2>\n<p>Du design initial d\u2019une montre au produit fini, toutes les \u00e9tapes de la production se d\u00e9roulent et sont contr\u00f4l\u00e9es \u00e0 notre si\u00e8ge, dans la belle ville de Soleure. Dans l\u2019esprit de la tradition horlog\u00e8re suisse, nous nous engageons \u00e0 fabriquer toutes nos montres conform\u00e9ment aux r\u00e9glementations officielles suisses r\u00e9gissant le label \u00ab\u00a0Swiss Made\u00a0\u00bb, synonyme de niveau de qualit\u00e9 \u00e9lev\u00e9e, de connaissance du m\u00e9tier, de savoir-faire technique, d\u2019innovation et de comp\u00e9tence, sans oublier les valeurs esth\u00e9tiques. En cela, nous nous effor\u00e7ons d\u2019\u00eatre \u00e0 la hauteur de la r\u00e9putation unique des montres Swiss Made, mais nous cherchons aussi \u00e0 proposer au consommateurs le meilleur choix possible de montres de grande qualit\u00e9. Notre \u00e9quipe, solidement implant\u00e9e et riche d\u2019une grande exp\u00e9rience, faisant preuve d\u2019expertise et de cr\u00e9ativit\u00e9, se consacre tous les jours \u00e0 la cr\u00e9ation de montres exceptionnelles, parfait m\u00e9lange de tradition et de modernit\u00e9.<\/p>\n<\/div>\n<\/div>\n\n\t\t<\/div>\n\t\t\t\t\t<\/div>\n\n\t\n\n<\/div>\n\t<div id=\"gap-2038599259\" class=\"gap-element clearfix hide-for-small\" style=\"display:block; height:auto;\">\n\t\t\n<style>\n#gap-2038599259 {\n  padding-top: 50px;\n}\n<\/style>\n\t<\/div>\n\t\n\n\t<div id=\"text-4140265918\" class=\"text\">\n\t\t\n\n<h2 class=\"thin-font\">NOS ATELIERS<\/h2>\n\t\t\n<style>\n#text-4140265918 {\n  font-size: 1.8rem;\n}\n<\/style>\n\t<\/div>\n\t\n<div class=\"row\"  id=\"row-1967180289\">\n\n\n\t<div id=\"col-462573442\" class=\"col medium-6 small-12 large-6\"  >\n\t\t\t\t<div class=\"col-inner\"  >\n\t\t\t\n\t\t\t\n\n\t<div class=\"img has-hover x md-x lg-x y md-y lg-y\" id=\"image_1679998055\">\n\t\t\t\t\t\t\t\t<div class=\"img-inner dark\" >\n\t\t\t<img loading=\"lazy\" decoding=\"async\" width=\"813\" height=\"1024\" src=\"https:\/\/chronowatch.ch\/wp-content\/uploads\/2022\/11\/donebyhand-813x1024.jpg\" class=\"attachment-large size-large\" alt=\"\" srcset=\"https:\/\/chronowatch.ch\/wp-content\/uploads\/2022\/11\/donebyhand-813x1024.jpg 813w, https:\/\/chronowatch.ch\/wp-content\/uploads\/2022\/11\/donebyhand-600x756.jpg 600w, https:\/\/chronowatch.ch\/wp-content\/uploads\/2022\/11\/donebyhand-238x300.jpg 238w, https:\/\/chronowatch.ch\/wp-content\/uploads\/2022\/11\/donebyhand-768x967.jpg 768w, https:\/\/chronowatch.ch\/wp-content\/uploads\/2022\/11\/donebyhand.jpg 1009w\" sizes=\"auto, (max-width: 813px) 100vw, 813px\" \/>\t\t\t\t\t\t\n\t\t\t\t\t<\/div>\n\t\t\t\t\t\t\t\t\n<style>\n#image_1679998055 {\n  width: 100%;\n}\n<\/style>\n\t<\/div>\n\t\n\n\n\t\t<\/div>\n\t\t\t\t\t<\/div>\n\n\t\n\n\t<div id=\"col-739130294\" class=\"col medium-6 small-12 large-6\"  >\n\t\t\t\t<div class=\"col-inner\"  >\n\t\t\t\n\t\t\t\n\n<h2 class=\"thin-font\">DANS NOS ATELIERS D&rsquo;HORLOGERIE<\/h2>\n<p>Dans nos ateliers, la pr\u00e9cision du travail manuel est au c\u0153ur de notre comp\u00e9tence horlog\u00e8re. Nos horlogers ont \u00e9t\u00e9 soigneusement form\u00e9s et sont professionnels dans leur domaine. Chaque montre est assembl\u00e9e, contr\u00f4l\u00e9e et emball\u00e9e \u00e0 la main. C\u2019est ainsi que nous garantissons la qualit\u00e9 \u00abSwiss Made\u00bb de nos produits. C\u2019est avec fiert\u00e9 que nous pouvons donc affirmer que chaque montre Chrono AG fait honneur \u00e0 a tradition horlog\u00e8re suisse.<\/p>\n\n\t\t<\/div>\n\t\t\t\t\t<\/div>\n\n\t\n\n<\/div>\n<div class=\"row\"  id=\"row-1827695830\">\n\n\n\t<div id=\"col-435173759\" class=\"col medium-6 small-12 large-6\"  >\n\t\t\t\t<div class=\"col-inner\"  >\n\t\t\t\n\t\t\t\n\n\t<div class=\"img has-hover x md-x lg-x y md-y lg-y\" id=\"image_824959916\">\n\t\t\t\t\t\t\t\t<div class=\"img-inner dark\" >\n\t\t\t<img loading=\"lazy\" decoding=\"async\" width=\"1009\" height=\"949\" src=\"https:\/\/chronowatch.ch\/wp-content\/uploads\/2022\/11\/dial_printing_2.jpg\" class=\"attachment-large size-large\" alt=\"\" srcset=\"https:\/\/chronowatch.ch\/wp-content\/uploads\/2022\/11\/dial_printing_2.jpg 1009w, https:\/\/chronowatch.ch\/wp-content\/uploads\/2022\/11\/dial_printing_2-600x564.jpg 600w, https:\/\/chronowatch.ch\/wp-content\/uploads\/2022\/11\/dial_printing_2-300x282.jpg 300w, https:\/\/chronowatch.ch\/wp-content\/uploads\/2022\/11\/dial_printing_2-768x722.jpg 768w\" sizes=\"auto, (max-width: 1009px) 100vw, 1009px\" \/>\t\t\t\t\t\t\n\t\t\t\t\t<\/div>\n\t\t\t\t\t\t\t\t\n<style>\n#image_824959916 {\n  width: 100%;\n}\n<\/style>\n\t<\/div>\n\t\n\n\n\t\t<\/div>\n\t\t\t\t\t<\/div>\n\n\t\n\n\t<div id=\"col-241090634\" class=\"col medium-6 small-12 large-6\"  >\n\t\t\t\t<div class=\"col-inner\"  >\n\t\t\t\n\t\t\t\n\n<h2 class=\"thin-font\">IN-HOUSE PRODUCTION<\/h2>\n<p>Plusieurs \u00e9tapes de fabrication sont n\u00e9cessaires avant qu\u2019une montre Chrono AG puisse sortir dans le monde pour remplir son office de mesurage du temps. Le travail manuel est au c\u0153ur de chaque \u00e9tape, s\u00e9lection des composants, impression du cadran, travail d\u2019assemblage, gravure au dos du bo\u00eetier, contr\u00f4le qualit\u00e9 et pour finir, emballage. Notre conviction est que les normes de qualit\u00e9 \u00e9lev\u00e9es que nous fixons pour nos produits ne peuvent \u00eatre respect\u00e9es qu\u2019en travaillant avec les comp\u00e9tences manuelles traditionnelles du m\u00e9tier, tout en int\u00e9grant les outils modernes et sp\u00e9cialis\u00e9s actuels, afin de soutenir nos horlogers dans leur recherche de pr\u00e9cision maximale. Sans oublier le contr\u00f4le qualit\u00e9 \u00e0 chacune des \u00e9tapes. Toutes les montres Chrono AG sont soumises \u00e0 une v\u00e9rification minutieuse de leur fonctionnement et de leur \u00e9tanch\u00e9it\u00e9, ainsi qu\u2019\u00e0 un contr\u00f4le visuel m\u00e9ticuleux.<\/p>\n<p>En travaillant de cette mani\u00e8re, nous garantissons la qualit\u00e9 \u00abSwiss Made\u00bb de toutes nos montres, qui respectent scrupuleusement toutes les r\u00e9glementations officielles \u00e9tablies par le Conseil f\u00e9d\u00e9ral. Pour assurer la qualit\u00e9 et la pr\u00e9cision de nos montres, seuls sont utilis\u00e9s des mouvements de haute qualit\u00e9, fournis par les fabricants suisses ETA, Ronda et Sellita.<\/p>\n\n\t\t<\/div>\n\t\t\t\t\t<\/div>\n\n\t\n\n<\/div>\n\t<div id=\"gap-1899394653\" class=\"gap-element clearfix hide-for-small\" style=\"display:block; height:auto;\">\n\t\t\n<style>\n#gap-1899394653 {\n  padding-top: 50px;\n}\n<\/style>\n\t<\/div>\n\t\n\n\t<div id=\"text-1270503580\" class=\"text\">\n\t\t\n\n<h2 class=\"thin-font\">ENTREPRISE FAMILIALE<\/h2>\n\t\t\n<style>\n#text-1270503580 {\n  font-size: 1.8rem;\n}\n<\/style>\n\t<\/div>\n\t\n<div class=\"row\"  id=\"row-1222403566\">\n\n\n\t<div id=\"col-943531569\" class=\"col medium-6 small-12 large-6\"  >\n\t\t\t\t<div class=\"col-inner\"  >\n\t\t\t\n\t\t\t\n\n\t<div class=\"img has-hover x md-x lg-x y md-y lg-y\" id=\"image_2041505159\">\n\t\t\t\t\t\t\t\t<div class=\"img-inner dark\" >\n\t\t\t<img loading=\"lazy\" decoding=\"async\" width=\"1009\" height=\"756\" src=\"https:\/\/chronowatch.ch\/wp-content\/uploads\/2022\/11\/family_1.jpg\" class=\"attachment-original size-original\" alt=\"\" srcset=\"https:\/\/chronowatch.ch\/wp-content\/uploads\/2022\/11\/family_1.jpg 1009w, https:\/\/chronowatch.ch\/wp-content\/uploads\/2022\/11\/family_1-600x450.jpg 600w, https:\/\/chronowatch.ch\/wp-content\/uploads\/2022\/11\/family_1-300x225.jpg 300w, https:\/\/chronowatch.ch\/wp-content\/uploads\/2022\/11\/family_1-768x575.jpg 768w\" sizes=\"auto, (max-width: 1009px) 100vw, 1009px\" \/>\t\t\t\t\t\t\n\t\t\t\t\t<\/div>\n\t\t\t\t\t\t\t\t\n<style>\n#image_2041505159 {\n  width: 100%;\n}\n<\/style>\n\t<\/div>\n\t\n\n\n\t\t<\/div>\n\t\t\t\t\t<\/div>\n\n\t\n\n\t<div id=\"col-598656293\" class=\"col medium-6 small-12 large-6\"  >\n\t\t\t\t<div class=\"col-inner\"  >\n\t\t\t\n\t\t\t\n\n<div class=\"col col-sm-4 col-md-4 col-lg-4\">\n<div class=\"content\">\n<h2 class=\"thin-font\">CR\u00c9ATIF ET IND\u00c9PENDANT<\/h2>\n<p>Ce qui fait battre le c\u0153ur de cette entreprise familiale ind\u00e9pendante, c\u2019est la passion de cr\u00e9er des montres, des produits incarnant plus que tous les autres le label \u00abSwiss Made\u00bb, dans le monde entier. C\u2019est pourquoi nous avons beaucoup modernis\u00e9 et d\u00e9velopp\u00e9 nos ateliers de fabrication ces derniers temps. Nous sommes d\u00e9sormais arm\u00e9s au mieux pour relever les d\u00e9fis de demain.<\/p>\n<p class=\"thin-font\">\n<\/p>\n<p class=\"thin-font\"><i>\u201cStolz blicken wir auf eine \u00fcber 40-j\u00e4hrige Familientradition zur\u00fcck. Sie ist die Motivation und treibende Kraft unseres Wirkens. Sie fordert uns auf, innovativ und kompetent zu handeln und Wert auf h\u00f6chste Schweizer Pr\u00e4zision zu legen.\u201d<\/i><\/p>\n<p>Markus &amp; Stephan Ingold<\/p>\n<\/div>\n<\/div>\n\n\n\t\t<\/div>\n\t\t\t\t\t<\/div>\n\n\t\n\n<\/div>\n\n","protected":false},"excerpt":{"rendered":"","protected":false},"author":4,"featured_media":0,"parent":0,"menu_order":0,"comment_status":"closed","ping_status":"closed","template":"","meta":{"content-type":"","footnotes":""},"class_list":["post-2536","page","type-page","status-publish","hentry"],"yoast_head":"<!-- This site is optimized with the Yoast SEO Premium plugin v27.0 (Yoast SEO v27.0) - https:\/\/yoast.com\/product\/yoast-seo-premium-wordpress\/ -->\n<title>\u00c0 propos de nous - Chrono AG Private Label Watches<\/title>\n<meta name=\"robots\" content=\"index, follow, max-snippet:-1, max-image-preview:large, max-video-preview:-1\" \/>\n<link rel=\"canonical\" href=\"https:\/\/chronowatch.ch\/fr\/a-propos-de-nous\/\" \/>\n<meta property=\"og:locale\" content=\"fr_FR\" \/>\n<meta property=\"og:type\" content=\"article\" \/>\n<meta property=\"og:title\" content=\"\u00c0 propos de nous - Chrono AG Private Label Watches\" \/>\n<meta property=\"og:url\" content=\"https:\/\/chronowatch.ch\/fr\/a-propos-de-nous\/\" \/>\n<meta property=\"og:site_name\" content=\"Chrono AG Private Label Watches\" \/>\n<meta property=\"article:modified_time\" content=\"2023-02-10T12:28:41+00:00\" \/>\n<meta name=\"twitter:card\" content=\"summary_large_image\" \/>\n<meta name=\"twitter:label1\" content=\"Dur\u00e9e de lecture estim\u00e9e\" \/>\n\t<meta name=\"twitter:data1\" content=\"6 minutes\" \/>\n<script type=\"application\/ld+json\" class=\"yoast-schema-graph\">{\"@context\":\"https:\/\/schema.org\",\"@graph\":[{\"@type\":\"WebPage\",\"@id\":\"https:\/\/chronowatch.ch\/fr\/a-propos-de-nous\/\",\"url\":\"https:\/\/chronowatch.ch\/fr\/a-propos-de-nous\/\",\"name\":\"\u00c0 propos de nous - Chrono AG Private Label Watches\",\"isPartOf\":{\"@id\":\"https:\/\/chronowatch.ch\/fr\/#website\"},\"datePublished\":\"2022-11-08T13:42:24+00:00\",\"dateModified\":\"2023-02-10T12:28:41+00:00\",\"breadcrumb\":{\"@id\":\"https:\/\/chronowatch.ch\/fr\/a-propos-de-nous\/#breadcrumb\"},\"inLanguage\":\"fr-FR\",\"potentialAction\":[{\"@type\":\"ReadAction\",\"target\":[\"https:\/\/chronowatch.ch\/fr\/a-propos-de-nous\/\"]}]},{\"@type\":\"BreadcrumbList\",\"@id\":\"https:\/\/chronowatch.ch\/fr\/a-propos-de-nous\/#breadcrumb\",\"itemListElement\":[{\"@type\":\"ListItem\",\"position\":1,\"name\":\"Home\",\"item\":\"https:\/\/chronowatch.ch\/fr\/home\/\"},{\"@type\":\"ListItem\",\"position\":2,\"name\":\"\u00c0 propos de nous\"}]},{\"@type\":\"WebSite\",\"@id\":\"https:\/\/chronowatch.ch\/fr\/#website\",\"url\":\"https:\/\/chronowatch.ch\/fr\/\",\"name\":\"Chrono AG Private Label Watches\",\"description\":\"Swiss Made Promotional and Private Label Watches\",\"publisher\":{\"@id\":\"https:\/\/chronowatch.ch\/fr\/#organization\"},\"potentialAction\":[{\"@type\":\"SearchAction\",\"target\":{\"@type\":\"EntryPoint\",\"urlTemplate\":\"https:\/\/chronowatch.ch\/fr\/?s={search_term_string}\"},\"query-input\":{\"@type\":\"PropertyValueSpecification\",\"valueRequired\":true,\"valueName\":\"search_term_string\"}}],\"inLanguage\":\"fr-FR\"},{\"@type\":\"Organization\",\"@id\":\"https:\/\/chronowatch.ch\/fr\/#organization\",\"name\":\"Chrono AG\",\"url\":\"https:\/\/chronowatch.ch\/fr\/\",\"logo\":{\"@type\":\"ImageObject\",\"inLanguage\":\"fr-FR\",\"@id\":\"https:\/\/chronowatch.ch\/fr\/#\/schema\/logo\/image\/\",\"url\":\"https:\/\/chronowatch.ch\/wp-content\/uploads\/2022\/11\/logo_chrono_s.png\",\"contentUrl\":\"https:\/\/chronowatch.ch\/wp-content\/uploads\/2022\/11\/logo_chrono_s.png\",\"width\":500,\"height\":73,\"caption\":\"Chrono AG\"},\"image\":{\"@id\":\"https:\/\/chronowatch.ch\/fr\/#\/schema\/logo\/image\/\"}}]}<\/script>\n<!-- \/ Yoast SEO Premium plugin. -->","yoast_head_json":{"title":"\u00c0 propos de nous - Chrono AG Private Label Watches","robots":{"index":"index","follow":"follow","max-snippet":"max-snippet:-1","max-image-preview":"max-image-preview:large","max-video-preview":"max-video-preview:-1"},"canonical":"https:\/\/chronowatch.ch\/fr\/a-propos-de-nous\/","og_locale":"fr_FR","og_type":"article","og_title":"\u00c0 propos de nous - Chrono AG Private Label Watches","og_url":"https:\/\/chronowatch.ch\/fr\/a-propos-de-nous\/","og_site_name":"Chrono AG Private Label Watches","article_modified_time":"2023-02-10T12:28:41+00:00","twitter_card":"summary_large_image","twitter_misc":{"Dur\u00e9e de lecture estim\u00e9e":"6 minutes"},"schema":{"@context":"https:\/\/schema.org","@graph":[{"@type":"WebPage","@id":"https:\/\/chronowatch.ch\/fr\/a-propos-de-nous\/","url":"https:\/\/chronowatch.ch\/fr\/a-propos-de-nous\/","name":"\u00c0 propos de nous - Chrono AG Private Label Watches","isPartOf":{"@id":"https:\/\/chronowatch.ch\/fr\/#website"},"datePublished":"2022-11-08T13:42:24+00:00","dateModified":"2023-02-10T12:28:41+00:00","breadcrumb":{"@id":"https:\/\/chronowatch.ch\/fr\/a-propos-de-nous\/#breadcrumb"},"inLanguage":"fr-FR","potentialAction":[{"@type":"ReadAction","target":["https:\/\/chronowatch.ch\/fr\/a-propos-de-nous\/"]}]},{"@type":"BreadcrumbList","@id":"https:\/\/chronowatch.ch\/fr\/a-propos-de-nous\/#breadcrumb","itemListElement":[{"@type":"ListItem","position":1,"name":"Home","item":"https:\/\/chronowatch.ch\/fr\/home\/"},{"@type":"ListItem","position":2,"name":"\u00c0 propos de nous"}]},{"@type":"WebSite","@id":"https:\/\/chronowatch.ch\/fr\/#website","url":"https:\/\/chronowatch.ch\/fr\/","name":"Chrono AG Private Label Watches","description":"Swiss Made Promotional and Private Label Watches","publisher":{"@id":"https:\/\/chronowatch.ch\/fr\/#organization"},"potentialAction":[{"@type":"SearchAction","target":{"@type":"EntryPoint","urlTemplate":"https:\/\/chronowatch.ch\/fr\/?s={search_term_string}"},"query-input":{"@type":"PropertyValueSpecification","valueRequired":true,"valueName":"search_term_string"}}],"inLanguage":"fr-FR"},{"@type":"Organization","@id":"https:\/\/chronowatch.ch\/fr\/#organization","name":"Chrono AG","url":"https:\/\/chronowatch.ch\/fr\/","logo":{"@type":"ImageObject","inLanguage":"fr-FR","@id":"https:\/\/chronowatch.ch\/fr\/#\/schema\/logo\/image\/","url":"https:\/\/chronowatch.ch\/wp-content\/uploads\/2022\/11\/logo_chrono_s.png","contentUrl":"https:\/\/chronowatch.ch\/wp-content\/uploads\/2022\/11\/logo_chrono_s.png","width":500,"height":73,"caption":"Chrono AG"},"image":{"@id":"https:\/\/chronowatch.ch\/fr\/#\/schema\/logo\/image\/"}}]}},"_links":{"self":[{"href":"https:\/\/chronowatch.ch\/fr\/wp-json\/wp\/v2\/pages\/2536","targetHints":{"allow":["GET"]}}],"collection":[{"href":"https:\/\/chronowatch.ch\/fr\/wp-json\/wp\/v2\/pages"}],"about":[{"href":"https:\/\/chronowatch.ch\/fr\/wp-json\/wp\/v2\/types\/page"}],"author":[{"embeddable":true,"href":"https:\/\/chronowatch.ch\/fr\/wp-json\/wp\/v2\/users\/4"}],"replies":[{"embeddable":true,"href":"https:\/\/chronowatch.ch\/fr\/wp-json\/wp\/v2\/comments?post=2536"}],"version-history":[{"count":10,"href":"https:\/\/chronowatch.ch\/fr\/wp-json\/wp\/v2\/pages\/2536\/revisions"}],"predecessor-version":[{"id":3645,"href":"https:\/\/chronowatch.ch\/fr\/wp-json\/wp\/v2\/pages\/2536\/revisions\/3645"}],"wp:attachment":[{"href":"https:\/\/chronowatch.ch\/fr\/wp-json\/wp\/v2\/media?parent=2536"}],"curies":[{"name":"wp","href":"https:\/\/api.w.org\/{rel}","templated":true}]}}