{"id":2518,"date":"2022-11-08T13:22:02","date_gmt":"2022-11-08T13:22:02","guid":{"rendered":"https:\/\/chronowatch.ch\/montres-sur-mesure\/"},"modified":"2022-11-24T14:52:08","modified_gmt":"2022-11-24T14:52:08","slug":"montres-sur-mesure","status":"publish","type":"page","link":"https:\/\/chronowatch.ch\/fr\/montres-sur-mesure\/","title":{"rendered":"MONTRES SUR MESURE"},"content":{"rendered":"\n\t<div id=\"gap-216523963\" class=\"gap-element clearfix\" style=\"display:block; height:auto;\">\n\t\t\n<style>\n#gap-216523963 {\n  padding-top: 50px;\n}\n<\/style>\n\t<\/div>\n\t\n\n<div class=\"row\"  id=\"row-921309777\">\n\n\n\t<div id=\"col-226761748\" class=\"col small-12 large-12\"  >\n\t\t\t\t<div class=\"col-inner\"  >\n\t\t\t\n\t\t\t\n\n\t<div id=\"text-1142095937\" class=\"text\">\n\t\t\n\n<h1 class=\"thin-font\">MONTRES SUR MESURE<\/h1>\n\t\t\n<style>\n#text-1142095937 {\n  font-size: 1.8rem;\n}\n<\/style>\n\t<\/div>\n\t\n\n\t\t<\/div>\n\t\t\t\t\t<\/div>\n\n\t\n\n<\/div>\n<div class=\"row\"  id=\"row-195810172\">\n\n\n\t<div id=\"col-1170880602\" class=\"col medium-7 small-12 large-7\"  >\n\t\t\t\t<div class=\"col-inner\"  >\n\t\t\t\n\t\t\t\n\n\t<div class=\"img has-hover x md-x lg-x y md-y lg-y\" id=\"image_1635351031\">\n\t\t\t\t\t\t\t\t<div class=\"img-inner dark\" >\n\t\t\t<img loading=\"lazy\" decoding=\"async\" width=\"2560\" height=\"2560\" src=\"https:\/\/chronowatch.ch\/wp-content\/uploads\/2022\/11\/Custom_watches_1-1-scaled.jpg\" class=\"attachment-original size-original\" alt=\"\" srcset=\"https:\/\/chronowatch.ch\/wp-content\/uploads\/2022\/11\/Custom_watches_1-1-scaled.jpg 2560w, https:\/\/chronowatch.ch\/wp-content\/uploads\/2022\/11\/Custom_watches_1-1-600x600.jpg 600w, https:\/\/chronowatch.ch\/wp-content\/uploads\/2022\/11\/Custom_watches_1-1-100x100.jpg 100w, https:\/\/chronowatch.ch\/wp-content\/uploads\/2022\/11\/Custom_watches_1-1-300x300.jpg 300w, https:\/\/chronowatch.ch\/wp-content\/uploads\/2022\/11\/Custom_watches_1-1-1024x1024.jpg 1024w, https:\/\/chronowatch.ch\/wp-content\/uploads\/2022\/11\/Custom_watches_1-1-150x150.jpg 150w, https:\/\/chronowatch.ch\/wp-content\/uploads\/2022\/11\/Custom_watches_1-1-768x768.jpg 768w, https:\/\/chronowatch.ch\/wp-content\/uploads\/2022\/11\/Custom_watches_1-1-1536x1536.jpg 1536w, https:\/\/chronowatch.ch\/wp-content\/uploads\/2022\/11\/Custom_watches_1-1-2048x2048.jpg 2048w\" sizes=\"auto, (max-width: 2560px) 100vw, 2560px\" \/>\t\t\t\t\t\t\n\t\t\t\t\t<\/div>\n\t\t\t\t\t\t\t\t\n<style>\n#image_1635351031 {\n  width: 100%;\n}\n<\/style>\n\t<\/div>\n\t\n\n\n\t\t<\/div>\n\t\t\t\t\t<\/div>\n\n\t\n\n\t<div id=\"col-582911323\" class=\"col medium-5 small-12 large-5\"  >\n\t\t\t\t<div class=\"col-inner\"  >\n\t\t\t\n\t\t\t\n\n<h2 class=\"thin-font\">VOTRE DESIGN PERSONNALIS\u00c9<\/h2>\n<p>\u00cates-vous \u00e0 la recherche d&rsquo;un design de montre sur mesure adapt\u00e9 \u00e0 votre marque\/entreprise ou lancez-vous votre propre marque horlog\u00e8re ? <br>Cr\u00e9er des montres sur mesure, c&rsquo;est ce que nous faisons. Avec plus de 40 ans d&rsquo;exp\u00e9rience dans l&rsquo;horlogerie suisse, Chrono AG est une entreprise qui cr\u00e9e et produit des montres sur mesure. Notre \u00e9quipe de designers et de d\u00e9veloppeurs qualifi\u00e9s savent tout ce qu&rsquo;il faut savoir sur ce qu&rsquo;il faut savoir pour cr\u00e9er vos designs de montres d\u00e9di\u00e9s. Nous transformons votre id\u00e9e de design originale en votre garde-temps sur mesure. Du premier briefing \u00e0 la livraison de la montre finale, nous offrons un service complet.<\/p>\n<p> <\/p>\n<h2 class=\"exception-banner-1 thin-font\">DESIGN<\/h2>\n<p>Au d\u00e9but du voyage vers le d\u00e9veloppement d&rsquo;une montre sur mesure est un processus de design cr\u00e9atif au cours duquel vous travaillerez en collaboration \u00e9troite avec nos designers horlogers internes exp\u00e9riment\u00e9s. En se basant sur vos souhaits de conception et vos exigences techniques, ils d\u00e9velopperont un concept de conception et un dessin de la montre.<\/p>\n\n\t\t<\/div>\n\t\t\t\t\t<\/div>\n\n\t\n\n<\/div>\n\t<div id=\"gap-829478638\" class=\"gap-element clearfix\" style=\"display:block; height:auto;\">\n\t\t\n<style>\n#gap-829478638 {\n  padding-top: 50px;\n}\n<\/style>\n\t<\/div>\n\t\n\n<div class=\"row\"  id=\"row-565875377\">\n\n\n\t<div id=\"col-197304282\" class=\"col medium-7 small-12 large-7\"  >\n\t\t\t\t<div class=\"col-inner\"  >\n\t\t\t\n\t\t\t\n\n\t<div class=\"img has-hover x md-x lg-x y md-y lg-y\" id=\"image_1912098303\">\n\t\t\t\t\t\t\t\t<div class=\"img-inner dark\" >\n\t\t\t<img loading=\"lazy\" decoding=\"async\" width=\"1020\" height=\"1020\" src=\"https:\/\/chronowatch.ch\/wp-content\/uploads\/2022\/11\/Custom_watches_2_website-1-1024x1024.jpg\" class=\"attachment-large size-large\" alt=\"\" srcset=\"https:\/\/chronowatch.ch\/wp-content\/uploads\/2022\/11\/Custom_watches_2_website-1-1024x1024.jpg 1024w, https:\/\/chronowatch.ch\/wp-content\/uploads\/2022\/11\/Custom_watches_2_website-1-600x600.jpg 600w, https:\/\/chronowatch.ch\/wp-content\/uploads\/2022\/11\/Custom_watches_2_website-1-100x100.jpg 100w, https:\/\/chronowatch.ch\/wp-content\/uploads\/2022\/11\/Custom_watches_2_website-1-300x300.jpg 300w, https:\/\/chronowatch.ch\/wp-content\/uploads\/2022\/11\/Custom_watches_2_website-1-150x150.jpg 150w, https:\/\/chronowatch.ch\/wp-content\/uploads\/2022\/11\/Custom_watches_2_website-1-768x768.jpg 768w, https:\/\/chronowatch.ch\/wp-content\/uploads\/2022\/11\/Custom_watches_2_website-1-1536x1536.jpg 1536w, https:\/\/chronowatch.ch\/wp-content\/uploads\/2022\/11\/Custom_watches_2_website-1-2048x2048.jpg 2048w\" sizes=\"auto, (max-width: 1020px) 100vw, 1020px\" \/>\t\t\t\t\t\t\n\t\t\t\t\t<\/div>\n\t\t\t\t\t\t\t\t\n<style>\n#image_1912098303 {\n  width: 100%;\n}\n<\/style>\n\t<\/div>\n\t\n\n\n\t\t<\/div>\n\t\t\t\t\t<\/div>\n\n\t\n\n\t<div id=\"col-1290655074\" class=\"col medium-5 small-12 large-5\"  >\n\t\t\t\t<div class=\"col-inner\"  >\n\t\t\t\n\t\t\t\n\n<h2 class=\"thin-font\">D\u00c9VELOPEMENT TECHNIQUE ET PROTOTYPAGE<\/h2>\n<p>Une fois que tous les aspects de la conception correspondent \u00e0 vos souhaits, ils seront traduits en dessins techniques. Sur la base de ces sp\u00e9cifications techniques, un premier prototype de votre montre sera fabriqu\u00e9. C&rsquo;est le moment o\u00f9 votre vision aura pris vie!<\/p>\n\n\t\t<\/div>\n\t\t\t\t\t<\/div>\n\n\t\n\n<\/div>\n\t<div id=\"gap-1469491777\" class=\"gap-element clearfix\" style=\"display:block; height:auto;\">\n\t\t\n<style>\n#gap-1469491777 {\n  padding-top: 50px;\n}\n<\/style>\n\t<\/div>\n\t\n\n<div class=\"row\"  id=\"row-233537108\">\n\n\n\t<div id=\"col-1483816471\" class=\"col medium-7 small-12 large-7\"  >\n\t\t\t\t<div class=\"col-inner\"  >\n\t\t\t\n\t\t\t\n\n\t<div class=\"img has-hover x md-x lg-x y md-y lg-y\" id=\"image_533720471\">\n\t\t\t\t\t\t\t\t<div class=\"img-inner dark\" >\n\t\t\t<img loading=\"lazy\" decoding=\"async\" width=\"1020\" height=\"1020\" src=\"https:\/\/chronowatch.ch\/wp-content\/uploads\/2022\/11\/Custom_watches_3_website-2-1024x1024.jpg\" class=\"attachment-large size-large\" alt=\"\" srcset=\"https:\/\/chronowatch.ch\/wp-content\/uploads\/2022\/11\/Custom_watches_3_website-2-1024x1024.jpg 1024w, https:\/\/chronowatch.ch\/wp-content\/uploads\/2022\/11\/Custom_watches_3_website-2-600x600.jpg 600w, https:\/\/chronowatch.ch\/wp-content\/uploads\/2022\/11\/Custom_watches_3_website-2-100x100.jpg 100w, https:\/\/chronowatch.ch\/wp-content\/uploads\/2022\/11\/Custom_watches_3_website-2-300x300.jpg 300w, https:\/\/chronowatch.ch\/wp-content\/uploads\/2022\/11\/Custom_watches_3_website-2-150x150.jpg 150w, https:\/\/chronowatch.ch\/wp-content\/uploads\/2022\/11\/Custom_watches_3_website-2-768x768.jpg 768w, https:\/\/chronowatch.ch\/wp-content\/uploads\/2022\/11\/Custom_watches_3_website-2.jpg 1537w\" sizes=\"auto, (max-width: 1020px) 100vw, 1020px\" \/>\t\t\t\t\t\t\n\t\t\t\t\t<\/div>\n\t\t\t\t\t\t\t\t\n<style>\n#image_533720471 {\n  width: 100%;\n}\n<\/style>\n\t<\/div>\n\t\n\n\n\t\t<\/div>\n\t\t\t\t\t<\/div>\n\n\t\n\n\t<div id=\"col-1873336430\" class=\"col medium-5 small-12 large-5\"  >\n\t\t\t\t<div class=\"col-inner\"  >\n\t\t\t\n\t\t\t\n\n<h2 class=\"thin-font\">FABRICATION HORLOG\u00c8RE SUISSE<\/h2>\n<p>Une fois que vous aurez enti\u00e8rement approuv\u00e9 le design, nous commencerons la production en s\u00e9rie de votre montre personnalis\u00e9e dans nos ateliers horlogers internes o\u00f9 chacune de vos montres est assembl\u00e9e, contr\u00f4l\u00e9e et emball\u00e9e manuellement. En travaillant de cette mani\u00e8re, nous garantissons la qualit\u00e9 \u00abSwiss Made\u00bb ; de toutes vos montres, qui sont conformes aux r\u00e9glementations officielles \u00e9tablies par le Conseil f\u00e9d\u00e9ral suisse.<\/p>\n<p> <\/p>\n<h2 class=\"exception-banner-2 thin-font\">PRIX COMP\u00c9TITIFS<\/h2>\n<p>Gr\u00e2ce \u00e0 de nombreuses ann\u00e9es d&rsquo;exp\u00e9rience d&rsquo;achat et de relations de longue date avec nos fournisseurs, nous sommes en mesure d&rsquo;offrir des montres sur mesure au meilleur prix possible tout en maintenant la qualit\u00e9 \u00e0 un niveau \u00e9lev\u00e9 de Swiss Made.<\/p>\n\n\t\t<\/div>\n\t\t\t\t\t<\/div>\n\n\t\n\n<\/div>\n\n","protected":false},"excerpt":{"rendered":"","protected":false},"author":2,"featured_media":0,"parent":0,"menu_order":0,"comment_status":"closed","ping_status":"closed","template":"","meta":{"content-type":"","footnotes":""},"class_list":["post-2518","page","type-page","status-publish","hentry"],"yoast_head":"<!-- This site is optimized with the Yoast SEO Premium plugin v27.0 (Yoast SEO v27.0) - https:\/\/yoast.com\/product\/yoast-seo-premium-wordpress\/ -->\n<title>MONTRES SUR MESURE - Chrono AG Private Label Watches<\/title>\n<meta name=\"robots\" content=\"index, follow, max-snippet:-1, max-image-preview:large, max-video-preview:-1\" \/>\n<link rel=\"canonical\" href=\"https:\/\/chronowatch.ch\/fr\/montres-sur-mesure\/\" \/>\n<meta property=\"og:locale\" content=\"fr_FR\" \/>\n<meta property=\"og:type\" content=\"article\" \/>\n<meta property=\"og:title\" content=\"MONTRES SUR MESURE - Chrono AG Private Label Watches\" \/>\n<meta property=\"og:url\" content=\"https:\/\/chronowatch.ch\/fr\/montres-sur-mesure\/\" \/>\n<meta property=\"og:site_name\" content=\"Chrono AG Private Label Watches\" \/>\n<meta property=\"article:modified_time\" content=\"2022-11-24T14:52:08+00:00\" \/>\n<meta name=\"twitter:card\" content=\"summary_large_image\" \/>\n<meta name=\"twitter:label1\" content=\"Dur\u00e9e de lecture estim\u00e9e\" \/>\n\t<meta name=\"twitter:data1\" content=\"2 minutes\" \/>\n<script type=\"application\/ld+json\" class=\"yoast-schema-graph\">{\"@context\":\"https:\/\/schema.org\",\"@graph\":[{\"@type\":\"WebPage\",\"@id\":\"https:\/\/chronowatch.ch\/fr\/montres-sur-mesure\/\",\"url\":\"https:\/\/chronowatch.ch\/fr\/montres-sur-mesure\/\",\"name\":\"MONTRES SUR MESURE - Chrono AG Private Label Watches\",\"isPartOf\":{\"@id\":\"https:\/\/chronowatch.ch\/fr\/#website\"},\"datePublished\":\"2022-11-08T13:22:02+00:00\",\"dateModified\":\"2022-11-24T14:52:08+00:00\",\"breadcrumb\":{\"@id\":\"https:\/\/chronowatch.ch\/fr\/montres-sur-mesure\/#breadcrumb\"},\"inLanguage\":\"fr-FR\",\"potentialAction\":[{\"@type\":\"ReadAction\",\"target\":[\"https:\/\/chronowatch.ch\/fr\/montres-sur-mesure\/\"]}]},{\"@type\":\"BreadcrumbList\",\"@id\":\"https:\/\/chronowatch.ch\/fr\/montres-sur-mesure\/#breadcrumb\",\"itemListElement\":[{\"@type\":\"ListItem\",\"position\":1,\"name\":\"Home\",\"item\":\"https:\/\/chronowatch.ch\/fr\/home\/\"},{\"@type\":\"ListItem\",\"position\":2,\"name\":\"MONTRES SUR MESURE\"}]},{\"@type\":\"WebSite\",\"@id\":\"https:\/\/chronowatch.ch\/fr\/#website\",\"url\":\"https:\/\/chronowatch.ch\/fr\/\",\"name\":\"Chrono AG Private Label Watches\",\"description\":\"Swiss Made Promotional and Private Label Watches\",\"publisher\":{\"@id\":\"https:\/\/chronowatch.ch\/fr\/#organization\"},\"potentialAction\":[{\"@type\":\"SearchAction\",\"target\":{\"@type\":\"EntryPoint\",\"urlTemplate\":\"https:\/\/chronowatch.ch\/fr\/?s={search_term_string}\"},\"query-input\":{\"@type\":\"PropertyValueSpecification\",\"valueRequired\":true,\"valueName\":\"search_term_string\"}}],\"inLanguage\":\"fr-FR\"},{\"@type\":\"Organization\",\"@id\":\"https:\/\/chronowatch.ch\/fr\/#organization\",\"name\":\"Chrono AG\",\"url\":\"https:\/\/chronowatch.ch\/fr\/\",\"logo\":{\"@type\":\"ImageObject\",\"inLanguage\":\"fr-FR\",\"@id\":\"https:\/\/chronowatch.ch\/fr\/#\/schema\/logo\/image\/\",\"url\":\"https:\/\/chronowatch.ch\/wp-content\/uploads\/2022\/11\/logo_chrono_s.png\",\"contentUrl\":\"https:\/\/chronowatch.ch\/wp-content\/uploads\/2022\/11\/logo_chrono_s.png\",\"width\":500,\"height\":73,\"caption\":\"Chrono AG\"},\"image\":{\"@id\":\"https:\/\/chronowatch.ch\/fr\/#\/schema\/logo\/image\/\"}}]}<\/script>\n<!-- \/ Yoast SEO Premium plugin. -->","yoast_head_json":{"title":"MONTRES SUR MESURE - Chrono AG Private Label Watches","robots":{"index":"index","follow":"follow","max-snippet":"max-snippet:-1","max-image-preview":"max-image-preview:large","max-video-preview":"max-video-preview:-1"},"canonical":"https:\/\/chronowatch.ch\/fr\/montres-sur-mesure\/","og_locale":"fr_FR","og_type":"article","og_title":"MONTRES SUR MESURE - Chrono AG Private Label Watches","og_url":"https:\/\/chronowatch.ch\/fr\/montres-sur-mesure\/","og_site_name":"Chrono AG Private Label Watches","article_modified_time":"2022-11-24T14:52:08+00:00","twitter_card":"summary_large_image","twitter_misc":{"Dur\u00e9e de lecture estim\u00e9e":"2 minutes"},"schema":{"@context":"https:\/\/schema.org","@graph":[{"@type":"WebPage","@id":"https:\/\/chronowatch.ch\/fr\/montres-sur-mesure\/","url":"https:\/\/chronowatch.ch\/fr\/montres-sur-mesure\/","name":"MONTRES SUR MESURE - Chrono AG Private Label Watches","isPartOf":{"@id":"https:\/\/chronowatch.ch\/fr\/#website"},"datePublished":"2022-11-08T13:22:02+00:00","dateModified":"2022-11-24T14:52:08+00:00","breadcrumb":{"@id":"https:\/\/chronowatch.ch\/fr\/montres-sur-mesure\/#breadcrumb"},"inLanguage":"fr-FR","potentialAction":[{"@type":"ReadAction","target":["https:\/\/chronowatch.ch\/fr\/montres-sur-mesure\/"]}]},{"@type":"BreadcrumbList","@id":"https:\/\/chronowatch.ch\/fr\/montres-sur-mesure\/#breadcrumb","itemListElement":[{"@type":"ListItem","position":1,"name":"Home","item":"https:\/\/chronowatch.ch\/fr\/home\/"},{"@type":"ListItem","position":2,"name":"MONTRES SUR MESURE"}]},{"@type":"WebSite","@id":"https:\/\/chronowatch.ch\/fr\/#website","url":"https:\/\/chronowatch.ch\/fr\/","name":"Chrono AG Private Label Watches","description":"Swiss Made Promotional and Private Label Watches","publisher":{"@id":"https:\/\/chronowatch.ch\/fr\/#organization"},"potentialAction":[{"@type":"SearchAction","target":{"@type":"EntryPoint","urlTemplate":"https:\/\/chronowatch.ch\/fr\/?s={search_term_string}"},"query-input":{"@type":"PropertyValueSpecification","valueRequired":true,"valueName":"search_term_string"}}],"inLanguage":"fr-FR"},{"@type":"Organization","@id":"https:\/\/chronowatch.ch\/fr\/#organization","name":"Chrono AG","url":"https:\/\/chronowatch.ch\/fr\/","logo":{"@type":"ImageObject","inLanguage":"fr-FR","@id":"https:\/\/chronowatch.ch\/fr\/#\/schema\/logo\/image\/","url":"https:\/\/chronowatch.ch\/wp-content\/uploads\/2022\/11\/logo_chrono_s.png","contentUrl":"https:\/\/chronowatch.ch\/wp-content\/uploads\/2022\/11\/logo_chrono_s.png","width":500,"height":73,"caption":"Chrono AG"},"image":{"@id":"https:\/\/chronowatch.ch\/fr\/#\/schema\/logo\/image\/"}}]}},"_links":{"self":[{"href":"https:\/\/chronowatch.ch\/fr\/wp-json\/wp\/v2\/pages\/2518","targetHints":{"allow":["GET"]}}],"collection":[{"href":"https:\/\/chronowatch.ch\/fr\/wp-json\/wp\/v2\/pages"}],"about":[{"href":"https:\/\/chronowatch.ch\/fr\/wp-json\/wp\/v2\/types\/page"}],"author":[{"embeddable":true,"href":"https:\/\/chronowatch.ch\/fr\/wp-json\/wp\/v2\/users\/2"}],"replies":[{"embeddable":true,"href":"https:\/\/chronowatch.ch\/fr\/wp-json\/wp\/v2\/comments?post=2518"}],"version-history":[{"count":2,"href":"https:\/\/chronowatch.ch\/fr\/wp-json\/wp\/v2\/pages\/2518\/revisions"}],"predecessor-version":[{"id":2520,"href":"https:\/\/chronowatch.ch\/fr\/wp-json\/wp\/v2\/pages\/2518\/revisions\/2520"}],"wp:attachment":[{"href":"https:\/\/chronowatch.ch\/fr\/wp-json\/wp\/v2\/media?parent=2518"}],"curies":[{"name":"wp","href":"https:\/\/api.w.org\/{rel}","templated":true}]}}