{"id":9214,"date":"2025-01-21T10:58:56","date_gmt":"2025-01-21T09:58:56","guid":{"rendered":"https:\/\/chronowatch.ch\/?post_type=product&#038;p=9214"},"modified":"2025-01-21T14:05:57","modified_gmt":"2025-01-21T13:05:57","slug":"fireball-chrono-pl44103-08","status":"publish","type":"product","link":"https:\/\/chronowatch.ch\/de\/produkt\/fireball-chrono-pl44103-08\/","title":{"rendered":"Fireball Chrono &#8211; PL44103.08"},"content":{"rendered":"","protected":false},"excerpt":{"rendered":"<h2><span style=\"font-size: 80%;\">Swiss Made Sport Chronograph Uhr<\/span><\/h2>\n<p>Dieser Chronograph ist nicht nur ein Zeitmesser, sondern auch ein Zeugnis f\u00fcr Ihren aktiven Lebensstil. Dar\u00fcber hinaus ist diese Herrenuhr mit all unseren Swiss Made Qualit\u00e4tsmerkmalen ausgestattet:<\/p>\n<ul>\n<li>Swiss Made Produktion in hauseigenem Uhrmacheratelier<\/li>\n<li>Geh\u00e4use aus Edelstahl<\/li>\n<li>Saphirglas<\/li>\n<li>Wasserdicht bis 100M\/10ATM<\/li>\n<li>Swiss Made Uhrwerk mit Datumsanzeige<\/li>\n<li>2 Jahre internationale Garantie<\/li>\n<\/ul>\n","protected":false},"featured_media":9203,"template":"","meta":{"content-type":""},"product_brand":[],"product_cat":[565,566,571,570,1109,573,626],"product_tag":[],"class_list":{"0":"post-9214","1":"product","2":"type-product","3":"status-publish","4":"has-post-thumbnail","6":"product_cat-alle-uhren","7":"product_cat-klassische-uhren","8":"product_cat-chronographen-de","9":"product_cat-herrenuhren","10":"product_cat-pl44103-de","11":"product_cat-quarzuhren","12":"product_cat-sportliche-uhren","14":"first","15":"instock","16":"taxable","17":"shipping-taxable","18":"purchasable","19":"product-type-simple"},"yoast_head":"<!-- This site is optimized with the Yoast SEO Premium plugin v27.0 (Yoast SEO v27.0) - https:\/\/yoast.com\/product\/yoast-seo-premium-wordpress\/ -->\n<title>Fireball Chrono - PL44103.08 - Chrono AG Private Label Watches<\/title>\n<meta name=\"robots\" content=\"index, follow, max-snippet:-1, max-image-preview:large, max-video-preview:-1\" \/>\n<link rel=\"canonical\" href=\"https:\/\/chronowatch.ch\/de\/produkt\/fireball-chrono-pl44103-08\/\" \/>\n<meta property=\"og:locale\" content=\"de_DE\" \/>\n<meta property=\"og:type\" content=\"article\" \/>\n<meta property=\"og:title\" content=\"Fireball Chrono - PL44103.08 - Chrono AG Private Label Watches\" \/>\n<meta property=\"og:description\" content=\"Swiss Made Sport Chronograph Uhr Dieser Chronograph ist nicht nur ein Zeitmesser, sondern auch ein Zeugnis f\u00fcr Ihren aktiven Lebensstil. Dar\u00fcber hinaus ist diese Herrenuhr mit all unseren Swiss Made Qualit\u00e4tsmerkmalen ausgestattet:  Swiss Made Produktion in hauseigenem Uhrmacheratelier  Geh\u00e4use aus Edelstahl  Saphirglas  Wasserdicht bis 100M\/10ATM  Swiss Made Uhrwerk mit Datumsanzeige  2 Jahre internationale Garantie\" \/>\n<meta property=\"og:url\" content=\"https:\/\/chronowatch.ch\/de\/produkt\/fireball-chrono-pl44103-08\/\" \/>\n<meta property=\"og:site_name\" content=\"Chrono AG Private Label Watches\" \/>\n<meta property=\"article:modified_time\" content=\"2025-01-21T13:05:57+00:00\" \/>\n<meta property=\"og:image\" content=\"https:\/\/chronowatch.ch\/wp-content\/uploads\/2025\/01\/PL44103.08.png\" \/>\n\t<meta property=\"og:image:width\" content=\"1300\" \/>\n\t<meta property=\"og:image:height\" content=\"1642\" \/>\n\t<meta property=\"og:image:type\" content=\"image\/png\" \/>\n<meta name=\"twitter:card\" content=\"summary_large_image\" \/>\n<meta name=\"twitter:label1\" content=\"Preis\" \/>\n\t<meta name=\"twitter:data1\" content=\"&euro;1.00 inc. VAT\" \/>\n\t<meta name=\"twitter:label2\" content=\"Verf\u00fcgbarkeit\" \/>\n\t<meta name=\"twitter:data2\" content=\"Auf Lager\" \/>\n<script type=\"application\/ld+json\" class=\"yoast-schema-graph\">{\"@context\":\"https:\/\/schema.org\",\"@graph\":[{\"@type\":\"WebPage\",\"@id\":\"https:\/\/chronowatch.ch\/de\/produkt\/fireball-chrono-pl44103-08\/\",\"url\":\"https:\/\/chronowatch.ch\/de\/produkt\/fireball-chrono-pl44103-08\/\",\"name\":\"Fireball Chrono - PL44103.08 - Chrono AG Private Label Watches\",\"isPartOf\":{\"@id\":\"https:\/\/chronowatch.ch\/de\/#website\"},\"primaryImageOfPage\":{\"@id\":\"https:\/\/chronowatch.ch\/de\/produkt\/fireball-chrono-pl44103-08\/#primaryimage\"},\"image\":{\"@id\":\"https:\/\/chronowatch.ch\/de\/produkt\/fireball-chrono-pl44103-08\/#primaryimage\"},\"thumbnailUrl\":\"https:\/\/chronowatch.ch\/wp-content\/uploads\/2025\/01\/PL44103.08.png\",\"datePublished\":\"2025-01-21T09:58:56+00:00\",\"dateModified\":\"2025-01-21T13:05:57+00:00\",\"breadcrumb\":{\"@id\":\"https:\/\/chronowatch.ch\/de\/produkt\/fireball-chrono-pl44103-08\/#breadcrumb\"},\"inLanguage\":\"de\",\"potentialAction\":[{\"@type\":\"ReadAction\",\"target\":[\"https:\/\/chronowatch.ch\/de\/produkt\/fireball-chrono-pl44103-08\/\"]}]},{\"@type\":\"ImageObject\",\"inLanguage\":\"de\",\"@id\":\"https:\/\/chronowatch.ch\/de\/produkt\/fireball-chrono-pl44103-08\/#primaryimage\",\"url\":\"https:\/\/chronowatch.ch\/wp-content\/uploads\/2025\/01\/PL44103.08.png\",\"contentUrl\":\"https:\/\/chronowatch.ch\/wp-content\/uploads\/2025\/01\/PL44103.08.png\",\"width\":1300,\"height\":1642,\"caption\":\"PL44103.08\"},{\"@type\":\"BreadcrumbList\",\"@id\":\"https:\/\/chronowatch.ch\/de\/produkt\/fireball-chrono-pl44103-08\/#breadcrumb\",\"itemListElement\":[{\"@type\":\"ListItem\",\"position\":1,\"name\":\"Home\",\"item\":\"https:\/\/chronowatch.ch\/de\/home\/\"},{\"@type\":\"ListItem\",\"position\":2,\"name\":\"Shop\",\"item\":\"https:\/\/chronowatch.ch\/de\/shop-2\/\"},{\"@type\":\"ListItem\",\"position\":3,\"name\":\"Fireball Chrono &#8211; PL44103.08\"}]},{\"@type\":\"WebSite\",\"@id\":\"https:\/\/chronowatch.ch\/de\/#website\",\"url\":\"https:\/\/chronowatch.ch\/de\/\",\"name\":\"Chrono AG Private Label Watches\",\"description\":\"Swiss Made Promotional and Private Label Watches\",\"publisher\":{\"@id\":\"https:\/\/chronowatch.ch\/de\/#organization\"},\"potentialAction\":[{\"@type\":\"SearchAction\",\"target\":{\"@type\":\"EntryPoint\",\"urlTemplate\":\"https:\/\/chronowatch.ch\/de\/?s={search_term_string}\"},\"query-input\":{\"@type\":\"PropertyValueSpecification\",\"valueRequired\":true,\"valueName\":\"search_term_string\"}}],\"inLanguage\":\"de\"},{\"@type\":\"Organization\",\"@id\":\"https:\/\/chronowatch.ch\/de\/#organization\",\"name\":\"Chrono AG\",\"url\":\"https:\/\/chronowatch.ch\/de\/\",\"logo\":{\"@type\":\"ImageObject\",\"inLanguage\":\"de\",\"@id\":\"https:\/\/chronowatch.ch\/de\/#\/schema\/logo\/image\/\",\"url\":\"https:\/\/chronowatch.ch\/wp-content\/uploads\/2022\/11\/logo_chrono_s.png\",\"contentUrl\":\"https:\/\/chronowatch.ch\/wp-content\/uploads\/2022\/11\/logo_chrono_s.png\",\"width\":500,\"height\":73,\"caption\":\"Chrono AG\"},\"image\":{\"@id\":\"https:\/\/chronowatch.ch\/de\/#\/schema\/logo\/image\/\"}}]}<\/script>\n<meta property=\"product:price:amount\" content=\"1.00\" \/>\n<meta property=\"product:price:currency\" content=\"EUR\" \/>\n<meta property=\"og:availability\" content=\"instock\" \/>\n<meta property=\"product:availability\" content=\"instock\" \/>\n<meta property=\"product:retailer_item_id\" content=\"PL44103.08\" \/>\n<meta property=\"product:condition\" content=\"new\" \/>\n<!-- \/ Yoast SEO Premium plugin. -->","yoast_head_json":{"title":"Fireball Chrono - PL44103.08 - Chrono AG Private Label Watches","robots":{"index":"index","follow":"follow","max-snippet":"max-snippet:-1","max-image-preview":"max-image-preview:large","max-video-preview":"max-video-preview:-1"},"canonical":"https:\/\/chronowatch.ch\/de\/produkt\/fireball-chrono-pl44103-08\/","og_locale":"de_DE","og_type":"article","og_title":"Fireball Chrono - PL44103.08 - Chrono AG Private Label Watches","og_description":"Swiss Made Sport Chronograph Uhr Dieser Chronograph ist nicht nur ein Zeitmesser, sondern auch ein Zeugnis f\u00fcr Ihren aktiven Lebensstil. Dar\u00fcber hinaus ist diese Herrenuhr mit all unseren Swiss Made Qualit\u00e4tsmerkmalen ausgestattet:  Swiss Made Produktion in hauseigenem Uhrmacheratelier  Geh\u00e4use aus Edelstahl  Saphirglas  Wasserdicht bis 100M\/10ATM  Swiss Made Uhrwerk mit Datumsanzeige  2 Jahre internationale Garantie","og_url":"https:\/\/chronowatch.ch\/de\/produkt\/fireball-chrono-pl44103-08\/","og_site_name":"Chrono AG Private Label Watches","article_modified_time":"2025-01-21T13:05:57+00:00","og_image":[{"width":1300,"height":1642,"url":"https:\/\/chronowatch.ch\/wp-content\/uploads\/2025\/01\/PL44103.08.png","type":"image\/png"}],"twitter_card":"summary_large_image","twitter_misc":{"Preis":"&euro;1.00 inc. VAT","Verf\u00fcgbarkeit":"Auf Lager"},"schema":{"@context":"https:\/\/schema.org","@graph":[{"@type":"WebPage","@id":"https:\/\/chronowatch.ch\/de\/produkt\/fireball-chrono-pl44103-08\/","url":"https:\/\/chronowatch.ch\/de\/produkt\/fireball-chrono-pl44103-08\/","name":"Fireball Chrono - PL44103.08 - Chrono AG Private Label Watches","isPartOf":{"@id":"https:\/\/chronowatch.ch\/de\/#website"},"primaryImageOfPage":{"@id":"https:\/\/chronowatch.ch\/de\/produkt\/fireball-chrono-pl44103-08\/#primaryimage"},"image":{"@id":"https:\/\/chronowatch.ch\/de\/produkt\/fireball-chrono-pl44103-08\/#primaryimage"},"thumbnailUrl":"https:\/\/chronowatch.ch\/wp-content\/uploads\/2025\/01\/PL44103.08.png","datePublished":"2025-01-21T09:58:56+00:00","dateModified":"2025-01-21T13:05:57+00:00","breadcrumb":{"@id":"https:\/\/chronowatch.ch\/de\/produkt\/fireball-chrono-pl44103-08\/#breadcrumb"},"inLanguage":"de","potentialAction":[{"@type":"ReadAction","target":["https:\/\/chronowatch.ch\/de\/produkt\/fireball-chrono-pl44103-08\/"]}]},{"@type":"ImageObject","inLanguage":"de","@id":"https:\/\/chronowatch.ch\/de\/produkt\/fireball-chrono-pl44103-08\/#primaryimage","url":"https:\/\/chronowatch.ch\/wp-content\/uploads\/2025\/01\/PL44103.08.png","contentUrl":"https:\/\/chronowatch.ch\/wp-content\/uploads\/2025\/01\/PL44103.08.png","width":1300,"height":1642,"caption":"PL44103.08"},{"@type":"BreadcrumbList","@id":"https:\/\/chronowatch.ch\/de\/produkt\/fireball-chrono-pl44103-08\/#breadcrumb","itemListElement":[{"@type":"ListItem","position":1,"name":"Home","item":"https:\/\/chronowatch.ch\/de\/home\/"},{"@type":"ListItem","position":2,"name":"Shop","item":"https:\/\/chronowatch.ch\/de\/shop-2\/"},{"@type":"ListItem","position":3,"name":"Fireball Chrono &#8211; PL44103.08"}]},{"@type":"WebSite","@id":"https:\/\/chronowatch.ch\/de\/#website","url":"https:\/\/chronowatch.ch\/de\/","name":"Chrono AG Private Label Watches","description":"Swiss Made Promotional and Private Label Watches","publisher":{"@id":"https:\/\/chronowatch.ch\/de\/#organization"},"potentialAction":[{"@type":"SearchAction","target":{"@type":"EntryPoint","urlTemplate":"https:\/\/chronowatch.ch\/de\/?s={search_term_string}"},"query-input":{"@type":"PropertyValueSpecification","valueRequired":true,"valueName":"search_term_string"}}],"inLanguage":"de"},{"@type":"Organization","@id":"https:\/\/chronowatch.ch\/de\/#organization","name":"Chrono AG","url":"https:\/\/chronowatch.ch\/de\/","logo":{"@type":"ImageObject","inLanguage":"de","@id":"https:\/\/chronowatch.ch\/de\/#\/schema\/logo\/image\/","url":"https:\/\/chronowatch.ch\/wp-content\/uploads\/2022\/11\/logo_chrono_s.png","contentUrl":"https:\/\/chronowatch.ch\/wp-content\/uploads\/2022\/11\/logo_chrono_s.png","width":500,"height":73,"caption":"Chrono AG"},"image":{"@id":"https:\/\/chronowatch.ch\/de\/#\/schema\/logo\/image\/"}}]},"product_price_amount":"1.00","product_price_currency":"EUR","og_availability":"instock","product_availability":"instock","product_retailer_item_id":"PL44103.08","product_condition":"new"},"_links":{"self":[{"href":"https:\/\/chronowatch.ch\/de\/wp-json\/wp\/v2\/product\/9214","targetHints":{"allow":["GET"]}}],"collection":[{"href":"https:\/\/chronowatch.ch\/de\/wp-json\/wp\/v2\/product"}],"about":[{"href":"https:\/\/chronowatch.ch\/de\/wp-json\/wp\/v2\/types\/product"}],"wp:featuredmedia":[{"embeddable":true,"href":"https:\/\/chronowatch.ch\/de\/wp-json\/wp\/v2\/media\/9203"}],"wp:attachment":[{"href":"https:\/\/chronowatch.ch\/de\/wp-json\/wp\/v2\/media?parent=9214"}],"wp:term":[{"taxonomy":"product_brand","embeddable":true,"href":"https:\/\/chronowatch.ch\/de\/wp-json\/wp\/v2\/product_brand?post=9214"},{"taxonomy":"product_cat","embeddable":true,"href":"https:\/\/chronowatch.ch\/de\/wp-json\/wp\/v2\/product_cat?post=9214"},{"taxonomy":"product_tag","embeddable":true,"href":"https:\/\/chronowatch.ch\/de\/wp-json\/wp\/v2\/product_tag?post=9214"}],"curies":[{"name":"wp","href":"https:\/\/api.w.org\/{rel}","templated":true}]}}