{"id":8139,"date":"2024-10-23T08:36:16","date_gmt":"2024-10-23T07:36:16","guid":{"rendered":"https:\/\/chronowatch.ch\/?post_type=product&#038;p=8139"},"modified":"2024-10-28T10:25:50","modified_gmt":"2024-10-28T09:25:50","slug":"tradition-gent-pl44104-02","status":"publish","type":"product","link":"https:\/\/chronowatch.ch\/de\/produkt\/tradition-gent-pl44104-02\/","title":{"rendered":"Tradition Gent &#8211; PL44104.02"},"content":{"rendered":"","protected":false},"excerpt":{"rendered":"<h2><span style=\"font-size: 80%;\">Klassische Swiss Made Private Label Herrenuhr<\/span><\/h2>\n<p>Die klassische Stahluhr SM34104 f\u00fcr Herren ist ein zeitloses Meisterwerk, das Stil und Funktionalit\u00e4t nahtlos verbindet. Das Zifferblatt mit Sonnenschliff verf\u00fcgt \u00fcber klassische Indizes und Zeiger, die durch robustes Saphirglas gesch\u00fctzt sind. <\/p>\n<ul>\n<li>Swiss Made Produktion in hauseigenem Uhrmacheratelier<\/li>\n<li>Geh\u00e4use aus Edelstahl<\/li>\n<li>Saphirglas<\/li>\n<li>Wasserdicht bis 100M\/10ATM<\/li>\n<li>Swiss Made Uhrwerk mit Datumsanzeige<\/li>\n<li>2 Jahre internationale Garantie<\/li>\n<\/ul>\n","protected":false},"featured_media":8120,"template":"","meta":{"content-type":""},"product_brand":[],"product_cat":[565,566,570,1111,573],"product_tag":[],"class_list":{"0":"post-8139","1":"product","2":"type-product","3":"status-publish","4":"has-post-thumbnail","6":"product_cat-alle-uhren","7":"product_cat-klassische-uhren","8":"product_cat-herrenuhren","9":"product_cat-pl44104-de","10":"product_cat-quarzuhren","12":"first","13":"instock","14":"taxable","15":"shipping-taxable","16":"purchasable","17":"product-type-simple"},"yoast_head":"<!-- This site is optimized with the Yoast SEO Premium plugin v27.0 (Yoast SEO v27.0) - https:\/\/yoast.com\/product\/yoast-seo-premium-wordpress\/ -->\n<title>Tradition Gent - PL44104.02 - Chrono AG Private Label Watches<\/title>\n<meta name=\"robots\" content=\"index, follow, max-snippet:-1, max-image-preview:large, max-video-preview:-1\" \/>\n<link rel=\"canonical\" href=\"https:\/\/chronowatch.ch\/de\/produkt\/tradition-gent-pl44104-02\/\" \/>\n<meta property=\"og:locale\" content=\"de_DE\" \/>\n<meta property=\"og:type\" content=\"article\" \/>\n<meta property=\"og:title\" content=\"Tradition Gent - PL44104.02 - Chrono AG Private Label Watches\" \/>\n<meta property=\"og:description\" content=\"Klassische Swiss Made Private Label Herrenuhr Die klassische Stahluhr SM34104 f\u00fcr Herren ist ein zeitloses Meisterwerk, das Stil und Funktionalit\u00e4t nahtlos verbindet. Das Zifferblatt mit Sonnenschliff verf\u00fcgt \u00fcber klassische Indizes und Zeiger, die durch robustes Saphirglas gesch\u00fctzt sind.   Swiss Made Produktion in hauseigenem Uhrmacheratelier  Geh\u00e4use aus Edelstahl  Saphirglas  Wasserdicht bis 100M\/10ATM  Swiss Made Uhrwerk mit Datumsanzeige  2 Jahre internationale Garantie\" \/>\n<meta property=\"og:url\" content=\"https:\/\/chronowatch.ch\/de\/produkt\/tradition-gent-pl44104-02\/\" \/>\n<meta property=\"og:site_name\" content=\"Chrono AG Private Label Watches\" \/>\n<meta property=\"article:modified_time\" content=\"2024-10-28T09:25:50+00:00\" \/>\n<meta property=\"og:image\" content=\"https:\/\/chronowatch.ch\/wp-content\/uploads\/2024\/10\/PL44104.02.png\" \/>\n\t<meta property=\"og:image:width\" content=\"1300\" \/>\n\t<meta property=\"og:image:height\" content=\"1642\" \/>\n\t<meta property=\"og:image:type\" content=\"image\/png\" \/>\n<meta name=\"twitter:card\" content=\"summary_large_image\" \/>\n<meta name=\"twitter:label1\" content=\"Preis\" \/>\n\t<meta name=\"twitter:data1\" content=\"&euro;1.00 inc. VAT\" \/>\n\t<meta name=\"twitter:label2\" content=\"Verf\u00fcgbarkeit\" \/>\n\t<meta name=\"twitter:data2\" content=\"Auf Lager\" \/>\n<script type=\"application\/ld+json\" class=\"yoast-schema-graph\">{\"@context\":\"https:\/\/schema.org\",\"@graph\":[{\"@type\":\"WebPage\",\"@id\":\"https:\/\/chronowatch.ch\/de\/produkt\/tradition-gent-pl44104-02\/\",\"url\":\"https:\/\/chronowatch.ch\/de\/produkt\/tradition-gent-pl44104-02\/\",\"name\":\"Tradition Gent - PL44104.02 - Chrono AG Private Label Watches\",\"isPartOf\":{\"@id\":\"https:\/\/chronowatch.ch\/de\/#website\"},\"primaryImageOfPage\":{\"@id\":\"https:\/\/chronowatch.ch\/de\/produkt\/tradition-gent-pl44104-02\/#primaryimage\"},\"image\":{\"@id\":\"https:\/\/chronowatch.ch\/de\/produkt\/tradition-gent-pl44104-02\/#primaryimage\"},\"thumbnailUrl\":\"https:\/\/chronowatch.ch\/wp-content\/uploads\/2024\/10\/PL44104.02.png\",\"datePublished\":\"2024-10-23T07:36:16+00:00\",\"dateModified\":\"2024-10-28T09:25:50+00:00\",\"breadcrumb\":{\"@id\":\"https:\/\/chronowatch.ch\/de\/produkt\/tradition-gent-pl44104-02\/#breadcrumb\"},\"inLanguage\":\"de\",\"potentialAction\":[{\"@type\":\"ReadAction\",\"target\":[\"https:\/\/chronowatch.ch\/de\/produkt\/tradition-gent-pl44104-02\/\"]}]},{\"@type\":\"ImageObject\",\"inLanguage\":\"de\",\"@id\":\"https:\/\/chronowatch.ch\/de\/produkt\/tradition-gent-pl44104-02\/#primaryimage\",\"url\":\"https:\/\/chronowatch.ch\/wp-content\/uploads\/2024\/10\/PL44104.02.png\",\"contentUrl\":\"https:\/\/chronowatch.ch\/wp-content\/uploads\/2024\/10\/PL44104.02.png\",\"width\":1300,\"height\":1642,\"caption\":\"PL44104.02\"},{\"@type\":\"BreadcrumbList\",\"@id\":\"https:\/\/chronowatch.ch\/de\/produkt\/tradition-gent-pl44104-02\/#breadcrumb\",\"itemListElement\":[{\"@type\":\"ListItem\",\"position\":1,\"name\":\"Home\",\"item\":\"https:\/\/chronowatch.ch\/de\/home\/\"},{\"@type\":\"ListItem\",\"position\":2,\"name\":\"Shop\",\"item\":\"https:\/\/chronowatch.ch\/de\/shop-2\/\"},{\"@type\":\"ListItem\",\"position\":3,\"name\":\"Tradition Gent &#8211; PL44104.02\"}]},{\"@type\":\"WebSite\",\"@id\":\"https:\/\/chronowatch.ch\/de\/#website\",\"url\":\"https:\/\/chronowatch.ch\/de\/\",\"name\":\"Chrono AG Private Label Watches\",\"description\":\"Swiss Made Promotional and Private Label Watches\",\"publisher\":{\"@id\":\"https:\/\/chronowatch.ch\/de\/#organization\"},\"potentialAction\":[{\"@type\":\"SearchAction\",\"target\":{\"@type\":\"EntryPoint\",\"urlTemplate\":\"https:\/\/chronowatch.ch\/de\/?s={search_term_string}\"},\"query-input\":{\"@type\":\"PropertyValueSpecification\",\"valueRequired\":true,\"valueName\":\"search_term_string\"}}],\"inLanguage\":\"de\"},{\"@type\":\"Organization\",\"@id\":\"https:\/\/chronowatch.ch\/de\/#organization\",\"name\":\"Chrono AG\",\"url\":\"https:\/\/chronowatch.ch\/de\/\",\"logo\":{\"@type\":\"ImageObject\",\"inLanguage\":\"de\",\"@id\":\"https:\/\/chronowatch.ch\/de\/#\/schema\/logo\/image\/\",\"url\":\"https:\/\/chronowatch.ch\/wp-content\/uploads\/2022\/11\/logo_chrono_s.png\",\"contentUrl\":\"https:\/\/chronowatch.ch\/wp-content\/uploads\/2022\/11\/logo_chrono_s.png\",\"width\":500,\"height\":73,\"caption\":\"Chrono AG\"},\"image\":{\"@id\":\"https:\/\/chronowatch.ch\/de\/#\/schema\/logo\/image\/\"}}]}<\/script>\n<meta property=\"product:price:amount\" content=\"1.00\" \/>\n<meta property=\"product:price:currency\" content=\"EUR\" \/>\n<meta property=\"og:availability\" content=\"instock\" \/>\n<meta property=\"product:availability\" content=\"instock\" \/>\n<meta property=\"product:retailer_item_id\" content=\"PL44104.02\" \/>\n<meta property=\"product:condition\" content=\"new\" \/>\n<!-- \/ Yoast SEO Premium plugin. -->","yoast_head_json":{"title":"Tradition Gent - PL44104.02 - Chrono AG Private Label Watches","robots":{"index":"index","follow":"follow","max-snippet":"max-snippet:-1","max-image-preview":"max-image-preview:large","max-video-preview":"max-video-preview:-1"},"canonical":"https:\/\/chronowatch.ch\/de\/produkt\/tradition-gent-pl44104-02\/","og_locale":"de_DE","og_type":"article","og_title":"Tradition Gent - PL44104.02 - Chrono AG Private Label Watches","og_description":"Klassische Swiss Made Private Label Herrenuhr Die klassische Stahluhr SM34104 f\u00fcr Herren ist ein zeitloses Meisterwerk, das Stil und Funktionalit\u00e4t nahtlos verbindet. Das Zifferblatt mit Sonnenschliff verf\u00fcgt \u00fcber klassische Indizes und Zeiger, die durch robustes Saphirglas gesch\u00fctzt sind.   Swiss Made Produktion in hauseigenem Uhrmacheratelier  Geh\u00e4use aus Edelstahl  Saphirglas  Wasserdicht bis 100M\/10ATM  Swiss Made Uhrwerk mit Datumsanzeige  2 Jahre internationale Garantie","og_url":"https:\/\/chronowatch.ch\/de\/produkt\/tradition-gent-pl44104-02\/","og_site_name":"Chrono AG Private Label Watches","article_modified_time":"2024-10-28T09:25:50+00:00","og_image":[{"width":1300,"height":1642,"url":"https:\/\/chronowatch.ch\/wp-content\/uploads\/2024\/10\/PL44104.02.png","type":"image\/png"}],"twitter_card":"summary_large_image","twitter_misc":{"Preis":"&euro;1.00 inc. VAT","Verf\u00fcgbarkeit":"Auf Lager"},"schema":{"@context":"https:\/\/schema.org","@graph":[{"@type":"WebPage","@id":"https:\/\/chronowatch.ch\/de\/produkt\/tradition-gent-pl44104-02\/","url":"https:\/\/chronowatch.ch\/de\/produkt\/tradition-gent-pl44104-02\/","name":"Tradition Gent - PL44104.02 - Chrono AG Private Label Watches","isPartOf":{"@id":"https:\/\/chronowatch.ch\/de\/#website"},"primaryImageOfPage":{"@id":"https:\/\/chronowatch.ch\/de\/produkt\/tradition-gent-pl44104-02\/#primaryimage"},"image":{"@id":"https:\/\/chronowatch.ch\/de\/produkt\/tradition-gent-pl44104-02\/#primaryimage"},"thumbnailUrl":"https:\/\/chronowatch.ch\/wp-content\/uploads\/2024\/10\/PL44104.02.png","datePublished":"2024-10-23T07:36:16+00:00","dateModified":"2024-10-28T09:25:50+00:00","breadcrumb":{"@id":"https:\/\/chronowatch.ch\/de\/produkt\/tradition-gent-pl44104-02\/#breadcrumb"},"inLanguage":"de","potentialAction":[{"@type":"ReadAction","target":["https:\/\/chronowatch.ch\/de\/produkt\/tradition-gent-pl44104-02\/"]}]},{"@type":"ImageObject","inLanguage":"de","@id":"https:\/\/chronowatch.ch\/de\/produkt\/tradition-gent-pl44104-02\/#primaryimage","url":"https:\/\/chronowatch.ch\/wp-content\/uploads\/2024\/10\/PL44104.02.png","contentUrl":"https:\/\/chronowatch.ch\/wp-content\/uploads\/2024\/10\/PL44104.02.png","width":1300,"height":1642,"caption":"PL44104.02"},{"@type":"BreadcrumbList","@id":"https:\/\/chronowatch.ch\/de\/produkt\/tradition-gent-pl44104-02\/#breadcrumb","itemListElement":[{"@type":"ListItem","position":1,"name":"Home","item":"https:\/\/chronowatch.ch\/de\/home\/"},{"@type":"ListItem","position":2,"name":"Shop","item":"https:\/\/chronowatch.ch\/de\/shop-2\/"},{"@type":"ListItem","position":3,"name":"Tradition Gent &#8211; PL44104.02"}]},{"@type":"WebSite","@id":"https:\/\/chronowatch.ch\/de\/#website","url":"https:\/\/chronowatch.ch\/de\/","name":"Chrono AG Private Label Watches","description":"Swiss Made Promotional and Private Label Watches","publisher":{"@id":"https:\/\/chronowatch.ch\/de\/#organization"},"potentialAction":[{"@type":"SearchAction","target":{"@type":"EntryPoint","urlTemplate":"https:\/\/chronowatch.ch\/de\/?s={search_term_string}"},"query-input":{"@type":"PropertyValueSpecification","valueRequired":true,"valueName":"search_term_string"}}],"inLanguage":"de"},{"@type":"Organization","@id":"https:\/\/chronowatch.ch\/de\/#organization","name":"Chrono AG","url":"https:\/\/chronowatch.ch\/de\/","logo":{"@type":"ImageObject","inLanguage":"de","@id":"https:\/\/chronowatch.ch\/de\/#\/schema\/logo\/image\/","url":"https:\/\/chronowatch.ch\/wp-content\/uploads\/2022\/11\/logo_chrono_s.png","contentUrl":"https:\/\/chronowatch.ch\/wp-content\/uploads\/2022\/11\/logo_chrono_s.png","width":500,"height":73,"caption":"Chrono AG"},"image":{"@id":"https:\/\/chronowatch.ch\/de\/#\/schema\/logo\/image\/"}}]},"product_price_amount":"1.00","product_price_currency":"EUR","og_availability":"instock","product_availability":"instock","product_retailer_item_id":"PL44104.02","product_condition":"new"},"_links":{"self":[{"href":"https:\/\/chronowatch.ch\/de\/wp-json\/wp\/v2\/product\/8139","targetHints":{"allow":["GET"]}}],"collection":[{"href":"https:\/\/chronowatch.ch\/de\/wp-json\/wp\/v2\/product"}],"about":[{"href":"https:\/\/chronowatch.ch\/de\/wp-json\/wp\/v2\/types\/product"}],"wp:featuredmedia":[{"embeddable":true,"href":"https:\/\/chronowatch.ch\/de\/wp-json\/wp\/v2\/media\/8120"}],"wp:attachment":[{"href":"https:\/\/chronowatch.ch\/de\/wp-json\/wp\/v2\/media?parent=8139"}],"wp:term":[{"taxonomy":"product_brand","embeddable":true,"href":"https:\/\/chronowatch.ch\/de\/wp-json\/wp\/v2\/product_brand?post=8139"},{"taxonomy":"product_cat","embeddable":true,"href":"https:\/\/chronowatch.ch\/de\/wp-json\/wp\/v2\/product_cat?post=8139"},{"taxonomy":"product_tag","embeddable":true,"href":"https:\/\/chronowatch.ch\/de\/wp-json\/wp\/v2\/product_tag?post=8139"}],"curies":[{"name":"wp","href":"https:\/\/api.w.org\/{rel}","templated":true}]}}