{"id":4796,"date":"2023-03-24T08:13:33","date_gmt":"2023-03-24T07:13:33","guid":{"rendered":"https:\/\/chronowatch.ch\/?post_type=product&#038;p=4796"},"modified":"2023-05-04T15:07:33","modified_gmt":"2023-05-04T14:07:33","slug":"titanium-300-pla44100-05","status":"publish","type":"product","link":"https:\/\/chronowatch.ch\/de\/produkt\/titanium-300-pla44100-05\/","title":{"rendered":"Titanium 300 &#8211; PLA44100.05"},"content":{"rendered":"","protected":false},"excerpt":{"rendered":"<h2><span style=\"font-size: 80%;\">Swiss Made Private Label 300M Taucheruhr f\u00fcr Herren<\/span><\/h2>\n<p>Hochwertige Swiss Made Automatik Herrenuhr f\u00fcr passionierte Taucher. Wertvolle Uhr f\u00fcr den Alltag \u00fcber und unter dem Meeresspiegel.<\/p>\n<ul>\n<li>Swiss Made Produktion in hauseigenem Uhrmacheratelier<\/li>\n<li>Hochdruckfestes Titangeh\u00e4use<\/li>\n<li>Keramik-Lunette<\/li>\n<li>Kratzfestes Saphirglas<\/li>\n<li>Wasserdichtigkeit bis 300M\/30ATM<\/li>\n<li>Verschraubte Krone<\/li>\n<li>Schweizer Automatik-Uhrwerk<\/li>\n<li>2 Jahre internationale Garantie<\/li>\n<\/ul>\n","protected":false},"featured_media":4800,"template":"","meta":{"content-type":""},"product_brand":[],"product_cat":[565,570,572,1052,626,574],"product_tag":[],"class_list":{"0":"post-4796","1":"product","2":"type-product","3":"status-publish","4":"has-post-thumbnail","6":"product_cat-alle-uhren","7":"product_cat-herrenuhren","8":"product_cat-mechanische-uhren","9":"product_cat-pla44100-de","10":"product_cat-sportliche-uhren","11":"product_cat-uhren-mit-sonderfunktionen","13":"first","14":"instock","15":"taxable","16":"shipping-taxable","17":"purchasable","18":"product-type-simple"},"yoast_head":"<!-- This site is optimized with the Yoast SEO Premium plugin v27.0 (Yoast SEO v27.0) - https:\/\/yoast.com\/product\/yoast-seo-premium-wordpress\/ -->\n<title>Sport Diver Schweizer Sport-Uhr - Markenuhren mit Logo<\/title>\n<meta name=\"description\" content=\"Sport Diver Sport-Uhr - Marken-Logo auf einer hochwertigen Schweizer Uhr. Kaufen Sie direkt von uns. Kurze Lieferzeit, Mindestmenge 25 St\u00fcck.\" \/>\n<meta name=\"robots\" content=\"index, follow, max-snippet:-1, max-image-preview:large, max-video-preview:-1\" \/>\n<link rel=\"canonical\" href=\"https:\/\/chronowatch.ch\/de\/produkt\/titanium-300-pla44100-05\/\" \/>\n<meta property=\"og:locale\" content=\"de_DE\" \/>\n<meta property=\"og:type\" content=\"article\" \/>\n<meta property=\"og:title\" content=\"Sport Diver Schweizer Sport-Uhr - Markenuhren mit Logo\" \/>\n<meta property=\"og:description\" content=\"Sport Diver Sport-Uhr - Marken-Logo auf einer hochwertigen Schweizer Uhr. Kaufen Sie direkt von uns. Kurze Lieferzeit, Mindestmenge 25 St\u00fcck.\" \/>\n<meta property=\"og:url\" content=\"https:\/\/chronowatch.ch\/de\/produkt\/titanium-300-pla44100-05\/\" \/>\n<meta property=\"og:site_name\" content=\"Chrono AG Private Label Watches\" \/>\n<meta property=\"article:modified_time\" content=\"2023-05-04T14:07:33+00:00\" \/>\n<meta property=\"og:image\" content=\"https:\/\/chronowatch.ch\/wp-content\/uploads\/2023\/03\/PLA44100.05.png\" \/>\n\t<meta property=\"og:image:width\" content=\"1300\" \/>\n\t<meta property=\"og:image:height\" content=\"1642\" \/>\n\t<meta property=\"og:image:type\" content=\"image\/png\" \/>\n<meta name=\"twitter:card\" content=\"summary_large_image\" \/>\n<meta name=\"twitter:label1\" content=\"Preis\" \/>\n\t<meta name=\"twitter:data1\" content=\"&euro;1.00 inc. VAT\" \/>\n\t<meta name=\"twitter:label2\" content=\"Verf\u00fcgbarkeit\" \/>\n\t<meta name=\"twitter:data2\" content=\"Auf Lager\" \/>\n<script type=\"application\/ld+json\" class=\"yoast-schema-graph\">{\"@context\":\"https:\/\/schema.org\",\"@graph\":[{\"@type\":\"WebPage\",\"@id\":\"https:\/\/chronowatch.ch\/de\/produkt\/titanium-300-pla44100-05\/\",\"url\":\"https:\/\/chronowatch.ch\/de\/produkt\/titanium-300-pla44100-05\/\",\"name\":\"Sport Diver Schweizer Sport-Uhr - Markenuhren mit Logo\",\"isPartOf\":{\"@id\":\"https:\/\/chronowatch.ch\/de\/#website\"},\"primaryImageOfPage\":{\"@id\":\"https:\/\/chronowatch.ch\/de\/produkt\/titanium-300-pla44100-05\/#primaryimage\"},\"image\":{\"@id\":\"https:\/\/chronowatch.ch\/de\/produkt\/titanium-300-pla44100-05\/#primaryimage\"},\"thumbnailUrl\":\"https:\/\/chronowatch.ch\/wp-content\/uploads\/2023\/03\/PLA44100.05.png\",\"datePublished\":\"2023-03-24T07:13:33+00:00\",\"dateModified\":\"2023-05-04T14:07:33+00:00\",\"description\":\"Sport Diver Sport-Uhr - Marken-Logo auf einer hochwertigen Schweizer Uhr. Kaufen Sie direkt von uns. Kurze Lieferzeit, Mindestmenge 25 St\u00fcck.\",\"breadcrumb\":{\"@id\":\"https:\/\/chronowatch.ch\/de\/produkt\/titanium-300-pla44100-05\/#breadcrumb\"},\"inLanguage\":\"de\",\"potentialAction\":[{\"@type\":\"ReadAction\",\"target\":[\"https:\/\/chronowatch.ch\/de\/produkt\/titanium-300-pla44100-05\/\"]}]},{\"@type\":\"ImageObject\",\"inLanguage\":\"de\",\"@id\":\"https:\/\/chronowatch.ch\/de\/produkt\/titanium-300-pla44100-05\/#primaryimage\",\"url\":\"https:\/\/chronowatch.ch\/wp-content\/uploads\/2023\/03\/PLA44100.05.png\",\"contentUrl\":\"https:\/\/chronowatch.ch\/wp-content\/uploads\/2023\/03\/PLA44100.05.png\",\"width\":1300,\"height\":1642,\"caption\":\"PLA44100.05\"},{\"@type\":\"BreadcrumbList\",\"@id\":\"https:\/\/chronowatch.ch\/de\/produkt\/titanium-300-pla44100-05\/#breadcrumb\",\"itemListElement\":[{\"@type\":\"ListItem\",\"position\":1,\"name\":\"Home\",\"item\":\"https:\/\/chronowatch.ch\/de\/home\/\"},{\"@type\":\"ListItem\",\"position\":2,\"name\":\"Shop\",\"item\":\"https:\/\/chronowatch.ch\/de\/shop-2\/\"},{\"@type\":\"ListItem\",\"position\":3,\"name\":\"Titanium 300 &#8211; PLA44100.05\"}]},{\"@type\":\"WebSite\",\"@id\":\"https:\/\/chronowatch.ch\/de\/#website\",\"url\":\"https:\/\/chronowatch.ch\/de\/\",\"name\":\"Chrono AG Private Label Watches\",\"description\":\"Swiss Made Promotional and Private Label Watches\",\"publisher\":{\"@id\":\"https:\/\/chronowatch.ch\/de\/#organization\"},\"potentialAction\":[{\"@type\":\"SearchAction\",\"target\":{\"@type\":\"EntryPoint\",\"urlTemplate\":\"https:\/\/chronowatch.ch\/de\/?s={search_term_string}\"},\"query-input\":{\"@type\":\"PropertyValueSpecification\",\"valueRequired\":true,\"valueName\":\"search_term_string\"}}],\"inLanguage\":\"de\"},{\"@type\":\"Organization\",\"@id\":\"https:\/\/chronowatch.ch\/de\/#organization\",\"name\":\"Chrono AG\",\"url\":\"https:\/\/chronowatch.ch\/de\/\",\"logo\":{\"@type\":\"ImageObject\",\"inLanguage\":\"de\",\"@id\":\"https:\/\/chronowatch.ch\/de\/#\/schema\/logo\/image\/\",\"url\":\"https:\/\/chronowatch.ch\/wp-content\/uploads\/2022\/11\/logo_chrono_s.png\",\"contentUrl\":\"https:\/\/chronowatch.ch\/wp-content\/uploads\/2022\/11\/logo_chrono_s.png\",\"width\":500,\"height\":73,\"caption\":\"Chrono AG\"},\"image\":{\"@id\":\"https:\/\/chronowatch.ch\/de\/#\/schema\/logo\/image\/\"}}]}<\/script>\n<meta property=\"product:price:amount\" content=\"1.00\" \/>\n<meta property=\"product:price:currency\" content=\"EUR\" \/>\n<meta property=\"og:availability\" content=\"instock\" \/>\n<meta property=\"product:availability\" content=\"instock\" \/>\n<meta property=\"product:retailer_item_id\" content=\"PLA44100.05\" \/>\n<meta property=\"product:condition\" content=\"new\" \/>\n<!-- \/ Yoast SEO Premium plugin. -->","yoast_head_json":{"title":"Sport Diver Schweizer Sport-Uhr - Markenuhren mit Logo","description":"Sport Diver Sport-Uhr - Marken-Logo auf einer hochwertigen Schweizer Uhr. Kaufen Sie direkt von uns. Kurze Lieferzeit, Mindestmenge 25 St\u00fcck.","robots":{"index":"index","follow":"follow","max-snippet":"max-snippet:-1","max-image-preview":"max-image-preview:large","max-video-preview":"max-video-preview:-1"},"canonical":"https:\/\/chronowatch.ch\/de\/produkt\/titanium-300-pla44100-05\/","og_locale":"de_DE","og_type":"article","og_title":"Sport Diver Schweizer Sport-Uhr - Markenuhren mit Logo","og_description":"Sport Diver Sport-Uhr - Marken-Logo auf einer hochwertigen Schweizer Uhr. Kaufen Sie direkt von uns. Kurze Lieferzeit, Mindestmenge 25 St\u00fcck.","og_url":"https:\/\/chronowatch.ch\/de\/produkt\/titanium-300-pla44100-05\/","og_site_name":"Chrono AG Private Label Watches","article_modified_time":"2023-05-04T14:07:33+00:00","og_image":[{"width":1300,"height":1642,"url":"https:\/\/chronowatch.ch\/wp-content\/uploads\/2023\/03\/PLA44100.05.png","type":"image\/png"}],"twitter_card":"summary_large_image","twitter_misc":{"Preis":"&euro;1.00 inc. VAT","Verf\u00fcgbarkeit":"Auf Lager"},"schema":{"@context":"https:\/\/schema.org","@graph":[{"@type":"WebPage","@id":"https:\/\/chronowatch.ch\/de\/produkt\/titanium-300-pla44100-05\/","url":"https:\/\/chronowatch.ch\/de\/produkt\/titanium-300-pla44100-05\/","name":"Sport Diver Schweizer Sport-Uhr - Markenuhren mit Logo","isPartOf":{"@id":"https:\/\/chronowatch.ch\/de\/#website"},"primaryImageOfPage":{"@id":"https:\/\/chronowatch.ch\/de\/produkt\/titanium-300-pla44100-05\/#primaryimage"},"image":{"@id":"https:\/\/chronowatch.ch\/de\/produkt\/titanium-300-pla44100-05\/#primaryimage"},"thumbnailUrl":"https:\/\/chronowatch.ch\/wp-content\/uploads\/2023\/03\/PLA44100.05.png","datePublished":"2023-03-24T07:13:33+00:00","dateModified":"2023-05-04T14:07:33+00:00","description":"Sport Diver Sport-Uhr - Marken-Logo auf einer hochwertigen Schweizer Uhr. Kaufen Sie direkt von uns. Kurze Lieferzeit, Mindestmenge 25 St\u00fcck.","breadcrumb":{"@id":"https:\/\/chronowatch.ch\/de\/produkt\/titanium-300-pla44100-05\/#breadcrumb"},"inLanguage":"de","potentialAction":[{"@type":"ReadAction","target":["https:\/\/chronowatch.ch\/de\/produkt\/titanium-300-pla44100-05\/"]}]},{"@type":"ImageObject","inLanguage":"de","@id":"https:\/\/chronowatch.ch\/de\/produkt\/titanium-300-pla44100-05\/#primaryimage","url":"https:\/\/chronowatch.ch\/wp-content\/uploads\/2023\/03\/PLA44100.05.png","contentUrl":"https:\/\/chronowatch.ch\/wp-content\/uploads\/2023\/03\/PLA44100.05.png","width":1300,"height":1642,"caption":"PLA44100.05"},{"@type":"BreadcrumbList","@id":"https:\/\/chronowatch.ch\/de\/produkt\/titanium-300-pla44100-05\/#breadcrumb","itemListElement":[{"@type":"ListItem","position":1,"name":"Home","item":"https:\/\/chronowatch.ch\/de\/home\/"},{"@type":"ListItem","position":2,"name":"Shop","item":"https:\/\/chronowatch.ch\/de\/shop-2\/"},{"@type":"ListItem","position":3,"name":"Titanium 300 &#8211; PLA44100.05"}]},{"@type":"WebSite","@id":"https:\/\/chronowatch.ch\/de\/#website","url":"https:\/\/chronowatch.ch\/de\/","name":"Chrono AG Private Label Watches","description":"Swiss Made Promotional and Private Label Watches","publisher":{"@id":"https:\/\/chronowatch.ch\/de\/#organization"},"potentialAction":[{"@type":"SearchAction","target":{"@type":"EntryPoint","urlTemplate":"https:\/\/chronowatch.ch\/de\/?s={search_term_string}"},"query-input":{"@type":"PropertyValueSpecification","valueRequired":true,"valueName":"search_term_string"}}],"inLanguage":"de"},{"@type":"Organization","@id":"https:\/\/chronowatch.ch\/de\/#organization","name":"Chrono AG","url":"https:\/\/chronowatch.ch\/de\/","logo":{"@type":"ImageObject","inLanguage":"de","@id":"https:\/\/chronowatch.ch\/de\/#\/schema\/logo\/image\/","url":"https:\/\/chronowatch.ch\/wp-content\/uploads\/2022\/11\/logo_chrono_s.png","contentUrl":"https:\/\/chronowatch.ch\/wp-content\/uploads\/2022\/11\/logo_chrono_s.png","width":500,"height":73,"caption":"Chrono AG"},"image":{"@id":"https:\/\/chronowatch.ch\/de\/#\/schema\/logo\/image\/"}}]},"product_price_amount":"1.00","product_price_currency":"EUR","og_availability":"instock","product_availability":"instock","product_retailer_item_id":"PLA44100.05","product_condition":"new"},"_links":{"self":[{"href":"https:\/\/chronowatch.ch\/de\/wp-json\/wp\/v2\/product\/4796","targetHints":{"allow":["GET"]}}],"collection":[{"href":"https:\/\/chronowatch.ch\/de\/wp-json\/wp\/v2\/product"}],"about":[{"href":"https:\/\/chronowatch.ch\/de\/wp-json\/wp\/v2\/types\/product"}],"wp:featuredmedia":[{"embeddable":true,"href":"https:\/\/chronowatch.ch\/de\/wp-json\/wp\/v2\/media\/4800"}],"wp:attachment":[{"href":"https:\/\/chronowatch.ch\/de\/wp-json\/wp\/v2\/media?parent=4796"}],"wp:term":[{"taxonomy":"product_brand","embeddable":true,"href":"https:\/\/chronowatch.ch\/de\/wp-json\/wp\/v2\/product_brand?post=4796"},{"taxonomy":"product_cat","embeddable":true,"href":"https:\/\/chronowatch.ch\/de\/wp-json\/wp\/v2\/product_cat?post=4796"},{"taxonomy":"product_tag","embeddable":true,"href":"https:\/\/chronowatch.ch\/de\/wp-json\/wp\/v2\/product_tag?post=4796"}],"curies":[{"name":"wp","href":"https:\/\/api.w.org\/{rel}","templated":true}]}}