{"id":2699,"date":"2022-09-08T13:37:15","date_gmt":"2022-09-08T12:37:15","guid":{"rendered":"https:\/\/chronowatch.ch\/product\/deep-sea-1000-pla44092-08\/"},"modified":"2023-03-31T18:27:42","modified_gmt":"2023-03-31T17:27:42","slug":"deep-sea-1000-pla44092-08","status":"publish","type":"product","link":"https:\/\/chronowatch.ch\/de\/produkt\/deep-sea-1000-pla44092-08\/","title":{"rendered":"Deep Sea 1000 &#8211; PLA44092.08"},"content":{"rendered":"","protected":false},"excerpt":{"rendered":"<h2><span style=\"font-size: 80%;\">Swiss Made private label 1000M Taucheruhr f\u00fcr M\u00e4nner<\/h2>\n<p>Hochwertige automatische Swiss Made Herrenuhr f\u00fcr leidenschaftliche und professionelle Taucher. Wertvolle Uhr f\u00fcr den Alltag \u00fcber und unter dem Meeresspiegel.<\/p>\n<ul>\n<li>Swiss Made Produktion in hauseigenem Uhrmacheratelier<\/li>\n<li>Hochdruckfestes Geh\u00e4use aus Edelstahl<\/li>\n<li>Keramik-Lunette<\/li>\n<li>Kratzfestes Saphirglas<\/li>\n<li>Wasserdicht bis 1000M\/100ATM<\/li>\n<li>Verschraubte Krone<\/li>\n<li>Heliumventil<\/li>\n<li>Schweizer Automatik-Uhrwerk<\/li>\n<li>2 Jahre internationale Garantie<\/li>\n<\/ul>\n","protected":false},"featured_media":2349,"template":"","meta":{"content-type":""},"product_brand":[],"product_cat":[565,570,572,625,626,574],"product_tag":[],"class_list":{"0":"post-2699","1":"product","2":"type-product","3":"status-publish","4":"has-post-thumbnail","6":"product_cat-alle-uhren","7":"product_cat-herrenuhren","8":"product_cat-mechanische-uhren","9":"product_cat-pla44092-de","10":"product_cat-sportliche-uhren","11":"product_cat-uhren-mit-sonderfunktionen","13":"first","14":"instock","15":"taxable","16":"shipping-taxable","17":"purchasable","18":"product-type-simple"},"yoast_head":"<!-- This site is optimized with the Yoast SEO Premium plugin v27.0 (Yoast SEO v27.0) - https:\/\/yoast.com\/product\/yoast-seo-premium-wordpress\/ -->\n<title>Sport Diver Schweizer Sport-Uhr - Markenuhren mit Logo<\/title>\n<meta name=\"description\" content=\"Sport Diver Sport-Uhr - Marken-Logo auf einer hochwertigen Schweizer Uhr. Kaufen Sie direkt von uns. Kurze Lieferzeit, Mindestmenge 25 St\u00fcck.\" \/>\n<meta name=\"robots\" content=\"index, follow, max-snippet:-1, max-image-preview:large, max-video-preview:-1\" \/>\n<link rel=\"canonical\" href=\"https:\/\/chronowatch.ch\/de\/produkt\/deep-sea-1000-pla44092-08\/\" \/>\n<meta property=\"og:locale\" content=\"de_DE\" \/>\n<meta property=\"og:type\" content=\"article\" \/>\n<meta property=\"og:title\" content=\"Sport Diver Schweizer Sport-Uhr - Markenuhren mit Logo\" \/>\n<meta property=\"og:description\" content=\"Sport Diver Sport-Uhr - Marken-Logo auf einer hochwertigen Schweizer Uhr. Kaufen Sie direkt von uns. Kurze Lieferzeit, Mindestmenge 25 St\u00fcck.\" \/>\n<meta property=\"og:url\" content=\"https:\/\/chronowatch.ch\/de\/produkt\/deep-sea-1000-pla44092-08\/\" \/>\n<meta property=\"og:site_name\" content=\"Chrono AG Private Label Watches\" \/>\n<meta property=\"article:modified_time\" content=\"2023-03-31T17:27:42+00:00\" \/>\n<meta property=\"og:image\" content=\"https:\/\/chronowatch.ch\/wp-content\/uploads\/2022\/09\/PLA44092.08.png\" \/>\n\t<meta property=\"og:image:width\" content=\"1300\" \/>\n\t<meta property=\"og:image:height\" content=\"1642\" \/>\n\t<meta property=\"og:image:type\" content=\"image\/png\" \/>\n<meta name=\"twitter:card\" content=\"summary_large_image\" \/>\n<meta name=\"twitter:label1\" content=\"Preis\" \/>\n\t<meta name=\"twitter:data1\" content=\"&euro;1.00 inc. VAT\" \/>\n\t<meta name=\"twitter:label2\" content=\"Verf\u00fcgbarkeit\" \/>\n\t<meta name=\"twitter:data2\" content=\"Auf Lager\" \/>\n<script type=\"application\/ld+json\" class=\"yoast-schema-graph\">{\"@context\":\"https:\/\/schema.org\",\"@graph\":[{\"@type\":\"WebPage\",\"@id\":\"https:\/\/chronowatch.ch\/de\/produkt\/deep-sea-1000-pla44092-08\/\",\"url\":\"https:\/\/chronowatch.ch\/de\/produkt\/deep-sea-1000-pla44092-08\/\",\"name\":\"Sport Diver Schweizer Sport-Uhr - Markenuhren mit Logo\",\"isPartOf\":{\"@id\":\"https:\/\/chronowatch.ch\/de\/#website\"},\"primaryImageOfPage\":{\"@id\":\"https:\/\/chronowatch.ch\/de\/produkt\/deep-sea-1000-pla44092-08\/#primaryimage\"},\"image\":{\"@id\":\"https:\/\/chronowatch.ch\/de\/produkt\/deep-sea-1000-pla44092-08\/#primaryimage\"},\"thumbnailUrl\":\"https:\/\/chronowatch.ch\/wp-content\/uploads\/2022\/09\/PLA44092.08.png\",\"datePublished\":\"2022-09-08T12:37:15+00:00\",\"dateModified\":\"2023-03-31T17:27:42+00:00\",\"description\":\"Sport Diver Sport-Uhr - Marken-Logo auf einer hochwertigen Schweizer Uhr. Kaufen Sie direkt von uns. Kurze Lieferzeit, Mindestmenge 25 St\u00fcck.\",\"breadcrumb\":{\"@id\":\"https:\/\/chronowatch.ch\/de\/produkt\/deep-sea-1000-pla44092-08\/#breadcrumb\"},\"inLanguage\":\"de\",\"potentialAction\":[{\"@type\":\"ReadAction\",\"target\":[\"https:\/\/chronowatch.ch\/de\/produkt\/deep-sea-1000-pla44092-08\/\"]}]},{\"@type\":\"ImageObject\",\"inLanguage\":\"de\",\"@id\":\"https:\/\/chronowatch.ch\/de\/produkt\/deep-sea-1000-pla44092-08\/#primaryimage\",\"url\":\"https:\/\/chronowatch.ch\/wp-content\/uploads\/2022\/09\/PLA44092.08.png\",\"contentUrl\":\"https:\/\/chronowatch.ch\/wp-content\/uploads\/2022\/09\/PLA44092.08.png\",\"width\":1300,\"height\":1642},{\"@type\":\"BreadcrumbList\",\"@id\":\"https:\/\/chronowatch.ch\/de\/produkt\/deep-sea-1000-pla44092-08\/#breadcrumb\",\"itemListElement\":[{\"@type\":\"ListItem\",\"position\":1,\"name\":\"Home\",\"item\":\"https:\/\/chronowatch.ch\/de\/home\/\"},{\"@type\":\"ListItem\",\"position\":2,\"name\":\"Shop\",\"item\":\"https:\/\/chronowatch.ch\/de\/shop-2\/\"},{\"@type\":\"ListItem\",\"position\":3,\"name\":\"Deep Sea 1000 &#8211; PLA44092.08\"}]},{\"@type\":\"WebSite\",\"@id\":\"https:\/\/chronowatch.ch\/de\/#website\",\"url\":\"https:\/\/chronowatch.ch\/de\/\",\"name\":\"Chrono AG Private Label Watches\",\"description\":\"Swiss Made Promotional and Private Label Watches\",\"publisher\":{\"@id\":\"https:\/\/chronowatch.ch\/de\/#organization\"},\"potentialAction\":[{\"@type\":\"SearchAction\",\"target\":{\"@type\":\"EntryPoint\",\"urlTemplate\":\"https:\/\/chronowatch.ch\/de\/?s={search_term_string}\"},\"query-input\":{\"@type\":\"PropertyValueSpecification\",\"valueRequired\":true,\"valueName\":\"search_term_string\"}}],\"inLanguage\":\"de\"},{\"@type\":\"Organization\",\"@id\":\"https:\/\/chronowatch.ch\/de\/#organization\",\"name\":\"Chrono AG\",\"url\":\"https:\/\/chronowatch.ch\/de\/\",\"logo\":{\"@type\":\"ImageObject\",\"inLanguage\":\"de\",\"@id\":\"https:\/\/chronowatch.ch\/de\/#\/schema\/logo\/image\/\",\"url\":\"https:\/\/chronowatch.ch\/wp-content\/uploads\/2022\/11\/logo_chrono_s.png\",\"contentUrl\":\"https:\/\/chronowatch.ch\/wp-content\/uploads\/2022\/11\/logo_chrono_s.png\",\"width\":500,\"height\":73,\"caption\":\"Chrono AG\"},\"image\":{\"@id\":\"https:\/\/chronowatch.ch\/de\/#\/schema\/logo\/image\/\"}}]}<\/script>\n<meta property=\"product:price:amount\" content=\"1.00\" \/>\n<meta property=\"product:price:currency\" content=\"EUR\" \/>\n<meta property=\"og:availability\" content=\"instock\" \/>\n<meta property=\"product:availability\" content=\"instock\" \/>\n<meta property=\"product:retailer_item_id\" content=\"PLA44092.08\" \/>\n<meta property=\"product:condition\" content=\"new\" \/>\n<!-- \/ Yoast SEO Premium plugin. -->","yoast_head_json":{"title":"Sport Diver Schweizer Sport-Uhr - Markenuhren mit Logo","description":"Sport Diver Sport-Uhr - Marken-Logo auf einer hochwertigen Schweizer Uhr. Kaufen Sie direkt von uns. Kurze Lieferzeit, Mindestmenge 25 St\u00fcck.","robots":{"index":"index","follow":"follow","max-snippet":"max-snippet:-1","max-image-preview":"max-image-preview:large","max-video-preview":"max-video-preview:-1"},"canonical":"https:\/\/chronowatch.ch\/de\/produkt\/deep-sea-1000-pla44092-08\/","og_locale":"de_DE","og_type":"article","og_title":"Sport Diver Schweizer Sport-Uhr - Markenuhren mit Logo","og_description":"Sport Diver Sport-Uhr - Marken-Logo auf einer hochwertigen Schweizer Uhr. Kaufen Sie direkt von uns. Kurze Lieferzeit, Mindestmenge 25 St\u00fcck.","og_url":"https:\/\/chronowatch.ch\/de\/produkt\/deep-sea-1000-pla44092-08\/","og_site_name":"Chrono AG Private Label Watches","article_modified_time":"2023-03-31T17:27:42+00:00","og_image":[{"width":1300,"height":1642,"url":"https:\/\/chronowatch.ch\/wp-content\/uploads\/2022\/09\/PLA44092.08.png","type":"image\/png"}],"twitter_card":"summary_large_image","twitter_misc":{"Preis":"&euro;1.00 inc. VAT","Verf\u00fcgbarkeit":"Auf Lager"},"schema":{"@context":"https:\/\/schema.org","@graph":[{"@type":"WebPage","@id":"https:\/\/chronowatch.ch\/de\/produkt\/deep-sea-1000-pla44092-08\/","url":"https:\/\/chronowatch.ch\/de\/produkt\/deep-sea-1000-pla44092-08\/","name":"Sport Diver Schweizer Sport-Uhr - Markenuhren mit Logo","isPartOf":{"@id":"https:\/\/chronowatch.ch\/de\/#website"},"primaryImageOfPage":{"@id":"https:\/\/chronowatch.ch\/de\/produkt\/deep-sea-1000-pla44092-08\/#primaryimage"},"image":{"@id":"https:\/\/chronowatch.ch\/de\/produkt\/deep-sea-1000-pla44092-08\/#primaryimage"},"thumbnailUrl":"https:\/\/chronowatch.ch\/wp-content\/uploads\/2022\/09\/PLA44092.08.png","datePublished":"2022-09-08T12:37:15+00:00","dateModified":"2023-03-31T17:27:42+00:00","description":"Sport Diver Sport-Uhr - Marken-Logo auf einer hochwertigen Schweizer Uhr. Kaufen Sie direkt von uns. Kurze Lieferzeit, Mindestmenge 25 St\u00fcck.","breadcrumb":{"@id":"https:\/\/chronowatch.ch\/de\/produkt\/deep-sea-1000-pla44092-08\/#breadcrumb"},"inLanguage":"de","potentialAction":[{"@type":"ReadAction","target":["https:\/\/chronowatch.ch\/de\/produkt\/deep-sea-1000-pla44092-08\/"]}]},{"@type":"ImageObject","inLanguage":"de","@id":"https:\/\/chronowatch.ch\/de\/produkt\/deep-sea-1000-pla44092-08\/#primaryimage","url":"https:\/\/chronowatch.ch\/wp-content\/uploads\/2022\/09\/PLA44092.08.png","contentUrl":"https:\/\/chronowatch.ch\/wp-content\/uploads\/2022\/09\/PLA44092.08.png","width":1300,"height":1642},{"@type":"BreadcrumbList","@id":"https:\/\/chronowatch.ch\/de\/produkt\/deep-sea-1000-pla44092-08\/#breadcrumb","itemListElement":[{"@type":"ListItem","position":1,"name":"Home","item":"https:\/\/chronowatch.ch\/de\/home\/"},{"@type":"ListItem","position":2,"name":"Shop","item":"https:\/\/chronowatch.ch\/de\/shop-2\/"},{"@type":"ListItem","position":3,"name":"Deep Sea 1000 &#8211; PLA44092.08"}]},{"@type":"WebSite","@id":"https:\/\/chronowatch.ch\/de\/#website","url":"https:\/\/chronowatch.ch\/de\/","name":"Chrono AG Private Label Watches","description":"Swiss Made Promotional and Private Label Watches","publisher":{"@id":"https:\/\/chronowatch.ch\/de\/#organization"},"potentialAction":[{"@type":"SearchAction","target":{"@type":"EntryPoint","urlTemplate":"https:\/\/chronowatch.ch\/de\/?s={search_term_string}"},"query-input":{"@type":"PropertyValueSpecification","valueRequired":true,"valueName":"search_term_string"}}],"inLanguage":"de"},{"@type":"Organization","@id":"https:\/\/chronowatch.ch\/de\/#organization","name":"Chrono AG","url":"https:\/\/chronowatch.ch\/de\/","logo":{"@type":"ImageObject","inLanguage":"de","@id":"https:\/\/chronowatch.ch\/de\/#\/schema\/logo\/image\/","url":"https:\/\/chronowatch.ch\/wp-content\/uploads\/2022\/11\/logo_chrono_s.png","contentUrl":"https:\/\/chronowatch.ch\/wp-content\/uploads\/2022\/11\/logo_chrono_s.png","width":500,"height":73,"caption":"Chrono AG"},"image":{"@id":"https:\/\/chronowatch.ch\/de\/#\/schema\/logo\/image\/"}}]},"product_price_amount":"1.00","product_price_currency":"EUR","og_availability":"instock","product_availability":"instock","product_retailer_item_id":"PLA44092.08","product_condition":"new"},"_links":{"self":[{"href":"https:\/\/chronowatch.ch\/de\/wp-json\/wp\/v2\/product\/2699","targetHints":{"allow":["GET"]}}],"collection":[{"href":"https:\/\/chronowatch.ch\/de\/wp-json\/wp\/v2\/product"}],"about":[{"href":"https:\/\/chronowatch.ch\/de\/wp-json\/wp\/v2\/types\/product"}],"wp:featuredmedia":[{"embeddable":true,"href":"https:\/\/chronowatch.ch\/de\/wp-json\/wp\/v2\/media\/2349"}],"wp:attachment":[{"href":"https:\/\/chronowatch.ch\/de\/wp-json\/wp\/v2\/media?parent=2699"}],"wp:term":[{"taxonomy":"product_brand","embeddable":true,"href":"https:\/\/chronowatch.ch\/de\/wp-json\/wp\/v2\/product_brand?post=2699"},{"taxonomy":"product_cat","embeddable":true,"href":"https:\/\/chronowatch.ch\/de\/wp-json\/wp\/v2\/product_cat?post=2699"},{"taxonomy":"product_tag","embeddable":true,"href":"https:\/\/chronowatch.ch\/de\/wp-json\/wp\/v2\/product_tag?post=2699"}],"curies":[{"name":"wp","href":"https:\/\/api.w.org\/{rel}","templated":true}]}}