{"id":2660,"date":"2022-11-10T13:25:07","date_gmt":"2022-11-10T13:25:07","guid":{"rendered":"https:\/\/chronowatch.ch\/glossar-uhrenbegriffe\/"},"modified":"2023-02-10T12:15:28","modified_gmt":"2023-02-10T12:15:28","slug":"glossar-uhrenbegriffe","status":"publish","type":"page","link":"https:\/\/chronowatch.ch\/de\/glossar-uhrenbegriffe\/","title":{"rendered":"GLOSSAR DER UHRENBEGRIFFE"},"content":{"rendered":"\n\t<div id=\"gap-314848137\" class=\"gap-element clearfix\" style=\"display:block; height:auto;\">\n\t\t\n<style>\n#gap-314848137 {\n  padding-top: 50px;\n}\n<\/style>\n\t<\/div>\n\t\n\n<div class=\"row row-full-width\"  id=\"row-2105979577\">\n\n\n\t<div id=\"col-1023754754\" class=\"col small-12 large-12\"  >\n\t\t\t\t<div class=\"col-inner text-left\"  >\n\t\t\t\n\t\t\t\n\n\t<div id=\"text-464411545\" class=\"text\">\n\t\t\n\n<h1>GLOSSAR DER UHRENBEGRIFFE<\/h1>\n\t\t\n<style>\n#text-464411545 {\n  font-size: 1.8rem;\n}\n<\/style>\n\t<\/div>\n\t\n\t<div id=\"text-3238125182\" class=\"text\">\n\t\t\n\n<h2>Die Suche nach Ihrer Eigenmarke oder massgefertigten Uhr kann schwierig sein, wenn Sie auf die Anzahl der Begriffe sto\u00dfen, die zur Beschreibung von Uhrenfunktionen und -teilen verwendet werden. Um Ihnen zu helfen, haben wir eine Liste mit einigen der am h\u00e4ufigsten verwendeten Begriffe zusammengestellt.<\/h2>\n\t\t\n<style>\n#text-3238125182 {\n  font-size: 0.75rem;\n  line-height: 1.1;\n}\n<\/style>\n\t<\/div>\n\t\n\t<div id=\"text-2868292666\" class=\"text\">\n\t\t<h3>12-Stunden-Z\u00e4hler<\/h3>\r\nEine Anzeige auf einem Chronographen, die die Messung von Zeitr\u00e4umen bis zu 12 Stunden erm\u00f6glicht.\r\n<h3>30-Minuten-Z\u00e4hler<\/h3>\r\nEine Anzeige auf einem Chronographen, die die Messung von Zeitr\u00e4umen bis zu 30 Minuten erm\u00f6glicht.\r\n<h3>Armband<\/h3>\r\nMetall-Uhrarmband aus einzelnen Metallgliedern.\r\n<h3>Analoge Uhr<\/h3>\r\nEine Uhr mit Zifferblatt, Zeigern, Zahlen oder Indexen, die eine Anzeige von 12 Stunden darstellt. Die analoge 12-Stunden-Anzeige zeigt die Uhrzeit und, falls integriert, Tag und Datum an.\r\n<h3>Automatisches Uhrwerk<\/h3>\r\nEin mechanisches Uhrwerk, das keinen Aufzug erfordert, da der Rotor, welcher Teil des Automatikwerks ist, bei jeder Bewegung der Uhr die Hauptfeder aufzieht. Die meisten Automatikuhren haben eine Gangreserve von bis zu 40 Stunden. Wenn eine Automatikuhr ein oder zwei Tage lang nicht getragen wird, funktioniert sie nicht mehr.\r\n<h3>Batterie<\/h3>\r\nEnergiequelle, bei der elektrische Energie durch die direkte Umwandlung von chemischer Energie erzeugt wird.\r\n<h3>Chronograph<\/h3>\r\nEin Chronograph ist ein Mechanismus zur Messung kurzer Zeitr\u00e4ume unabh\u00e4ngig von der normalen Uhrzeit-Anzeige. Die Anzeige f\u00fcr die Zeitmessung befindet sich in der Zifferblattmitte.\r\n<h3>Datumsanzeige<\/h3>\r\nAnzeige des Datums durch eine \u00d6ffnung im Zifferblatt angezeigt.\r\n<h3>Dichtung<\/h3>\r\nDer Geh\u00e4useboden, das Glas und die Krone sind mit Dichtungen ausgestattet, um die Uhr vor Wassereintritt zu sch\u00fctzen. Es ist wichtig, die Dichtungen alle zwei Jahre \u00fcberpr\u00fcfen zu lassen, um die Wasserdichtigkeit der Uhr zu erhalten.\r\n<h3>Digitaluhr<\/h3>\r\nEine Uhr, die die Zeit in Form von Zahlen auf einem LCD- oder LED-Display anzeigt.\r\n<h3>Doppelzeiger<\/h3>\r\nIn gewissen Chrongraphen ist ein zweiter Chronographenzeiger eingebaut der \u00fcber dem ersten laufen kann. Dadurch kann eine Zwischenzeit gestoppt werden ohne dass die Zeitmessung unterbrochen wird.\r\n<h3>Drehl\u00fcnette<\/h3>\r\nEine L\u00fcnette \/ ein Ring auf der Oberseite des Uhrengeh\u00e4uses, der gedreht werden kann. Verschiedene Arten von Drehringen erf\u00fcllen unterschiedliche Zeitnahme- sowie mathematische Funktionen.\r\n<h3>Druckblock<\/h3>\r\nMetallischer Block (Klischee mit Ihren Logodetails), mit dem die Zifferbl\u00e4tter durch Tampondruck bedruckt wurden.\r\n<h3>Dr\u00fccker<\/h3>\r\nDrucktasten am Geh\u00e4use der Chronographen und einiger komplizierter Uhren. Sie werden verwendet, um die Komplikationen und Zeiteinstellungen zu bedienen.\r\n<h3>ETA<\/h3>\r\nEiner der f\u00fchrenden Hersteller von Uhrwerken mit Sitz in der Schweiz.\r\n<h3>E.O.L.<\/h3>\r\n(Batterie-End-Anzeige) Einige batteriebetriebene Uhren haben eine Funktion, die anzeigt, wann sich die Batterie dem Ende ihrer Lebensdauer n\u00e4hert. Die Anzeige geschieht durch das Springen des Sekundenzeigers von nur aller 4 Sekunden.\r\n<h3>Ewiger Kalender<\/h3>\r\nEin Kalender, der sich automatisch an die unterschiedliche L\u00e4nge der Monate und das Schaltjahr anpasst. Ewige Kalender, die durch Quarz oder mechanische Uhrwerke angetrieben werden, sind bis zum Jahr 2100 genau programmiert.\r\n<h3>Edelstahl 316L<\/h3>\r\nEin extrem langlebiges Metall, das praktisch immun gegen Rost, Verf\u00e4rbungen und Korrosion ist. Es kann von jedem Juwelier nachbearbeitet werden und wird nicht oxidieren.\r\n<h3>Oberfl\u00e4chenbearbeitung von Edelstahl<\/h3>\r\nDie Oberfl\u00e4che von Edelstahl kann bearbeitet werden, um das gew\u00fcnschte \u00e4sthetische Aussehen zu erreichen.\r\n<ul>\r\n \t<li>Geb\u00fcrstete Oberfl\u00e4che<\/li>\r\n \t<li>Satinierte Oberfl\u00e4che<\/li>\r\n \t<li>Matte Oberfl\u00e4che (geb\u00fcrstet, aber glatter als Nr.1)<\/li>\r\n \t<li>Physical Vapor Deposition (PVD) \u2013 Plaquierung in Gold, Ros\u00e9gold, Schwarz, etc.<\/li>\r\n<\/ul>\r\n<h3>Faltschliesse<\/h3>\r\nVerschluss des Uhrenarmbandes durch eine faltbare Schnalle. Dadurch wir das Armband nie vollst\u00e4ndig ge\u00f6ffnet wie bei einem Lederarmband, sondern nur an Scharnieren aufgeklappt. Dadurch wird das Band geweitet sodass es gen\u00fcgend Weite hat um die Uhr vom Arm nehmen zu k\u00f6nnen.\r\n<h3>Geh\u00e4use<\/h3>\r\nDer \u00e4u\u00dfere Teil der Uhr. Ein Uhrengeh\u00e4use besteht im Allgemeinen aus 3 Teilen: der L\u00fcnette, dem eigentlichen Geh\u00e4use und dem Geh\u00e4useboden.\r\n<h3>Geh\u00e4useboden<\/h3>\r\nDie R\u00fcckseite des Uhrengeh\u00e4use. Die Geh\u00e4useb\u00f6den k\u00f6nnen mit Ihrem Namen, Firmenlogo, einer einzelnen Nummerierung, technischen Details usw. graviert werden.\r\n<h3>Ge\u00e4tztes Logo<\/h3>\r\nDesign, Buchstaben oder Firmenlogos welche auf einer Metalloberfl\u00e4che einge\u00e4tzt werden.\r\n<h3>Glas<\/h3>\r\nDas Glas Ihrer Uhr. Es kann Mineralglas, K1 saphirbeschichtetes Mineralglas oder Saphirglas sein.\r\n<h3>GMT\/ zweite Zeitzone<\/h3>\r\nEine GMT-Uhr hat einen 2. Stundenzeiger, der eine volle Umdrehung in 24 Stunden vollendet. Auf dem Zifferblatt oder der L\u00fcnette befindet sich ein 24-Stunden-Index, um die zweite Zeitzone abzulesen.\r\n<h3>Horn<\/h3>\r\nDie Seitenteile des Uhrengeh\u00e4uses zwischen welchen das Armband befestigt wird.\r\n<h3>Hornbreite<\/h3>\r\nDer Abstand zwischen den beiden Horn entspricht der Bandbreite.\r\n<h3>Index<\/h3>\r\nAnzeigen auf einem Zifferblatt, die anstelle von Ziffern verwendet werden.\r\n<h3>Integriertes Armband<\/h3>\r\nEin Uhrenarmband, das in die Konstruktion des Geh\u00e4uses integriert ist.\r\n<h3>Kalender<\/h3>\r\nEine Funktion zur Anzeige des Datums.\r\n<h3>Kaliber<\/h3>\r\nSynonym f\u00fcr die Abmessung des Uhrwerks. Der Begriff wird verwendet, um die Gr\u00f6\u00dfe und die Art des Uhrwerks anzugeben.\r\n<h3>Klischee<\/h3>\r\nMetallischer Block auf welchem Ihr Logo eingraviert ist. Er dient zum Aufdrucken von Logos auf\u00a0 das Zifferblatt mittels Tampondruck.\r\n<h3>Krone<\/h3>\r\nDie Krone wird verwendet, um die Uhrzeit richtig einzustellen, indem die Zeiger auf die richtige Zeit eingestellt werden. Die Krone dient auch zum \u00c4ndern des Datums.\r\n<h3>Krone verschraubt<\/h3>\r\nEine Krone, die in das Rohr des Geh\u00e4uses eingeschraubt werden kann, um die Uhr sehr wasserdicht zu machen. Wird vor allem bei Taucheruhren eingesetzt.\r\n<h3>L\u00fcnette<\/h3>\r\nDer Ring welcher in der Mitte des Uhrengeh\u00e4uses aufgesetzt ist um das Glas an seinem Platz zu halten. Er \u00fcbernimmt oft auch eine dekorative Funktion.\r\n<h3>Lasergravur<\/h3>\r\nVerfahren zum gravieren von Geh\u00e4useb\u00f6den, Geh\u00e4useseiten, Kronen oder Schnallen mit dem Laser.\r\n<h3>Limitierte Auflagen<\/h3>\r\nEin Uhrenmodell, das in einer limitierten Menge hergestellt wird, oft nummeriert und in begrenzten Mengen erh\u00e4ltlich ist.\r\n<h3>Mechanisches Uhrwerk<\/h3>\r\nEin Werk, das im Gegensatz zu dem Quarzuhrwerk nur aus mechanischen Teilen besteht, von einer Aufzugsfeder angetrieben wird und in Verbindung mit einer Unruh arbeitet. Die Aufzugsfeder muss manuell aufgezogen werden.\r\n<h3>Mondphase<\/h3>\r\nEine Funktion, die die Mondphasen durch eine \u00d6ffnung im Zifferblatt anzeigt. Ein Mondzyklus hat vier Phasen: Neumond, erstes Quartal, Vollmond, letztes Quartal.\r\n<h3>Montage\/Fertigstellung<\/h3>\r\nVerfahren zum Zusammenf\u00fcgen aller Uhrenteile zu einer vollst\u00e4ndigen und fertigen Uhr.\r\n<h3>\u00d6ffnung<\/h3>\r\nDie Zifferbl\u00e4tter einiger Uhren haben \u00d6ffnungen, durch welche bestimmte Anzeigen sichtbar sind (z.B. Datum, Stunde, Mondphase usw.).\r\n<h3>Personalisierung<\/h3>\r\nVerwandeln Sie eine Uhr in eine f\u00fcr Ihre Marke\/Firma personaliserte Uhr, indem Sie sie mit einem Firmenlogo und\/oder anderen personalisierten Texten und Designs versehen.\r\n<h3>Perlmutt<\/h3>\r\nDie schillernde, milchige Innenschale der S\u00fcsswasser-Muschel, die d\u00fcnn geschnitten ist und auf Zifferbl\u00e4tter verwendet wird. Verschiedene Farben erh\u00e4ltlich weiss, silbergrau, schwarz, hellblau, rosa usw.\r\n<h3>Private Label Uhren \/ Werbeuhren<\/h3>\r\nPrivate Label-Uhren sind Uhren, die von einer Uhrenfabrik hergestellt und unter einem anderen Firmennamen\/Marke angeboten werden. Auch OEM- oder Werbeuhren genannt.\r\n<h3>PVD<\/h3>\r\nEine Technik zur Beschichtung von Metall. Dies ist eine spezielle Behandlung zum H\u00e4rten\/F\u00e4rben der Stahloberfl\u00e4che. Die g\u00e4ngigsten Beschichtungsfarben sind Gold, Ros\u00e9gold und Schwarz.\r\n<h3>Quarzuhrwerk<\/h3>\r\nEin Uhrwerk, das es einer Uhr erm\u00f6glicht, die Zeit zu halten, ohne sie aufzuziehen. Ein elektrischer Strom wird verwendet, um einen Quarzoszillator zum Schwingen zu bringen, normalerweise 32&#8217;768 Hz pro Sekunde. Der Strom kommt von einer Batterie, die etwa alle 1,5 Jahre ausgetauscht werden muss.\r\n<h3>Ronda<\/h3>\r\nDer zweitgr\u00f6sste Schweizer Werkhersteller (nach ETA).\r\n<h3>Rotor<\/h3>\r\nBei einer automatischen Armbanduhr zieht der Rotor die Aufzugsfeder auf wodurch das mechanische Uhrwerk angetrieben wird. Es ist ein Segment aus Metall, das sich frei und in beide Richtungen dreht. Es ist durch einen Glasboden sichtbar und kann graviert werden.\r\n<h3>Rubin\/Edelsteine<\/h3>\r\nIn der Uhrmacherei sind Juwelen aus synthetischem Rubin. Sie werden in empfindlichen Teilen des Uhrwerks eingesetzt, um die Reibung zu reduzieren. Sie helfen, dass das Uhrwerk pr\u00e4zise bleibt.\r\n<h3>Saphirglas<\/h3>\r\nEin Glas aus synthetischem Saphir. Es besitzt die Eigenschaften einer hohen H\u00e4rte und einer hohen Kratzfestigkeit.\r\n<h3>Sekundenzeiger<\/h3>\r\nZeiger, der in der Mitte des Zifferblatts montiert ist und sich im Sekundentakt bewegt.\r\n<h3>Kleiner Sekundenzeiger<\/h3>\r\nEin Zeiger, der die Sekunden auf einem Unterzifferblatt anzeigt.\r\n<h3>Sellita<\/h3>\r\nEin unabh\u00e4ngiges Schweizer Unternehmen, das sich auf die Herstellung von mechanischen Uhrwerken spezialisiert hat.\r\n<h3>Sonderanfertigung<\/h3>\r\nUhren, die nach Ihren Designvorgaben gefertigt werden. Ihr eigenes Markendesign.\r\n<h3>Superluminova<\/h3>\r\nMaterial durch welches Zeiger und Zifferblattindexe im Dunkeln sichtbar gemacht werden k\u00f6nnen.\r\n<h3>Swiss Made<\/h3>\r\nEin G\u00fctesiegel welches den Ursprung der Uhr offiziell zertifiziert. Damit eine Uhr als \u00abSwiss Made\u00bb gilt, m\u00fcssen neu 60% der Produktionskosten der Uhr und des Uhrwerks in der Schweiz anfallen. Auf der ganzen Welt ist der Ruf von Schweizer Uhren bekannt. Know-how, hohe Qualit\u00e4t, \u00e4sthetisches K\u00f6nnen, technische Innovation: Die Bezeichnung Swiss Made spiegelt all dies und vieles mehr wider.\r\n<h3>Tachometer<\/h3>\r\nBei einigen Chronographen Uhren finden Sie einen Tachometer. Dies ist eine Funktion zur Geschwindigkeitsmessung (km\/h) auf einer Skala auf dem Zifferblatt oder auf der L\u00fcnette. Dies Messung basiert auf einer Entfernung von 1000 Metern.\r\n<h3>Tag-Datum-Anzeige<\/h3>\r\nAnzeige von der Tagesbezeichnung und dem Datum durch eine \u00d6ffnung im Zifferblatt.\r\n<h3>Uhrwerk<\/h3>\r\nMechanismus einer Uhr, der eine periodische Erscheinung produziert, unterh\u00e4lt und verarbeitet und sich damit zum Z\u00e4hlen der Zeit eignet. Dadurch werden die Zeiger der Uhr, der Kalender usw. bewegt. Es werden entweder mechanische\/automatische oder Quarzuhrwerke verwendet.\r\n<h3>Wasserdichtheit<\/h3>\r\nBeschreibt das Verm\u00f6gen einer Uhr, dem Eindringen von Wasser zu widerstehen.\r\n\r\n<strong>Wasserdicht 3 atm oder 30 m<\/strong>\r\nF\u00fcr den t\u00e4glichen Gebrauch geeignet. Spritzwasser- und regendicht aber nicht geeignet zum Duschen, Baden, Schwimmen, Schnorcheln, Wasserarbeiten, Angeln und Tauchen.\r\n<strong>Wasserdicht 5 atm oder 50 m<\/strong>\r\nGeeignet f\u00fcr den t\u00e4glichen Gebrauch, Duschen, Baden, Flachwasserschwimmen, Schnorcheln, wasserbezogene Arbeiten, Angeln. Nicht zum Tauchen geeignet.\r\n<strong>Wasserdicht 10 atm oder 100 m<\/strong>\r\nGeeignet f\u00fcr Freizeit-Surfen, Schwimmen, Schnorcheln, Segeln und Wassersport. Nicht zum Tauchen geeignet.\r\n<strong>Wasserdicht 20 atm oder 200 m<\/strong>\r\nGeeignet f\u00fcr Aktivit\u00e4ten im Wasser wie Oberfl\u00e4chenwassersportarten und Tauchen. Nicht f\u00fcr Tiefseetauchen geeignet.\r\n<strong>Wasserdicht 30+ atm oder 300+ m\u00a0<\/strong>\r\nGeeignet f\u00fcr Tiefseetauchen.\r\n<h3>Z\u00e4hler<\/h3>\r\nMeistens als Chronographenz\u00e4hler bezeichnet. Es handelt sich um einen Mechanismus, der die Anzahl der Umdrehungen des Chronographenzeigers (d.h. 1\/10- oder 1\/100-Sekunde, Minuten und Stunden) auf dem Zifferblatt anzeigt.\r\n<h3>Zeiger<\/h3>\r\nDie Anzeigeorgane der Uhr welche auf dem Zifferblatt positioniert sind. Sie zeigen Zeitmessung der Stunde, Minute, Sekunde, etc. an.\r\n<h3>Zifferblatt<\/h3>\r\nDas Gesicht der Uhr welches alle Anzeigen vereint. Dieses kann mit Ihrem Firmenlogo oder Markennamen bedruckt werden.\t\t\n<style>\n#text-2868292666 {\n  line-height: 1.1;\n}\n<\/style>\n\t<\/div>\n\t\n\n\t\t<\/div>\n\t\t\t\t\t<\/div>\n\n\t\n\n<\/div>\n\n","protected":false},"excerpt":{"rendered":"","protected":false},"author":2,"featured_media":0,"parent":0,"menu_order":0,"comment_status":"closed","ping_status":"closed","template":"","meta":{"content-type":"","footnotes":""},"class_list":["post-2660","page","type-page","status-publish","hentry"],"yoast_head":"<!-- This site is optimized with the Yoast SEO Premium plugin v27.0 (Yoast SEO v27.0) - https:\/\/yoast.com\/product\/yoast-seo-premium-wordpress\/ -->\n<title>GLOSSAR DER UHRENBEGRIFFE - Chrono AG Private Label Watches<\/title>\n<meta name=\"robots\" content=\"index, follow, max-snippet:-1, max-image-preview:large, max-video-preview:-1\" \/>\n<link rel=\"canonical\" href=\"https:\/\/chronowatch.ch\/de\/glossar-uhrenbegriffe\/\" \/>\n<meta property=\"og:locale\" content=\"de_DE\" \/>\n<meta property=\"og:type\" content=\"article\" \/>\n<meta property=\"og:title\" content=\"GLOSSAR DER UHRENBEGRIFFE - Chrono AG Private Label Watches\" \/>\n<meta property=\"og:url\" content=\"https:\/\/chronowatch.ch\/de\/glossar-uhrenbegriffe\/\" \/>\n<meta property=\"og:site_name\" content=\"Chrono AG Private Label Watches\" \/>\n<meta property=\"article:modified_time\" content=\"2023-02-10T12:15:28+00:00\" \/>\n<meta name=\"twitter:card\" content=\"summary_large_image\" \/>\n<meta name=\"twitter:label1\" content=\"Gesch\u00e4tzte Lesezeit\" \/>\n\t<meta name=\"twitter:data1\" content=\"8\u00a0Minuten\" \/>\n<script type=\"application\/ld+json\" class=\"yoast-schema-graph\">{\"@context\":\"https:\/\/schema.org\",\"@graph\":[{\"@type\":\"WebPage\",\"@id\":\"https:\/\/chronowatch.ch\/de\/glossar-uhrenbegriffe\/\",\"url\":\"https:\/\/chronowatch.ch\/de\/glossar-uhrenbegriffe\/\",\"name\":\"GLOSSAR DER UHRENBEGRIFFE - Chrono AG Private Label Watches\",\"isPartOf\":{\"@id\":\"https:\/\/chronowatch.ch\/de\/#website\"},\"datePublished\":\"2022-11-10T13:25:07+00:00\",\"dateModified\":\"2023-02-10T12:15:28+00:00\",\"breadcrumb\":{\"@id\":\"https:\/\/chronowatch.ch\/de\/glossar-uhrenbegriffe\/#breadcrumb\"},\"inLanguage\":\"de\",\"potentialAction\":[{\"@type\":\"ReadAction\",\"target\":[\"https:\/\/chronowatch.ch\/de\/glossar-uhrenbegriffe\/\"]}]},{\"@type\":\"BreadcrumbList\",\"@id\":\"https:\/\/chronowatch.ch\/de\/glossar-uhrenbegriffe\/#breadcrumb\",\"itemListElement\":[{\"@type\":\"ListItem\",\"position\":1,\"name\":\"Home\",\"item\":\"https:\/\/chronowatch.ch\/de\/home\/\"},{\"@type\":\"ListItem\",\"position\":2,\"name\":\"GLOSSAR DER UHRENBEGRIFFE\"}]},{\"@type\":\"WebSite\",\"@id\":\"https:\/\/chronowatch.ch\/de\/#website\",\"url\":\"https:\/\/chronowatch.ch\/de\/\",\"name\":\"Chrono AG Private Label Watches\",\"description\":\"Swiss Made Promotional and Private Label Watches\",\"publisher\":{\"@id\":\"https:\/\/chronowatch.ch\/de\/#organization\"},\"potentialAction\":[{\"@type\":\"SearchAction\",\"target\":{\"@type\":\"EntryPoint\",\"urlTemplate\":\"https:\/\/chronowatch.ch\/de\/?s={search_term_string}\"},\"query-input\":{\"@type\":\"PropertyValueSpecification\",\"valueRequired\":true,\"valueName\":\"search_term_string\"}}],\"inLanguage\":\"de\"},{\"@type\":\"Organization\",\"@id\":\"https:\/\/chronowatch.ch\/de\/#organization\",\"name\":\"Chrono AG\",\"url\":\"https:\/\/chronowatch.ch\/de\/\",\"logo\":{\"@type\":\"ImageObject\",\"inLanguage\":\"de\",\"@id\":\"https:\/\/chronowatch.ch\/de\/#\/schema\/logo\/image\/\",\"url\":\"https:\/\/chronowatch.ch\/wp-content\/uploads\/2022\/11\/logo_chrono_s.png\",\"contentUrl\":\"https:\/\/chronowatch.ch\/wp-content\/uploads\/2022\/11\/logo_chrono_s.png\",\"width\":500,\"height\":73,\"caption\":\"Chrono AG\"},\"image\":{\"@id\":\"https:\/\/chronowatch.ch\/de\/#\/schema\/logo\/image\/\"}}]}<\/script>\n<!-- \/ Yoast SEO Premium plugin. -->","yoast_head_json":{"title":"GLOSSAR DER UHRENBEGRIFFE - Chrono AG Private Label Watches","robots":{"index":"index","follow":"follow","max-snippet":"max-snippet:-1","max-image-preview":"max-image-preview:large","max-video-preview":"max-video-preview:-1"},"canonical":"https:\/\/chronowatch.ch\/de\/glossar-uhrenbegriffe\/","og_locale":"de_DE","og_type":"article","og_title":"GLOSSAR DER UHRENBEGRIFFE - Chrono AG Private Label Watches","og_url":"https:\/\/chronowatch.ch\/de\/glossar-uhrenbegriffe\/","og_site_name":"Chrono AG Private Label Watches","article_modified_time":"2023-02-10T12:15:28+00:00","twitter_card":"summary_large_image","twitter_misc":{"Gesch\u00e4tzte Lesezeit":"8\u00a0Minuten"},"schema":{"@context":"https:\/\/schema.org","@graph":[{"@type":"WebPage","@id":"https:\/\/chronowatch.ch\/de\/glossar-uhrenbegriffe\/","url":"https:\/\/chronowatch.ch\/de\/glossar-uhrenbegriffe\/","name":"GLOSSAR DER UHRENBEGRIFFE - Chrono AG Private Label Watches","isPartOf":{"@id":"https:\/\/chronowatch.ch\/de\/#website"},"datePublished":"2022-11-10T13:25:07+00:00","dateModified":"2023-02-10T12:15:28+00:00","breadcrumb":{"@id":"https:\/\/chronowatch.ch\/de\/glossar-uhrenbegriffe\/#breadcrumb"},"inLanguage":"de","potentialAction":[{"@type":"ReadAction","target":["https:\/\/chronowatch.ch\/de\/glossar-uhrenbegriffe\/"]}]},{"@type":"BreadcrumbList","@id":"https:\/\/chronowatch.ch\/de\/glossar-uhrenbegriffe\/#breadcrumb","itemListElement":[{"@type":"ListItem","position":1,"name":"Home","item":"https:\/\/chronowatch.ch\/de\/home\/"},{"@type":"ListItem","position":2,"name":"GLOSSAR DER UHRENBEGRIFFE"}]},{"@type":"WebSite","@id":"https:\/\/chronowatch.ch\/de\/#website","url":"https:\/\/chronowatch.ch\/de\/","name":"Chrono AG Private Label Watches","description":"Swiss Made Promotional and Private Label Watches","publisher":{"@id":"https:\/\/chronowatch.ch\/de\/#organization"},"potentialAction":[{"@type":"SearchAction","target":{"@type":"EntryPoint","urlTemplate":"https:\/\/chronowatch.ch\/de\/?s={search_term_string}"},"query-input":{"@type":"PropertyValueSpecification","valueRequired":true,"valueName":"search_term_string"}}],"inLanguage":"de"},{"@type":"Organization","@id":"https:\/\/chronowatch.ch\/de\/#organization","name":"Chrono AG","url":"https:\/\/chronowatch.ch\/de\/","logo":{"@type":"ImageObject","inLanguage":"de","@id":"https:\/\/chronowatch.ch\/de\/#\/schema\/logo\/image\/","url":"https:\/\/chronowatch.ch\/wp-content\/uploads\/2022\/11\/logo_chrono_s.png","contentUrl":"https:\/\/chronowatch.ch\/wp-content\/uploads\/2022\/11\/logo_chrono_s.png","width":500,"height":73,"caption":"Chrono AG"},"image":{"@id":"https:\/\/chronowatch.ch\/de\/#\/schema\/logo\/image\/"}}]}},"_links":{"self":[{"href":"https:\/\/chronowatch.ch\/de\/wp-json\/wp\/v2\/pages\/2660","targetHints":{"allow":["GET"]}}],"collection":[{"href":"https:\/\/chronowatch.ch\/de\/wp-json\/wp\/v2\/pages"}],"about":[{"href":"https:\/\/chronowatch.ch\/de\/wp-json\/wp\/v2\/types\/page"}],"author":[{"embeddable":true,"href":"https:\/\/chronowatch.ch\/de\/wp-json\/wp\/v2\/users\/2"}],"replies":[{"embeddable":true,"href":"https:\/\/chronowatch.ch\/de\/wp-json\/wp\/v2\/comments?post=2660"}],"version-history":[{"count":2,"href":"https:\/\/chronowatch.ch\/de\/wp-json\/wp\/v2\/pages\/2660\/revisions"}],"predecessor-version":[{"id":3616,"href":"https:\/\/chronowatch.ch\/de\/wp-json\/wp\/v2\/pages\/2660\/revisions\/3616"}],"wp:attachment":[{"href":"https:\/\/chronowatch.ch\/de\/wp-json\/wp\/v2\/media?parent=2660"}],"curies":[{"name":"wp","href":"https:\/\/api.w.org\/{rel}","templated":true}]}}