{"id":2656,"date":"2022-11-10T13:48:01","date_gmt":"2022-11-10T13:48:01","guid":{"rendered":"https:\/\/chronowatch.ch\/allgemeine-geschaftsbedingungen\/"},"modified":"2022-12-27T08:40:09","modified_gmt":"2022-12-27T08:40:09","slug":"allgemeine-geschaftsbedingungen","status":"publish","type":"page","link":"https:\/\/chronowatch.ch\/de\/allgemeine-geschaftsbedingungen\/","title":{"rendered":"ALLGEMEINE GESCH\u00c4FTSBEDINGUNGEN"},"content":{"rendered":"\n\t<div id=\"gap-1888482795\" class=\"gap-element clearfix\" style=\"display:block; height:auto;\">\n\t\t\n<style>\n#gap-1888482795 {\n  padding-top: 50px;\n}\n<\/style>\n\t<\/div>\n\t\n\n<div class=\"row row-full-width\"  id=\"row-364305406\">\n\n\n\t<div id=\"col-1585184552\" class=\"col small-12 large-12\"  >\n\t\t\t\t<div class=\"col-inner text-left\"  >\n\t\t\t\n\t\t\t\n\n\t<div id=\"text-1629175652\" class=\"text\">\n\t\t\n\n<h1>ALLGEMEINE GESCH\u00c4FTSBEDINGUNGEN<\/h1>\r\n<h2><strong>1. GELTUNGSBEREICH UND ALLGEMEINE HINWEISE<\/strong><\/h2>\r\n1.1 Diese allgemeinen Gesch\u00e4ftsbedingungen gelten f\u00fcr Lieferungen und Leistungen \u00fcber die Webseite \u00abchronowatch.ch\u00bb, welcher von der Firma Chrono AG, einem Unternehmen nach schweizerischem Recht, Firmen-ID CHE-108.009.554, Weissensteinstrasse 49, 4502 Solothurn, Schweiz, betrieben wird. Chrono AG ist Inhaberin der Uhren produziert unter der Private Label Markierung und wird nachstehend mit Chrono AG bezeichnet.\r\n\r\nWir weisen darauf hin, dass die durch Chrono AG im Internet zur Verf\u00fcgung gestellten Dienste kein Angebot zu einem Vertragsschluss mit den Nutzern der Website darstellen.\r\nDer Zutritt zu dieser Website unterliegt den nachfolgende aufgef\u00fchrten allgemeinen Gesch\u00e4ftsbedingungen:\r\n\r\n1.2 Wir empfehlen Ihnen, die allgemeinen Gesch\u00e4ftsbedingungen vor der Benutzung unserer Webseite aufmerksam zu lesen\r\n\r\n1.3 Jegliches Material auf dieser Website kann ohne Vorank\u00fcndigung ge\u00e4ndert werden. Obwohl Chrono AG sicherstellt, dass auf dieser Website korrekte und aktuelle Informationen enthalten sind, \u00fcbernimmt das Unternehmen keine Gew\u00e4hr oder Zusicherung in Bezug auf den Inhalt der Website. Chrono AG \u00fcbernimmt keine Haftung f\u00fcr die Richtigkeit, Aktualit\u00e4t oder Vollst\u00e4ndigkeit der auf der Website chronowatch.ch enthaltenen Informationen. Chrono AG beh\u00e4lt sich das Recht vor, den Inhalt der Website chronowatch.ch in irgendeiner Weise, zu jeder Zeit, aus irgendeinem Grund und ohne vorherige Ank\u00fcndigung zu \u00e4ndern, und haftet in keiner Weise f\u00fcr m\u00f6gliche Folgen solcher \u00c4nderungen\r\n\r\n1.4 Chrono AG stellt die Produkte in seinem Webshop m\u00f6glichst genau dar. Es l\u00e4sst sich leider nicht vermeiden, dass Farben und Formen auf den jeweiligen Bildschirmen nicht den tats\u00e4chlichen Begebenheiten entsprechen. Weiter kann Chrono AG nicht garantieren, dass die Beschreibungen und Abbildungen der Produkte stets fehlerfrei sind und die Produkte exakt den Erwartungen der Kundschaft entsprechen\r\n\r\n1.5 Chrono AG kann nicht f\u00fcr Sch\u00e4den, Kosten oder Verluste haftbar gemacht werden, die durch die Nutzung der Website chronowatch.ch, die Nutzung von Links und\/oder E-Mail-Adressen, die von Chrono AG bereitgestellt werden, entstehen k\u00f6nnen.\r\n\r\n1.6 Diese Nutzungsbedingungen unterliegen, soweit gesetzlich zul\u00e4ssig, dem Schweizer Recht. Soweit gesetzlich zul\u00e4ssig, gilt f\u00fcr alle sich aus dem Rechtsverh\u00e4ltnis zwischen dem Kunden und Chrono AG ergebenden Rechtsstreitigkeiten Solothurn\/Schweiz als Gerichtsstand. Chrono AG ist zudem berechtigt, am Wohnsitz des Kunden zu klagen.\r\n<h2><strong>2. DATENSCHUTZ<\/strong><\/h2>\r\nChrono AG beachtet s\u00e4mtliche datenschutzrechtlichen Erfordernisse. Die Daten des Kunden werden nur f\u00fcr die Durchf\u00fchrung des jeweiligen Kaufangebotes erhoben und verarbeitet. F\u00fcr die Aufbewahrung der Daten gelten die gesetzlichen Vorschriften. Im \u00dcbrigen verweist Chrono AG auf die Datenschutzerkl\u00e4rung.\r\n<h2><strong>3. SALVATORISCHE KLAUSEL<\/strong><\/h2>\r\nSollte eine Bestimmung der vorliegenden allgemeinen Gesch\u00e4ftsbedingungen ung\u00fcltig sein oder nicht durchsetzbar sein oder werden, wird davon die Wirksamkeit der \u00fcbrigen Bestimmungen nicht ber\u00fchrt.\r\n<h2><strong>4. ABTRETUNG<\/strong><\/h2>\r\nSie d\u00fcrfen Rechte und Pflichten aus einem Vertrag zwischen Ihnen und Chrono AG ohne unsere vorherige Zustimmung nicht an Dritte \u00fcbertragen, abtreten, belasten oder auf andere Weise dar\u00fcber verf\u00fcgen.\r\n<h2><strong>5. WEBSITE INHALTE, MARKEN &amp; URHEBERRECHTE<\/strong><\/h2>\r\n5.1 Alle Inhalte auf der Website chronowatch.ch (einschlie\u00dflich und ohne Einschr\u00e4nkung Bilder, Fotos, Design, Text, Logos, Grafiken, Symbole, Audio\/Video-Clips, Downloads, Schnittstellen, Informationen, Material, Code und Software sowie deren Auswahl und Anordnung) sind ausschlie\u00dfliches Eigentum von Chrono AG, seinen Lizenzgebern oder seinen Inhaltsanbietern und sind durch Urheberrecht, Markenrecht und andere anwendbare Gesetze gesch\u00fctzt.\r\n\r\n5.2 Website-Benutzer d\u00fcrfen nur f\u00fcr den pers\u00f6nlichen und nicht gewerblichen Gebrauch auf die Inhalte der Website zugreifen, sie kopieren, herunterladen und ausdrucken, vorausgesetzt, dass die Benutzer keine Urheberrechts-, Marken- oder sonstigen Eigentumshinweise \u00e4ndern oder l\u00f6schen, die auf der Inhaltsseite erscheinen, auf die die Benutzer zugreifen, kopieren, herunterladen oder drucken. Jede andere Nutzung von Inhalten auf der Website, einschlie\u00dflich, aber nicht beschr\u00e4nkt auf die \u00c4nderung, Verteilung, \u00dcbertragung, Sendung, Ver\u00f6ffentlichung, Hochladen, Lizenzierung, Reverse Engineering, \u00dcbertragung oder Verkauf von oder die Erstellung von abgeleiteten Werken aus Inhalten, Produkten oder Dienstleistungen, die von der Website bezogen werden, oder die Nutzung der Website f\u00fcr Zwecke, die mit Chrono AG konkurrieren, ist verboten.\r\n\r\nAGB als pdf herunterladen.\n\t\t\n<style>\n#text-1629175652 {\n  font-size: 1rem;\n}\n<\/style>\n\t<\/div>\n\t\n\n\t\t<\/div>\n\t\t\t\t\t<\/div>\n\n\t\n\n<\/div>\n\n","protected":false},"excerpt":{"rendered":"","protected":false},"author":2,"featured_media":0,"parent":0,"menu_order":0,"comment_status":"closed","ping_status":"closed","template":"","meta":{"content-type":"","footnotes":""},"class_list":["post-2656","page","type-page","status-publish","hentry"],"yoast_head":"<!-- This site is optimized with the Yoast SEO Premium plugin v27.0 (Yoast SEO v27.0) - https:\/\/yoast.com\/product\/yoast-seo-premium-wordpress\/ -->\n<title>ALLGEMEINE GESCH\u00c4FTSBEDINGUNGEN - Chrono AG Private Label Watches<\/title>\n<meta name=\"robots\" content=\"index, follow, max-snippet:-1, max-image-preview:large, max-video-preview:-1\" \/>\n<link rel=\"canonical\" href=\"https:\/\/chronowatch.ch\/de\/allgemeine-geschaftsbedingungen\/\" \/>\n<meta property=\"og:locale\" content=\"de_DE\" \/>\n<meta property=\"og:type\" content=\"article\" \/>\n<meta property=\"og:title\" content=\"ALLGEMEINE GESCH\u00c4FTSBEDINGUNGEN - Chrono AG Private Label Watches\" \/>\n<meta property=\"og:url\" content=\"https:\/\/chronowatch.ch\/de\/allgemeine-geschaftsbedingungen\/\" \/>\n<meta property=\"og:site_name\" content=\"Chrono AG Private Label Watches\" \/>\n<meta property=\"article:modified_time\" content=\"2022-12-27T08:40:09+00:00\" \/>\n<meta name=\"twitter:card\" content=\"summary_large_image\" \/>\n<meta name=\"twitter:label1\" content=\"Gesch\u00e4tzte Lesezeit\" \/>\n\t<meta name=\"twitter:data1\" content=\"3\u00a0Minuten\" \/>\n<script type=\"application\/ld+json\" class=\"yoast-schema-graph\">{\"@context\":\"https:\/\/schema.org\",\"@graph\":[{\"@type\":\"WebPage\",\"@id\":\"https:\/\/chronowatch.ch\/de\/allgemeine-geschaftsbedingungen\/\",\"url\":\"https:\/\/chronowatch.ch\/de\/allgemeine-geschaftsbedingungen\/\",\"name\":\"ALLGEMEINE GESCH\u00c4FTSBEDINGUNGEN - Chrono AG Private Label Watches\",\"isPartOf\":{\"@id\":\"https:\/\/chronowatch.ch\/de\/#website\"},\"datePublished\":\"2022-11-10T13:48:01+00:00\",\"dateModified\":\"2022-12-27T08:40:09+00:00\",\"breadcrumb\":{\"@id\":\"https:\/\/chronowatch.ch\/de\/allgemeine-geschaftsbedingungen\/#breadcrumb\"},\"inLanguage\":\"de\",\"potentialAction\":[{\"@type\":\"ReadAction\",\"target\":[\"https:\/\/chronowatch.ch\/de\/allgemeine-geschaftsbedingungen\/\"]}]},{\"@type\":\"BreadcrumbList\",\"@id\":\"https:\/\/chronowatch.ch\/de\/allgemeine-geschaftsbedingungen\/#breadcrumb\",\"itemListElement\":[{\"@type\":\"ListItem\",\"position\":1,\"name\":\"Home\",\"item\":\"https:\/\/chronowatch.ch\/de\/home\/\"},{\"@type\":\"ListItem\",\"position\":2,\"name\":\"ALLGEMEINE GESCH\u00c4FTSBEDINGUNGEN\"}]},{\"@type\":\"WebSite\",\"@id\":\"https:\/\/chronowatch.ch\/de\/#website\",\"url\":\"https:\/\/chronowatch.ch\/de\/\",\"name\":\"Chrono AG Private Label Watches\",\"description\":\"Swiss Made Promotional and Private Label Watches\",\"publisher\":{\"@id\":\"https:\/\/chronowatch.ch\/de\/#organization\"},\"potentialAction\":[{\"@type\":\"SearchAction\",\"target\":{\"@type\":\"EntryPoint\",\"urlTemplate\":\"https:\/\/chronowatch.ch\/de\/?s={search_term_string}\"},\"query-input\":{\"@type\":\"PropertyValueSpecification\",\"valueRequired\":true,\"valueName\":\"search_term_string\"}}],\"inLanguage\":\"de\"},{\"@type\":\"Organization\",\"@id\":\"https:\/\/chronowatch.ch\/de\/#organization\",\"name\":\"Chrono AG\",\"url\":\"https:\/\/chronowatch.ch\/de\/\",\"logo\":{\"@type\":\"ImageObject\",\"inLanguage\":\"de\",\"@id\":\"https:\/\/chronowatch.ch\/de\/#\/schema\/logo\/image\/\",\"url\":\"https:\/\/chronowatch.ch\/wp-content\/uploads\/2022\/11\/logo_chrono_s.png\",\"contentUrl\":\"https:\/\/chronowatch.ch\/wp-content\/uploads\/2022\/11\/logo_chrono_s.png\",\"width\":500,\"height\":73,\"caption\":\"Chrono AG\"},\"image\":{\"@id\":\"https:\/\/chronowatch.ch\/de\/#\/schema\/logo\/image\/\"}}]}<\/script>\n<!-- \/ Yoast SEO Premium plugin. -->","yoast_head_json":{"title":"ALLGEMEINE GESCH\u00c4FTSBEDINGUNGEN - Chrono AG Private Label Watches","robots":{"index":"index","follow":"follow","max-snippet":"max-snippet:-1","max-image-preview":"max-image-preview:large","max-video-preview":"max-video-preview:-1"},"canonical":"https:\/\/chronowatch.ch\/de\/allgemeine-geschaftsbedingungen\/","og_locale":"de_DE","og_type":"article","og_title":"ALLGEMEINE GESCH\u00c4FTSBEDINGUNGEN - Chrono AG Private Label Watches","og_url":"https:\/\/chronowatch.ch\/de\/allgemeine-geschaftsbedingungen\/","og_site_name":"Chrono AG Private Label Watches","article_modified_time":"2022-12-27T08:40:09+00:00","twitter_card":"summary_large_image","twitter_misc":{"Gesch\u00e4tzte Lesezeit":"3\u00a0Minuten"},"schema":{"@context":"https:\/\/schema.org","@graph":[{"@type":"WebPage","@id":"https:\/\/chronowatch.ch\/de\/allgemeine-geschaftsbedingungen\/","url":"https:\/\/chronowatch.ch\/de\/allgemeine-geschaftsbedingungen\/","name":"ALLGEMEINE GESCH\u00c4FTSBEDINGUNGEN - Chrono AG Private Label Watches","isPartOf":{"@id":"https:\/\/chronowatch.ch\/de\/#website"},"datePublished":"2022-11-10T13:48:01+00:00","dateModified":"2022-12-27T08:40:09+00:00","breadcrumb":{"@id":"https:\/\/chronowatch.ch\/de\/allgemeine-geschaftsbedingungen\/#breadcrumb"},"inLanguage":"de","potentialAction":[{"@type":"ReadAction","target":["https:\/\/chronowatch.ch\/de\/allgemeine-geschaftsbedingungen\/"]}]},{"@type":"BreadcrumbList","@id":"https:\/\/chronowatch.ch\/de\/allgemeine-geschaftsbedingungen\/#breadcrumb","itemListElement":[{"@type":"ListItem","position":1,"name":"Home","item":"https:\/\/chronowatch.ch\/de\/home\/"},{"@type":"ListItem","position":2,"name":"ALLGEMEINE GESCH\u00c4FTSBEDINGUNGEN"}]},{"@type":"WebSite","@id":"https:\/\/chronowatch.ch\/de\/#website","url":"https:\/\/chronowatch.ch\/de\/","name":"Chrono AG Private Label Watches","description":"Swiss Made Promotional and Private Label Watches","publisher":{"@id":"https:\/\/chronowatch.ch\/de\/#organization"},"potentialAction":[{"@type":"SearchAction","target":{"@type":"EntryPoint","urlTemplate":"https:\/\/chronowatch.ch\/de\/?s={search_term_string}"},"query-input":{"@type":"PropertyValueSpecification","valueRequired":true,"valueName":"search_term_string"}}],"inLanguage":"de"},{"@type":"Organization","@id":"https:\/\/chronowatch.ch\/de\/#organization","name":"Chrono AG","url":"https:\/\/chronowatch.ch\/de\/","logo":{"@type":"ImageObject","inLanguage":"de","@id":"https:\/\/chronowatch.ch\/de\/#\/schema\/logo\/image\/","url":"https:\/\/chronowatch.ch\/wp-content\/uploads\/2022\/11\/logo_chrono_s.png","contentUrl":"https:\/\/chronowatch.ch\/wp-content\/uploads\/2022\/11\/logo_chrono_s.png","width":500,"height":73,"caption":"Chrono AG"},"image":{"@id":"https:\/\/chronowatch.ch\/de\/#\/schema\/logo\/image\/"}}]}},"_links":{"self":[{"href":"https:\/\/chronowatch.ch\/de\/wp-json\/wp\/v2\/pages\/2656","targetHints":{"allow":["GET"]}}],"collection":[{"href":"https:\/\/chronowatch.ch\/de\/wp-json\/wp\/v2\/pages"}],"about":[{"href":"https:\/\/chronowatch.ch\/de\/wp-json\/wp\/v2\/types\/page"}],"author":[{"embeddable":true,"href":"https:\/\/chronowatch.ch\/de\/wp-json\/wp\/v2\/users\/2"}],"replies":[{"embeddable":true,"href":"https:\/\/chronowatch.ch\/de\/wp-json\/wp\/v2\/comments?post=2656"}],"version-history":[{"count":1,"href":"https:\/\/chronowatch.ch\/de\/wp-json\/wp\/v2\/pages\/2656\/revisions"}],"predecessor-version":[{"id":2657,"href":"https:\/\/chronowatch.ch\/de\/wp-json\/wp\/v2\/pages\/2656\/revisions\/2657"}],"wp:attachment":[{"href":"https:\/\/chronowatch.ch\/de\/wp-json\/wp\/v2\/media?parent=2656"}],"curies":[{"name":"wp","href":"https:\/\/api.w.org\/{rel}","templated":true}]}}