{"id":2594,"date":"2022-11-03T15:52:20","date_gmt":"2022-11-03T15:52:20","guid":{"rendered":"https:\/\/chronowatch.ch\/faq\/"},"modified":"2022-12-27T09:54:08","modified_gmt":"2022-12-27T09:54:08","slug":"faq","status":"publish","type":"page","link":"https:\/\/chronowatch.ch\/de\/faq\/","title":{"rendered":"FAQ"},"content":{"rendered":"\n\t<div id=\"gap-1322090374\" class=\"gap-element clearfix\" style=\"display:block; height:auto;\">\n\t\t\n<style>\n#gap-1322090374 {\n  padding-top: 50px;\n}\n<\/style>\n\t<\/div>\n\t\n\n<div class=\"row row-full-width\"  id=\"row-404562157\">\n\n\n\t<div id=\"col-25564726\" class=\"col small-12 large-12\"  >\n\t\t\t\t<div class=\"col-inner text-left\"  >\n\t\t\t\n\t\t\t\n\n\t<div id=\"text-3532953239\" class=\"text\">\n\t\t\n\n<h1 class=\"thin-font\">FAQ<\/h1>\n\t\t\n<style>\n#text-3532953239 {\n  font-size: 1.8rem;\n}\n<\/style>\n\t<\/div>\n\t\n\t<div id=\"text-2713763534\" class=\"text\">\n\t\t\n\n<h2>WELCHE SERVICELEISTUNGEN ZUR PERSONALISIERUNG VON UHREN BIETEN SIE AN?<\/h2>\n<p>Wir bieten zwei Optionen an, die verschiedene Ebenen der Personalisierung erm\u00f6glichen:<\/p>\n<h3>Ready-Made Kollektion:<\/h3>\n<p>W\u00e4hlen Sie eine Uhr aus unserer Ready-Made Kollektion. Diese Uhren sind bei uns an Lager und innerhalb kurzer Zeit personalisier- und lieferbar.<\/p>\n<p>Personalisierungsm\u00f6glichkeiten:<\/p>\n<ol>\n<li>Zifferblatt:<\/li>\n<\/ol>\n<ul>\n<li>Druck von Logo oder Markenname<\/li>\n<li>Erhabenes Logo in silber oder gold (min. Bestellmenge 100Stk.)<\/li>\n<li>Kundenspezifische Zifferbl\u00e4tter wie Foto-Zifferbl\u00e4tter, Sonderfarben, etc. (min. Bestellmenge 200Stk.)<\/li>\n<\/ul>\n<ol start=\"2\">\n<li>Lasergravur auf der Geh\u00e4user\u00fcckseite<\/li>\n<li>Lasergravur auf der Geh\u00e4useseite<\/li>\n<li>Lasergravur auf der Krone<\/li>\n<li>Lasergravur auf der Schnalle des Lederbands oder dem Verschluss des Metallbands<\/li>\n<li>Pr\u00e4gung der Innenseite des Lederbands<\/li>\n<li>Lasergravur des Rotors (nur bei Automatikuhren)<\/li>\n<li>Verpackung: Logodruck auf der Uhrenbox<\/li>\n<\/ol>\n<h3>Sonderanfertigungen:<\/h3>\n<p>Wir entwerfen, entwickeln und produzieren Ihre Uhr von Grund auf nach Ihren Vorgaben (Mindestbestellmenge 500 St\u00fcck). Bei einer vollst\u00e4ndigen Neuentwicklung unterst\u00fctzen wir die Kunden bei jedem Arbeitsgang, vom Design bis hin zur Auslieferung der fertigen Uhr.<\/p>\n<p>F\u00fcr weitere Informationen kontaktieren Sie uns unter <a href=\"mailto:info@chrono-ag.ch\">info@chrono-ag.ch<\/a>.<\/p>\n<p> <\/p>\n<h2>IST ES M\u00d6GLICH, EIN UNVERBINDLICHES ANGEBOT UND EINEN DESIGNVORSCHLAG ZU ERHALTEN?<\/h2>\n<p>Bei Interesse an einem Uhrenmodell aus unserer Ready-Made Kollektion legen wir jedem Angebot einen kostenlosen Designvorschlag bei. Zus\u00e4tzliche Designs werden nach Absprache berechnet.<\/p>\n<p>So gehen Sie vor:<\/p>\n<ol>\n<li>Auf chronowatch\/de\/uhren-kollektion und w\u00e4hlen Sie das Uhrenmodell aus, das Sie interessiert.<\/li>\n<li>F\u00fcgen Sie die Uhr dem Anfragekorb hinzu und gehen Sie zum Checkout.<\/li>\n<li>Laden Sie beim Checkout Ihr Logo oder Ihren Markennamen hoch. Um Ihnen ein Design zur Verf\u00fcgung stellen zu k\u00f6nnen, laden Sie bitte das Logo\/Markenname als hochaufl\u00f6sende JPG-Datei oder vorzugsweise als vektorisierte EPS-Datei hoch.<\/li>\n<\/ol>\n<p> <\/p>\n<h2 id=\"minimum-quantity\">GIBT ES EINE FESTGELEGTE MINDESTBESTELLMENGE?<\/h2>\n<p>F\u00fcr Projekte, die auf der Ready-Made Kollektion basieren, akzeptieren wir Bestellungen ab 25 St\u00fcck pro Modell f\u00fcr Quarzuhren und 10 St\u00fcck pro Modell f\u00fcr Automatikuhren. F\u00fcr Projekte, die auf der Ready-Made Kollektion basieren, akzeptieren wir Bestellungen ab 25 St\u00fcck pro Modell f\u00fcr Quarzuhren und 10 St\u00fcck pro Modell f\u00fcr Automatikuhren. Bei kompletten Neuentwicklungen sind mindestens 500 St\u00fcck pro Modell erforderlich.<\/p>\n<p><strong> <\/strong><\/p>\n<h2>IST ES M\u00d6GLICH VOR BESTELLUNG MUSTERUHREN ZU ERHALTEN?<\/h2>\n<p>Auf jeden Fall! Musteruhren aus der Ready-Made Kollektion k\u00f6nnen jederzeit erworben werden. Bitte beachten Sie, dass diese unser eigenes Logo tragen.<\/p>\n<p><strong> <\/strong><\/p>\n<h2>WIE LANGE DAUERT ES, BIS PRIVATE LABEL-UHREN GELIEFERT WERDEN?<\/h2>\n<p>Nach Auftragserteilung dauert es etwa 3 bis 5 Wochen, bis ein Projekt abgeschlossen ist, das auf einer Uhr aus unserer Ready-Made Kollektion basiert. Wenn Sie individuelle Zifferbl\u00e4tter, Armb\u00e4nder oder andere Personalisierungsformen w\u00fcnschen, sind l\u00e4ngere Produktionszeiten erforderlich.<\/p>\n<p>F\u00fcr ein Projekt, bei dem eine Uhr von Grund auf neu entwickelt werden muss, liegt die Lieferzeit bei etwa 6 bis 8 Monaten.<\/p>\n<p><strong> <\/strong><\/p>\n<h2>WOHIN LIEFERN SIE?<\/h2>\n<p>Wir liefern Private Label-Uhren weltweit.<\/p>\n<p> <\/p>\n<h2>WIE LIEFERN SIE DIE UHREN AUS?<\/h2>\n<p>Ihre Uhren werden in die von Ihnen gew\u00e4hlten Uhrenbox verpackt und doppelt in stabile Exportkartons verpackt. Sobald wir Ihre Vorauszahlung erhalten haben, werden wir Ihre Bestellung produzieren und an Sie versenden.<\/p>\n<p> <\/p>\n<h2>WIE VERH\u00c4LT SICH DER BESTELLUNGSABLAUF?<\/h2>\n<p>Sobald sich beide Parteien bez\u00fcglich Design und Bestellmenge geeinigt haben, erhalten Sie eine Auftragsbest\u00e4tigung zur Vorauszahlung.<\/p>\n<p> <\/p>\n<h2>KANN ICH \u00c4NDERUNGEN AN MEINER BESTELLUNG VORNEHMEN?<\/h2>\n<p>W\u00e4hrend des Designprozesses Ihrer Uhr k\u00f6nnen \u00c4nderungen jederzeit vorgenommen werden. Nach dem Start des Produktionsprozesses sind \u00c4nderungen jedoch nur noch im gegenseitigen Einvernehmen m\u00f6glich.<\/p>\n<p> <\/p>\n<h2>WIE FUNKTIONIERT DER AFTER-SALES-SERVICE UND DIE GARANTIE?<\/h2>\n<p>Alle von uns hergestellten Private-Label-Uhren sind mit einer <strong>zweij\u00e4hrigen, international g\u00fcltigen Garantie<\/strong> ausgestattet. Sch\u00e4den, die durch unsachgem\u00e4ssen, \u00fcberm\u00e4ssigen oder ungew\u00f6hnlichen Gebrauch entstehen. Dar\u00fcber hinaus verf\u00fcgen wir \u00fcber ein globales Netzwerk von Reparaturzentren. Sollte eine Uhr in einem bestimmten Land nicht repariert werden k\u00f6nnen, werden wir sie hier in unserer Zentrale in Solothurn (Schweiz) reparieren lassen.<\/p>\n<p> <\/p>\n<h2>WELCHE M\u00c4NGEL FALLEN NICHT UNTER DIE GARANTIE?<\/h2>\n<ol>\n<li>Sch\u00e4den, die durch unsachgem\u00e4ssen, \u00fcberm\u00e4ssigen oder ungew\u00f6hnlichen Gebrauch entstehen.<\/li>\n<li>Batterie<\/li>\n<li>Krone<\/li>\n<li>Uhrenband<\/li>\n<li>Unsachgem\u00e4sse Reparaturen<\/li>\n<\/ol>\n<p> <\/p>\n<h2>WIE GEHEN SIE MIT MEINEN KUNDENDATEN UM?<\/h2>\n<p>Ihre Privatsph\u00e4re liegt uns sehr am Herzen. Wir sind bestrebt, Ihre personenbezogenen Daten zu sch\u00fctzen. lle Angaben zu Ihrer Person und Ihrem Unternehmen sowie zu unserer Gesch\u00e4ftsbeziehung werden sicher aufbewahrt und streng vertraulich behandelt. Wir verkaufen oder vermieten unsere Kundenlisten nicht an andere Unternehmen und werden dies auch nie tun.<\/p>\n\t\t\n<style>\n#text-2713763534 {\n  line-height: 1.1;\n}\n<\/style>\n\t<\/div>\n\t\n\n\t\t<\/div>\n\t\t\t\t\t<\/div>\n\n\t\n\n<\/div>\n\n","protected":false},"excerpt":{"rendered":"","protected":false},"author":1,"featured_media":0,"parent":0,"menu_order":0,"comment_status":"closed","ping_status":"closed","template":"","meta":{"content-type":"","footnotes":""},"class_list":["post-2594","page","type-page","status-publish","hentry"],"yoast_head":"<!-- This site is optimized with the Yoast SEO Premium plugin v27.0 (Yoast SEO v27.0) - https:\/\/yoast.com\/product\/yoast-seo-premium-wordpress\/ -->\n<title>FAQ - Chrono AG Private Label Watches<\/title>\n<meta name=\"robots\" content=\"index, follow, max-snippet:-1, max-image-preview:large, max-video-preview:-1\" \/>\n<link rel=\"canonical\" href=\"https:\/\/chronowatch.ch\/de\/faq\/\" \/>\n<meta property=\"og:locale\" content=\"de_DE\" \/>\n<meta property=\"og:type\" content=\"article\" \/>\n<meta property=\"og:title\" content=\"FAQ - Chrono AG Private Label Watches\" \/>\n<meta property=\"og:url\" content=\"https:\/\/chronowatch.ch\/de\/faq\/\" \/>\n<meta property=\"og:site_name\" content=\"Chrono AG Private Label Watches\" \/>\n<meta property=\"article:modified_time\" content=\"2022-12-27T09:54:08+00:00\" \/>\n<meta name=\"twitter:card\" content=\"summary_large_image\" \/>\n<meta name=\"twitter:label1\" content=\"Gesch\u00e4tzte Lesezeit\" \/>\n\t<meta name=\"twitter:data1\" content=\"4\u00a0Minuten\" \/>\n<script type=\"application\/ld+json\" class=\"yoast-schema-graph\">{\"@context\":\"https:\/\/schema.org\",\"@graph\":[{\"@type\":\"WebPage\",\"@id\":\"https:\/\/chronowatch.ch\/de\/faq\/\",\"url\":\"https:\/\/chronowatch.ch\/de\/faq\/\",\"name\":\"FAQ - Chrono AG Private Label Watches\",\"isPartOf\":{\"@id\":\"https:\/\/chronowatch.ch\/de\/#website\"},\"datePublished\":\"2022-11-03T15:52:20+00:00\",\"dateModified\":\"2022-12-27T09:54:08+00:00\",\"breadcrumb\":{\"@id\":\"https:\/\/chronowatch.ch\/de\/faq\/#breadcrumb\"},\"inLanguage\":\"de\",\"potentialAction\":[{\"@type\":\"ReadAction\",\"target\":[\"https:\/\/chronowatch.ch\/de\/faq\/\"]}]},{\"@type\":\"BreadcrumbList\",\"@id\":\"https:\/\/chronowatch.ch\/de\/faq\/#breadcrumb\",\"itemListElement\":[{\"@type\":\"ListItem\",\"position\":1,\"name\":\"Home\",\"item\":\"https:\/\/chronowatch.ch\/de\/home\/\"},{\"@type\":\"ListItem\",\"position\":2,\"name\":\"FAQ\"}]},{\"@type\":\"WebSite\",\"@id\":\"https:\/\/chronowatch.ch\/de\/#website\",\"url\":\"https:\/\/chronowatch.ch\/de\/\",\"name\":\"Chrono AG Private Label Watches\",\"description\":\"Swiss Made Promotional and Private Label Watches\",\"publisher\":{\"@id\":\"https:\/\/chronowatch.ch\/de\/#organization\"},\"potentialAction\":[{\"@type\":\"SearchAction\",\"target\":{\"@type\":\"EntryPoint\",\"urlTemplate\":\"https:\/\/chronowatch.ch\/de\/?s={search_term_string}\"},\"query-input\":{\"@type\":\"PropertyValueSpecification\",\"valueRequired\":true,\"valueName\":\"search_term_string\"}}],\"inLanguage\":\"de\"},{\"@type\":\"Organization\",\"@id\":\"https:\/\/chronowatch.ch\/de\/#organization\",\"name\":\"Chrono AG\",\"url\":\"https:\/\/chronowatch.ch\/de\/\",\"logo\":{\"@type\":\"ImageObject\",\"inLanguage\":\"de\",\"@id\":\"https:\/\/chronowatch.ch\/de\/#\/schema\/logo\/image\/\",\"url\":\"https:\/\/chronowatch.ch\/wp-content\/uploads\/2022\/11\/logo_chrono_s.png\",\"contentUrl\":\"https:\/\/chronowatch.ch\/wp-content\/uploads\/2022\/11\/logo_chrono_s.png\",\"width\":500,\"height\":73,\"caption\":\"Chrono AG\"},\"image\":{\"@id\":\"https:\/\/chronowatch.ch\/de\/#\/schema\/logo\/image\/\"}}]}<\/script>\n<!-- \/ Yoast SEO Premium plugin. -->","yoast_head_json":{"title":"FAQ - Chrono AG Private Label Watches","robots":{"index":"index","follow":"follow","max-snippet":"max-snippet:-1","max-image-preview":"max-image-preview:large","max-video-preview":"max-video-preview:-1"},"canonical":"https:\/\/chronowatch.ch\/de\/faq\/","og_locale":"de_DE","og_type":"article","og_title":"FAQ - Chrono AG Private Label Watches","og_url":"https:\/\/chronowatch.ch\/de\/faq\/","og_site_name":"Chrono AG Private Label Watches","article_modified_time":"2022-12-27T09:54:08+00:00","twitter_card":"summary_large_image","twitter_misc":{"Gesch\u00e4tzte Lesezeit":"4\u00a0Minuten"},"schema":{"@context":"https:\/\/schema.org","@graph":[{"@type":"WebPage","@id":"https:\/\/chronowatch.ch\/de\/faq\/","url":"https:\/\/chronowatch.ch\/de\/faq\/","name":"FAQ - Chrono AG Private Label Watches","isPartOf":{"@id":"https:\/\/chronowatch.ch\/de\/#website"},"datePublished":"2022-11-03T15:52:20+00:00","dateModified":"2022-12-27T09:54:08+00:00","breadcrumb":{"@id":"https:\/\/chronowatch.ch\/de\/faq\/#breadcrumb"},"inLanguage":"de","potentialAction":[{"@type":"ReadAction","target":["https:\/\/chronowatch.ch\/de\/faq\/"]}]},{"@type":"BreadcrumbList","@id":"https:\/\/chronowatch.ch\/de\/faq\/#breadcrumb","itemListElement":[{"@type":"ListItem","position":1,"name":"Home","item":"https:\/\/chronowatch.ch\/de\/home\/"},{"@type":"ListItem","position":2,"name":"FAQ"}]},{"@type":"WebSite","@id":"https:\/\/chronowatch.ch\/de\/#website","url":"https:\/\/chronowatch.ch\/de\/","name":"Chrono AG Private Label Watches","description":"Swiss Made Promotional and Private Label Watches","publisher":{"@id":"https:\/\/chronowatch.ch\/de\/#organization"},"potentialAction":[{"@type":"SearchAction","target":{"@type":"EntryPoint","urlTemplate":"https:\/\/chronowatch.ch\/de\/?s={search_term_string}"},"query-input":{"@type":"PropertyValueSpecification","valueRequired":true,"valueName":"search_term_string"}}],"inLanguage":"de"},{"@type":"Organization","@id":"https:\/\/chronowatch.ch\/de\/#organization","name":"Chrono AG","url":"https:\/\/chronowatch.ch\/de\/","logo":{"@type":"ImageObject","inLanguage":"de","@id":"https:\/\/chronowatch.ch\/de\/#\/schema\/logo\/image\/","url":"https:\/\/chronowatch.ch\/wp-content\/uploads\/2022\/11\/logo_chrono_s.png","contentUrl":"https:\/\/chronowatch.ch\/wp-content\/uploads\/2022\/11\/logo_chrono_s.png","width":500,"height":73,"caption":"Chrono AG"},"image":{"@id":"https:\/\/chronowatch.ch\/de\/#\/schema\/logo\/image\/"}}]}},"_links":{"self":[{"href":"https:\/\/chronowatch.ch\/de\/wp-json\/wp\/v2\/pages\/2594","targetHints":{"allow":["GET"]}}],"collection":[{"href":"https:\/\/chronowatch.ch\/de\/wp-json\/wp\/v2\/pages"}],"about":[{"href":"https:\/\/chronowatch.ch\/de\/wp-json\/wp\/v2\/types\/page"}],"author":[{"embeddable":true,"href":"https:\/\/chronowatch.ch\/de\/wp-json\/wp\/v2\/users\/1"}],"replies":[{"embeddable":true,"href":"https:\/\/chronowatch.ch\/de\/wp-json\/wp\/v2\/comments?post=2594"}],"version-history":[{"count":1,"href":"https:\/\/chronowatch.ch\/de\/wp-json\/wp\/v2\/pages\/2594\/revisions"}],"predecessor-version":[{"id":2595,"href":"https:\/\/chronowatch.ch\/de\/wp-json\/wp\/v2\/pages\/2594\/revisions\/2595"}],"wp:attachment":[{"href":"https:\/\/chronowatch.ch\/de\/wp-json\/wp\/v2\/media?parent=2594"}],"curies":[{"name":"wp","href":"https:\/\/api.w.org\/{rel}","templated":true}]}}