{"id":2525,"date":"2022-11-08T13:42:24","date_gmt":"2022-11-08T13:42:24","guid":{"rendered":"https:\/\/chronowatch.ch\/ueber-uns\/"},"modified":"2023-02-10T12:30:48","modified_gmt":"2023-02-10T12:30:48","slug":"ueber-uns","status":"publish","type":"page","link":"https:\/\/chronowatch.ch\/de\/ueber-uns\/","title":{"rendered":"\u00dcBER UNS"},"content":{"rendered":"\n\t<div id=\"gap-40868395\" class=\"gap-element clearfix\" style=\"display:block; height:auto;\">\n\t\t\n<style>\n#gap-40868395 {\n  padding-top: 50px;\n}\n<\/style>\n\t<\/div>\n\t\n\n<div class=\"row\"  id=\"row-1728443472\">\n\n\n\t<div id=\"col-1566911930\" class=\"col small-12 large-12\"  >\n\t\t\t\t<div class=\"col-inner\"  >\n\t\t\t\n\t\t\t\n\n\t<div id=\"text-1745262429\" class=\"text\">\n\t\t\n\n<h1 class=\"thin-font\">\u00dcBER UNS<\/h1>\n\t\t\n<style>\n#text-1745262429 {\n  font-size: 1.8rem;\n}\n<\/style>\n\t<\/div>\n\t\n\t<div id=\"text-2904274062\" class=\"text\">\n\t\t\n\n<h2><strong>IHRE W\u00dcNSCHE, UNSERE KOMPETENZ, IHRE PERSONALISIERTE SCHWEIZER UHR<\/strong><\/h2>\n\t\t\n<style>\n#text-2904274062 {\n  font-size: 1rem;\n}\n<\/style>\n\t<\/div>\n\t\n\n\t\t<\/div>\n\t\t\t\t\t<\/div>\n\n\t\n\n<\/div>\n<div class=\"row\"  id=\"row-221795213\">\n\n\n\t<div id=\"col-405855827\" class=\"col medium-6 small-12 large-6\"  >\n\t\t\t\t<div class=\"col-inner\"  >\n\t\t\t\n\t\t\t\n\n\t<div class=\"img has-hover x md-x lg-x y md-y lg-y\" id=\"image_1240706854\">\n\t\t\t\t\t\t\t\t<div class=\"img-inner dark\" >\n\t\t\t<img loading=\"lazy\" decoding=\"async\" width=\"1020\" height=\"764\" src=\"https:\/\/chronowatch.ch\/wp-content\/uploads\/2022\/11\/ref_bild_Plweb-1024x767.jpg\" class=\"attachment-large size-large\" alt=\"\" srcset=\"https:\/\/chronowatch.ch\/wp-content\/uploads\/2022\/11\/ref_bild_Plweb-1024x767.jpg 1024w, https:\/\/chronowatch.ch\/wp-content\/uploads\/2022\/11\/ref_bild_Plweb-600x450.jpg 600w, https:\/\/chronowatch.ch\/wp-content\/uploads\/2022\/11\/ref_bild_Plweb-300x225.jpg 300w, https:\/\/chronowatch.ch\/wp-content\/uploads\/2022\/11\/ref_bild_Plweb-768x575.jpg 768w, https:\/\/chronowatch.ch\/wp-content\/uploads\/2022\/11\/ref_bild_Plweb-1536x1151.jpg 1536w, https:\/\/chronowatch.ch\/wp-content\/uploads\/2022\/11\/ref_bild_Plweb-2048x1535.jpg 2048w\" sizes=\"auto, (max-width: 1020px) 100vw, 1020px\" \/>\t\t\t\t\t\t\n\t\t\t\t\t<\/div>\n\t\t\t\t\t\t\t\t\n<style>\n#image_1240706854 {\n  width: 100%;\n}\n<\/style>\n\t<\/div>\n\t\n\n\n\t\t<\/div>\n\t\t\t\t\t<\/div>\n\n\t\n\n\t<div id=\"col-1912679127\" class=\"col medium-6 small-12 large-6\"  >\n\t\t\t\t<div class=\"col-inner\"  >\n\t\t\t\n\t\t\t\n\n<h2 class=\"thin-font\">WIR KREIEREN UHREN<\/h2>\n<p>Die CHRONO AG gestaltet und fertigt seit 1981 Uhren von nachweislich hoher Swiss Made-Qualit\u00e4t als Werbetr\u00e4ger f\u00fcr weltber\u00fchmte Unternehmen, Produkte und Marken. Die vielen verschiedenen Techniker und unsere langj\u00e4hrige Erfahrung erm\u00f6glichen die Umsetzung fast jeder Design-Idee. Wir tragen den Namen Ihres Unternehmens, ein Bild Ihres Produkts oder Ihr Logo auf eindrucksvollem und elegantem Wege hinaus in die Welt \u2013 am Handgelenk von Menschen, die Sie wirklich sch\u00e4tzen und auf Uhren, auf die man sich wirklich verlassen kann. Die lange Liste unserer Kunden in aller Welt umfasst renommierte Marken und Unternehmen aus den unterschiedlichsten Branchen, etwa dem Bankwesen, der Automobilindustrie oder der Telekommunikation, aber auch Hotels, Clubs und Verb\u00e4nde. Da uns Diskretion besonders am Herzen liegt, werden wir Ihnen an dieser Stelle nur einige wenige Beispiele f\u00fcr unsere Arbeiten pr\u00e4sentieren.<\/p>\n\n\t\t<\/div>\n\t\t\t\t\t<\/div>\n\n\t\n\n<\/div>\n<div class=\"row\"  id=\"row-1349652896\">\n\n\n\t<div id=\"col-2137322640\" class=\"col medium-6 small-12 large-6\"  >\n\t\t\t\t<div class=\"col-inner\"  >\n\t\t\t\n\t\t\t\n\n\t<div class=\"img has-hover x md-x lg-x y md-y lg-y\" id=\"image_1625124562\">\n\t\t\t\t\t\t\t\t<div class=\"img-inner dark\" >\n\t\t\t<img loading=\"lazy\" decoding=\"async\" width=\"1009\" height=\"756\" src=\"https:\/\/chronowatch.ch\/wp-content\/uploads\/2022\/11\/location_1.jpg\" class=\"attachment-large size-large\" alt=\"\" srcset=\"https:\/\/chronowatch.ch\/wp-content\/uploads\/2022\/11\/location_1.jpg 1009w, https:\/\/chronowatch.ch\/wp-content\/uploads\/2022\/11\/location_1-600x450.jpg 600w, https:\/\/chronowatch.ch\/wp-content\/uploads\/2022\/11\/location_1-300x225.jpg 300w, https:\/\/chronowatch.ch\/wp-content\/uploads\/2022\/11\/location_1-768x575.jpg 768w\" sizes=\"auto, (max-width: 1009px) 100vw, 1009px\" \/>\t\t\t\t\t\t\n\t\t\t\t\t<\/div>\n\t\t\t\t\t\t\t\t\n<style>\n#image_1625124562 {\n  width: 100%;\n}\n<\/style>\n\t<\/div>\n\t\n\n\n\t\t<\/div>\n\t\t\t\t\t<\/div>\n\n\t\n\n\t<div id=\"col-1476428506\" class=\"col medium-6 small-12 large-6\"  >\n\t\t\t\t<div class=\"col-inner\"  >\n\t\t\t\n\t\t\t\n\n<h2 class=\"thin-font\">EIN HISTORISCHER STANDORT<\/h2>\n<p>Wir wollen in unserem Hauptsitz in Solothurn nicht nur Uhren in typisch schweizerischer Tradition herstellen, sondern d\u00fcrfen dies auch noch in einem Geb\u00e4ude tun, in dem die Schweizer Uhrmachertradition seit \u00fcber 100 Jahren lebendig ist. Das urspr\u00fcnglich in den Jahren 1915-1916 vom Uhrenhersteller Stadler-Bouch\u00e9 errichtete Haus wurde alsbald von einer der ersten Uhrmacherschulen der Schweiz \u00fcbernommen. Bis 2002 erwarben in dieser weltweit f\u00fchrenden Ausbildungsst\u00e4tte ganze Generationen erfolgreicher Uhrmacher ihre Qualifikation. Nach dem Umzug der Uhrmacherschule in gr\u00f6ssere R\u00e4umlichkeiten kaufte 2003 die Chrono AG das Geb\u00e4ude und renovierte es vollst\u00e4ndig. So wurde es zur Heimst\u00e4tte unserer Passion f\u00fcr die Schweizer Uhrmacherkunst, die dort nun nach Belieben bl\u00fcht und gedeiht. Dadurch k\u00f6nnen wir auf allen Ebenen der Produktion eng zusammenarbeiten und so die Effizienz und Kompetenz schaffen, die erforderlich sind, um in der heutigen schnelllebigen Gesch\u00e4ftswelt erfolgreich zu sein.<\/p>\n\n\t\t<\/div>\n\t\t\t\t\t<\/div>\n\n\t\n\n<\/div>\n\t<div id=\"gap-2017015460\" class=\"gap-element clearfix hide-for-small\" style=\"display:block; height:auto;\">\n\t\t\n<style>\n#gap-2017015460 {\n  padding-top: 50px;\n}\n<\/style>\n\t<\/div>\n\t\n\n\t<div id=\"text-2353398602\" class=\"text\">\n\t\t\n\n<h2 id=\"swiss-made\" class=\"thin-font\">SWISS MADE<\/h2>\n\t\t\n<style>\n#text-2353398602 {\n  font-size: 1.8rem;\n}\n<\/style>\n\t<\/div>\n\t\n<div class=\"row\"  id=\"row-218229990\">\n\n\n\t<div id=\"col-1082596002\" class=\"col medium-6 small-12 large-6\"  >\n\t\t\t\t<div class=\"col-inner\"  >\n\t\t\t\n\t\t\t\n\n\t<div class=\"img has-hover x md-x lg-x y md-y lg-y\" id=\"image_967559461\">\n\t\t\t\t\t\t\t\t<div class=\"img-inner dark\" >\n\t\t\t<img loading=\"lazy\" decoding=\"async\" width=\"1020\" height=\"764\" src=\"https:\/\/chronowatch.ch\/wp-content\/uploads\/2022\/11\/Design_CMYK-1024x767.jpg\" class=\"attachment-large size-large\" alt=\"\" srcset=\"https:\/\/chronowatch.ch\/wp-content\/uploads\/2022\/11\/Design_CMYK-1024x767.jpg 1024w, https:\/\/chronowatch.ch\/wp-content\/uploads\/2022\/11\/Design_CMYK-600x449.jpg 600w, https:\/\/chronowatch.ch\/wp-content\/uploads\/2022\/11\/Design_CMYK-300x225.jpg 300w, https:\/\/chronowatch.ch\/wp-content\/uploads\/2022\/11\/Design_CMYK-768x575.jpg 768w, https:\/\/chronowatch.ch\/wp-content\/uploads\/2022\/11\/Design_CMYK-1536x1151.jpg 1536w, https:\/\/chronowatch.ch\/wp-content\/uploads\/2022\/11\/Design_CMYK-2048x1534.jpg 2048w\" sizes=\"auto, (max-width: 1020px) 100vw, 1020px\" \/>\t\t\t\t\t\t\n\t\t\t\t\t<\/div>\n\t\t\t\t\t\t\t\t\n<style>\n#image_967559461 {\n  width: 100%;\n}\n<\/style>\n\t<\/div>\n\t\n\n\n\t\t<\/div>\n\t\t\t\t\t<\/div>\n\n\t\n\n\t<div id=\"col-1564635400\" class=\"col medium-6 small-12 large-6\"  >\n\t\t\t\t<div class=\"col-inner\"  >\n\t\t\t\n\t\t\t\n\n<h2 class=\"thin-font\">VOM DESIGN BIS ZUR FERTIGUNG<\/h2>\n<p>In unserem Hauptsitz in der sch\u00f6nen Stadt Solothurn werden alle Produktionsschritte ausgef\u00fchrt und \u00fcberwacht \u2013 vom ersten Entwurf bis hin zur fertigen Uhr. Wie es die Schweizer Uhrmachertradition verlangt, haben wir uns verpflichtet, alle unsere Uhren nach den offiziellen Swiss Made-Vorschriften herzustellen. \u00abSwiss Made\u00bb steht n\u00e4mlich f\u00fcr hochwertige Handwerkskunst, technisches Know-how, Innovation, Kompetenz und \u00e4sthetische Werte. So tun wir alles, um nicht nur den hervorragenden Ruf der Swiss Made-Uhren zu bewahren, sondern auch, um f\u00fcr jeden Kunden die Qualit\u00e4tsuhr auszuw\u00e4hlen, die optimal zu ihm passt. Unser eingespieltes Team besitzt gen\u00fcgend Erfahrung, Fachwissen und Einfallsreichtum, um Tag f\u00fcr Tag herausragende Uhren zu erschaffen, in denen Tradition und Moderne vollendet verschmelzen.<\/p>\n<\/div>\n<\/div>\n\n\t\t<\/div>\n\t\t\t\t\t<\/div>\n\n\t\n\n<\/div>\n\t<div id=\"gap-1513564240\" class=\"gap-element clearfix hide-for-small\" style=\"display:block; height:auto;\">\n\t\t\n<style>\n#gap-1513564240 {\n  padding-top: 50px;\n}\n<\/style>\n\t<\/div>\n\t\n\n\t<div id=\"text-448091880\" class=\"text\">\n\t\t\n\n<h2 class=\"thin-font\">UNSER ATELIER<\/h2>\n\t\t\n<style>\n#text-448091880 {\n  font-size: 1.8rem;\n}\n<\/style>\n\t<\/div>\n\t\n<div class=\"row\"  id=\"row-877948067\">\n\n\n\t<div id=\"col-7030059\" class=\"col medium-6 small-12 large-6\"  >\n\t\t\t\t<div class=\"col-inner\"  >\n\t\t\t\n\t\t\t\n\n\t<div class=\"img has-hover x md-x lg-x y md-y lg-y\" id=\"image_169068389\">\n\t\t\t\t\t\t\t\t<div class=\"img-inner dark\" >\n\t\t\t<img loading=\"lazy\" decoding=\"async\" width=\"813\" height=\"1024\" src=\"https:\/\/chronowatch.ch\/wp-content\/uploads\/2022\/11\/donebyhand-813x1024.jpg\" class=\"attachment-large size-large\" alt=\"\" srcset=\"https:\/\/chronowatch.ch\/wp-content\/uploads\/2022\/11\/donebyhand-813x1024.jpg 813w, https:\/\/chronowatch.ch\/wp-content\/uploads\/2022\/11\/donebyhand-600x756.jpg 600w, https:\/\/chronowatch.ch\/wp-content\/uploads\/2022\/11\/donebyhand-238x300.jpg 238w, https:\/\/chronowatch.ch\/wp-content\/uploads\/2022\/11\/donebyhand-768x967.jpg 768w, https:\/\/chronowatch.ch\/wp-content\/uploads\/2022\/11\/donebyhand.jpg 1009w\" sizes=\"auto, (max-width: 813px) 100vw, 813px\" \/>\t\t\t\t\t\t\n\t\t\t\t\t<\/div>\n\t\t\t\t\t\t\t\t\n<style>\n#image_169068389 {\n  width: 100%;\n}\n<\/style>\n\t<\/div>\n\t\n\n\n\t\t<\/div>\n\t\t\t\t\t<\/div>\n\n\t\n\n\t<div id=\"col-929879611\" class=\"col medium-6 small-12 large-6\"  >\n\t\t\t\t<div class=\"col-inner\"  >\n\t\t\t\n\t\t\t\n\n<h2 class=\"thin-font\">IN UNSEREN UHRMACHER-ATELIERS<\/h2>\n<p>In unseren Ateliers bildet pr\u00e4zise Handarbeit den Kern jeder Uhrmacher-Kompetenz. Unsere Uhrmacher wurden umfassend ausgebildet und sind auf ihrem Gebiet echte Profis. Jede Uhr wird von Hand zusammengebaut, kontrolliert und verpackt. Auf diese Weise garantieren wir die \u00abSwiss Made\u00bb-Qualit\u00e4t unserer Uhren. Wir sind stolz darauf, sagen zu k\u00f6nnen, dass damit jede Uhr der Chrono AG die Schweizer Uhrmachertraditionen ehrt.<\/p>\n\n\t\t<\/div>\n\t\t\t\t\t<\/div>\n\n\t\n\n<\/div>\n<div class=\"row\"  id=\"row-642667734\">\n\n\n\t<div id=\"col-939109624\" class=\"col medium-6 small-12 large-6\"  >\n\t\t\t\t<div class=\"col-inner\"  >\n\t\t\t\n\t\t\t\n\n\t<div class=\"img has-hover x md-x lg-x y md-y lg-y\" id=\"image_1598927329\">\n\t\t\t\t\t\t\t\t<div class=\"img-inner dark\" >\n\t\t\t<img loading=\"lazy\" decoding=\"async\" width=\"1009\" height=\"949\" src=\"https:\/\/chronowatch.ch\/wp-content\/uploads\/2022\/11\/dial_printing_2.jpg\" class=\"attachment-large size-large\" alt=\"\" srcset=\"https:\/\/chronowatch.ch\/wp-content\/uploads\/2022\/11\/dial_printing_2.jpg 1009w, https:\/\/chronowatch.ch\/wp-content\/uploads\/2022\/11\/dial_printing_2-600x564.jpg 600w, https:\/\/chronowatch.ch\/wp-content\/uploads\/2022\/11\/dial_printing_2-300x282.jpg 300w, https:\/\/chronowatch.ch\/wp-content\/uploads\/2022\/11\/dial_printing_2-768x722.jpg 768w\" sizes=\"auto, (max-width: 1009px) 100vw, 1009px\" \/>\t\t\t\t\t\t\n\t\t\t\t\t<\/div>\n\t\t\t\t\t\t\t\t\n<style>\n#image_1598927329 {\n  width: 100%;\n}\n<\/style>\n\t<\/div>\n\t\n\n\n\t\t<\/div>\n\t\t\t\t\t<\/div>\n\n\t\n\n\t<div id=\"col-1746228596\" class=\"col medium-6 small-12 large-6\"  >\n\t\t\t\t<div class=\"col-inner\"  >\n\t\t\t\n\t\t\t\n\n<h2 class=\"thin-font\">EIGENE PRODUKTION<\/h2>\n<p>Bevor eine Uhr der Chrono AG das Haus als funktionst\u00fcchtiger Chronometer verl\u00e4sst, durchl\u00e4uft sie viele verschiedene Etappen &#8211; von der Auswahl der Komponenten \u00fcber Zifferblattdruck, Montage und Gravur des Geh\u00e4usebodens bis hin zur Qualit\u00e4tskontrolle und letztendlich zur Verpackung. Handarbeit steht im Mittelpunkt jedes Arbeitsgangs. Unseres Erachtens lassen sich die hohen Qualit\u00e4tsvorgaben f\u00fcr unsere Produkte nur durch Einsatz traditioneller Handwerkskunst erf\u00fcllen. In Einzelf\u00e4llen setzen wir jedoch auch hochmoderne Spezialwerkzeuge ein, die unsere Uhrmacher in ihrem Streben nach maximaler Pr\u00e4zision unterst\u00fctzen. Ausserdem kontrollieren wir jeden Arbeitsschritt auf seine Qualit\u00e4t. Alle Uhren der Chrono AG werden sorgf\u00e4ltig auf Funktionst\u00fcchtigkeit und Wasserdichtigkeit \u00fcberpr\u00fcft und auch einer intensiven Sichtkontrolle unterzogen.<\/p>\n<p>Durch diese Arbeitsweise garantieren wir die \u00abSwiss Made\u00bb-Qualit\u00e4t aller unserer Zeitmesser und halten die offiziellen Vorschriften des Schweizerischen Bundesrates genauestens ein. Um die Qualit\u00e4t und Genauigkeit unserer Zeitmesser sicherzustellen, verwenden wir ausschliesslich hochwertige Uhrwerke der Schweizer Hersteller ETA, Ronda und Sellita.<\/p>\n\n\t\t<\/div>\n\t\t\t\t\t<\/div>\n\n\t\n\n<\/div>\n\t<div id=\"gap-1377087855\" class=\"gap-element clearfix hide-for-small\" style=\"display:block; height:auto;\">\n\t\t\n<style>\n#gap-1377087855 {\n  padding-top: 50px;\n}\n<\/style>\n\t<\/div>\n\t\n\n\t<div id=\"text-2703939082\" class=\"text\">\n\t\t\n\n<h2 class=\"thin-font\">FAMILIENUNTERNEHMEN<\/h2>\n\t\t\n<style>\n#text-2703939082 {\n  font-size: 1.8rem;\n}\n<\/style>\n\t<\/div>\n\t\n<div class=\"row\"  id=\"row-72970112\">\n\n\n\t<div id=\"col-1248649966\" class=\"col medium-6 small-12 large-6\"  >\n\t\t\t\t<div class=\"col-inner\"  >\n\t\t\t\n\t\t\t\n\n\t<div class=\"img has-hover x md-x lg-x y md-y lg-y\" id=\"image_1283881512\">\n\t\t\t\t\t\t\t\t<div class=\"img-inner dark\" >\n\t\t\t<img loading=\"lazy\" decoding=\"async\" width=\"1009\" height=\"756\" src=\"https:\/\/chronowatch.ch\/wp-content\/uploads\/2022\/11\/family_1.jpg\" class=\"attachment-original size-original\" alt=\"\" srcset=\"https:\/\/chronowatch.ch\/wp-content\/uploads\/2022\/11\/family_1.jpg 1009w, https:\/\/chronowatch.ch\/wp-content\/uploads\/2022\/11\/family_1-600x450.jpg 600w, https:\/\/chronowatch.ch\/wp-content\/uploads\/2022\/11\/family_1-300x225.jpg 300w, https:\/\/chronowatch.ch\/wp-content\/uploads\/2022\/11\/family_1-768x575.jpg 768w\" sizes=\"auto, (max-width: 1009px) 100vw, 1009px\" \/>\t\t\t\t\t\t\n\t\t\t\t\t<\/div>\n\t\t\t\t\t\t\t\t\n<style>\n#image_1283881512 {\n  width: 100%;\n}\n<\/style>\n\t<\/div>\n\t\n\n\n\t\t<\/div>\n\t\t\t\t\t<\/div>\n\n\t\n\n\t<div id=\"col-845149980\" class=\"col medium-6 small-12 large-6\"  >\n\t\t\t\t<div class=\"col-inner\"  >\n\t\t\t\n\t\t\t\n\n<div class=\"col col-sm-4 col-md-4 col-lg-4\">\n<div class=\"content\">\n<h2 class=\"thin-font\">KREATIV UND UNABH\u00c4NGIG<\/h2>\n<p>In unserem unabh\u00e4ngigen Familienbetrieb lieben wir unser Handwerk und teilen damit die Begeisterung f\u00fcr ein Produkt, das wie kein anderes als internationaler Botschafter der \u00abSwiss Made\u00bb-Qualit\u00e4t gilt. Deshalb haben wir unsere Fertigungsst\u00e4tten erst k\u00fcrzlich ausgiebig modernisiert und ausgebaut und sind nun f\u00fcr die Anforderungen der Zukunft bestens ger\u00fcstet.<\/p>\n<p class=\"thin-font\">\n<\/p>\n<p class=\"thin-font\"><i>\u00abNous sommes fiers de plus de 40 de tradition familiale. C\u2019est \u00e0 la fois notre motivation et notre moteur. Cela nous pousse \u00e0 \u00eatre comp\u00e9tents et innovants et \u00e0 accorder toute l\u2019importance n\u00e9cessaire au meilleur de la pr\u00e9cision suisse.\u00bb<\/i><\/p>\n<p>Markus &amp; Stephan Ingold<\/p>\n<\/div>\n<\/div>\n\n\n\t\t<\/div>\n\t\t\t\t\t<\/div>\n\n\t\n\n<\/div>\n\n","protected":false},"excerpt":{"rendered":"","protected":false},"author":4,"featured_media":0,"parent":0,"menu_order":0,"comment_status":"closed","ping_status":"closed","template":"","meta":{"content-type":"","footnotes":""},"class_list":["post-2525","page","type-page","status-publish","hentry"],"yoast_head":"<!-- This site is optimized with the Yoast SEO Premium plugin v27.0 (Yoast SEO v27.0) - https:\/\/yoast.com\/product\/yoast-seo-premium-wordpress\/ -->\n<title>\u00dcBER UNS - Chrono AG Private Label Watches<\/title>\n<meta name=\"robots\" content=\"index, follow, max-snippet:-1, max-image-preview:large, max-video-preview:-1\" \/>\n<link rel=\"canonical\" href=\"https:\/\/chronowatch.ch\/de\/ueber-uns\/\" \/>\n<meta property=\"og:locale\" content=\"de_DE\" \/>\n<meta property=\"og:type\" content=\"article\" \/>\n<meta property=\"og:title\" content=\"\u00dcBER UNS - Chrono AG Private Label Watches\" \/>\n<meta property=\"og:url\" content=\"https:\/\/chronowatch.ch\/de\/ueber-uns\/\" \/>\n<meta property=\"og:site_name\" content=\"Chrono AG Private Label Watches\" \/>\n<meta property=\"article:modified_time\" content=\"2023-02-10T12:30:48+00:00\" \/>\n<meta name=\"twitter:card\" content=\"summary_large_image\" \/>\n<meta name=\"twitter:label1\" content=\"Gesch\u00e4tzte Lesezeit\" \/>\n\t<meta name=\"twitter:data1\" content=\"5\u00a0Minuten\" \/>\n<script type=\"application\/ld+json\" class=\"yoast-schema-graph\">{\"@context\":\"https:\/\/schema.org\",\"@graph\":[{\"@type\":\"WebPage\",\"@id\":\"https:\/\/chronowatch.ch\/de\/ueber-uns\/\",\"url\":\"https:\/\/chronowatch.ch\/de\/ueber-uns\/\",\"name\":\"\u00dcBER UNS - Chrono AG Private Label Watches\",\"isPartOf\":{\"@id\":\"https:\/\/chronowatch.ch\/de\/#website\"},\"datePublished\":\"2022-11-08T13:42:24+00:00\",\"dateModified\":\"2023-02-10T12:30:48+00:00\",\"breadcrumb\":{\"@id\":\"https:\/\/chronowatch.ch\/de\/ueber-uns\/#breadcrumb\"},\"inLanguage\":\"de\",\"potentialAction\":[{\"@type\":\"ReadAction\",\"target\":[\"https:\/\/chronowatch.ch\/de\/ueber-uns\/\"]}]},{\"@type\":\"BreadcrumbList\",\"@id\":\"https:\/\/chronowatch.ch\/de\/ueber-uns\/#breadcrumb\",\"itemListElement\":[{\"@type\":\"ListItem\",\"position\":1,\"name\":\"Home\",\"item\":\"https:\/\/chronowatch.ch\/de\/home\/\"},{\"@type\":\"ListItem\",\"position\":2,\"name\":\"\u00dcBER UNS\"}]},{\"@type\":\"WebSite\",\"@id\":\"https:\/\/chronowatch.ch\/de\/#website\",\"url\":\"https:\/\/chronowatch.ch\/de\/\",\"name\":\"Chrono AG Private Label Watches\",\"description\":\"Swiss Made Promotional and Private Label Watches\",\"publisher\":{\"@id\":\"https:\/\/chronowatch.ch\/de\/#organization\"},\"potentialAction\":[{\"@type\":\"SearchAction\",\"target\":{\"@type\":\"EntryPoint\",\"urlTemplate\":\"https:\/\/chronowatch.ch\/de\/?s={search_term_string}\"},\"query-input\":{\"@type\":\"PropertyValueSpecification\",\"valueRequired\":true,\"valueName\":\"search_term_string\"}}],\"inLanguage\":\"de\"},{\"@type\":\"Organization\",\"@id\":\"https:\/\/chronowatch.ch\/de\/#organization\",\"name\":\"Chrono AG\",\"url\":\"https:\/\/chronowatch.ch\/de\/\",\"logo\":{\"@type\":\"ImageObject\",\"inLanguage\":\"de\",\"@id\":\"https:\/\/chronowatch.ch\/de\/#\/schema\/logo\/image\/\",\"url\":\"https:\/\/chronowatch.ch\/wp-content\/uploads\/2022\/11\/logo_chrono_s.png\",\"contentUrl\":\"https:\/\/chronowatch.ch\/wp-content\/uploads\/2022\/11\/logo_chrono_s.png\",\"width\":500,\"height\":73,\"caption\":\"Chrono AG\"},\"image\":{\"@id\":\"https:\/\/chronowatch.ch\/de\/#\/schema\/logo\/image\/\"}}]}<\/script>\n<!-- \/ Yoast SEO Premium plugin. -->","yoast_head_json":{"title":"\u00dcBER UNS - Chrono AG Private Label Watches","robots":{"index":"index","follow":"follow","max-snippet":"max-snippet:-1","max-image-preview":"max-image-preview:large","max-video-preview":"max-video-preview:-1"},"canonical":"https:\/\/chronowatch.ch\/de\/ueber-uns\/","og_locale":"de_DE","og_type":"article","og_title":"\u00dcBER UNS - Chrono AG Private Label Watches","og_url":"https:\/\/chronowatch.ch\/de\/ueber-uns\/","og_site_name":"Chrono AG Private Label Watches","article_modified_time":"2023-02-10T12:30:48+00:00","twitter_card":"summary_large_image","twitter_misc":{"Gesch\u00e4tzte Lesezeit":"5\u00a0Minuten"},"schema":{"@context":"https:\/\/schema.org","@graph":[{"@type":"WebPage","@id":"https:\/\/chronowatch.ch\/de\/ueber-uns\/","url":"https:\/\/chronowatch.ch\/de\/ueber-uns\/","name":"\u00dcBER UNS - Chrono AG Private Label Watches","isPartOf":{"@id":"https:\/\/chronowatch.ch\/de\/#website"},"datePublished":"2022-11-08T13:42:24+00:00","dateModified":"2023-02-10T12:30:48+00:00","breadcrumb":{"@id":"https:\/\/chronowatch.ch\/de\/ueber-uns\/#breadcrumb"},"inLanguage":"de","potentialAction":[{"@type":"ReadAction","target":["https:\/\/chronowatch.ch\/de\/ueber-uns\/"]}]},{"@type":"BreadcrumbList","@id":"https:\/\/chronowatch.ch\/de\/ueber-uns\/#breadcrumb","itemListElement":[{"@type":"ListItem","position":1,"name":"Home","item":"https:\/\/chronowatch.ch\/de\/home\/"},{"@type":"ListItem","position":2,"name":"\u00dcBER UNS"}]},{"@type":"WebSite","@id":"https:\/\/chronowatch.ch\/de\/#website","url":"https:\/\/chronowatch.ch\/de\/","name":"Chrono AG Private Label Watches","description":"Swiss Made Promotional and Private Label Watches","publisher":{"@id":"https:\/\/chronowatch.ch\/de\/#organization"},"potentialAction":[{"@type":"SearchAction","target":{"@type":"EntryPoint","urlTemplate":"https:\/\/chronowatch.ch\/de\/?s={search_term_string}"},"query-input":{"@type":"PropertyValueSpecification","valueRequired":true,"valueName":"search_term_string"}}],"inLanguage":"de"},{"@type":"Organization","@id":"https:\/\/chronowatch.ch\/de\/#organization","name":"Chrono AG","url":"https:\/\/chronowatch.ch\/de\/","logo":{"@type":"ImageObject","inLanguage":"de","@id":"https:\/\/chronowatch.ch\/de\/#\/schema\/logo\/image\/","url":"https:\/\/chronowatch.ch\/wp-content\/uploads\/2022\/11\/logo_chrono_s.png","contentUrl":"https:\/\/chronowatch.ch\/wp-content\/uploads\/2022\/11\/logo_chrono_s.png","width":500,"height":73,"caption":"Chrono AG"},"image":{"@id":"https:\/\/chronowatch.ch\/de\/#\/schema\/logo\/image\/"}}]}},"_links":{"self":[{"href":"https:\/\/chronowatch.ch\/de\/wp-json\/wp\/v2\/pages\/2525","targetHints":{"allow":["GET"]}}],"collection":[{"href":"https:\/\/chronowatch.ch\/de\/wp-json\/wp\/v2\/pages"}],"about":[{"href":"https:\/\/chronowatch.ch\/de\/wp-json\/wp\/v2\/types\/page"}],"author":[{"embeddable":true,"href":"https:\/\/chronowatch.ch\/de\/wp-json\/wp\/v2\/users\/4"}],"replies":[{"embeddable":true,"href":"https:\/\/chronowatch.ch\/de\/wp-json\/wp\/v2\/comments?post=2525"}],"version-history":[{"count":6,"href":"https:\/\/chronowatch.ch\/de\/wp-json\/wp\/v2\/pages\/2525\/revisions"}],"predecessor-version":[{"id":3647,"href":"https:\/\/chronowatch.ch\/de\/wp-json\/wp\/v2\/pages\/2525\/revisions\/3647"}],"wp:attachment":[{"href":"https:\/\/chronowatch.ch\/de\/wp-json\/wp\/v2\/media?parent=2525"}],"curies":[{"name":"wp","href":"https:\/\/api.w.org\/{rel}","templated":true}]}}