{"id":2515,"date":"2022-11-08T13:22:02","date_gmt":"2022-11-08T13:22:02","guid":{"rendered":"https:\/\/chronowatch.ch\/uhren-sonderanfertigungen\/"},"modified":"2022-11-24T14:45:50","modified_gmt":"2022-11-24T14:45:50","slug":"uhren-sonderanfertigungen","status":"publish","type":"page","link":"https:\/\/chronowatch.ch\/de\/uhren-sonderanfertigungen\/","title":{"rendered":"SONDERANFERTIGUNGEN"},"content":{"rendered":"\n\t<div id=\"gap-92713375\" class=\"gap-element clearfix\" style=\"display:block; height:auto;\">\n\t\t\n<style>\n#gap-92713375 {\n  padding-top: 50px;\n}\n<\/style>\n\t<\/div>\n\t\n\n<div class=\"row\"  id=\"row-566195391\">\n\n\n\t<div id=\"col-1650051356\" class=\"col small-12 large-12\"  >\n\t\t\t\t<div class=\"col-inner\"  >\n\t\t\t\n\t\t\t\n\n\t<div id=\"text-1358217832\" class=\"text\">\n\t\t\n\n<h1 class=\"thin-font\">SONDERANFERTIGUNGEN<\/h1>\n\t\t\n<style>\n#text-1358217832 {\n  font-size: 1.8rem;\n}\n<\/style>\n\t<\/div>\n\t\n\n\t\t<\/div>\n\t\t\t\t\t<\/div>\n\n\t\n\n<\/div>\n<div class=\"row\"  id=\"row-1876344588\">\n\n\n\t<div id=\"col-382301457\" class=\"col medium-7 small-12 large-7\"  >\n\t\t\t\t<div class=\"col-inner\"  >\n\t\t\t\n\t\t\t\n\n\t<div class=\"img has-hover x md-x lg-x y md-y lg-y\" id=\"image_1968216111\">\n\t\t\t\t\t\t\t\t<div class=\"img-inner dark\" >\n\t\t\t<img loading=\"lazy\" decoding=\"async\" width=\"2560\" height=\"2560\" src=\"https:\/\/chronowatch.ch\/wp-content\/uploads\/2022\/11\/Custom_watches_1-1-scaled.jpg\" class=\"attachment-original size-original\" alt=\"\" srcset=\"https:\/\/chronowatch.ch\/wp-content\/uploads\/2022\/11\/Custom_watches_1-1-scaled.jpg 2560w, https:\/\/chronowatch.ch\/wp-content\/uploads\/2022\/11\/Custom_watches_1-1-600x600.jpg 600w, https:\/\/chronowatch.ch\/wp-content\/uploads\/2022\/11\/Custom_watches_1-1-100x100.jpg 100w, https:\/\/chronowatch.ch\/wp-content\/uploads\/2022\/11\/Custom_watches_1-1-300x300.jpg 300w, https:\/\/chronowatch.ch\/wp-content\/uploads\/2022\/11\/Custom_watches_1-1-1024x1024.jpg 1024w, https:\/\/chronowatch.ch\/wp-content\/uploads\/2022\/11\/Custom_watches_1-1-150x150.jpg 150w, https:\/\/chronowatch.ch\/wp-content\/uploads\/2022\/11\/Custom_watches_1-1-768x768.jpg 768w, https:\/\/chronowatch.ch\/wp-content\/uploads\/2022\/11\/Custom_watches_1-1-1536x1536.jpg 1536w, https:\/\/chronowatch.ch\/wp-content\/uploads\/2022\/11\/Custom_watches_1-1-2048x2048.jpg 2048w\" sizes=\"auto, (max-width: 2560px) 100vw, 2560px\" \/>\t\t\t\t\t\t\n\t\t\t\t\t<\/div>\n\t\t\t\t\t\t\t\t\n<style>\n#image_1968216111 {\n  width: 100%;\n}\n<\/style>\n\t<\/div>\n\t\n\n\n\t\t<\/div>\n\t\t\t\t\t<\/div>\n\n\t\n\n\t<div id=\"col-1979285349\" class=\"col medium-5 small-12 large-5\"  >\n\t\t\t\t<div class=\"col-inner\"  >\n\t\t\t\n\t\t\t\n\n<h2 class=\"thin-font\">IHRE EINZIGARTIGE UHR<\/h2>\n<p>Sind Sie auf der Suche nach einem massgeschneiderten Uhren-Design, das zu Ihrer Marke\/Firma passt, oder starten Sie Ihre eigene Uhrenmarke? <br>Die Herstellung von massgefertigten Uhren ist unser Metier. Mit \u00fcber 40 Jahren Erfahrung in der Schweizer Uhrenherstellung ist die Chrono AG bestens f\u00fcr die Entwicklung und Produktion von individuellen Uhren-Designs ger\u00fcstet. Unser Team aus qualifizierten Designern und Entwicklern wissen was es braucht um erfolgreiche individuelle Uhren-Designs herzustellen. Wir verwandeln Ihre Designidee in Ihre individuelle Uhr. Vom ersten Briefing bis zur Auslieferung der fertigen Uhr bieten wir ein Full-Service-Erlebnis.<\/p>\n<p> <\/p>\n<h2 class=\"exception-banner-1 thin-font\">DESIGN<\/h2>\n<p>Am Anfang der Entwicklung einer ma\u00dfgeschneiderten Uhr steht ein kreativer Designprozess, bei dem Sie eng mit unseren erfahrenen Uhrendesignern zusammenarbeiten. Basierend auf Ihren Designw\u00fcnschen und technischen Anforderungen erarbeiten sie ein Designkonzept und eine Zeichnung der Uhr.<\/p>\n\n\t\t<\/div>\n\t\t\t\t\t<\/div>\n\n\t\n\n<\/div>\n\t<div id=\"gap-2037104767\" class=\"gap-element clearfix\" style=\"display:block; height:auto;\">\n\t\t\n<style>\n#gap-2037104767 {\n  padding-top: 50px;\n}\n<\/style>\n\t<\/div>\n\t\n\n<div class=\"row\"  id=\"row-1408491039\">\n\n\n\t<div id=\"col-339349253\" class=\"col medium-7 small-12 large-7\"  >\n\t\t\t\t<div class=\"col-inner\"  >\n\t\t\t\n\t\t\t\n\n\t<div class=\"img has-hover x md-x lg-x y md-y lg-y\" id=\"image_1984452529\">\n\t\t\t\t\t\t\t\t<div class=\"img-inner dark\" >\n\t\t\t<img loading=\"lazy\" decoding=\"async\" width=\"1020\" height=\"1020\" src=\"https:\/\/chronowatch.ch\/wp-content\/uploads\/2022\/11\/Custom_watches_2_website-1-1024x1024.jpg\" class=\"attachment-large size-large\" alt=\"\" srcset=\"https:\/\/chronowatch.ch\/wp-content\/uploads\/2022\/11\/Custom_watches_2_website-1-1024x1024.jpg 1024w, https:\/\/chronowatch.ch\/wp-content\/uploads\/2022\/11\/Custom_watches_2_website-1-600x600.jpg 600w, https:\/\/chronowatch.ch\/wp-content\/uploads\/2022\/11\/Custom_watches_2_website-1-100x100.jpg 100w, https:\/\/chronowatch.ch\/wp-content\/uploads\/2022\/11\/Custom_watches_2_website-1-300x300.jpg 300w, https:\/\/chronowatch.ch\/wp-content\/uploads\/2022\/11\/Custom_watches_2_website-1-150x150.jpg 150w, https:\/\/chronowatch.ch\/wp-content\/uploads\/2022\/11\/Custom_watches_2_website-1-768x768.jpg 768w, https:\/\/chronowatch.ch\/wp-content\/uploads\/2022\/11\/Custom_watches_2_website-1-1536x1536.jpg 1536w, https:\/\/chronowatch.ch\/wp-content\/uploads\/2022\/11\/Custom_watches_2_website-1-2048x2048.jpg 2048w\" sizes=\"auto, (max-width: 1020px) 100vw, 1020px\" \/>\t\t\t\t\t\t\n\t\t\t\t\t<\/div>\n\t\t\t\t\t\t\t\t\n<style>\n#image_1984452529 {\n  width: 100%;\n}\n<\/style>\n\t<\/div>\n\t\n\n\n\t\t<\/div>\n\t\t\t\t\t<\/div>\n\n\t\n\n\t<div id=\"col-1096495118\" class=\"col medium-5 small-12 large-5\"  >\n\t\t\t\t<div class=\"col-inner\"  >\n\t\t\t\n\t\t\t\n\n<h2 class=\"thin-font\">TECHNISCHE ENTWICKLUNG UND PROTOTYPING<\/h2>\n<p>Sobald alle Aspekte des Designs Ihren W\u00fcnschen entsprechen, werden diese in technische Zeichnungen umgesetzt. Basierend auf diesen technischen Spezifikationen wird ein erster Prototyp Ihrer Uhr gefertigt. Dies ist der Moment, in dem Ihre Vision zum Leben erwacht!<\/p>\n\n\t\t<\/div>\n\t\t\t\t\t<\/div>\n\n\t\n\n<\/div>\n\t<div id=\"gap-870389724\" class=\"gap-element clearfix\" style=\"display:block; height:auto;\">\n\t\t\n<style>\n#gap-870389724 {\n  padding-top: 50px;\n}\n<\/style>\n\t<\/div>\n\t\n\n<div class=\"row\"  id=\"row-346921933\">\n\n\n\t<div id=\"col-1917420637\" class=\"col medium-7 small-12 large-7\"  >\n\t\t\t\t<div class=\"col-inner\"  >\n\t\t\t\n\t\t\t\n\n\t<div class=\"img has-hover x md-x lg-x y md-y lg-y\" id=\"image_583602351\">\n\t\t\t\t\t\t\t\t<div class=\"img-inner dark\" >\n\t\t\t<img loading=\"lazy\" decoding=\"async\" width=\"1020\" height=\"1020\" src=\"https:\/\/chronowatch.ch\/wp-content\/uploads\/2022\/11\/Custom_watches_3_website-2-1024x1024.jpg\" class=\"attachment-large size-large\" alt=\"\" srcset=\"https:\/\/chronowatch.ch\/wp-content\/uploads\/2022\/11\/Custom_watches_3_website-2-1024x1024.jpg 1024w, https:\/\/chronowatch.ch\/wp-content\/uploads\/2022\/11\/Custom_watches_3_website-2-600x600.jpg 600w, https:\/\/chronowatch.ch\/wp-content\/uploads\/2022\/11\/Custom_watches_3_website-2-100x100.jpg 100w, https:\/\/chronowatch.ch\/wp-content\/uploads\/2022\/11\/Custom_watches_3_website-2-300x300.jpg 300w, https:\/\/chronowatch.ch\/wp-content\/uploads\/2022\/11\/Custom_watches_3_website-2-150x150.jpg 150w, https:\/\/chronowatch.ch\/wp-content\/uploads\/2022\/11\/Custom_watches_3_website-2-768x768.jpg 768w, https:\/\/chronowatch.ch\/wp-content\/uploads\/2022\/11\/Custom_watches_3_website-2.jpg 1537w\" sizes=\"auto, (max-width: 1020px) 100vw, 1020px\" \/>\t\t\t\t\t\t\n\t\t\t\t\t<\/div>\n\t\t\t\t\t\t\t\t\n<style>\n#image_583602351 {\n  width: 100%;\n}\n<\/style>\n\t<\/div>\n\t\n\n\n\t\t<\/div>\n\t\t\t\t\t<\/div>\n\n\t\n\n\t<div id=\"col-1996302211\" class=\"col medium-5 small-12 large-5\"  >\n\t\t\t\t<div class=\"col-inner\"  >\n\t\t\t\n\t\t\t\n\n<h2 class=\"thin-font\">SWISS MADE UHRENHERSTELLUNG<\/h2>\n<p>Sobald Sie das Design vollst\u00e4ndig genehmigt haben, beginnen wir mit der Serienproduktion Ihrer individuellen Uhr in unseren hauseigenen Ateliers. Hier wird jede Ihrer Uhren manuell montiert, kontrolliert und verpackt. Auf diese Weise garantieren wir das, den offiziellen Vorschriften des Bundes genau entsprechenden, &#8222;Swiss Made&#8220; Zertifikat all Ihrer Uhren.<\/p>\n<p> <\/p>\n<h2 class=\"exception-banner-2 thin-font\">FAIRE PREISE<\/h2>\n<p>Dank langj\u00e4hrigen Beziehungen zu unseren Lieferanten und ausgedehnter Einkaufserfahrungen sind wir in der Lage, massgeschneiderte Uhren zum bestm\u00f6glichen Preis anzubieten und gleichzeitig den &#8222;Swiss Made&#8220;- Qualit\u00e4tsanforderungen zu entsprechen.<\/p>\n\n\t\t<\/div>\n\t\t\t\t\t<\/div>\n\n\t\n\n<\/div>\n\n","protected":false},"excerpt":{"rendered":"","protected":false},"author":2,"featured_media":0,"parent":0,"menu_order":0,"comment_status":"closed","ping_status":"closed","template":"","meta":{"content-type":"","footnotes":""},"class_list":["post-2515","page","type-page","status-publish","hentry"],"yoast_head":"<!-- This site is optimized with the Yoast SEO Premium plugin v27.0 (Yoast SEO v27.0) - https:\/\/yoast.com\/product\/yoast-seo-premium-wordpress\/ -->\n<title>SONDERANFERTIGUNGEN - Chrono AG Private Label Watches<\/title>\n<meta name=\"robots\" content=\"index, follow, max-snippet:-1, max-image-preview:large, max-video-preview:-1\" \/>\n<link rel=\"canonical\" href=\"https:\/\/chronowatch.ch\/de\/uhren-sonderanfertigungen\/\" \/>\n<meta property=\"og:locale\" content=\"de_DE\" \/>\n<meta property=\"og:type\" content=\"article\" \/>\n<meta property=\"og:title\" content=\"SONDERANFERTIGUNGEN - Chrono AG Private Label Watches\" \/>\n<meta property=\"og:url\" content=\"https:\/\/chronowatch.ch\/de\/uhren-sonderanfertigungen\/\" \/>\n<meta property=\"og:site_name\" content=\"Chrono AG Private Label Watches\" \/>\n<meta property=\"article:modified_time\" content=\"2022-11-24T14:45:50+00:00\" \/>\n<meta name=\"twitter:card\" content=\"summary_large_image\" \/>\n<meta name=\"twitter:label1\" content=\"Gesch\u00e4tzte Lesezeit\" \/>\n\t<meta name=\"twitter:data1\" content=\"2\u00a0Minuten\" \/>\n<script type=\"application\/ld+json\" class=\"yoast-schema-graph\">{\"@context\":\"https:\/\/schema.org\",\"@graph\":[{\"@type\":\"WebPage\",\"@id\":\"https:\/\/chronowatch.ch\/de\/uhren-sonderanfertigungen\/\",\"url\":\"https:\/\/chronowatch.ch\/de\/uhren-sonderanfertigungen\/\",\"name\":\"SONDERANFERTIGUNGEN - Chrono AG Private Label Watches\",\"isPartOf\":{\"@id\":\"https:\/\/chronowatch.ch\/de\/#website\"},\"datePublished\":\"2022-11-08T13:22:02+00:00\",\"dateModified\":\"2022-11-24T14:45:50+00:00\",\"breadcrumb\":{\"@id\":\"https:\/\/chronowatch.ch\/de\/uhren-sonderanfertigungen\/#breadcrumb\"},\"inLanguage\":\"de\",\"potentialAction\":[{\"@type\":\"ReadAction\",\"target\":[\"https:\/\/chronowatch.ch\/de\/uhren-sonderanfertigungen\/\"]}]},{\"@type\":\"BreadcrumbList\",\"@id\":\"https:\/\/chronowatch.ch\/de\/uhren-sonderanfertigungen\/#breadcrumb\",\"itemListElement\":[{\"@type\":\"ListItem\",\"position\":1,\"name\":\"Home\",\"item\":\"https:\/\/chronowatch.ch\/de\/home\/\"},{\"@type\":\"ListItem\",\"position\":2,\"name\":\"SONDERANFERTIGUNGEN\"}]},{\"@type\":\"WebSite\",\"@id\":\"https:\/\/chronowatch.ch\/de\/#website\",\"url\":\"https:\/\/chronowatch.ch\/de\/\",\"name\":\"Chrono AG Private Label Watches\",\"description\":\"Swiss Made Promotional and Private Label Watches\",\"publisher\":{\"@id\":\"https:\/\/chronowatch.ch\/de\/#organization\"},\"potentialAction\":[{\"@type\":\"SearchAction\",\"target\":{\"@type\":\"EntryPoint\",\"urlTemplate\":\"https:\/\/chronowatch.ch\/de\/?s={search_term_string}\"},\"query-input\":{\"@type\":\"PropertyValueSpecification\",\"valueRequired\":true,\"valueName\":\"search_term_string\"}}],\"inLanguage\":\"de\"},{\"@type\":\"Organization\",\"@id\":\"https:\/\/chronowatch.ch\/de\/#organization\",\"name\":\"Chrono AG\",\"url\":\"https:\/\/chronowatch.ch\/de\/\",\"logo\":{\"@type\":\"ImageObject\",\"inLanguage\":\"de\",\"@id\":\"https:\/\/chronowatch.ch\/de\/#\/schema\/logo\/image\/\",\"url\":\"https:\/\/chronowatch.ch\/wp-content\/uploads\/2022\/11\/logo_chrono_s.png\",\"contentUrl\":\"https:\/\/chronowatch.ch\/wp-content\/uploads\/2022\/11\/logo_chrono_s.png\",\"width\":500,\"height\":73,\"caption\":\"Chrono AG\"},\"image\":{\"@id\":\"https:\/\/chronowatch.ch\/de\/#\/schema\/logo\/image\/\"}}]}<\/script>\n<!-- \/ Yoast SEO Premium plugin. -->","yoast_head_json":{"title":"SONDERANFERTIGUNGEN - Chrono AG Private Label Watches","robots":{"index":"index","follow":"follow","max-snippet":"max-snippet:-1","max-image-preview":"max-image-preview:large","max-video-preview":"max-video-preview:-1"},"canonical":"https:\/\/chronowatch.ch\/de\/uhren-sonderanfertigungen\/","og_locale":"de_DE","og_type":"article","og_title":"SONDERANFERTIGUNGEN - Chrono AG Private Label Watches","og_url":"https:\/\/chronowatch.ch\/de\/uhren-sonderanfertigungen\/","og_site_name":"Chrono AG Private Label Watches","article_modified_time":"2022-11-24T14:45:50+00:00","twitter_card":"summary_large_image","twitter_misc":{"Gesch\u00e4tzte Lesezeit":"2\u00a0Minuten"},"schema":{"@context":"https:\/\/schema.org","@graph":[{"@type":"WebPage","@id":"https:\/\/chronowatch.ch\/de\/uhren-sonderanfertigungen\/","url":"https:\/\/chronowatch.ch\/de\/uhren-sonderanfertigungen\/","name":"SONDERANFERTIGUNGEN - Chrono AG Private Label Watches","isPartOf":{"@id":"https:\/\/chronowatch.ch\/de\/#website"},"datePublished":"2022-11-08T13:22:02+00:00","dateModified":"2022-11-24T14:45:50+00:00","breadcrumb":{"@id":"https:\/\/chronowatch.ch\/de\/uhren-sonderanfertigungen\/#breadcrumb"},"inLanguage":"de","potentialAction":[{"@type":"ReadAction","target":["https:\/\/chronowatch.ch\/de\/uhren-sonderanfertigungen\/"]}]},{"@type":"BreadcrumbList","@id":"https:\/\/chronowatch.ch\/de\/uhren-sonderanfertigungen\/#breadcrumb","itemListElement":[{"@type":"ListItem","position":1,"name":"Home","item":"https:\/\/chronowatch.ch\/de\/home\/"},{"@type":"ListItem","position":2,"name":"SONDERANFERTIGUNGEN"}]},{"@type":"WebSite","@id":"https:\/\/chronowatch.ch\/de\/#website","url":"https:\/\/chronowatch.ch\/de\/","name":"Chrono AG Private Label Watches","description":"Swiss Made Promotional and Private Label Watches","publisher":{"@id":"https:\/\/chronowatch.ch\/de\/#organization"},"potentialAction":[{"@type":"SearchAction","target":{"@type":"EntryPoint","urlTemplate":"https:\/\/chronowatch.ch\/de\/?s={search_term_string}"},"query-input":{"@type":"PropertyValueSpecification","valueRequired":true,"valueName":"search_term_string"}}],"inLanguage":"de"},{"@type":"Organization","@id":"https:\/\/chronowatch.ch\/de\/#organization","name":"Chrono AG","url":"https:\/\/chronowatch.ch\/de\/","logo":{"@type":"ImageObject","inLanguage":"de","@id":"https:\/\/chronowatch.ch\/de\/#\/schema\/logo\/image\/","url":"https:\/\/chronowatch.ch\/wp-content\/uploads\/2022\/11\/logo_chrono_s.png","contentUrl":"https:\/\/chronowatch.ch\/wp-content\/uploads\/2022\/11\/logo_chrono_s.png","width":500,"height":73,"caption":"Chrono AG"},"image":{"@id":"https:\/\/chronowatch.ch\/de\/#\/schema\/logo\/image\/"}}]}},"_links":{"self":[{"href":"https:\/\/chronowatch.ch\/de\/wp-json\/wp\/v2\/pages\/2515","targetHints":{"allow":["GET"]}}],"collection":[{"href":"https:\/\/chronowatch.ch\/de\/wp-json\/wp\/v2\/pages"}],"about":[{"href":"https:\/\/chronowatch.ch\/de\/wp-json\/wp\/v2\/types\/page"}],"author":[{"embeddable":true,"href":"https:\/\/chronowatch.ch\/de\/wp-json\/wp\/v2\/users\/2"}],"replies":[{"embeddable":true,"href":"https:\/\/chronowatch.ch\/de\/wp-json\/wp\/v2\/comments?post=2515"}],"version-history":[{"count":2,"href":"https:\/\/chronowatch.ch\/de\/wp-json\/wp\/v2\/pages\/2515\/revisions"}],"predecessor-version":[{"id":2517,"href":"https:\/\/chronowatch.ch\/de\/wp-json\/wp\/v2\/pages\/2515\/revisions\/2517"}],"wp:attachment":[{"href":"https:\/\/chronowatch.ch\/de\/wp-json\/wp\/v2\/media?parent=2515"}],"curies":[{"name":"wp","href":"https:\/\/api.w.org\/{rel}","templated":true}]}}